{"id":102689,"date":"2015-05-26T18:59:06","date_gmt":"2015-05-26T22:59:06","guid":{"rendered":"http:\/\/olympique.ca\/?page_id=102689"},"modified":"2015-05-26T19:02:19","modified_gmt":"2015-05-26T23:02:19","slug":"equipe-canada-aux-jeux-panamericains-to2015","status":"publish","type":"page","link":"https:\/\/preprod.olympic.ca\/olympique\/equipe-canada-aux-jeux-panamericains-to2015\/","title":{"rendered":"\u00c9quipe Canada aux Jeux panam\u00e9ricains TO2015"},"content":{"rendered":"<p>Les <a href=\"http:\/\/olympique.ca\/jeux\/2015-toronto\/\">Jeux panam\u00e9ricains Toronto 2015<\/a> se tiendront du 10 au 27 juillet dans diverses communaut\u00e9s de la r\u00e9gion du sud de l&rsquo;Ontario. Les athl\u00e8tes ci-dessous ont \u00e9t\u00e9 choisis pour repr\u00e9senterle Canada aux Jeux.<\/p>\n<p><strong>Voir : <a href=\"http:\/\/olympique.ca\/tag\/guide-des-sites\/\">Sites TO2015<\/a><\/strong><\/p>\n<p>La liste des athl\u00e8tes sera mise \u00e0 jour au fur et \u00e0 mesure que les \u00e9quipes seront annonc\u00e9es.<\/p>\n","protected":false},"excerpt":{"rendered":"<p>Les Jeux panam\u00e9ricains Toronto 2015 se tiendront du 10 au 27 juillet dans diverses communaut\u00e9s de la r\u00e9gion du sud&#8230;<\/p>\n","protected":false},"author":52435436,"featured_media":101616,"parent":0,"menu_order":0,"comment_status":"open","ping_status":"closed","template":"templates\/team.php","meta":{"_edit_last":["55751844"],"_wp_page_template":["templates\/team.php"],"coc_campaign_options":["a:4:{s:21:\"coc_campaign_category\";s:0:\"\";s:15:\"coc_campaign_bg\";N;s:25:\"coc_campaign_bg_downloads\";a:0:{}s:20:\"coc_campaign_posters\";a:0:{}}"],"coc_team_options":["a:1:{s:15:\"coc_game_select\";i:1555;}"],"geo_public":["0"],"_x_multifield_seo_accordion":["a:1:{i:0;a:2:{s:19:\"seo_accordion_title\";s:0:\"\";s:25:\"seo_accordion_description\";s:0:\"\";}}"],"_edit_lock":["1435777417:55751844"],"_elasticsearch_indexed_on":["1970-01-01 00:00:00"],"_thumbnail_id":["101616"],"_publicize_pending":["1"],"seo_translation_link":["http:\/\/preprod.olympic.ca\/team-canada-at-to2015-pan-am-games\/"],"_is_empty_after_transformation":["yes"]},"coauthors":[209008581],"class_list":["post-102689","page","type-page","status-publish","format-standard","has-post-thumbnail","hentry"],"acf":[],"yoast_head":"<!-- This site is optimized with the Yoast SEO plugin v27.2 - https:\/\/yoast.com\/product\/yoast-seo-wordpress\/ -->\n<title>\u00c9quipe Canada aux Jeux panam\u00e9ricains TO2015 - \u00c9quipe Canada | Site officiel de l&#039;\u00e9quipe olympique<\/title>\n<meta name=\"robots\" content=\"index, follow, max-snippet:-1, max-image-preview:large, max-video-preview:-1\" \/>\n<link rel=\"canonical\" href=\"https:\/\/preprod.olympic.ca\/olympique\/equipe-canada-aux-jeux-panamericains-to2015\/\" \/>\n<meta property=\"og:locale\" content=\"fr_FR\" \/>\n<meta property=\"og:type\" content=\"article\" \/>\n<meta property=\"og:title\" content=\"\u00c9quipe Canada aux Jeux panam\u00e9ricains TO2015 - \u00c9quipe Canada | Site officiel de l&#039;\u00e9quipe olympique\" \/>\n<meta property=\"og:description\" content=\"Les Jeux panam\u00e9ricains Toronto 2015 se tiendront du 10 au 27 juillet dans diverses communaut\u00e9s de la r\u00e9gion du sud...\" \/>\n<meta property=\"og:url\" content=\"https:\/\/preprod.olympic.ca\/olympique\/equipe-canada-aux-jeux-panamericains-to2015\/\" \/>\n<meta property=\"og:site_name\" content=\"\u00c9quipe Canada | Site officiel de l&#039;\u00e9quipe olympique\" \/>\n<meta property=\"article:modified_time\" content=\"2015-05-26T23:02:19+00:00\" \/>\n<meta property=\"og:image\" content=\"https:\/\/preprod.olympic.ca\/olympique\/wp-content\/uploads\/sites\/2\/2015\/04\/city-of-toronto-cover-1.jpg?quality=100\" \/>\n\t<meta property=\"og:image:width\" content=\"670\" \/>\n\t<meta property=\"og:image:height\" content=\"377\" \/>\n\t<meta property=\"og:image:type\" content=\"image\/jpeg\" \/>\n<meta name=\"twitter:card\" content=\"summary_large_image\" \/>\n<meta name=\"twitter:label1\" content=\"Written by\" \/>\n\t<meta name=\"twitter:data1\" content=\"Mark Nadolny\" \/>\n<script type=\"application\/ld+json\" class=\"yoast-schema-graph\">{\"@context\":\"https:\/\/schema.org\",\"@graph\":[{\"@type\":\"WebPage\",\"@id\":\"https:\/\/preprod.olympic.ca\/olympique\/equipe-canada-aux-jeux-panamericains-to2015\/\",\"url\":\"https:\/\/preprod.olympic.ca\/olympique\/equipe-canada-aux-jeux-panamericains-to2015\/\",\"name\":\"\u00c9quipe Canada aux Jeux panam\u00e9ricains TO2015 - \u00c9quipe Canada | Site officiel de l&#039;\u00e9quipe olympique\",\"isPartOf\":{\"@id\":\"https:\/\/preprod.olympic.ca\/olympique\/#website\"},\"primaryImageOfPage\":{\"@id\":\"https:\/\/preprod.olympic.ca\/olympique\/equipe-canada-aux-jeux-panamericains-to2015\/#primaryimage\"},\"image\":{\"@id\":\"https:\/\/preprod.olympic.ca\/olympique\/equipe-canada-aux-jeux-panamericains-to2015\/#primaryimage\"},\"thumbnailUrl\":\"https:\/\/preprod.olympic.ca\/olympique\/wp-content\/uploads\/sites\/2\/2015\/04\/city-of-toronto-cover-1.jpg?quality=100\",\"datePublished\":\"2015-05-26T22:59:06+00:00\",\"dateModified\":\"2015-05-26T23:02:19+00:00\",\"inLanguage\":\"fr-FR\",\"potentialAction\":[{\"@type\":\"ReadAction\",\"target\":[\"https:\/\/preprod.olympic.ca\/olympique\/equipe-canada-aux-jeux-panamericains-to2015\/\"]}]},{\"@type\":\"ImageObject\",\"inLanguage\":\"fr-FR\",\"@id\":\"https:\/\/preprod.olympic.ca\/olympique\/equipe-canada-aux-jeux-panamericains-to2015\/#primaryimage\",\"url\":\"https:\/\/preprod.olympic.ca\/olympique\/wp-content\/uploads\/sites\/2\/2015\/04\/city-of-toronto-cover-1.jpg?quality=100\",\"contentUrl\":\"https:\/\/preprod.olympic.ca\/olympique\/wp-content\/uploads\/sites\/2\/2015\/04\/city-of-toronto-cover-1.jpg?quality=100\",\"width\":670,\"height\":377},{\"@type\":\"WebSite\",\"@id\":\"https:\/\/preprod.olympic.ca\/olympique\/#website\",\"url\":\"https:\/\/preprod.olympic.ca\/olympique\/\",\"name\":\"\u00c9quipe Canada | Site officiel de l&#039;\u00e9quipe olympique\",\"description\":\"Votre source pour l\u2019\u00c9quipe olympique canadienne. Retrouvez les r\u00e9cits, vid\u00e9os et photos des athl\u00e8tes canadiens, sports olympiques, Jeux olympiques de 2020 et bien plus!\",\"potentialAction\":[{\"@type\":\"SearchAction\",\"target\":{\"@type\":\"EntryPoint\",\"urlTemplate\":\"https:\/\/preprod.olympic.ca\/olympique\/?s={search_term_string}\"},\"query-input\":{\"@type\":\"PropertyValueSpecification\",\"valueRequired\":true,\"valueName\":\"search_term_string\"}}],\"inLanguage\":\"fr-FR\"}]}<\/script>\n<!-- \/ Yoast SEO plugin. -->","yoast_head_json":{"title":"\u00c9quipe Canada aux Jeux panam\u00e9ricains TO2015 - \u00c9quipe Canada | Site officiel de l&#039;\u00e9quipe olympique","robots":{"index":"index","follow":"follow","max-snippet":"max-snippet:-1","max-image-preview":"max-image-preview:large","max-video-preview":"max-video-preview:-1"},"canonical":"https:\/\/preprod.olympic.ca\/olympique\/equipe-canada-aux-jeux-panamericains-to2015\/","og_locale":"fr_FR","og_type":"article","og_title":"\u00c9quipe Canada aux Jeux panam\u00e9ricains TO2015 - \u00c9quipe Canada | Site officiel de l&#039;\u00e9quipe olympique","og_description":"Les Jeux panam\u00e9ricains Toronto 2015 se tiendront du 10 au 27 juillet dans diverses communaut\u00e9s de la r\u00e9gion du sud...","og_url":"https:\/\/preprod.olympic.ca\/olympique\/equipe-canada-aux-jeux-panamericains-to2015\/","og_site_name":"\u00c9quipe Canada | Site officiel de l&#039;\u00e9quipe olympique","article_modified_time":"2015-05-26T23:02:19+00:00","og_image":[{"width":670,"height":377,"url":"https:\/\/preprod.olympic.ca\/olympique\/wp-content\/uploads\/sites\/2\/2015\/04\/city-of-toronto-cover-1.jpg?quality=100","type":"image\/jpeg"}],"twitter_card":"summary_large_image","twitter_misc":{"Written by":"Mark Nadolny"},"schema":{"@context":"https:\/\/schema.org","@graph":[{"@type":"WebPage","@id":"https:\/\/preprod.olympic.ca\/olympique\/equipe-canada-aux-jeux-panamericains-to2015\/","url":"https:\/\/preprod.olympic.ca\/olympique\/equipe-canada-aux-jeux-panamericains-to2015\/","name":"\u00c9quipe Canada aux Jeux panam\u00e9ricains TO2015 - \u00c9quipe Canada | Site officiel de l&#039;\u00e9quipe olympique","isPartOf":{"@id":"https:\/\/preprod.olympic.ca\/olympique\/#website"},"primaryImageOfPage":{"@id":"https:\/\/preprod.olympic.ca\/olympique\/equipe-canada-aux-jeux-panamericains-to2015\/#primaryimage"},"image":{"@id":"https:\/\/preprod.olympic.ca\/olympique\/equipe-canada-aux-jeux-panamericains-to2015\/#primaryimage"},"thumbnailUrl":"https:\/\/preprod.olympic.ca\/olympique\/wp-content\/uploads\/sites\/2\/2015\/04\/city-of-toronto-cover-1.jpg?quality=100","datePublished":"2015-05-26T22:59:06+00:00","dateModified":"2015-05-26T23:02:19+00:00","inLanguage":"fr-FR","potentialAction":[{"@type":"ReadAction","target":["https:\/\/preprod.olympic.ca\/olympique\/equipe-canada-aux-jeux-panamericains-to2015\/"]}]},{"@type":"ImageObject","inLanguage":"fr-FR","@id":"https:\/\/preprod.olympic.ca\/olympique\/equipe-canada-aux-jeux-panamericains-to2015\/#primaryimage","url":"https:\/\/preprod.olympic.ca\/olympique\/wp-content\/uploads\/sites\/2\/2015\/04\/city-of-toronto-cover-1.jpg?quality=100","contentUrl":"https:\/\/preprod.olympic.ca\/olympique\/wp-content\/uploads\/sites\/2\/2015\/04\/city-of-toronto-cover-1.jpg?quality=100","width":670,"height":377},{"@type":"WebSite","@id":"https:\/\/preprod.olympic.ca\/olympique\/#website","url":"https:\/\/preprod.olympic.ca\/olympique\/","name":"\u00c9quipe Canada | Site officiel de l&#039;\u00e9quipe olympique","description":"Votre source pour l\u2019\u00c9quipe olympique canadienne. Retrouvez les r\u00e9cits, vid\u00e9os et photos des athl\u00e8tes canadiens, sports olympiques, Jeux olympiques de 2020 et bien plus!","potentialAction":[{"@type":"SearchAction","target":{"@type":"EntryPoint","urlTemplate":"https:\/\/preprod.olympic.ca\/olympique\/?s={search_term_string}"},"query-input":{"@type":"PropertyValueSpecification","valueRequired":true,"valueName":"search_term_string"}}],"inLanguage":"fr-FR"}]}},"jetpack_sharing_enabled":true,"jetpack-related-posts":[],"jetpack_shortlink":"https:\/\/wp.me\/PcGHcP-qIh","_links":{"self":[{"href":"https:\/\/preprod.olympic.ca\/olympique\/wp-json\/wp\/v2\/pages\/102689","targetHints":{"allow":["GET"]}}],"collection":[{"href":"https:\/\/preprod.olympic.ca\/olympique\/wp-json\/wp\/v2\/pages"}],"about":[{"href":"https:\/\/preprod.olympic.ca\/olympique\/wp-json\/wp\/v2\/types\/page"}],"author":[{"embeddable":true,"href":"https:\/\/preprod.olympic.ca\/olympique\/wp-json\/wp\/v2\/users\/52435436"}],"replies":[{"embeddable":true,"href":"https:\/\/preprod.olympic.ca\/olympique\/wp-json\/wp\/v2\/comments?post=102689"}],"version-history":[{"count":7,"href":"https:\/\/preprod.olympic.ca\/olympique\/wp-json\/wp\/v2\/pages\/102689\/revisions"}],"predecessor-version":[{"id":102749,"href":"https:\/\/preprod.olympic.ca\/olympique\/wp-json\/wp\/v2\/pages\/102689\/revisions\/102749"}],"wp:featuredmedia":[{"embeddable":true,"href":"https:\/\/preprod.olympic.ca\/olympique\/wp-json\/wp\/v2\/media\/101616"}],"wp:attachment":[{"href":"https:\/\/preprod.olympic.ca\/olympique\/wp-json\/wp\/v2\/media?parent=102689"}],"wp:term":[{"taxonomy":"author","embeddable":true,"href":"https:\/\/preprod.olympic.ca\/olympique\/wp-json\/wp\/v2\/coauthors?post=102689"}],"curies":[{"name":"wp","href":"https:\/\/api.w.org\/{rel}","templated":true}]}}