{"id":104230,"date":"2015-06-26T15:13:06","date_gmt":"2015-06-26T19:13:06","guid":{"rendered":"http:\/\/olympique.ca\/?page_id=104230"},"modified":"2021-12-06T16:45:15","modified_gmt":"2021-12-06T21:45:15","slug":"club-olympique","status":"publish","type":"page","link":"https:\/\/preprod.olympic.ca\/olympique\/club-olympique\/","title":{"rendered":"Club olympique"},"content":{"rendered":"<p class=\"lead\">Bienvenue au Club olympique canadien pr\u00e9sent\u00e9 par Bell, un portail unique o\u00f9 les fans d&rsquo;\u00c9quipe Canada peuvent se r\u00e9unir et obtenir des r\u00e9compenses. Et le plus beau dans tout \u00e7a? C&rsquo;est gratuit!<\/p>\n","protected":false},"excerpt":{"rendered":"<p>Bienvenue au Club olympique canadien pr\u00e9sent\u00e9 par Bell, un portail unique o\u00f9 les fans d&rsquo;\u00c9quipe Canada peuvent se r\u00e9unir et&#8230;<\/p>\n","protected":false},"author":52435436,"featured_media":143302,"parent":0,"menu_order":0,"comment_status":"open","ping_status":"closed","template":"templates\/oc-landing.php","meta":{"_edit_lock":["1721739043:132083754"],"_edit_last":["132083754"],"_wp_page_template":["templates\/oc-landing.php"],"coc_campaign_options":["a:4:{s:16:\"coc_campaign_tag\";s:0:\"\";s:15:\"coc_campaign_bg\";N;s:25:\"coc_campaign_bg_downloads\";a:0:{}s:20:\"coc_campaign_posters\";a:0:{}}"],"coc_team_options":["a:1:{s:15:\"coc_game_select\";i:184566;}"],"coc_oc_landing_options":["a:2:{s:17:\"coc_oc_landing_bg\";i:104231;s:22:\"coc_oc_landing_stories\";a:4:{i:0;a:1:{s:26:\"coc_oc_landing_story_image\";i:104364;}i:1;a:1:{s:26:\"coc_oc_landing_story_image\";i:104365;}i:2;a:1:{s:26:\"coc_oc_landing_story_image\";i:104366;}i:3;a:1:{s:26:\"coc_oc_landing_story_image\";i:104367;}}}"],"geo_public":["0"],"seo_translation_link":["http:\/\/preprod.olympic.ca\/olympic-club"],"_x_multifield_seo_accordion":["a:1:{i:0;a:2:{s:19:\"seo_accordion_title\";s:0:\"\";s:25:\"seo_accordion_description\";s:0:\"\";}}"],"_elasticsearch_indexed_on":["1970-01-01 00:00:00"],"coc_edit_profile_options":["a:1:{s:20:\"coc_favourite_sports\";a:0:{}}"],"_publicize_pending":["1"],"hide_top_share_bar":["on"],"hide_bottom_share_bar":["on"],"_thumbnail_id":["143302"],"coc_sharing_options":["a:1:{s:18:\"coc_hide_share_bar\";b:0;}"],"coc_oc_reward_options":["a:13:{s:16:\"coc_oc_reward_id\";s:0:\"\";s:19:\"coc_oc_ac_reward_id\";s:0:\"\";s:20:\"coc_oc_reward_points\";s:0:\"\";s:19:\"coc_oc_reward_rules\";N;s:31:\"coc_oc_digital_download_desktop\";N;s:30:\"coc_oc_digital_download_mobile\";N;s:32:\"coc_oc_digital_download_facebook\";N;s:29:\"coc_oc_reward_success_message\";s:0:\"\";s:23:\"coc_oc_facebook_content\";s:0:\"\";s:22:\"coc_oc_twitter_content\";s:0:\"\";s:24:\"coc_oc_social_contest_id\";s:0:\"\";s:31:\"coc_oc_reward_logged_in_message\";s:0:\"\";s:32:\"coc_oc_reward_logged_out_message\";s:0:\"\";}"],"coc_press_options":["a:2:{s:28:\"coc_press_additional_content\";s:0:\"\";s:27:\"coc_press_resource_category\";a:0:{}}"],"coc_breaking_news_options":["a:1:{s:25:\"coc_breaking_news_details\";a:0:{}}"],"coc_be_olympic_options":["a:8:{s:37:\"coc_be_olympic_exclusive_content_link\";s:0:\"\";s:27:\"coc_be_olympic_videos_title\";s:0:\"\";s:21:\"coc_be_olympic_videos\";a:0:{}s:27:\"coc_be_olympic_photos_title\";s:0:\"\";s:21:\"coc_be_olympic_photos\";a:0:{}s:24:\"coc_be_olympic_downloads\";a:0:{}s:22:\"coc_be_olympic_quizzes\";a:0:{}s:26:\"coc_be_olympic_fan_fun_ads\";a:0:{}}"],"coc_fan_fun_options":["a:2:{s:23:\"coc_fan_fun_hammer_time\";a:2:{s:29:\"coc_fan_fun_hammer_time_image\";N;s:27:\"coc_fan_fun_hammer_time_url\";s:0:\"\";}s:22:\"coc_fan_fun_torch_dash\";a:2:{s:28:\"coc_fan_fun_torch_dash_image\";N;s:26:\"coc_fan_fun_torch_dash_url\";s:0:\"\";}}"],"coc_interactive_game_options":["a:3:{s:28:\"coc_interactive_game_message\";s:0:\"\";s:24:\"coc_interactive_game_url\";s:0:\"\";s:27:\"coc_interactive_game_iframe\";b:0;}"],"coc_olympic_club_options":["a:1:{s:12:\"redirect_url\";s:0:\"\";}"],"coc_favorites_options":["a:3:{s:13:\"content_types\";a:0:{}s:7:\"seasons\";a:0:{}s:4:\"gear\";a:0:{}}"],"coc_og_tags":["a:3:{s:8:\"og_title\";s:0:\"\";s:14:\"og_description\";s:0:\"\";s:8:\"og_image\";N;}"],"coc_page_options":["a:2:{s:14:\"show_crazy_egg\";s:1:\"1\";s:30:\"coc_partner_takeover_ads_story\";a:5:{s:20:\"coc_ad_story_desktop\";N;s:26:\"coc_ad_story_desktop_label\";s:0:\"\";s:19:\"coc_ad_story_mobile\";N;s:25:\"coc_ad_story_mobile_label\";s:0:\"\";s:16:\"coc_ad_story_url\";s:0:\"\";}}"],"coc_education_options":["A"],"coc_games":[""],"_coc_games":["field_5e83bf020f51f"],"coc_olympic_club_benefits_0_image":["195331"],"_coc_olympic_club_benefits_0_image":["field_5e779f4ab3b2d"],"coc_olympic_club_benefits_0_text":["<h2>Gagnez des prix<\/h2>\r\nRemportez de l'\u00e9quipement autographi\u00e9, des v\u00eatements \u00c9quipe Canada et des prix exclusifs de nos partenaires."],"_coc_olympic_club_benefits_0_text":["field_5e779f58b3b2e"],"coc_olympic_club_benefits_1_image":["195332"],"_coc_olympic_club_benefits_1_image":["field_5e779f4ab3b2d"],"coc_olympic_club_benefits_1_text":["<h2>Modifiez vos favoris<\/h2>\r\nS\u00e9lectionnez vos athl\u00e8tes et sports favoris pour recevoir du contenu personnalis\u00e9."],"_coc_olympic_club_benefits_1_text":["field_5e779f58b3b2e"],"coc_olympic_club_benefits_2_image":["195333"],"_coc_olympic_club_benefits_2_image":["field_5e779f4ab3b2d"],"coc_olympic_club_benefits_2_text":["<h2>Cr\u00e9ez votre profil<\/h2>\r\nParlez-nous de vous et personnalisez votre exp\u00e9rience dans le Club."],"_coc_olympic_club_benefits_2_text":["field_5e779f58b3b2e"],"coc_olympic_club_benefits_3_image":["195334"],"_coc_olympic_club_benefits_3_image":["field_5e779f4ab3b2d"],"coc_olympic_club_benefits_3_text":["<h2>Rendez-vous jusqu\u2019au sommet<\/h2>\r\nGagnez des points et grimpez jusqu'au sommet du tableau des meneurs."],"_coc_olympic_club_benefits_3_text":["field_5e779f58b3b2e"],"coc_olympic_club_benefits_4_image":["195335"],"_coc_olympic_club_benefits_4_image":["field_5e779f4ab3b2d"],"coc_olympic_club_benefits_4_text":["<h2>Amusez-vous<\/h2>\r\nJouez \u00e0 des jeux et testez vos connaissances avec nos quiz \u00c9quipe Canada."],"_coc_olympic_club_benefits_4_text":["field_5e779f58b3b2e"],"coc_olympic_club_benefits":["5"],"_coc_olympic_club_benefits":["field_5e779f31b3b2c"],"coc_trivia":[""],"_coc_trivia":["field_5e83bacdec2aa"],"coc_donor_video_options":["a:1:{s:21:\"donor_featured_videos\";a:0:{}}"],"coc_about_video_options":["a:1:{s:11:\"about_video\";a:3:{s:21:\"coc_about_video_title\";s:0:\"\";s:20:\"coc_about_video_text\";s:0:\"\";s:21:\"coc_about_youtube_url\";s:0:\"\";}}"],"coc_about_image_options":["a:1:{s:11:\"about_image\";a:3:{s:21:\"coc_about_image_title\";s:0:\"\";s:20:\"coc_about_image_text\";s:0:\"\";s:19:\"coc_about_image_url\";N;}}"],"coc_about_reporting_options":["a:1:{s:23:\"about_reporting_options\";a:0:{}}"],"coc_about_audit_options":["a:1:{s:19:\"about_audit_options\";a:0:{}}"],"coc_giving_options":["a:1:{s:14:\"giving_options\";a:0:{}}"],"coc_homepage_video_options":["a:1:{s:13:\"video_options\";a:1:{s:18:\"coc_homepage_video\";s:0:\"\";}}"],"coc_homepage_priorities":["a:1:{s:16:\"priority_options\";a:0:{}}"],"coc_homepage_campaign_options":["a:1:{s:16:\"campaign_options\";a:3:{s:24:\"coc_campaign_video_title\";s:0:\"\";s:23:\"coc_campaign_video_text\";s:0:\"\";s:24:\"coc_campaign_youtube_url\";s:0:\"\";}}"],"hof_selected_committee":["a:1:{s:11:\"hof_members\";a:0:{}}"],"hof_partners_options":["a:1:{s:12:\"hof_partners\";a:0:{}}"],"hof_search_excerpt":["a:1:{s:18:\"coc_search_excerpt\";s:0:\"\";}"],"_last_editor_used_jetpack":["block-editor"],"_yoast_wpseo_content_score":["60"],"_yoast_wpseo_estimated-reading-time-minutes":["1"]},"coauthors":[209008581],"class_list":["post-104230","page","type-page","status-publish","format-standard","has-post-thumbnail","hentry"],"acf":[],"yoast_head":"<!-- This site is optimized with the Yoast SEO plugin v27.3 - https:\/\/yoast.com\/product\/yoast-seo-wordpress\/ -->\n<title>Club olympique - \u00c9quipe Canada | Site officiel de l&#039;\u00e9quipe olympique<\/title>\n<meta name=\"robots\" content=\"index, follow, max-snippet:-1, max-image-preview:large, max-video-preview:-1\" \/>\n<link rel=\"canonical\" href=\"https:\/\/preprod.olympic.ca\/olympique\/club-olympique\/\" \/>\n<meta property=\"og:locale\" content=\"fr_FR\" \/>\n<meta property=\"og:type\" content=\"article\" \/>\n<meta property=\"og:title\" content=\"Club olympique - \u00c9quipe Canada | Site officiel de l&#039;\u00e9quipe olympique\" \/>\n<meta property=\"og:description\" content=\"Bienvenue au Club olympique canadien pr\u00e9sent\u00e9 par Bell, un portail unique o\u00f9 les fans d&rsquo;\u00c9quipe Canada peuvent se r\u00e9unir et...\" \/>\n<meta property=\"og:url\" content=\"https:\/\/preprod.olympic.ca\/olympique\/club-olympique\/\" \/>\n<meta property=\"og:site_name\" content=\"\u00c9quipe Canada | Site officiel de l&#039;\u00e9quipe olympique\" \/>\n<meta property=\"article:modified_time\" content=\"2021-12-06T21:45:15+00:00\" \/>\n<meta property=\"og:image\" content=\"https:\/\/preprod.olympic.ca\/olympique\/wp-content\/uploads\/sites\/2\/2018\/11\/coc103-olympicclub-motionupdate-fr-01a-2018-11-05_10_35_47-1-1.gif?w=688\" \/>\n\t<meta property=\"og:image:width\" content=\"688\" \/>\n\t<meta property=\"og:image:height\" content=\"386\" \/>\n\t<meta property=\"og:image:type\" content=\"image\/gif\" \/>\n<meta name=\"twitter:card\" content=\"summary_large_image\" \/>\n<meta name=\"twitter:label1\" content=\"Est. reading time\" \/>\n\t<meta name=\"twitter:data1\" content=\"1 minute\" \/>\n\t<meta name=\"twitter:label2\" content=\"Written by\" \/>\n\t<meta name=\"twitter:data2\" content=\"Mark Nadolny\" \/>\n<script type=\"application\/ld+json\" class=\"yoast-schema-graph\">{\"@context\":\"https:\\\/\\\/schema.org\",\"@graph\":[{\"@type\":\"WebPage\",\"@id\":\"https:\\\/\\\/preprod.olympic.ca\\\/olympique\\\/club-olympique\\\/\",\"url\":\"https:\\\/\\\/preprod.olympic.ca\\\/olympique\\\/club-olympique\\\/\",\"name\":\"Club olympique - \u00c9quipe Canada | Site officiel de l&#039;\u00e9quipe olympique\",\"isPartOf\":{\"@id\":\"https:\\\/\\\/preprod.olympic.ca\\\/olympique\\\/#website\"},\"primaryImageOfPage\":{\"@id\":\"https:\\\/\\\/preprod.olympic.ca\\\/olympique\\\/club-olympique\\\/#primaryimage\"},\"image\":{\"@id\":\"https:\\\/\\\/preprod.olympic.ca\\\/olympique\\\/club-olympique\\\/#primaryimage\"},\"thumbnailUrl\":\"https:\\\/\\\/preprod.olympic.ca\\\/olympique\\\/wp-content\\\/uploads\\\/sites\\\/2\\\/2018\\\/11\\\/coc103-olympicclub-motionupdate-fr-01a-2018-11-05_10_35_47-1-1.gif\",\"datePublished\":\"2015-06-26T19:13:06+00:00\",\"dateModified\":\"2021-12-06T21:45:15+00:00\",\"inLanguage\":\"fr-FR\",\"potentialAction\":[{\"@type\":\"ReadAction\",\"target\":[\"https:\\\/\\\/preprod.olympic.ca\\\/olympique\\\/club-olympique\\\/\"]}]},{\"@type\":\"ImageObject\",\"inLanguage\":\"fr-FR\",\"@id\":\"https:\\\/\\\/preprod.olympic.ca\\\/olympique\\\/club-olympique\\\/#primaryimage\",\"url\":\"https:\\\/\\\/preprod.olympic.ca\\\/olympique\\\/wp-content\\\/uploads\\\/sites\\\/2\\\/2018\\\/11\\\/coc103-olympicclub-motionupdate-fr-01a-2018-11-05_10_35_47-1-1.gif\",\"contentUrl\":\"https:\\\/\\\/preprod.olympic.ca\\\/olympique\\\/wp-content\\\/uploads\\\/sites\\\/2\\\/2018\\\/11\\\/coc103-olympicclub-motionupdate-fr-01a-2018-11-05_10_35_47-1-1.gif\",\"width\":688,\"height\":386},{\"@type\":\"WebSite\",\"@id\":\"https:\\\/\\\/preprod.olympic.ca\\\/olympique\\\/#website\",\"url\":\"https:\\\/\\\/preprod.olympic.ca\\\/olympique\\\/\",\"name\":\"\u00c9quipe Canada | Site officiel de l&#039;\u00e9quipe olympique\",\"description\":\"Votre source pour l\u2019\u00c9quipe olympique canadienne. Retrouvez les r\u00e9cits, vid\u00e9os et photos des athl\u00e8tes canadiens, sports olympiques, Jeux olympiques de 2020 et bien plus!\",\"potentialAction\":[{\"@type\":\"SearchAction\",\"target\":{\"@type\":\"EntryPoint\",\"urlTemplate\":\"https:\\\/\\\/preprod.olympic.ca\\\/olympique\\\/?s={search_term_string}\"},\"query-input\":{\"@type\":\"PropertyValueSpecification\",\"valueRequired\":true,\"valueName\":\"search_term_string\"}}],\"inLanguage\":\"fr-FR\"}]}<\/script>\n<!-- \/ Yoast SEO plugin. -->","yoast_head_json":{"title":"Club olympique - \u00c9quipe Canada | Site officiel de l&#039;\u00e9quipe olympique","robots":{"index":"index","follow":"follow","max-snippet":"max-snippet:-1","max-image-preview":"max-image-preview:large","max-video-preview":"max-video-preview:-1"},"canonical":"https:\/\/preprod.olympic.ca\/olympique\/club-olympique\/","og_locale":"fr_FR","og_type":"article","og_title":"Club olympique - \u00c9quipe Canada | Site officiel de l&#039;\u00e9quipe olympique","og_description":"Bienvenue au Club olympique canadien pr\u00e9sent\u00e9 par Bell, un portail unique o\u00f9 les fans d&rsquo;\u00c9quipe Canada peuvent se r\u00e9unir et...","og_url":"https:\/\/preprod.olympic.ca\/olympique\/club-olympique\/","og_site_name":"\u00c9quipe Canada | Site officiel de l&#039;\u00e9quipe olympique","article_modified_time":"2021-12-06T21:45:15+00:00","og_image":[{"url":"https:\/\/preprod.olympic.ca\/olympique\/wp-content\/uploads\/sites\/2\/2018\/11\/coc103-olympicclub-motionupdate-fr-01a-2018-11-05_10_35_47-1-1.gif?w=688","width":688,"height":386,"type":"image\/gif"}],"twitter_card":"summary_large_image","twitter_misc":{"Est. reading time":"1 minute","Written by":"Mark Nadolny"},"schema":{"@context":"https:\/\/schema.org","@graph":[{"@type":"WebPage","@id":"https:\/\/preprod.olympic.ca\/olympique\/club-olympique\/","url":"https:\/\/preprod.olympic.ca\/olympique\/club-olympique\/","name":"Club olympique - \u00c9quipe Canada | Site officiel de l&#039;\u00e9quipe olympique","isPartOf":{"@id":"https:\/\/preprod.olympic.ca\/olympique\/#website"},"primaryImageOfPage":{"@id":"https:\/\/preprod.olympic.ca\/olympique\/club-olympique\/#primaryimage"},"image":{"@id":"https:\/\/preprod.olympic.ca\/olympique\/club-olympique\/#primaryimage"},"thumbnailUrl":"https:\/\/preprod.olympic.ca\/olympique\/wp-content\/uploads\/sites\/2\/2018\/11\/coc103-olympicclub-motionupdate-fr-01a-2018-11-05_10_35_47-1-1.gif","datePublished":"2015-06-26T19:13:06+00:00","dateModified":"2021-12-06T21:45:15+00:00","inLanguage":"fr-FR","potentialAction":[{"@type":"ReadAction","target":["https:\/\/preprod.olympic.ca\/olympique\/club-olympique\/"]}]},{"@type":"ImageObject","inLanguage":"fr-FR","@id":"https:\/\/preprod.olympic.ca\/olympique\/club-olympique\/#primaryimage","url":"https:\/\/preprod.olympic.ca\/olympique\/wp-content\/uploads\/sites\/2\/2018\/11\/coc103-olympicclub-motionupdate-fr-01a-2018-11-05_10_35_47-1-1.gif","contentUrl":"https:\/\/preprod.olympic.ca\/olympique\/wp-content\/uploads\/sites\/2\/2018\/11\/coc103-olympicclub-motionupdate-fr-01a-2018-11-05_10_35_47-1-1.gif","width":688,"height":386},{"@type":"WebSite","@id":"https:\/\/preprod.olympic.ca\/olympique\/#website","url":"https:\/\/preprod.olympic.ca\/olympique\/","name":"\u00c9quipe Canada | Site officiel de l&#039;\u00e9quipe olympique","description":"Votre source pour l\u2019\u00c9quipe olympique canadienne. Retrouvez les r\u00e9cits, vid\u00e9os et photos des athl\u00e8tes canadiens, sports olympiques, Jeux olympiques de 2020 et bien plus!","potentialAction":[{"@type":"SearchAction","target":{"@type":"EntryPoint","urlTemplate":"https:\/\/preprod.olympic.ca\/olympique\/?s={search_term_string}"},"query-input":{"@type":"PropertyValueSpecification","valueRequired":true,"valueName":"search_term_string"}}],"inLanguage":"fr-FR"}]}},"jetpack_sharing_enabled":true,"jetpack-related-posts":[],"jetpack_shortlink":"https:\/\/wp.me\/PcGHcP-r78","_links":{"self":[{"href":"https:\/\/preprod.olympic.ca\/olympique\/wp-json\/wp\/v2\/pages\/104230","targetHints":{"allow":["GET"]}}],"collection":[{"href":"https:\/\/preprod.olympic.ca\/olympique\/wp-json\/wp\/v2\/pages"}],"about":[{"href":"https:\/\/preprod.olympic.ca\/olympique\/wp-json\/wp\/v2\/types\/page"}],"author":[{"embeddable":true,"href":"https:\/\/preprod.olympic.ca\/olympique\/wp-json\/wp\/v2\/users\/52435436"}],"replies":[{"embeddable":true,"href":"https:\/\/preprod.olympic.ca\/olympique\/wp-json\/wp\/v2\/comments?post=104230"}],"version-history":[{"count":7,"href":"https:\/\/preprod.olympic.ca\/olympique\/wp-json\/wp\/v2\/pages\/104230\/revisions"}],"predecessor-version":[{"id":195336,"href":"https:\/\/preprod.olympic.ca\/olympique\/wp-json\/wp\/v2\/pages\/104230\/revisions\/195336"}],"wp:featuredmedia":[{"embeddable":true,"href":"https:\/\/preprod.olympic.ca\/olympique\/wp-json\/wp\/v2\/media\/143302"}],"wp:attachment":[{"href":"https:\/\/preprod.olympic.ca\/olympique\/wp-json\/wp\/v2\/media?parent=104230"}],"wp:term":[{"taxonomy":"author","embeddable":true,"href":"https:\/\/preprod.olympic.ca\/olympique\/wp-json\/wp\/v2\/coauthors?post=104230"}],"curies":[{"name":"wp","href":"https:\/\/api.w.org\/{rel}","templated":true}]}}