{"id":131161,"date":"2017-10-03T15:36:44","date_gmt":"2017-10-03T19:36:44","guid":{"rendered":"http:\/\/olympique.ca\/?page_id=131161"},"modified":"2024-04-24T13:58:32","modified_gmt":"2024-04-24T17:58:32","slug":"accreditations-presse","status":"publish","type":"page","link":"https:\/\/preprod.olympic.ca\/olympique\/accreditations-presse\/","title":{"rendered":"Accr\u00e9ditations"},"content":{"rendered":"\n<div class=\"wp-block-group is-style-align-small\"><div class=\"wp-block-group__inner-container is-layout-flow wp-block-group-is-layout-flow\">\n<h2 class=\"wp-block-heading\"><\/h2>\n\n\n\n<p>Le Comit\u00e9 international olympique (CIO) alloue un nombre limit\u00e9 d&rsquo;accr\u00e9ditations au Comit\u00e9 olympique canadien (COC) aux fins de distribution aux m\u00e9dias. Le COC partage ensuite ces accr\u00e9ditations entre les diff\u00e9rents m\u00e9dias selon leur port\u00e9e nationale, leur auditoire, ainsi que leurs participation et couverture des Jeux pass\u00e9s. Le COC tient aussi compte de la repr\u00e9sentation g\u00e9ographique des m\u00e9dias et de l\u2019\u00e9quit\u00e9 linguistique.<\/p>\n\n\n\n<p>Le processus d&rsquo;accr\u00e9ditation pour les m\u00e9dias non d\u00e9tenteurs de droits de diffusion rel\u00e8ve directement du CIO. Plus de d\u00e9tails concernant ce processus se trouvent sur le site <a href=\"https:\/\/olympics.com\/fr\/\" target=\"_blank\" rel=\"noreferrer noopener\">olympics.com<\/a>. Toute question concernant ce processus peut \u00eatre transmise \u00e0&nbsp;<a href=\"mailto:media.operations@olympic.org\">media.operations@olympic.org<\/a>.<\/p>\n\n\n\n<p>Pour toute autre question, n&rsquo;h\u00e9sitez pas \u00e0 communiquer avec nous \u00e0&nbsp;<a href=\"mailto:accreditations@olympique.ca\">accreditations@olympique.ca<\/a>.<\/p>\n\n\n\n<h2 class=\"wp-block-heading\"><strong>Paris 202<\/strong>4<\/h2>\n\n\n\n<p>Le Comit\u00e9 olympique canadien n&rsquo;accepte plus les d\u00e9clarations d&rsquo;int\u00e9r\u00eat pour l&rsquo;accr\u00e9ditation des m\u00e9dias aux Jeux olympiques de Paris 2024.<\/p>\n\n\n\n<p>Les m\u00e9dias qui ont obtenu des accr\u00e9ditations de presse seront contact\u00e9s d\u2019ici la fin de novembre 2022.<\/p>\n\n\n\n<hr class=\"wp-block-separator has-css-opacity\" \/>\n\n\n\n<h2 class=\"wp-block-heading\">Gangwon 2024<\/h2>\n\n\n\n<p>Le Comit\u00e9 international olympique accepte maintenant les demandes d\u2019accr\u00e9ditation de presse pour couvrir les<a href=\"https:\/\/olympics.com\/en\/gangwon-2024\/\"> Jeux olympiques de la jeunesse d\u2019hiver de Gangwon 2024<\/a> qui seront pr\u00e9sent\u00e9s du 19 janvier au 1<sup>er<\/sup> f\u00e9vrier 2024.&nbsp;<\/p>\n\n\n\n<p>Tous les repr\u00e9sentants de la presse, notamment les m\u00e9dias d\u00e9tenteurs de droits, ceux qui ne sont pas d\u00e9tenteurs de droits, la presse \u00e9crite et les photographes d\u00e9sirant couvrir les Jeux en Cor\u00e9e du Sud doivent soumettre leur demande individuellement sur le<a href=\"https:\/\/media.gangwon2024.org\/\"> Portail d\u2019inscription de la presse<\/a> d\u2019ici le <strong>10 octobre 2023<\/strong>.<\/p>\n\n\n\n<p>Pour de plus amples renseignements, notamment sur les visas d\u2019entr\u00e9e, l\u2019h\u00e9bergement, le transport et plus, visitez le site<a href=\"https:\/\/olympics.com\/cio\/news\/4es-jeux-olympiques-de-la-jeunesse-d-hiver-gangwon-2024-information-aux-medias\"> olympics.com<\/a>.<\/p>\n\n\n\n<hr class=\"wp-block-separator has-css-opacity\" \/>\n\n\n\n<h2 class=\"wp-block-heading\">Santiago 2023<\/h2>\n\n\n\n<p>Le Comit\u00e9 olympique canadien n&rsquo;accepte plus les d\u00e9clarations d&rsquo;int\u00e9r\u00eat pour l&rsquo;accr\u00e9ditation des m\u00e9dias aux Jeux panam\u00e9ricains de Santiago 2023.<\/p>\n\n\n\n<p>Les repr\u00e9sentants des m\u00e9dias qui auront obtenu une accr\u00e9ditation de presse seront contact\u00e9s d\u2019ici la fin de mars 2023.<\/p>\n\n\n\n<h2 class=\"wp-block-heading\" id=\"nous-contacter\">Nous contacter<\/h2>\n\n\n\n<p><strong>Question g\u00e9n\u00e9rale<\/strong><br><a href=\"mailto:communication@olympic.ca\">communications@olympic.ca<\/a><\/p>\n\n\n\n<p><strong>Accr\u00e9ditation<\/strong><br><a href=\"mailto:accreditations@olympic.ca\">accreditations@olympic.ca<\/a><\/p>\n<\/div><\/div>\n\n\n\n<div class=\"subscribe-block alignfull\">\n  <div class=\"grid-container\">\n    <div class=\"grid-x grid-padding-x\">\n      <div class=\"cell small-12\">\n        \n\n<h2 class=\"wp-block-heading\">S&rsquo;abonner<\/h2>\n\n\n\n<p><\/p>\n\n\n          <div id=\"mc_embed_signup\">\n            <form action=\"https:\/\/olympic.us2.list-manage.com\/subscribe\/post?u=72a3efe505e35ebcfd5bb0c73&#038;id=%202486048043\" method=\"post\" id=\"mc-embedded-subscribe-form\" name=\"mc-embedded-subscribe-form\" class=\"validate\" target=\"_blank\" novalidate>\n              <div id=\"mc_embed_signup_scroll\">\n                <div class=\"grid-x grid-padding-x\">\n                  <div class=\"cell small-12 medium-6\">\n                    <div class=\"mc-field-group\">\n                      <label for=\"mce-FNAME\" style=\"color: #ffffff\">\n                        Pr\u00e9nom                        <span>(requis)<\/span>\n                      <\/label>\n                      <input type=\"text\" value=\"\" name=\"FNAME\" class=\"required\" id=\"mce-FNAME\">\n                    <\/div>\n                  <\/div>\n                  <div class=\"cell small-12 medium-6\">\n                    <div class=\"mc-field-group\">\n                      <label for=\"mce-LNAME\" style=\"color: #ffffff\">\n                        Nom de famille                        <span>(requis)<\/span>\n                      <\/label>\n                      <input type=\"text\" value=\"\" name=\"LNAME\" class=\"required\" id=\"mce-LNAME\">\n                    <\/div>\n                  <\/div>\n                  <div class=\"cell small-12 medium-6\">\n                    <div class=\"mc-field-group\">\n                      <label for=\"mce-EMAIL\" style=\"color: #ffffff\">\n                        Courriel                        <span>(requis)<\/span>\n                      <\/label>\n                      <input type=\"email\" value=\"\" name=\"EMAIL\" class=\"required email\" id=\"mce-EMAIL\">\n                    <\/div>\n                  <\/div>\n                  <div class=\"cell small-12 medium-6\">\n                    <div class=\"mc-field-group\">\n                      <label for=\"mce-MMERGE3\" style=\"color: #ffffff\">\n                        Organization                        <span>(requis)<\/span>\n                      <\/label>\n                      <input type=\"text\" value=\"\" name=\"MMERGE3\" class=\"required\" id=\"mce-MMERGE3\">\n                    <\/div>\n                  <\/div>\n                <\/div>\n                <div id=\"mce-responses\" class=\"clear\">\n                  <div class=\"response\" id=\"mce-error-response\" style=\"display:none\"><\/div>\n                  <div class=\"response\" id=\"mce-success-response\" style=\"display:none\"><\/div>\n                <\/div>\n                <div style=\"position: absolute; left: -5000px;\" aria-hidden=\"true\"><input type=\"text\" name=\"b_72a3efe505e35ebcfd5bb0c73_ 2486048043\" tabindex=\"-1\" value=\"\"><\/div>\n                <div class=\"grid-x grid-padding-x\">\n                  <div class=\"cell small-12 text-center\">\n                    <input type=\"submit\" value=\"Soumettre\" name=\"subscribe\" id=\"mc-embedded-subscribe\" class=\"button\">\n                  <\/div>\n                <\/div>\n              <\/div>\n            <\/form>\n          <\/div>\n\n                <\/div>\n    <\/div>\n  <\/div>\n<\/div>\n\n\n\n<div class=\"wp-block-group\"><div class=\"wp-block-group__inner-container is-layout-flow wp-block-group-is-layout-flow\">\n<h2 class=\"wp-block-heading\" id=\"suivez-nous-sur-twitter\">Suivez-nous sur Twitter<\/h2>\n\n\n\n<div class=\"wp-block-buttons is-content-justification-center is-layout-flex wp-container-core-buttons-is-layout-16018d1d wp-block-buttons-is-layout-flex\">\n<div class=\"wp-block-button is-style-has-twitter-icon\"><a class=\"wp-block-button__link\" href=\"https:\/\/twitter.com\/teamcanadapr\" target=\"_blank\" rel=\"noreferrer noopener\">SUIVEZ @TEAMCANADAPR<\/a><\/div>\n<\/div>\n<\/div><\/div>\n","protected":false},"excerpt":{"rendered":"<p>Le Comit\u00e9 international olympique (CIO) alloue un nombre limit\u00e9 d&rsquo;accr\u00e9ditations au Comit\u00e9 olympique canadien (COC) aux fins de distribution aux&#8230;<\/p>\n","protected":false},"author":24524180,"featured_media":210610,"parent":0,"menu_order":0,"comment_status":"closed","ping_status":"closed","template":"","meta":{"_edit_lock":["1713981471:185434592"],"_edit_last":["185434592"],"_wp_page_template":["default"],"_publicize_pending":["1"],"jabber_published":["1507059405"],"coc_campaign_options":["a:4:{s:16:\"coc_campaign_tag\";s:0:\"\";s:15:\"coc_campaign_bg\";N;s:25:\"coc_campaign_bg_downloads\";a:0:{}s:20:\"coc_campaign_posters\";a:0:{}}"],"coc_team_options":["a:1:{s:15:\"coc_game_select\";i:130517;}"],"coc_oc_landing_options":["a:2:{s:17:\"coc_oc_landing_bg\";N;s:22:\"coc_oc_landing_stories\";a:0:{}}"],"coc_edit_profile_options":["a:1:{s:20:\"coc_favourite_sports\";a:0:{}}"],"coc_oc_reward_options":["a:13:{s:16:\"coc_oc_reward_id\";s:0:\"\";s:19:\"coc_oc_ac_reward_id\";s:0:\"\";s:20:\"coc_oc_reward_points\";s:0:\"\";s:19:\"coc_oc_reward_rules\";N;s:31:\"coc_oc_digital_download_desktop\";N;s:30:\"coc_oc_digital_download_mobile\";N;s:32:\"coc_oc_digital_download_facebook\";N;s:29:\"coc_oc_reward_success_message\";s:0:\"\";s:23:\"coc_oc_facebook_content\";s:0:\"\";s:22:\"coc_oc_twitter_content\";s:0:\"\";s:24:\"coc_oc_social_contest_id\";s:0:\"\";s:31:\"coc_oc_reward_logged_in_message\";s:0:\"\";s:32:\"coc_oc_reward_logged_out_message\";s:0:\"\";}"],"coc_press_options":["a:2:{s:28:\"coc_press_additional_content\";s:992:\"<h3><strong>Accr\u00e9ditations<\/strong><\/h3>\n<p>Le Comit\u00e9 international olympique (CIO) alloue un nombre limit\u00e9 d'accr\u00e9ditations au Comit\u00e9 olympique canadien (COC) aux fins de distribution aux m\u00e9dias. Le COC partage ensuite ces accr\u00e9ditations entre les diff\u00e9rents m\u00e9dias selon leur port\u00e9e nationale, leur auditoire, ainsi que leurs participation et couverture des Jeux pass\u00e9s. Le COC tient aussi compte de la repr\u00e9sentation g\u00e9ographique des m\u00e9dias et de l\u2019\u00e9quit\u00e9 linguistique.<\/p>\n<p>Le processus d'accr\u00e9ditation pour les m\u00e9dias non d\u00e9tenteurs de droits de diffusion rel\u00e8ve directement du CIO. Plus de d\u00e9tails concernant ce processus se trouvent sur le site Olympic.org. Toute question concernant ce processus peut \u00eatre transmise \u00e0 <a href=\"mailto:media.operations@olympic.org\">media.operations@olympic.org<\/a>.<\/p>\n<p>Pour toute autre question, n'h\u00e9sitez pas \u00e0 communiquer avec nous \u00e0 <a href=\"mailto:accreditations@olympique.ca\">accreditations@olympique.ca<\/a>.<\/p>\n\";s:27:\"coc_press_resource_category\";a:0:{}}"],"geo_public":["0"],"_x_multifield_seo_accordion":["a:1:{i:0;a:2:{s:19:\"seo_accordion_title\";s:0:\"\";s:25:\"seo_accordion_description\";s:0:\"\";}}"],"_elasticsearch_indexed_on":["2017-10-03 19:36:55"],"_g_feedback_shortcode":["[contact-field label='Pr\u00e9nom*' type='name' required='1'\/][contact-field label='Nom*' type='name' required='1'\/][contact-field label='Adresse de courriel*' type='email' required='1'\/][contact-field label='Organisme*' type='text' required='1'\/]"],"_thumbnail_id":["210610"],"coc_sharing_options":["a:1:{s:18:\"coc_hide_share_bar\";b:0;}"],"coc_breaking_news_options":["a:1:{s:25:\"coc_breaking_news_details\";a:0:{}}"],"coc_be_olympic_options":["a:8:{s:37:\"coc_be_olympic_exclusive_content_link\";s:0:\"\";s:27:\"coc_be_olympic_videos_title\";s:0:\"\";s:21:\"coc_be_olympic_videos\";a:0:{}s:27:\"coc_be_olympic_photos_title\";s:0:\"\";s:21:\"coc_be_olympic_photos\";a:0:{}s:24:\"coc_be_olympic_downloads\";a:0:{}s:22:\"coc_be_olympic_quizzes\";a:0:{}s:26:\"coc_be_olympic_fan_fun_ads\";a:0:{}}"],"coc_fan_fun_options":["a:2:{s:23:\"coc_fan_fun_hammer_time\";a:2:{s:29:\"coc_fan_fun_hammer_time_image\";N;s:27:\"coc_fan_fun_hammer_time_url\";s:0:\"\";}s:22:\"coc_fan_fun_torch_dash\";a:2:{s:28:\"coc_fan_fun_torch_dash_image\";N;s:26:\"coc_fan_fun_torch_dash_url\";s:0:\"\";}}"],"coc_interactive_game_options":["a:3:{s:28:\"coc_interactive_game_message\";s:0:\"\";s:24:\"coc_interactive_game_url\";s:0:\"\";s:27:\"coc_interactive_game_iframe\";b:0;}"],"coc_olympic_club_options":["a:1:{s:12:\"redirect_url\";s:0:\"\";}"],"coc_favorites_options":["a:3:{s:13:\"content_types\";a:0:{}s:7:\"seasons\";a:0:{}s:4:\"gear\";a:0:{}}"],"coc_og_tags":["a:3:{s:8:\"og_title\";s:0:\"\";s:14:\"og_description\";s:0:\"\";s:8:\"og_image\";N;}"],"seo_translation_link":["https:\/\/preprod.olympic.ca\/press-accreditation\/"],"_g_feedback_shortcode_5bb163dd6fc790a77f6fa91aeb0c7e7b34c45413":["[contact-field label=\"Pr\u00e9nom*\" type=\"text\" required=\"1\"][contact-field label=\"Nom*\" type=\"text\" required=\"1\"][contact-field label=\"Adresse de courriel*\" type=\"email\" required=\"1\"][contact-field label=\"M\u00e9dia*\" type=\"text\" required=\"1\"][contact-field label=\"Nombre d\u2019accr\u00e9ditations EP (photographes) requises*\" type=\"text\" required=\"1\"][contact-field label=\"Number of Journalist (E) Accreditation Requested*\" type=\"text\" required=\"1\"]"],"_g_feedback_shortcode_atts_5bb163dd6fc790a77f6fa91aeb0c7e7b34c45413":["a:6:{s:2:\"to\";s:25:\"accreditations@olympic.ca\";s:7:\"subject\";s:32:\"Tokyo 2020 Accreditation Request\";s:12:\"show_subject\";s:2:\"no\";s:6:\"widget\";i:0;s:2:\"id\";i:131161;s:18:\"submit_button_text\";s:14:\"Envoyer &#187;\";}"],"coc_education_options":["A"],"coc_page_options":["a:1:{s:30:\"coc_partner_takeover_ads_story\";a:5:{s:20:\"coc_ad_story_desktop\";N;s:26:\"coc_ad_story_desktop_label\";s:0:\"\";s:19:\"coc_ad_story_mobile\";N;s:25:\"coc_ad_story_mobile_label\";s:0:\"\";s:16:\"coc_ad_story_url\";s:0:\"\";}}"],"coc_donor_video_options":["a:1:{s:21:\"donor_featured_videos\";a:0:{}}"],"coc_about_video_options":["a:1:{s:11:\"about_video\";a:3:{s:21:\"coc_about_video_title\";s:0:\"\";s:20:\"coc_about_video_text\";s:0:\"\";s:21:\"coc_about_youtube_url\";s:0:\"\";}}"],"coc_about_image_options":["a:1:{s:11:\"about_image\";a:3:{s:21:\"coc_about_image_title\";s:0:\"\";s:20:\"coc_about_image_text\";s:0:\"\";s:19:\"coc_about_image_url\";N;}}"],"coc_about_reporting_options":["a:1:{s:23:\"about_reporting_options\";a:0:{}}"],"coc_about_audit_options":["a:1:{s:19:\"about_audit_options\";a:0:{}}"],"coc_giving_options":["a:1:{s:14:\"giving_options\";a:0:{}}"],"coc_homepage_video_options":["a:1:{s:13:\"video_options\";a:1:{s:18:\"coc_homepage_video\";s:0:\"\";}}"],"coc_homepage_priorities":["a:1:{s:16:\"priority_options\";a:0:{}}"],"coc_homepage_campaign_options":["a:1:{s:16:\"campaign_options\";a:3:{s:24:\"coc_campaign_video_title\";s:0:\"\";s:23:\"coc_campaign_video_text\";s:0:\"\";s:24:\"coc_campaign_youtube_url\";s:0:\"\";}}"],"hof_selected_committee":["a:1:{s:11:\"hof_members\";a:0:{}}"],"hof_partners_options":["a:1:{s:12:\"hof_partners\";a:0:{}}"],"hof_search_excerpt":["a:1:{s:18:\"coc_search_excerpt\";s:0:\"\";}"],"coc_games":[""],"_coc_games":["field_5e83bf020f51f"],"coc_trivia":[""],"_coc_trivia":["field_5e83bacdec2aa"],"_last_editor_used_jetpack":["block-editor"],"_yoast_wpseo_content_score":["60"],"_yoast_wpseo_estimated-reading-time-minutes":["2"],"_g_feedback_shortcode_1a84e520b8c3200c864b71ea16665a65b55f6078":["[contact-field label=\"Pr\u00e9nom*\" type=\"text\"  required=\"true\" \/][contact-field label=\"Nom*\" type=\"text\"  required=\"true\" \/][contact-field label=\"Adresse de courriel*\" type=\"email\" required=\"true\" \/][contact-field label=\"M\u00e9dia*\" type=\"text\" required=\"true\" \/][contact-field label=\"Nombre d\u2019accr\u00e9ditations EP (photographes) requises*\" type=\"text\"  required=\"true\" \/][contact-field label=\"Number of Journalist (E) Accreditation Requested*\" type=\"text\"  required=\"true\" \/]"],"_g_feedback_shortcode_atts_1a84e520b8c3200c864b71ea16665a65b55f6078":["a:11:{s:2:\"to\";s:25:\"accreditations@olympic.ca\";s:7:\"subject\";s:38:\"PyeongChang 2018 Accreditation Request\";s:12:\"show_subject\";s:2:\"no\";s:6:\"widget\";i:0;s:2:\"id\";i:131164;s:18:\"submit_button_text\";s:6:\"SUBMIT\";s:14:\"customThankyou\";s:0:\"\";s:21:\"customThankyouHeading\";s:12:\"Message Sent\";s:21:\"customThankyouMessage\";s:30:\"Thank you for your submission!\";s:22:\"customThankyouRedirect\";s:0:\"\";s:10:\"jetpackCRM\";b:1;}"],"seo_title":[""],"_seo_title":["field_652feeaa9308c"],"seo_focus_keyword":[""],"_seo_focus_keyword":["field_652ff0580091b"],"seo_meta_description":[""],"_seo_meta_description":["field_652feec09308d"],"_seo_translation_link":["field_652feee79308e"],"seo_accordion_module_title":[""],"_seo_accordion_module_title":["field_652fef009308f"],"seo_accordion":[""],"_seo_accordion":["field_652fef4793091"],"secondary_content":[""],"_secondary_content":["field_6530028284790"],"social_facebook":[""],"_social_facebook":["field_652ff39070798"],"social_twitter":[""],"_social_twitter":["field_652ff3a470799"],"social_instagram":[""],"_social_instagram":["field_652ff3ca7079a"],"social_linkedin":[""],"_social_linkedin":["field_652ff3e57079b"],"social_website":[""],"_social_website":["field_652ff4227079c"],"zeus_id":[""],"_zeus_id":["field_652ff4537079d"],"team_announcement_tag":[""],"_team_announcement_tag":["field_65300222e2d0d"],"coc_hide_title":["0"],"_coc_hide_title":["field_661d79f32b89b"],"video_embed_code":[""],"_video_embed_code":["field_652fecffe1114"],"facebook_video_embed_code":[""],"_facebook_video_embed_code":["field_652fedfae1121"]},"coauthors":[187829914],"class_list":["post-131161","page","type-page","status-publish","format-standard","has-post-thumbnail","hentry"],"acf":[],"yoast_head":"<!-- This site is optimized with the Yoast SEO plugin v27.3 - https:\/\/yoast.com\/product\/yoast-seo-wordpress\/ -->\n<title>Accr\u00e9ditations - \u00c9quipe Canada | Site officiel de l&#039;\u00e9quipe olympique<\/title>\n<meta name=\"robots\" content=\"index, follow, max-snippet:-1, max-image-preview:large, max-video-preview:-1\" \/>\n<link rel=\"canonical\" href=\"https:\/\/preprod.olympic.ca\/olympique\/accreditations-presse\/\" \/>\n<meta property=\"og:locale\" content=\"fr_FR\" \/>\n<meta property=\"og:type\" content=\"article\" \/>\n<meta property=\"og:title\" content=\"Accr\u00e9ditations - \u00c9quipe Canada | Site officiel de l&#039;\u00e9quipe olympique\" \/>\n<meta property=\"og:description\" content=\"Le Comit\u00e9 international olympique (CIO) alloue un nombre limit\u00e9 d&rsquo;accr\u00e9ditations au Comit\u00e9 olympique canadien (COC) aux fins de distribution aux...\" \/>\n<meta property=\"og:url\" content=\"https:\/\/preprod.olympic.ca\/olympique\/accreditations-presse\/\" \/>\n<meta property=\"og:site_name\" content=\"\u00c9quipe Canada | Site officiel de l&#039;\u00e9quipe olympique\" \/>\n<meta property=\"article:modified_time\" content=\"2024-04-24T17:58:32+00:00\" \/>\n<meta property=\"og:image\" content=\"https:\/\/preprod.olympic.ca\/olympique\/wp-content\/uploads\/sites\/2\/2022\/07\/ALL_20220220_86470.jpg?quality=100\" \/>\n\t<meta property=\"og:image:width\" content=\"1200\" \/>\n\t<meta property=\"og:image:height\" content=\"800\" \/>\n\t<meta property=\"og:image:type\" content=\"image\/jpeg\" \/>\n<meta name=\"twitter:card\" content=\"summary_large_image\" \/>\n<meta name=\"twitter:label1\" content=\"Est. reading time\" \/>\n\t<meta name=\"twitter:data1\" content=\"2 minutes\" \/>\n\t<meta name=\"twitter:label2\" content=\"Written by\" \/>\n\t<meta name=\"twitter:data2\" content=\"Anthony Moore\" \/>\n<script type=\"application\/ld+json\" class=\"yoast-schema-graph\">{\"@context\":\"https:\\\/\\\/schema.org\",\"@graph\":[{\"@type\":\"WebPage\",\"@id\":\"https:\\\/\\\/preprod.olympic.ca\\\/olympique\\\/accreditations-presse\\\/\",\"url\":\"https:\\\/\\\/preprod.olympic.ca\\\/olympique\\\/accreditations-presse\\\/\",\"name\":\"Accr\u00e9ditations - \u00c9quipe Canada | Site officiel de l&#039;\u00e9quipe olympique\",\"isPartOf\":{\"@id\":\"https:\\\/\\\/preprod.olympic.ca\\\/olympique\\\/#website\"},\"primaryImageOfPage\":{\"@id\":\"https:\\\/\\\/preprod.olympic.ca\\\/olympique\\\/accreditations-presse\\\/#primaryimage\"},\"image\":{\"@id\":\"https:\\\/\\\/preprod.olympic.ca\\\/olympique\\\/accreditations-presse\\\/#primaryimage\"},\"thumbnailUrl\":\"https:\\\/\\\/preprod.olympic.ca\\\/olympique\\\/wp-content\\\/uploads\\\/sites\\\/2\\\/2022\\\/07\\\/ALL_20220220_86470.jpg?quality=100\",\"datePublished\":\"2017-10-03T19:36:44+00:00\",\"dateModified\":\"2024-04-24T17:58:32+00:00\",\"inLanguage\":\"fr-FR\",\"potentialAction\":[{\"@type\":\"ReadAction\",\"target\":[\"https:\\\/\\\/preprod.olympic.ca\\\/olympique\\\/accreditations-presse\\\/\"]}]},{\"@type\":\"ImageObject\",\"inLanguage\":\"fr-FR\",\"@id\":\"https:\\\/\\\/preprod.olympic.ca\\\/olympique\\\/accreditations-presse\\\/#primaryimage\",\"url\":\"https:\\\/\\\/preprod.olympic.ca\\\/olympique\\\/wp-content\\\/uploads\\\/sites\\\/2\\\/2022\\\/07\\\/ALL_20220220_86470.jpg?quality=100\",\"contentUrl\":\"https:\\\/\\\/preprod.olympic.ca\\\/olympique\\\/wp-content\\\/uploads\\\/sites\\\/2\\\/2022\\\/07\\\/ALL_20220220_86470.jpg?quality=100\",\"width\":1200,\"height\":800,\"caption\":\"Team Canada hosts it\u2019s Closing Ceremony press conference with long track speed skater Isabelle Weidemann and COC Beijing 2022 Press ChiefThomas Hall during the Beijing 2022 Olympic Winter Games on Sunday, February 20, 2022. Photo by Andrew Lahodynskyj\\\/COC *MANDATORY CREDIT*\"},{\"@type\":\"WebSite\",\"@id\":\"https:\\\/\\\/preprod.olympic.ca\\\/olympique\\\/#website\",\"url\":\"https:\\\/\\\/preprod.olympic.ca\\\/olympique\\\/\",\"name\":\"\u00c9quipe Canada | Site officiel de l&#039;\u00e9quipe olympique\",\"description\":\"Votre source pour l\u2019\u00c9quipe olympique canadienne. Retrouvez les r\u00e9cits, vid\u00e9os et photos des athl\u00e8tes canadiens, sports olympiques, Jeux olympiques de 2020 et bien plus!\",\"potentialAction\":[{\"@type\":\"SearchAction\",\"target\":{\"@type\":\"EntryPoint\",\"urlTemplate\":\"https:\\\/\\\/preprod.olympic.ca\\\/olympique\\\/?s={search_term_string}\"},\"query-input\":{\"@type\":\"PropertyValueSpecification\",\"valueRequired\":true,\"valueName\":\"search_term_string\"}}],\"inLanguage\":\"fr-FR\"}]}<\/script>\n<!-- \/ Yoast SEO plugin. -->","yoast_head_json":{"title":"Accr\u00e9ditations - \u00c9quipe Canada | Site officiel de l&#039;\u00e9quipe olympique","robots":{"index":"index","follow":"follow","max-snippet":"max-snippet:-1","max-image-preview":"max-image-preview:large","max-video-preview":"max-video-preview:-1"},"canonical":"https:\/\/preprod.olympic.ca\/olympique\/accreditations-presse\/","og_locale":"fr_FR","og_type":"article","og_title":"Accr\u00e9ditations - \u00c9quipe Canada | Site officiel de l&#039;\u00e9quipe olympique","og_description":"Le Comit\u00e9 international olympique (CIO) alloue un nombre limit\u00e9 d&rsquo;accr\u00e9ditations au Comit\u00e9 olympique canadien (COC) aux fins de distribution aux...","og_url":"https:\/\/preprod.olympic.ca\/olympique\/accreditations-presse\/","og_site_name":"\u00c9quipe Canada | Site officiel de l&#039;\u00e9quipe olympique","article_modified_time":"2024-04-24T17:58:32+00:00","og_image":[{"width":1200,"height":800,"url":"https:\/\/preprod.olympic.ca\/olympique\/wp-content\/uploads\/sites\/2\/2022\/07\/ALL_20220220_86470.jpg?quality=100","type":"image\/jpeg"}],"twitter_card":"summary_large_image","twitter_misc":{"Est. reading time":"2 minutes","Written by":"Anthony Moore"},"schema":{"@context":"https:\/\/schema.org","@graph":[{"@type":"WebPage","@id":"https:\/\/preprod.olympic.ca\/olympique\/accreditations-presse\/","url":"https:\/\/preprod.olympic.ca\/olympique\/accreditations-presse\/","name":"Accr\u00e9ditations - \u00c9quipe Canada | Site officiel de l&#039;\u00e9quipe olympique","isPartOf":{"@id":"https:\/\/preprod.olympic.ca\/olympique\/#website"},"primaryImageOfPage":{"@id":"https:\/\/preprod.olympic.ca\/olympique\/accreditations-presse\/#primaryimage"},"image":{"@id":"https:\/\/preprod.olympic.ca\/olympique\/accreditations-presse\/#primaryimage"},"thumbnailUrl":"https:\/\/preprod.olympic.ca\/olympique\/wp-content\/uploads\/sites\/2\/2022\/07\/ALL_20220220_86470.jpg?quality=100","datePublished":"2017-10-03T19:36:44+00:00","dateModified":"2024-04-24T17:58:32+00:00","inLanguage":"fr-FR","potentialAction":[{"@type":"ReadAction","target":["https:\/\/preprod.olympic.ca\/olympique\/accreditations-presse\/"]}]},{"@type":"ImageObject","inLanguage":"fr-FR","@id":"https:\/\/preprod.olympic.ca\/olympique\/accreditations-presse\/#primaryimage","url":"https:\/\/preprod.olympic.ca\/olympique\/wp-content\/uploads\/sites\/2\/2022\/07\/ALL_20220220_86470.jpg?quality=100","contentUrl":"https:\/\/preprod.olympic.ca\/olympique\/wp-content\/uploads\/sites\/2\/2022\/07\/ALL_20220220_86470.jpg?quality=100","width":1200,"height":800,"caption":"Team Canada hosts it\u2019s Closing Ceremony press conference with long track speed skater Isabelle Weidemann and COC Beijing 2022 Press ChiefThomas Hall during the Beijing 2022 Olympic Winter Games on Sunday, February 20, 2022. Photo by Andrew Lahodynskyj\/COC *MANDATORY CREDIT*"},{"@type":"WebSite","@id":"https:\/\/preprod.olympic.ca\/olympique\/#website","url":"https:\/\/preprod.olympic.ca\/olympique\/","name":"\u00c9quipe Canada | Site officiel de l&#039;\u00e9quipe olympique","description":"Votre source pour l\u2019\u00c9quipe olympique canadienne. Retrouvez les r\u00e9cits, vid\u00e9os et photos des athl\u00e8tes canadiens, sports olympiques, Jeux olympiques de 2020 et bien plus!","potentialAction":[{"@type":"SearchAction","target":{"@type":"EntryPoint","urlTemplate":"https:\/\/preprod.olympic.ca\/olympique\/?s={search_term_string}"},"query-input":{"@type":"PropertyValueSpecification","valueRequired":true,"valueName":"search_term_string"}}],"inLanguage":"fr-FR"}]}},"jetpack_sharing_enabled":true,"jetpack-related-posts":[],"jetpack_shortlink":"https:\/\/wp.me\/PcGHcP-y7v","_links":{"self":[{"href":"https:\/\/preprod.olympic.ca\/olympique\/wp-json\/wp\/v2\/pages\/131161","targetHints":{"allow":["GET"]}}],"collection":[{"href":"https:\/\/preprod.olympic.ca\/olympique\/wp-json\/wp\/v2\/pages"}],"about":[{"href":"https:\/\/preprod.olympic.ca\/olympique\/wp-json\/wp\/v2\/types\/page"}],"author":[{"embeddable":true,"href":"https:\/\/preprod.olympic.ca\/olympique\/wp-json\/wp\/v2\/users\/24524180"}],"replies":[{"embeddable":true,"href":"https:\/\/preprod.olympic.ca\/olympique\/wp-json\/wp\/v2\/comments?post=131161"}],"version-history":[{"count":53,"href":"https:\/\/preprod.olympic.ca\/olympique\/wp-json\/wp\/v2\/pages\/131161\/revisions"}],"predecessor-version":[{"id":241723,"href":"https:\/\/preprod.olympic.ca\/olympique\/wp-json\/wp\/v2\/pages\/131161\/revisions\/241723"}],"wp:featuredmedia":[{"embeddable":true,"href":"https:\/\/preprod.olympic.ca\/olympique\/wp-json\/wp\/v2\/media\/210610"}],"wp:attachment":[{"href":"https:\/\/preprod.olympic.ca\/olympique\/wp-json\/wp\/v2\/media?parent=131161"}],"wp:term":[{"taxonomy":"author","embeddable":true,"href":"https:\/\/preprod.olympic.ca\/olympique\/wp-json\/wp\/v2\/coauthors?post=131161"}],"curies":[{"name":"wp","href":"https:\/\/api.w.org\/{rel}","templated":true}]}}