{"id":137272,"date":"2018-02-15T12:36:35","date_gmt":"2018-02-15T17:36:35","guid":{"rendered":"http:\/\/olympique.ca\/?page_id=137272"},"modified":"2020-06-10T10:20:47","modified_gmt":"2020-06-10T14:20:47","slug":"mes-preferes","status":"publish","type":"page","link":"https:\/\/preprod.olympic.ca\/olympique\/mes-preferes\/","title":{"rendered":"Pr\u00e9f\u00e9r\u00e9s"},"content":{"rendered":"<p class=\"lead\">Les fans d\u2019\u00c9quipe Canada et les membres du Club olympique canadien pr\u00e9sent\u00e9 par Bell sont vraiment nos pr\u00e9f\u00e9r\u00e9s. Nous voulons maintenant conna\u00eetre vos athl\u00e8tes et vos sports pr\u00e9f\u00e9r\u00e9s afin que nous puissions vous partager les plus r\u00e9centes nouvelles les concernant. Vous pouvez \u00e9galement choisir vos types de Jeux et contenus pr\u00e9f\u00e9r\u00e9s afin de personaliser davantage votre exp\u00e9rience au sein du Club.<\/p>\n","protected":false},"excerpt":{"rendered":"<p>Les fans d\u2019\u00c9quipe Canada et les membres du Club olympique canadien pr\u00e9sent\u00e9 par Bell sont vraiment nos pr\u00e9f\u00e9r\u00e9s. Nous voulons&#8230;<\/p>\n","protected":false},"author":24524180,"featured_media":0,"parent":0,"menu_order":0,"comment_status":"closed","ping_status":"closed","template":"templates\/favorites.php","meta":{"_edit_lock":["1636493021:132083754"],"_edit_last":["132655687"],"_wp_page_template":["templates\/favorites.php"],"_publicize_pending":["1"],"jabber_published":["1518716195"],"coc_sharing_options":["a:1:{s:18:\"coc_hide_share_bar\";b:0;}"],"coc_campaign_options":["a:4:{s:16:\"coc_campaign_tag\";s:0:\"\";s:15:\"coc_campaign_bg\";N;s:25:\"coc_campaign_bg_downloads\";a:0:{}s:20:\"coc_campaign_posters\";a:0:{}}"],"coc_team_options":["a:1:{s:15:\"coc_game_select\";i:130517;}"],"coc_oc_landing_options":["a:2:{s:17:\"coc_oc_landing_bg\";N;s:22:\"coc_oc_landing_stories\";a:0:{}}"],"coc_edit_profile_options":["a:1:{s:20:\"coc_favourite_sports\";a:0:{}}"],"coc_oc_reward_options":["a:12:{s:16:\"coc_oc_reward_id\";s:0:\"\";s:20:\"coc_oc_reward_points\";s:0:\"\";s:19:\"coc_oc_reward_rules\";N;s:31:\"coc_oc_digital_download_desktop\";N;s:30:\"coc_oc_digital_download_mobile\";N;s:32:\"coc_oc_digital_download_facebook\";N;s:29:\"coc_oc_reward_success_message\";s:0:\"\";s:23:\"coc_oc_facebook_content\";s:0:\"\";s:22:\"coc_oc_twitter_content\";s:0:\"\";s:24:\"coc_oc_social_contest_id\";s:0:\"\";s:31:\"coc_oc_reward_logged_in_message\";s:0:\"\";s:32:\"coc_oc_reward_logged_out_message\";s:0:\"\";}"],"coc_press_options":["a:2:{s:28:\"coc_press_additional_content\";s:0:\"\";s:27:\"coc_press_resource_category\";a:0:{}}"],"coc_breaking_news_options":["a:1:{s:25:\"coc_breaking_news_details\";a:0:{}}"],"coc_be_olympic_options":["a:8:{s:37:\"coc_be_olympic_exclusive_content_link\";s:0:\"\";s:27:\"coc_be_olympic_videos_title\";s:0:\"\";s:21:\"coc_be_olympic_videos\";a:0:{}s:27:\"coc_be_olympic_photos_title\";s:0:\"\";s:21:\"coc_be_olympic_photos\";a:0:{}s:24:\"coc_be_olympic_downloads\";a:0:{}s:22:\"coc_be_olympic_quizzes\";a:0:{}s:26:\"coc_be_olympic_fan_fun_ads\";a:0:{}}"],"coc_fan_fun_options":["a:2:{s:23:\"coc_fan_fun_hammer_time\";a:2:{s:29:\"coc_fan_fun_hammer_time_image\";N;s:27:\"coc_fan_fun_hammer_time_url\";s:0:\"\";}s:22:\"coc_fan_fun_torch_dash\";a:2:{s:28:\"coc_fan_fun_torch_dash_image\";N;s:26:\"coc_fan_fun_torch_dash_url\";s:0:\"\";}}"],"coc_interactive_game_options":["a:3:{s:28:\"coc_interactive_game_message\";s:0:\"\";s:24:\"coc_interactive_game_url\";s:0:\"\";s:27:\"coc_interactive_game_iframe\";b:0;}"],"coc_olympic_club_options":["a:1:{s:12:\"redirect_url\";s:0:\"\";}"],"coc_favorites_options":["a:3:{s:13:\"content_types\";a:3:{i:0;a:2:{s:5:\"image\";i:161015;s:5:\"title\";s:7:\"R\u00e9cits\";}i:1;a:2:{s:5:\"image\";i:161018;s:5:\"title\";s:6:\"Photos\";}i:2;a:2:{s:5:\"image\";i:161016;s:5:\"title\";s:7:\"Vid\u00e9os\";}}s:7:\"seasons\";a:2:{i:0;a:2:{s:5:\"image\";i:161020;s:5:\"title\";s:5:\"\u00c9t\u00e9\";}i:1;a:2:{s:5:\"image\";i:161029;s:5:\"title\";s:5:\"Hiver\";}}s:4:\"gear\";a:4:{i:0;a:2:{s:5:\"image\";i:137278;s:5:\"title\";s:11:\"Sacs \u00e0 dos\";}i:1;a:2:{s:5:\"image\";i:137279;s:5:\"title\";s:6:\"Vestes\";}i:2;a:2:{s:5:\"image\";i:137280;s:5:\"title\";s:8:\"Mitaines\";}i:3;a:2:{s:5:\"image\";i:137281;s:5:\"title\";s:6:\"Tuques\";}}}"],"coc_og_tags":["a:3:{s:8:\"og_title\";s:0:\"\";s:14:\"og_description\";s:0:\"\";s:8:\"og_image\";N;}"],"geo_public":["0"],"_x_multifield_seo_accordion":["a:1:{i:0;a:2:{s:19:\"seo_accordion_title\";s:0:\"\";s:25:\"seo_accordion_description\";s:0:\"\";}}"],"_elasticsearch_indexed_on":["2018-02-15 17:36:44"],"seo_translation_link":["https:\/\/wp.me\/P3DwEw-GCe"],"coc_games":[""],"_coc_games":["field_5e83bf020f51f"],"coc_logged_out_favorite_athletes_text":["<p class=\"lead\">Qui sont vos athl\u00e8tes favoris?<\/p>"],"_coc_logged_out_favorite_athletes_text":["field_5e8c89672c053"],"coc_logged_out_favorite_sports_text":["<p class=\"lead\">Quels sont vos sports favoris?<\/p>"],"_coc_logged_out_favorite_sports_text":["field_5e8c89bb2c054"],"coc_static_ad_image":["161037"],"_coc_static_ad_image":["field_5e83b4143c7d3"],"coc_static_ad_label":["Bell ad - Favourites FR"],"_coc_static_ad_label":["field_5ea89895ffb4a"],"coc_trivia":[""],"_coc_trivia":["field_5e83bacdec2aa"],"coc_education_options":["A"],"coc_page_options":["a:2:{s:14:\"show_crazy_egg\";b:0;s:30:\"coc_partner_takeover_ads_story\";a:5:{s:20:\"coc_ad_story_desktop\";N;s:26:\"coc_ad_story_desktop_label\";s:0:\"\";s:19:\"coc_ad_story_mobile\";N;s:25:\"coc_ad_story_mobile_label\";s:0:\"\";s:16:\"coc_ad_story_url\";s:0:\"\";}}"],"coc_donor_video_options":["a:1:{s:21:\"donor_featured_videos\";a:0:{}}"],"coc_about_video_options":["a:1:{s:11:\"about_video\";a:3:{s:21:\"coc_about_video_title\";s:0:\"\";s:20:\"coc_about_video_text\";s:0:\"\";s:21:\"coc_about_youtube_url\";s:0:\"\";}}"],"coc_about_image_options":["a:1:{s:11:\"about_image\";a:3:{s:21:\"coc_about_image_title\";s:0:\"\";s:20:\"coc_about_image_text\";s:0:\"\";s:19:\"coc_about_image_url\";N;}}"],"coc_about_reporting_options":["a:1:{s:23:\"about_reporting_options\";a:0:{}}"],"coc_about_audit_options":["a:1:{s:19:\"about_audit_options\";a:0:{}}"],"coc_giving_options":["a:1:{s:14:\"giving_options\";a:0:{}}"],"coc_homepage_video_options":["a:1:{s:13:\"video_options\";a:1:{s:18:\"coc_homepage_video\";s:0:\"\";}}"],"coc_homepage_priorities":["a:1:{s:16:\"priority_options\";a:0:{}}"],"coc_homepage_campaign_options":["a:1:{s:16:\"campaign_options\";a:3:{s:24:\"coc_campaign_video_title\";s:0:\"\";s:23:\"coc_campaign_video_text\";s:0:\"\";s:24:\"coc_campaign_youtube_url\";s:0:\"\";}}"],"hof_selected_committee":["a:1:{s:11:\"hof_members\";a:0:{}}"],"hof_partners_options":["a:1:{s:12:\"hof_partners\";a:0:{}}"],"hof_search_excerpt":["a:1:{s:18:\"coc_search_excerpt\";s:0:\"\";}"],"coc_static_ad_link":["https:\/\/www.bell.ca\/reseau"],"_coc_static_ad_link":["field_5e83b4923c7d4"],"seo_title":["\u00c9quipe Canada - Pr\u00e9f\u00e9r\u00e9s | Club olympique canadien pr\u00e9sent\u00e9 par Bell"],"seo_focus_keyword":["\u00c9quipe Canada, Pr\u00e9f\u00e9r\u00e9s, Club, olympique, Bell, Canada, R\u00e9compenses, "],"seo_meta_description":["\u00c9quipe Canada - Nous voulons maintenant conna\u00eetre vos athl\u00e8tes et vos sports pr\u00e9f\u00e9r\u00e9s afin que nous puissions vous partager les plus r\u00e9centes nouvelles les concernant. Vous pouvez \u00e9galement choisir vos types de Jeux et contenus pr\u00e9f\u00e9r\u00e9s afin de personaliser davantage votre exp\u00e9rience au sein du Club."],"_last_editor_used_jetpack":["block-editor"]},"coauthors":[187829914],"class_list":["post-137272","page","type-page","status-publish","format-standard","hentry"],"acf":[],"yoast_head":"<!-- This site is optimized with the Yoast SEO plugin v27.2 - https:\/\/yoast.com\/product\/yoast-seo-wordpress\/ -->\n<title>Pr\u00e9f\u00e9r\u00e9s - \u00c9quipe Canada | Site officiel de l&#039;\u00e9quipe olympique<\/title>\n<meta name=\"robots\" content=\"index, follow, max-snippet:-1, max-image-preview:large, max-video-preview:-1\" \/>\n<link rel=\"canonical\" href=\"https:\/\/preprod.olympic.ca\/olympique\/mes-preferes\/\" \/>\n<meta property=\"og:locale\" content=\"fr_FR\" \/>\n<meta property=\"og:type\" content=\"article\" \/>\n<meta property=\"og:title\" content=\"Pr\u00e9f\u00e9r\u00e9s - \u00c9quipe Canada | Site officiel de l&#039;\u00e9quipe olympique\" \/>\n<meta property=\"og:description\" content=\"Les fans d\u2019\u00c9quipe Canada et les membres du Club olympique canadien pr\u00e9sent\u00e9 par Bell sont vraiment nos pr\u00e9f\u00e9r\u00e9s. Nous voulons...\" \/>\n<meta property=\"og:url\" content=\"https:\/\/preprod.olympic.ca\/olympique\/mes-preferes\/\" \/>\n<meta property=\"og:site_name\" content=\"\u00c9quipe Canada | Site officiel de l&#039;\u00e9quipe olympique\" \/>\n<meta property=\"article:modified_time\" content=\"2020-06-10T14:20:47+00:00\" \/>\n<meta name=\"twitter:card\" content=\"summary_large_image\" \/>\n<meta name=\"twitter:label1\" content=\"Written by\" \/>\n\t<meta name=\"twitter:data1\" content=\"Anthony Moore\" \/>\n<script type=\"application\/ld+json\" class=\"yoast-schema-graph\">{\"@context\":\"https:\/\/schema.org\",\"@graph\":[{\"@type\":\"WebPage\",\"@id\":\"https:\/\/preprod.olympic.ca\/olympique\/mes-preferes\/\",\"url\":\"https:\/\/preprod.olympic.ca\/olympique\/mes-preferes\/\",\"name\":\"Pr\u00e9f\u00e9r\u00e9s - \u00c9quipe Canada | Site officiel de l&#039;\u00e9quipe olympique\",\"isPartOf\":{\"@id\":\"https:\/\/preprod.olympic.ca\/olympique\/#website\"},\"datePublished\":\"2018-02-15T17:36:35+00:00\",\"dateModified\":\"2020-06-10T14:20:47+00:00\",\"inLanguage\":\"fr-FR\",\"potentialAction\":[{\"@type\":\"ReadAction\",\"target\":[\"https:\/\/preprod.olympic.ca\/olympique\/mes-preferes\/\"]}]},{\"@type\":\"WebSite\",\"@id\":\"https:\/\/preprod.olympic.ca\/olympique\/#website\",\"url\":\"https:\/\/preprod.olympic.ca\/olympique\/\",\"name\":\"\u00c9quipe Canada | Site officiel de l&#039;\u00e9quipe olympique\",\"description\":\"Votre source pour l\u2019\u00c9quipe olympique canadienne. Retrouvez les r\u00e9cits, vid\u00e9os et photos des athl\u00e8tes canadiens, sports olympiques, Jeux olympiques de 2020 et bien plus!\",\"potentialAction\":[{\"@type\":\"SearchAction\",\"target\":{\"@type\":\"EntryPoint\",\"urlTemplate\":\"https:\/\/preprod.olympic.ca\/olympique\/?s={search_term_string}\"},\"query-input\":{\"@type\":\"PropertyValueSpecification\",\"valueRequired\":true,\"valueName\":\"search_term_string\"}}],\"inLanguage\":\"fr-FR\"}]}<\/script>\n<!-- \/ Yoast SEO plugin. -->","yoast_head_json":{"title":"Pr\u00e9f\u00e9r\u00e9s - \u00c9quipe Canada | Site officiel de l&#039;\u00e9quipe olympique","robots":{"index":"index","follow":"follow","max-snippet":"max-snippet:-1","max-image-preview":"max-image-preview:large","max-video-preview":"max-video-preview:-1"},"canonical":"https:\/\/preprod.olympic.ca\/olympique\/mes-preferes\/","og_locale":"fr_FR","og_type":"article","og_title":"Pr\u00e9f\u00e9r\u00e9s - \u00c9quipe Canada | Site officiel de l&#039;\u00e9quipe olympique","og_description":"Les fans d\u2019\u00c9quipe Canada et les membres du Club olympique canadien pr\u00e9sent\u00e9 par Bell sont vraiment nos pr\u00e9f\u00e9r\u00e9s. Nous voulons...","og_url":"https:\/\/preprod.olympic.ca\/olympique\/mes-preferes\/","og_site_name":"\u00c9quipe Canada | Site officiel de l&#039;\u00e9quipe olympique","article_modified_time":"2020-06-10T14:20:47+00:00","twitter_card":"summary_large_image","twitter_misc":{"Written by":"Anthony Moore"},"schema":{"@context":"https:\/\/schema.org","@graph":[{"@type":"WebPage","@id":"https:\/\/preprod.olympic.ca\/olympique\/mes-preferes\/","url":"https:\/\/preprod.olympic.ca\/olympique\/mes-preferes\/","name":"Pr\u00e9f\u00e9r\u00e9s - \u00c9quipe Canada | Site officiel de l&#039;\u00e9quipe olympique","isPartOf":{"@id":"https:\/\/preprod.olympic.ca\/olympique\/#website"},"datePublished":"2018-02-15T17:36:35+00:00","dateModified":"2020-06-10T14:20:47+00:00","inLanguage":"fr-FR","potentialAction":[{"@type":"ReadAction","target":["https:\/\/preprod.olympic.ca\/olympique\/mes-preferes\/"]}]},{"@type":"WebSite","@id":"https:\/\/preprod.olympic.ca\/olympique\/#website","url":"https:\/\/preprod.olympic.ca\/olympique\/","name":"\u00c9quipe Canada | Site officiel de l&#039;\u00e9quipe olympique","description":"Votre source pour l\u2019\u00c9quipe olympique canadienne. Retrouvez les r\u00e9cits, vid\u00e9os et photos des athl\u00e8tes canadiens, sports olympiques, Jeux olympiques de 2020 et bien plus!","potentialAction":[{"@type":"SearchAction","target":{"@type":"EntryPoint","urlTemplate":"https:\/\/preprod.olympic.ca\/olympique\/?s={search_term_string}"},"query-input":{"@type":"PropertyValueSpecification","valueRequired":true,"valueName":"search_term_string"}}],"inLanguage":"fr-FR"}]}},"jetpack_sharing_enabled":true,"jetpack-related-posts":[],"jetpack_shortlink":"https:\/\/wp.me\/PcGHcP-zI4","_links":{"self":[{"href":"https:\/\/preprod.olympic.ca\/olympique\/wp-json\/wp\/v2\/pages\/137272","targetHints":{"allow":["GET"]}}],"collection":[{"href":"https:\/\/preprod.olympic.ca\/olympique\/wp-json\/wp\/v2\/pages"}],"about":[{"href":"https:\/\/preprod.olympic.ca\/olympique\/wp-json\/wp\/v2\/types\/page"}],"author":[{"embeddable":true,"href":"https:\/\/preprod.olympic.ca\/olympique\/wp-json\/wp\/v2\/users\/24524180"}],"replies":[{"embeddable":true,"href":"https:\/\/preprod.olympic.ca\/olympique\/wp-json\/wp\/v2\/comments?post=137272"}],"version-history":[{"count":6,"href":"https:\/\/preprod.olympic.ca\/olympique\/wp-json\/wp\/v2\/pages\/137272\/revisions"}],"predecessor-version":[{"id":161040,"href":"https:\/\/preprod.olympic.ca\/olympique\/wp-json\/wp\/v2\/pages\/137272\/revisions\/161040"}],"wp:attachment":[{"href":"https:\/\/preprod.olympic.ca\/olympique\/wp-json\/wp\/v2\/media?parent=137272"}],"wp:term":[{"taxonomy":"author","embeddable":true,"href":"https:\/\/preprod.olympic.ca\/olympique\/wp-json\/wp\/v2\/coauthors?post=137272"}],"curies":[{"name":"wp","href":"https:\/\/api.w.org\/{rel}","templated":true}]}}