{"id":155817,"date":"2019-09-18T15:06:37","date_gmt":"2019-09-18T19:06:37","guid":{"rendered":"http:\/\/olympique.ca\/?page_id=155817"},"modified":"2019-09-18T15:06:59","modified_gmt":"2019-09-18T19:06:59","slug":"los-angeles-1984-huit-masculin-daviron","status":"publish","type":"page","link":"https:\/\/preprod.olympic.ca\/olympique\/temple-de-la-renommee-olympique-du-canada\/los-angeles-1984-huit-masculin-daviron\/","title":{"rendered":"Los Angeles 1984 &#8211; Huit masculin d\u2019aviron"},"content":{"rendered":"<p><a href=\"http:\/\/olympique.ca\/team-canada\/dean-crawford\/\">Dean Crawford<\/a><\/p>\n<p><a href=\"http:\/\/olympique.ca\/team-canada\/j-michael-evans\/\">J. Michael Evans<\/a><\/p>\n<p><a href=\"http:\/\/olympique.ca\/team-canada\/mark-evans\/\">Mark Evans<\/a><\/p>\n<p><a href=\"http:\/\/olympique.ca\/team-canada\/blair-horn\/\">Blair Horn<\/a><\/p>\n<p><a href=\"http:\/\/olympique.ca\/team-canada\/grant-main\/\">Grant Main<\/a><\/p>\n<p><a href=\"http:\/\/olympique.ca\/team-canada\/brian-mcmahon\/\">Brian McMahon<\/a><\/p>\n<p><a href=\"http:\/\/olympique.ca\/team-canada\/kevin-neufeld\/\">Kevin Neufeld<\/a><\/p>\n<p><a href=\"http:\/\/olympique.ca\/team-canada\/paul-steele\/\">Paul Steele<\/a><\/p>\n<p><a href=\"http:\/\/olympique.ca\/team-canada\/pat-turner\/\">Pat Turner<\/a><\/p>\n","protected":false},"excerpt":{"rendered":"<p>Dean Crawford J. Michael Evans Mark Evans Blair Horn Grant Main Brian McMahon Kevin Neufeld Paul Steele Pat Turner<\/p>\n","protected":false},"author":52435436,"featured_media":0,"parent":28614,"menu_order":0,"comment_status":"closed","ping_status":"closed","template":"","meta":{"_edit_lock":["1568833599:52435436"],"_edit_last":["52435436"],"_wp_page_template":["default"],"_publicize_pending":["1"],"jabber_published":["1568833597"],"coc_sharing_options":["a:1:{s:18:\"coc_hide_share_bar\";s:1:\"1\";}"],"coc_campaign_options":["a:4:{s:16:\"coc_campaign_tag\";s:0:\"\";s:15:\"coc_campaign_bg\";N;s:25:\"coc_campaign_bg_downloads\";a:0:{}s:20:\"coc_campaign_posters\";a:0:{}}"],"coc_team_options":["a:1:{s:15:\"coc_game_select\";i:152501;}"],"coc_oc_landing_options":["a:2:{s:17:\"coc_oc_landing_bg\";N;s:22:\"coc_oc_landing_stories\";a:0:{}}"],"coc_edit_profile_options":["a:1:{s:20:\"coc_favourite_sports\";a:0:{}}"],"coc_oc_reward_options":["a:12:{s:16:\"coc_oc_reward_id\";s:0:\"\";s:20:\"coc_oc_reward_points\";s:0:\"\";s:19:\"coc_oc_reward_rules\";N;s:31:\"coc_oc_digital_download_desktop\";N;s:30:\"coc_oc_digital_download_mobile\";N;s:32:\"coc_oc_digital_download_facebook\";N;s:29:\"coc_oc_reward_success_message\";s:0:\"\";s:23:\"coc_oc_facebook_content\";s:0:\"\";s:22:\"coc_oc_twitter_content\";s:0:\"\";s:24:\"coc_oc_social_contest_id\";s:0:\"\";s:31:\"coc_oc_reward_logged_in_message\";s:0:\"\";s:32:\"coc_oc_reward_logged_out_message\";s:0:\"\";}"],"coc_press_options":["a:2:{s:28:\"coc_press_additional_content\";s:0:\"\";s:27:\"coc_press_resource_category\";a:0:{}}"],"coc_breaking_news_options":["a:1:{s:25:\"coc_breaking_news_details\";a:0:{}}"],"coc_be_olympic_options":["a:8:{s:37:\"coc_be_olympic_exclusive_content_link\";s:0:\"\";s:27:\"coc_be_olympic_videos_title\";s:0:\"\";s:21:\"coc_be_olympic_videos\";a:0:{}s:27:\"coc_be_olympic_photos_title\";s:0:\"\";s:21:\"coc_be_olympic_photos\";a:0:{}s:24:\"coc_be_olympic_downloads\";a:0:{}s:22:\"coc_be_olympic_quizzes\";a:0:{}s:26:\"coc_be_olympic_fan_fun_ads\";a:0:{}}"],"coc_fan_fun_options":["a:3:{s:23:\"coc_fan_fun_hammer_time\";a:2:{s:29:\"coc_fan_fun_hammer_time_image\";N;s:27:\"coc_fan_fun_hammer_time_url\";s:0:\"\";}s:22:\"coc_fan_fun_torch_dash\";a:2:{s:28:\"coc_fan_fun_torch_dash_image\";N;s:26:\"coc_fan_fun_torch_dash_url\";s:0:\"\";}s:18:\"coc_fan_fun_trivia\";a:0:{}}"],"coc_interactive_game_options":["a:3:{s:28:\"coc_interactive_game_message\";s:0:\"\";s:24:\"coc_interactive_game_url\";s:0:\"\";s:27:\"coc_interactive_game_iframe\";b:0;}"],"coc_olympic_club_options":["a:1:{s:12:\"redirect_url\";s:0:\"\";}"],"coc_favorites_options":["a:3:{s:13:\"content_types\";a:0:{}s:7:\"seasons\";a:0:{}s:4:\"gear\";a:0:{}}"],"coc_og_tags":["a:3:{s:8:\"og_title\";s:0:\"\";s:14:\"og_description\";s:0:\"\";s:8:\"og_image\";N;}"],"coc_education_options":["A"],"coc_page_options":["a:2:{s:14:\"show_crazy_egg\";b:0;s:30:\"coc_partner_takeover_ads_story\";a:5:{s:20:\"coc_ad_story_desktop\";N;s:26:\"coc_ad_story_desktop_label\";s:0:\"\";s:19:\"coc_ad_story_mobile\";N;s:25:\"coc_ad_story_mobile_label\";s:0:\"\";s:16:\"coc_ad_story_url\";s:0:\"\";}}"],"coc_donor_video_options":["a:1:{s:21:\"donor_featured_videos\";a:0:{}}"],"coc_about_video_options":["a:1:{s:11:\"about_video\";a:3:{s:21:\"coc_about_video_title\";s:0:\"\";s:20:\"coc_about_video_text\";s:0:\"\";s:21:\"coc_about_youtube_url\";s:0:\"\";}}"],"coc_about_image_options":["a:1:{s:11:\"about_image\";a:3:{s:21:\"coc_about_image_title\";s:0:\"\";s:20:\"coc_about_image_text\";s:0:\"\";s:19:\"coc_about_image_url\";N;}}"],"coc_about_reporting_options":["a:1:{s:23:\"about_reporting_options\";a:0:{}}"],"coc_about_audit_options":["a:1:{s:19:\"about_audit_options\";a:0:{}}"],"coc_giving_options":["a:1:{s:14:\"giving_options\";a:0:{}}"],"coc_homepage_video_options":["a:1:{s:13:\"video_options\";a:1:{s:18:\"coc_homepage_video\";s:0:\"\";}}"],"coc_homepage_priorities":["a:1:{s:16:\"priority_options\";a:0:{}}"],"coc_homepage_campaign_options":["a:1:{s:16:\"campaign_options\";a:3:{s:24:\"coc_campaign_video_title\";s:0:\"\";s:23:\"coc_campaign_video_text\";s:0:\"\";s:24:\"coc_campaign_youtube_url\";s:0:\"\";}}"],"hof_selected_committee":["a:1:{s:11:\"hof_members\";a:0:{}}"],"hof_partners_options":["a:1:{s:12:\"hof_partners\";a:0:{}}"],"geo_public":["0"],"_x_multifield_seo_accordion":["a:1:{i:0;a:2:{s:19:\"seo_accordion_title\";s:0:\"\";s:25:\"seo_accordion_description\";s:0:\"\";}}"],"_elasticsearch_indexed_on":["2019-09-18 19:06:38"],"seo_translation_link":["https:\/\/wp.me\/P3DwEw-OFS"],"_is_empty_after_transformation":["yes"]},"coauthors":[209008581],"class_list":["post-155817","page","type-page","status-publish","format-standard","hentry"],"acf":[],"yoast_head":"<!-- This site is optimized with the Yoast SEO plugin v27.3 - https:\/\/yoast.com\/product\/yoast-seo-wordpress\/ -->\n<title>Los Angeles 1984 - Huit masculin d\u2019aviron - \u00c9quipe Canada | Site officiel de l&#039;\u00e9quipe olympique<\/title>\n<meta name=\"robots\" content=\"index, follow, max-snippet:-1, max-image-preview:large, max-video-preview:-1\" \/>\n<link rel=\"canonical\" href=\"https:\/\/preprod.olympic.ca\/olympique\/temple-de-la-renommee-olympique-du-canada\/los-angeles-1984-huit-masculin-daviron\/\" \/>\n<meta property=\"og:locale\" content=\"fr_FR\" \/>\n<meta property=\"og:type\" content=\"article\" \/>\n<meta property=\"og:title\" content=\"Los Angeles 1984 - Huit masculin d\u2019aviron - \u00c9quipe Canada | Site officiel de l&#039;\u00e9quipe olympique\" \/>\n<meta property=\"og:description\" content=\"Dean Crawford J. Michael Evans Mark Evans Blair Horn Grant Main Brian McMahon Kevin Neufeld Paul Steele Pat Turner\" \/>\n<meta property=\"og:url\" content=\"https:\/\/preprod.olympic.ca\/olympique\/temple-de-la-renommee-olympique-du-canada\/los-angeles-1984-huit-masculin-daviron\/\" \/>\n<meta property=\"og:site_name\" content=\"\u00c9quipe Canada | Site officiel de l&#039;\u00e9quipe olympique\" \/>\n<meta property=\"article:modified_time\" content=\"2019-09-18T19:06:59+00:00\" \/>\n<meta name=\"twitter:card\" content=\"summary_large_image\" \/>\n<meta name=\"twitter:label1\" content=\"Written by\" \/>\n\t<meta name=\"twitter:data1\" content=\"Mark Nadolny\" \/>\n<script type=\"application\/ld+json\" class=\"yoast-schema-graph\">{\"@context\":\"https:\\\/\\\/schema.org\",\"@graph\":[{\"@type\":\"WebPage\",\"@id\":\"https:\\\/\\\/preprod.olympic.ca\\\/olympique\\\/temple-de-la-renommee-olympique-du-canada\\\/los-angeles-1984-huit-masculin-daviron\\\/\",\"url\":\"https:\\\/\\\/preprod.olympic.ca\\\/olympique\\\/temple-de-la-renommee-olympique-du-canada\\\/los-angeles-1984-huit-masculin-daviron\\\/\",\"name\":\"Los Angeles 1984 - Huit masculin d\u2019aviron - \u00c9quipe Canada | Site officiel de l&#039;\u00e9quipe olympique\",\"isPartOf\":{\"@id\":\"https:\\\/\\\/preprod.olympic.ca\\\/olympique\\\/#website\"},\"datePublished\":\"2019-09-18T19:06:37+00:00\",\"dateModified\":\"2019-09-18T19:06:59+00:00\",\"breadcrumb\":{\"@id\":\"https:\\\/\\\/preprod.olympic.ca\\\/olympique\\\/temple-de-la-renommee-olympique-du-canada\\\/los-angeles-1984-huit-masculin-daviron\\\/#breadcrumb\"},\"inLanguage\":\"fr-FR\",\"potentialAction\":[{\"@type\":\"ReadAction\",\"target\":[\"https:\\\/\\\/preprod.olympic.ca\\\/olympique\\\/temple-de-la-renommee-olympique-du-canada\\\/los-angeles-1984-huit-masculin-daviron\\\/\"]}]},{\"@type\":\"BreadcrumbList\",\"@id\":\"https:\\\/\\\/preprod.olympic.ca\\\/olympique\\\/temple-de-la-renommee-olympique-du-canada\\\/los-angeles-1984-huit-masculin-daviron\\\/#breadcrumb\",\"itemListElement\":[{\"@type\":\"ListItem\",\"position\":1,\"name\":\"Temple de la renomm\u00e9e olympique du Canada\",\"item\":\"https:\\\/\\\/preprod.olympic.ca\\\/olympique\\\/temple-de-la-renommee-olympique-du-canada\\\/\"},{\"@type\":\"ListItem\",\"position\":2,\"name\":\"Los Angeles 1984 &#8211; Huit masculin d\u2019aviron\"}]},{\"@type\":\"WebSite\",\"@id\":\"https:\\\/\\\/preprod.olympic.ca\\\/olympique\\\/#website\",\"url\":\"https:\\\/\\\/preprod.olympic.ca\\\/olympique\\\/\",\"name\":\"\u00c9quipe Canada | Site officiel de l&#039;\u00e9quipe olympique\",\"description\":\"Votre source pour l\u2019\u00c9quipe olympique canadienne. Retrouvez les r\u00e9cits, vid\u00e9os et photos des athl\u00e8tes canadiens, sports olympiques, Jeux olympiques de 2020 et bien plus!\",\"potentialAction\":[{\"@type\":\"SearchAction\",\"target\":{\"@type\":\"EntryPoint\",\"urlTemplate\":\"https:\\\/\\\/preprod.olympic.ca\\\/olympique\\\/?s={search_term_string}\"},\"query-input\":{\"@type\":\"PropertyValueSpecification\",\"valueRequired\":true,\"valueName\":\"search_term_string\"}}],\"inLanguage\":\"fr-FR\"}]}<\/script>\n<!-- \/ Yoast SEO plugin. -->","yoast_head_json":{"title":"Los Angeles 1984 - Huit masculin d\u2019aviron - \u00c9quipe Canada | Site officiel de l&#039;\u00e9quipe olympique","robots":{"index":"index","follow":"follow","max-snippet":"max-snippet:-1","max-image-preview":"max-image-preview:large","max-video-preview":"max-video-preview:-1"},"canonical":"https:\/\/preprod.olympic.ca\/olympique\/temple-de-la-renommee-olympique-du-canada\/los-angeles-1984-huit-masculin-daviron\/","og_locale":"fr_FR","og_type":"article","og_title":"Los Angeles 1984 - Huit masculin d\u2019aviron - \u00c9quipe Canada | Site officiel de l&#039;\u00e9quipe olympique","og_description":"Dean Crawford J. Michael Evans Mark Evans Blair Horn Grant Main Brian McMahon Kevin Neufeld Paul Steele Pat Turner","og_url":"https:\/\/preprod.olympic.ca\/olympique\/temple-de-la-renommee-olympique-du-canada\/los-angeles-1984-huit-masculin-daviron\/","og_site_name":"\u00c9quipe Canada | Site officiel de l&#039;\u00e9quipe olympique","article_modified_time":"2019-09-18T19:06:59+00:00","twitter_card":"summary_large_image","twitter_misc":{"Written by":"Mark Nadolny"},"schema":{"@context":"https:\/\/schema.org","@graph":[{"@type":"WebPage","@id":"https:\/\/preprod.olympic.ca\/olympique\/temple-de-la-renommee-olympique-du-canada\/los-angeles-1984-huit-masculin-daviron\/","url":"https:\/\/preprod.olympic.ca\/olympique\/temple-de-la-renommee-olympique-du-canada\/los-angeles-1984-huit-masculin-daviron\/","name":"Los Angeles 1984 - Huit masculin d\u2019aviron - \u00c9quipe Canada | Site officiel de l&#039;\u00e9quipe olympique","isPartOf":{"@id":"https:\/\/preprod.olympic.ca\/olympique\/#website"},"datePublished":"2019-09-18T19:06:37+00:00","dateModified":"2019-09-18T19:06:59+00:00","breadcrumb":{"@id":"https:\/\/preprod.olympic.ca\/olympique\/temple-de-la-renommee-olympique-du-canada\/los-angeles-1984-huit-masculin-daviron\/#breadcrumb"},"inLanguage":"fr-FR","potentialAction":[{"@type":"ReadAction","target":["https:\/\/preprod.olympic.ca\/olympique\/temple-de-la-renommee-olympique-du-canada\/los-angeles-1984-huit-masculin-daviron\/"]}]},{"@type":"BreadcrumbList","@id":"https:\/\/preprod.olympic.ca\/olympique\/temple-de-la-renommee-olympique-du-canada\/los-angeles-1984-huit-masculin-daviron\/#breadcrumb","itemListElement":[{"@type":"ListItem","position":1,"name":"Temple de la renomm\u00e9e olympique du Canada","item":"https:\/\/preprod.olympic.ca\/olympique\/temple-de-la-renommee-olympique-du-canada\/"},{"@type":"ListItem","position":2,"name":"Los Angeles 1984 &#8211; Huit masculin d\u2019aviron"}]},{"@type":"WebSite","@id":"https:\/\/preprod.olympic.ca\/olympique\/#website","url":"https:\/\/preprod.olympic.ca\/olympique\/","name":"\u00c9quipe Canada | Site officiel de l&#039;\u00e9quipe olympique","description":"Votre source pour l\u2019\u00c9quipe olympique canadienne. Retrouvez les r\u00e9cits, vid\u00e9os et photos des athl\u00e8tes canadiens, sports olympiques, Jeux olympiques de 2020 et bien plus!","potentialAction":[{"@type":"SearchAction","target":{"@type":"EntryPoint","urlTemplate":"https:\/\/preprod.olympic.ca\/olympique\/?s={search_term_string}"},"query-input":{"@type":"PropertyValueSpecification","valueRequired":true,"valueName":"search_term_string"}}],"inLanguage":"fr-FR"}]}},"jetpack_sharing_enabled":true,"jetpack-related-posts":[],"jetpack_shortlink":"https:\/\/wp.me\/PcGHcP-Exb","_links":{"self":[{"href":"https:\/\/preprod.olympic.ca\/olympique\/wp-json\/wp\/v2\/pages\/155817","targetHints":{"allow":["GET"]}}],"collection":[{"href":"https:\/\/preprod.olympic.ca\/olympique\/wp-json\/wp\/v2\/pages"}],"about":[{"href":"https:\/\/preprod.olympic.ca\/olympique\/wp-json\/wp\/v2\/types\/page"}],"author":[{"embeddable":true,"href":"https:\/\/preprod.olympic.ca\/olympique\/wp-json\/wp\/v2\/users\/52435436"}],"replies":[{"embeddable":true,"href":"https:\/\/preprod.olympic.ca\/olympique\/wp-json\/wp\/v2\/comments?post=155817"}],"version-history":[{"count":2,"href":"https:\/\/preprod.olympic.ca\/olympique\/wp-json\/wp\/v2\/pages\/155817\/revisions"}],"predecessor-version":[{"id":155819,"href":"https:\/\/preprod.olympic.ca\/olympique\/wp-json\/wp\/v2\/pages\/155817\/revisions\/155819"}],"up":[{"embeddable":true,"href":"https:\/\/preprod.olympic.ca\/olympique\/wp-json\/wp\/v2\/pages\/28614"}],"wp:attachment":[{"href":"https:\/\/preprod.olympic.ca\/olympique\/wp-json\/wp\/v2\/media?parent=155817"}],"wp:term":[{"taxonomy":"author","embeddable":true,"href":"https:\/\/preprod.olympic.ca\/olympique\/wp-json\/wp\/v2\/coauthors?post=155817"}],"curies":[{"name":"wp","href":"https:\/\/api.w.org\/{rel}","templated":true}]}}