{"id":155895,"date":"2019-09-18T18:35:31","date_gmt":"2019-09-18T22:35:31","guid":{"rendered":"http:\/\/olympique.ca\/?page_id=155895"},"modified":"2021-04-27T10:09:51","modified_gmt":"2021-04-27T14:09:51","slug":"selection","status":"publish","type":"page","link":"https:\/\/preprod.olympic.ca\/olympique\/temple-de-la-renommee-olympique-du-canada\/selection\/","title":{"rendered":"S\u00e9lection"},"content":{"rendered":"\n<div class=\"wp-block-group is-style-align-small\"><div class=\"wp-block-group__inner-container is-layout-flow wp-block-group-is-layout-flow\">\n<p>La p\u00e9riode de mise en candidature pour l\u2019intronisation de 2019 au Temple de la renomm\u00e9e olympique du Canada est maintenant termin\u00e9e. Les intronis\u00e9s seront d\u00e9voil\u00e9s le 23 septembre 2019.<\/p>\n\n\n\n<p>Les intronis\u00e9s ont \u00e9t\u00e9 choisis par le Comit\u00e9 de s\u00e9lection du Temple de la renomm\u00e9e olympique du Canada, conform\u00e9ment aux <a href=\"https:\/\/cdnolympic.files.wordpress.com\/2019\/02\/eligibility-and-selection-criteria-critc3a8res-dadmissibilitc3a9-et-de-sc3a9lection.pdf\" target=\"_blank\" rel=\"noreferrer noopener\">Exigences d\u2019admissibilit\u00e9 et aux crit\u00e8res de s\u00e9lection disponible ici<\/a>.<\/p>\n\n\n\n<p>La p\u00e9riode de nomination pour l\u2019intronisation de 2021 au Temple de la renomm\u00e9e olympique du Canada d\u00e9marrera \u00e0 l\u2019automne 2020.<\/p>\n<\/div><\/div>\n\n\n\n<div class=\"wp-block-group\"><div class=\"wp-block-group__inner-container is-layout-flow wp-block-group-is-layout-flow\">\n<hr class=\"wp-block-separator\"\/>\n\n\n\n<h2 class=\"wp-block-heading\">Comit\u00e9 de s\u00e9lection 2019<\/h2>\n\n\n\n<div class=\"wp-block-columns is-layout-flex wp-container-core-columns-is-layout-9d6595d7 wp-block-columns-is-layout-flex\">\n<div class=\"wp-block-column is-layout-flow wp-block-column-is-layout-flow\">\n<h4 class=\"wp-block-heading\"><a href=\"https:\/\/olympique.ca\/board-members\/peter-lawless\/\">Peter Lawless<\/a><\/h4>\n\n\n\n<p>Trois fois r\u00e9cipiendaire du Prix d\u2019excellence Petro-Canada aux entra\u00eeneurs, Peter Lawless a \u00e9t\u00e9 impliqu\u00e9 dans le sport de haute performance pendant 25 ans en voile, en athl\u00e9tisme et en cyclisme. Peter est vice-pr\u00e9sident du Comit\u00e9 olympique canadien et il si\u00e8ge actuellement au sein du Conseil d\u2019administration du COC.<\/p>\n<\/div>\n\n\n\n<div class=\"wp-block-column is-layout-flow wp-block-column-is-layout-flow\">\n<h4 class=\"wp-block-heading\">Carol Purcer<\/h4>\n\n\n\n<p>Pr\u00e9sidente de Rowing Canada Aviron depuis 2017, l\u2019implication de Carol en aviron comprend 25 ann\u00e9es de b\u00e9n\u00e9volat comme membre de plusieurs organismes et comit\u00e9s locaux, provinciaux et nationaux d\u2019aviron.<\/p>\n<\/div>\n\n\n\n<div class=\"wp-block-column is-layout-flow wp-block-column-is-layout-flow\">\n<h4 class=\"wp-block-heading\">Walter Sieber<\/h4>\n\n\n\n<p>Walter est un expert de r\u00e9putation mondiale dans l\u2019organisation de grands \u00e9v\u00e9nements sportifs, si\u00e9geant notamment au sein du Comit\u00e9 d\u2019organisation des Jeux olympiques et paralympiques d\u2019hiver de Vancouver 2010 et comme directeur g\u00e9n\u00e9ral du sport des Jeux olympiques de Montr\u00e9al 1976.<\/p>\n<\/div>\n<\/div>\n<\/div><\/div>\n\n\n\n<div class=\"wp-block-columns is-layout-flex wp-container-core-columns-is-layout-9d6595d7 wp-block-columns-is-layout-flex\">\n<div class=\"wp-block-column is-layout-flow wp-block-column-is-layout-flow\">\n<h4 class=\"wp-block-heading\"><a href=\"https:\/\/olympique.ca\/team-canada\/elaine-dagg-jackson\/\">Elaine Dagg-Jackson<\/a><\/h4>\n\n\n\n<p>Elaine Dagg-Jackson a \u00e9t\u00e9 entra\u00eeneure \u00e0 plus d\u2019une quinzaine de Championnats du monde de curling, \u00e0 cinq Jeux olympiques d\u2019hiver, entra\u00eeneure de l\u2019\u00e9quipe nationale du Canada et chef d\u2019\u00e9quipe pour l\u2019\u00e9quipe f\u00e9minine de curling depuis 2003. Elle a remport\u00e9 de nombreux prix au cours de sa carri\u00e8re, notamment le Prix d\u2019excellence Petro-Canada aux entra\u00eeneurs.<\/p>\n<\/div>\n\n\n\n<div class=\"wp-block-column is-layout-flow wp-block-column-is-layout-flow\">\n<h4 class=\"wp-block-heading\">Steve McAllister<\/h4>\n\n\n\n<p>Steve a connu pr\u00e8s de quatre d\u00e9cennies \u00e0 travailler dans l\u2019industrie du sport comme journaliste, dirigeants des communications, consultant, enseignant postsecondaire et mentor. Steve est membre du Panth\u00e9on des sports de Brockville et de sa r\u00e9gion.<\/p>\n<\/div>\n\n\n\n<div class=\"wp-block-column is-layout-flow wp-block-column-is-layout-flow\">\n<h4 class=\"wp-block-heading\"><a href=\"https:\/\/olympique.ca\/team-canada\/sylvia-sweeney\/\">Sylvia Sweeney<\/a><\/h4>\n\n\n\n<p>Membre du Temple de la renomm\u00e9e olympique du Canada et du Temple de la renomm\u00e9e de Basketball Canada, elle a re\u00e7u l\u2019Ordre du Canada \u00e0 l\u2019automne 2018. La carri\u00e8re de Sylvia s\u2019\u00e9tend sur 30 ans de r\u00e9alisations dans les secteurs publics et priv\u00e9s.<\/p>\n<\/div>\n<\/div>\n\n\n\n<div class=\"wp-block-columns is-layout-flex wp-container-core-columns-is-layout-9d6595d7 wp-block-columns-is-layout-flex\">\n<div class=\"wp-block-column is-layout-flow wp-block-column-is-layout-flow\">\n<h4 class=\"wp-block-heading\"><a href=\"https:\/\/olympique.ca\/team-canada\/christine-nesbitt\/\">Christine Nesbitt<\/a><\/h4>\n\n\n\n<p>Christine est une Olympienne de trois Jeux et double m\u00e9daill\u00e9e olympique en patinage de vitesse longue piste, soit une m\u00e9daille d\u2019argent \u00e0 l\u2019\u00e9preuve de poursuite par \u00e9quipe aux Jeux de Turin en 2006 et l\u2019or au 1000 m\u00e8tres aux Jeux de Vancouver en 2010. Christine est membre de la Commission des athl\u00e8tes du Comit\u00e9 olympique canadien.<\/p>\n<\/div>\n\n\n\n<div class=\"wp-block-column is-layout-flow wp-block-column-is-layout-flow\">\n<h4 class=\"wp-block-heading\"><a href=\"https:\/\/olympique.ca\/team-canada\/hugues-fournel\/\">Hugues Fournel<\/a><\/h4>\n\n\n\n<p>Hugues est un Olympien des Jeux de Londres en 2012 et de Rio en 2016 en cano\u00eb-kayak de vitesse et il est un m\u00e9daill\u00e9 d\u2019or des Jeux panam\u00e9ricains de 2011. Hugues est membre de la Commission des athl\u00e8tes du Comit\u00e9 olympique canadien.<\/p>\n<\/div>\n\n\n\n<div class=\"wp-block-column is-layout-flow wp-block-column-is-layout-flow\"><\/div>\n<\/div>\n","protected":false},"excerpt":{"rendered":"<p>La p\u00e9riode de mise en candidature pour l\u2019intronisation de 2019 au Temple de la renomm\u00e9e olympique du Canada est maintenant&#8230;<\/p>\n","protected":false},"author":24524180,"featured_media":0,"parent":28614,"menu_order":0,"comment_status":"closed","ping_status":"closed","template":"templates\/hall-of-fame-selection.php","meta":{"_edit_lock":["1619532591:52435436"],"_edit_last":["52435436"],"_wp_page_template":["templates\/hall-of-fame-selection.php"],"_publicize_pending":["1"],"jabber_published":["1568846131"],"coc_sharing_options":["a:1:{s:18:\"coc_hide_share_bar\";b:0;}"],"coc_campaign_options":["a:4:{s:16:\"coc_campaign_tag\";s:0:\"\";s:15:\"coc_campaign_bg\";N;s:25:\"coc_campaign_bg_downloads\";a:0:{}s:20:\"coc_campaign_posters\";a:0:{}}"],"coc_team_options":["a:1:{s:15:\"coc_game_select\";i:152501;}"],"coc_oc_landing_options":["a:2:{s:17:\"coc_oc_landing_bg\";N;s:22:\"coc_oc_landing_stories\";a:0:{}}"],"coc_edit_profile_options":["a:1:{s:20:\"coc_favourite_sports\";a:0:{}}"],"coc_oc_reward_options":["a:13:{s:16:\"coc_oc_reward_id\";s:0:\"\";s:19:\"coc_oc_ac_reward_id\";s:0:\"\";s:20:\"coc_oc_reward_points\";s:0:\"\";s:19:\"coc_oc_reward_rules\";N;s:31:\"coc_oc_digital_download_desktop\";N;s:30:\"coc_oc_digital_download_mobile\";N;s:32:\"coc_oc_digital_download_facebook\";N;s:29:\"coc_oc_reward_success_message\";s:0:\"\";s:23:\"coc_oc_facebook_content\";s:0:\"\";s:22:\"coc_oc_twitter_content\";s:0:\"\";s:24:\"coc_oc_social_contest_id\";s:0:\"\";s:31:\"coc_oc_reward_logged_in_message\";s:0:\"\";s:32:\"coc_oc_reward_logged_out_message\";s:0:\"\";}"],"coc_press_options":["a:2:{s:28:\"coc_press_additional_content\";s:0:\"\";s:27:\"coc_press_resource_category\";a:0:{}}"],"coc_breaking_news_options":["a:1:{s:25:\"coc_breaking_news_details\";a:0:{}}"],"coc_be_olympic_options":["a:8:{s:37:\"coc_be_olympic_exclusive_content_link\";s:0:\"\";s:27:\"coc_be_olympic_videos_title\";s:0:\"\";s:21:\"coc_be_olympic_videos\";a:0:{}s:27:\"coc_be_olympic_photos_title\";s:0:\"\";s:21:\"coc_be_olympic_photos\";a:0:{}s:24:\"coc_be_olympic_downloads\";a:0:{}s:22:\"coc_be_olympic_quizzes\";a:0:{}s:26:\"coc_be_olympic_fan_fun_ads\";a:0:{}}"],"coc_fan_fun_options":["a:2:{s:23:\"coc_fan_fun_hammer_time\";a:2:{s:29:\"coc_fan_fun_hammer_time_image\";N;s:27:\"coc_fan_fun_hammer_time_url\";s:0:\"\";}s:22:\"coc_fan_fun_torch_dash\";a:2:{s:28:\"coc_fan_fun_torch_dash_image\";N;s:26:\"coc_fan_fun_torch_dash_url\";s:0:\"\";}}"],"coc_interactive_game_options":["a:3:{s:28:\"coc_interactive_game_message\";s:0:\"\";s:24:\"coc_interactive_game_url\";s:0:\"\";s:27:\"coc_interactive_game_iframe\";b:0;}"],"coc_olympic_club_options":["a:1:{s:12:\"redirect_url\";s:0:\"\";}"],"coc_favorites_options":["a:3:{s:13:\"content_types\";a:0:{}s:7:\"seasons\";a:0:{}s:4:\"gear\";a:0:{}}"],"coc_og_tags":["a:3:{s:8:\"og_title\";s:0:\"\";s:14:\"og_description\";s:0:\"\";s:8:\"og_image\";N;}"],"coc_education_options":["A"],"coc_page_options":["a:2:{s:14:\"show_crazy_egg\";b:0;s:30:\"coc_partner_takeover_ads_story\";a:5:{s:20:\"coc_ad_story_desktop\";N;s:26:\"coc_ad_story_desktop_label\";s:0:\"\";s:19:\"coc_ad_story_mobile\";N;s:25:\"coc_ad_story_mobile_label\";s:0:\"\";s:16:\"coc_ad_story_url\";s:0:\"\";}}"],"coc_donor_video_options":["a:1:{s:21:\"donor_featured_videos\";a:0:{}}"],"coc_about_video_options":["a:1:{s:11:\"about_video\";a:3:{s:21:\"coc_about_video_title\";s:0:\"\";s:20:\"coc_about_video_text\";s:0:\"\";s:21:\"coc_about_youtube_url\";s:0:\"\";}}"],"coc_about_image_options":["a:1:{s:11:\"about_image\";a:3:{s:21:\"coc_about_image_title\";s:0:\"\";s:20:\"coc_about_image_text\";s:0:\"\";s:19:\"coc_about_image_url\";N;}}"],"coc_about_reporting_options":["a:1:{s:23:\"about_reporting_options\";a:0:{}}"],"coc_about_audit_options":["a:1:{s:19:\"about_audit_options\";a:0:{}}"],"coc_giving_options":["a:1:{s:14:\"giving_options\";a:0:{}}"],"coc_homepage_video_options":["a:1:{s:13:\"video_options\";a:1:{s:18:\"coc_homepage_video\";s:0:\"\";}}"],"coc_homepage_priorities":["a:1:{s:16:\"priority_options\";a:0:{}}"],"coc_homepage_campaign_options":["a:1:{s:16:\"campaign_options\";a:3:{s:24:\"coc_campaign_video_title\";s:0:\"\";s:23:\"coc_campaign_video_text\";s:0:\"\";s:24:\"coc_campaign_youtube_url\";s:0:\"\";}}"],"hof_selected_committee":["a:1:{s:11:\"hof_members\";a:8:{i:0;a:3:{s:16:\"hof_member_title\";s:13:\"Peter Lawless\";s:15:\"hof_member_link\";s:49:\"https:\/\/olympique.ca\/board-members\/peter-lawless\/\";s:18:\"hof_member_content\";s:338:\"<p>Trois fois r\u00e9cipiendaire du Prix d\u2019excellence Petro-Canada aux entra\u00eeneurs, Peter Lawless a \u00e9t\u00e9 impliqu\u00e9 dans le sport de haute performance pendant 25 ans en voile, en athl\u00e9tisme et en cyclisme. Peter est vice-pr\u00e9sident du Comit\u00e9 olympique canadien et il si\u00e8ge actuellement au sein du Conseil d\u2019administration du COC.<\/p>\n\";}i:1;a:2:{s:16:\"hof_member_title\";s:12:\"Carol Purcer\";s:18:\"hof_member_content\";s:220:\"<p>Pr\u00e9sidente de Rowing Canada Aviron depuis 2017, l\u2019implication de Carol en aviron comprend 25 ann\u00e9es de b\u00e9n\u00e9volat comme membre de plusieurs organismes et comit\u00e9s locaux, provinciaux et nationaux d\u2019aviron.<\/p>\n\";}i:2;a:2:{s:16:\"hof_member_title\";s:13:\"Walter Sieber\";s:18:\"hof_member_content\";s:305:\"<p>Walter est un expert de r\u00e9putation mondiale dans l\u2019organisation de grands \u00e9v\u00e9nements sportifs, si\u00e9geant notamment au sein du Comit\u00e9 d\u2019organisation des Jeux olympiques et paralympiques d\u2019hiver de Vancouver 2010 et comme directeur g\u00e9n\u00e9ral du sport des Jeux olympiques de Montr\u00e9al 1976.<\/p>\n\";}i:3;a:3:{s:16:\"hof_member_title\";s:19:\"Elaine Dagg-Jackson\";s:15:\"hof_member_link\";s:53:\"https:\/\/olympique.ca\/team-canada\/elaine-dagg-jackson\/\";s:18:\"hof_member_content\";s:389:\"<p>Elaine Dagg-Jackson a \u00e9t\u00e9 entra\u00eeneure \u00e0 plus d\u2019une quinzaine de Championnats du monde de curling, \u00e0 cinq Jeux olympiques d\u2019hiver, entra\u00eeneure de l\u2019\u00e9quipe nationale du Canada et chef d\u2019\u00e9quipe pour l\u2019\u00e9quipe f\u00e9minine de curling depuis 2003. Elle a remport\u00e9 de nombreux prix au cours de sa carri\u00e8re, notamment le Prix d\u2019excellence Petro-Canada aux entra\u00eeneurs.<\/p>\n\";}i:4;a:2:{s:16:\"hof_member_title\";s:16:\"Steve McAllister\";s:18:\"hof_member_content\";s:262:\"<p>Steve a connu pr\u00e8s de quatre d\u00e9cennies \u00e0 travailler dans l\u2019industrie du sport comme journaliste, dirigeants des communications, consultant, enseignant postsecondaire et mentor. Steve est membre du Panth\u00e9on des sports de Brockville et de sa r\u00e9gion.<\/p>\n\";}i:5;a:3:{s:16:\"hof_member_title\";s:14:\"Sylvia Sweeney\";s:15:\"hof_member_link\";s:48:\"https:\/\/olympique.ca\/team-canada\/sylvia-sweeney\/\";s:18:\"hof_member_content\";s:265:\"<p>Membre du Temple de la renomm\u00e9e olympique du Canada et du Temple de la renomm\u00e9e de Basketball Canada, elle a re\u00e7u l\u2019Ordre du Canada \u00e0 l\u2019automne 2018. La carri\u00e8re de Sylvia s\u2019\u00e9tend sur 30 ans de r\u00e9alisations dans les secteurs publics et priv\u00e9s.<\/p>\n\";}i:6;a:3:{s:16:\"hof_member_title\";s:17:\"Christine Nesbitt\";s:15:\"hof_member_link\";s:51:\"https:\/\/olympique.ca\/team-canada\/christine-nesbitt\/\";s:18:\"hof_member_content\";s:356:\"<p>Christine est une Olympienne de trois Jeux et double m\u00e9daill\u00e9e olympique en patinage de vitesse longue piste, soit une m\u00e9daille d\u2019argent \u00e0 l\u2019\u00e9preuve de poursuite par \u00e9quipe aux Jeux de Turin en 2006 et l\u2019or au 1000 m\u00e8tres aux Jeux de Vancouver en 2010. Christine est membre de la Commission des athl\u00e8tes du Comit\u00e9 olympique canadien.<\/p>\n\";}i:7;a:3:{s:16:\"hof_member_title\";s:14:\"Hugues Fournel\";s:15:\"hof_member_link\";s:48:\"https:\/\/olympique.ca\/team-canada\/hugues-fournel\/\";s:18:\"hof_member_content\";s:246:\"<p>Hugues est un Olympien des Jeux de Londres en 2012 et de Rio en 2016 en cano\u00eb-kayak de vitesse et il est un m\u00e9daill\u00e9 d\u2019or des Jeux panam\u00e9ricains de 2011. Hugues est membre de la Commission des athl\u00e8tes du Comit\u00e9 olympique canadien<\/p>\n\";}}}"],"hof_partners_options":["a:1:{s:12:\"hof_partners\";a:2:{i:0;a:5:{s:12:\"hof_subtitle\";s:53:\"Visitez le Temple de la renomm\u00e9e olympique du Canada\";s:11:\"hof_content\";s:228:\"<p>Le Temple de la renomm\u00e9e olympique du Canada \u00e0 Calgary h\u00e9berge la plus importante collection d\u2019artefacts des Jeux olympiques d\u2019\u00e9t\u00e9 et d\u2019hiver au Canada, notamment le Temple de la renomm\u00e9e olympique du Canada.<\/p>\n\";s:9:\"hof_image\";i:155892;s:14:\"hof_background\";s:7:\"#000000\";s:8:\"hof_link\";s:34:\"https:\/\/www.sportshall.ca\/?lang=FR\";}i:1;a:5:{s:12:\"hof_subtitle\";s:44:\"Visitez l\u2019Exp\u00e9rience olympique canadienne\";s:11:\"hof_content\";s:192:\"<p>Exp\u00e9rimentez les sensations \u00e9lectrisantes de la comp\u00e9tition \u00e0 l\u2019Exp\u00e9rience olympique canadienne \u00e0 Montr\u00e9al, un mus\u00e9e interactif qui honore les athl\u00e8tes olympiques canadiens.<\/p>\n\";s:9:\"hof_image\";i:155893;s:14:\"hof_background\";s:7:\"#00225F\";s:8:\"hof_link\";s:32:\"https:\/\/experience.olympique.ca\/\";}}}"],"geo_public":["0"],"_x_multifield_seo_accordion":["a:1:{i:0;a:2:{s:19:\"seo_accordion_title\";s:0:\"\";s:25:\"seo_accordion_description\";s:0:\"\";}}"],"_elasticsearch_indexed_on":["2019-09-18 22:35:32","2019-09-18 22:35:32","2019-09-18 22:35:32"],"seo_translation_link":["https:\/\/wp.me\/P3DwEw-OIQ"],"_last_editor_used_jetpack":["block-editor"],"coc_games":[""],"_coc_games":["field_5e83bf020f51f"],"coc_trivia":[""],"_coc_trivia":["field_5e83bacdec2aa"],"hof_search_excerpt":["a:1:{s:18:\"coc_search_excerpt\";s:0:\"\";}"],"_yoast_wpseo_content_score":["30"],"_yoast_wpseo_estimated-reading-time-minutes":["2"]},"coauthors":[187829914],"class_list":["post-155895","page","type-page","status-publish","format-standard","hentry"],"acf":[],"yoast_head":"<!-- This site is optimized with the Yoast SEO plugin v27.2 - https:\/\/yoast.com\/product\/yoast-seo-wordpress\/ -->\n<title>S\u00e9lection - \u00c9quipe Canada | Site officiel de l&#039;\u00e9quipe olympique<\/title>\n<meta name=\"robots\" content=\"index, follow, max-snippet:-1, max-image-preview:large, max-video-preview:-1\" \/>\n<link rel=\"canonical\" href=\"https:\/\/preprod.olympic.ca\/olympique\/temple-de-la-renommee-olympique-du-canada\/selection\/\" \/>\n<meta property=\"og:locale\" content=\"fr_FR\" \/>\n<meta property=\"og:type\" content=\"article\" \/>\n<meta property=\"og:title\" content=\"S\u00e9lection - \u00c9quipe Canada | Site officiel de l&#039;\u00e9quipe olympique\" \/>\n<meta property=\"og:description\" content=\"La p\u00e9riode de mise en candidature pour l\u2019intronisation de 2019 au Temple de la renomm\u00e9e olympique du Canada est maintenant...\" \/>\n<meta property=\"og:url\" content=\"https:\/\/preprod.olympic.ca\/olympique\/temple-de-la-renommee-olympique-du-canada\/selection\/\" \/>\n<meta property=\"og:site_name\" content=\"\u00c9quipe Canada | Site officiel de l&#039;\u00e9quipe olympique\" \/>\n<meta property=\"article:modified_time\" content=\"2021-04-27T14:09:51+00:00\" \/>\n<meta name=\"twitter:card\" content=\"summary_large_image\" \/>\n<meta name=\"twitter:label1\" content=\"Est. reading time\" \/>\n\t<meta name=\"twitter:data1\" content=\"2 minutes\" \/>\n\t<meta name=\"twitter:label2\" content=\"Written by\" \/>\n\t<meta name=\"twitter:data2\" content=\"Anthony Moore\" \/>\n<script type=\"application\/ld+json\" class=\"yoast-schema-graph\">{\"@context\":\"https:\/\/schema.org\",\"@graph\":[{\"@type\":\"WebPage\",\"@id\":\"https:\/\/preprod.olympic.ca\/olympique\/temple-de-la-renommee-olympique-du-canada\/selection\/\",\"url\":\"https:\/\/preprod.olympic.ca\/olympique\/temple-de-la-renommee-olympique-du-canada\/selection\/\",\"name\":\"S\u00e9lection - \u00c9quipe Canada | Site officiel de l&#039;\u00e9quipe olympique\",\"isPartOf\":{\"@id\":\"https:\/\/preprod.olympic.ca\/olympique\/#website\"},\"datePublished\":\"2019-09-18T22:35:31+00:00\",\"dateModified\":\"2021-04-27T14:09:51+00:00\",\"breadcrumb\":{\"@id\":\"https:\/\/preprod.olympic.ca\/olympique\/temple-de-la-renommee-olympique-du-canada\/selection\/#breadcrumb\"},\"inLanguage\":\"fr-FR\",\"potentialAction\":[{\"@type\":\"ReadAction\",\"target\":[\"https:\/\/preprod.olympic.ca\/olympique\/temple-de-la-renommee-olympique-du-canada\/selection\/\"]}]},{\"@type\":\"BreadcrumbList\",\"@id\":\"https:\/\/preprod.olympic.ca\/olympique\/temple-de-la-renommee-olympique-du-canada\/selection\/#breadcrumb\",\"itemListElement\":[{\"@type\":\"ListItem\",\"position\":1,\"name\":\"Temple de la renomm\u00e9e olympique du Canada\",\"item\":\"https:\/\/preprod.olympic.ca\/olympique\/temple-de-la-renommee-olympique-du-canada\/\"},{\"@type\":\"ListItem\",\"position\":2,\"name\":\"S\u00e9lection\"}]},{\"@type\":\"WebSite\",\"@id\":\"https:\/\/preprod.olympic.ca\/olympique\/#website\",\"url\":\"https:\/\/preprod.olympic.ca\/olympique\/\",\"name\":\"\u00c9quipe Canada | Site officiel de l&#039;\u00e9quipe olympique\",\"description\":\"Votre source pour l\u2019\u00c9quipe olympique canadienne. Retrouvez les r\u00e9cits, vid\u00e9os et photos des athl\u00e8tes canadiens, sports olympiques, Jeux olympiques de 2020 et bien plus!\",\"potentialAction\":[{\"@type\":\"SearchAction\",\"target\":{\"@type\":\"EntryPoint\",\"urlTemplate\":\"https:\/\/preprod.olympic.ca\/olympique\/?s={search_term_string}\"},\"query-input\":{\"@type\":\"PropertyValueSpecification\",\"valueRequired\":true,\"valueName\":\"search_term_string\"}}],\"inLanguage\":\"fr-FR\"}]}<\/script>\n<!-- \/ Yoast SEO plugin. -->","yoast_head_json":{"title":"S\u00e9lection - \u00c9quipe Canada | Site officiel de l&#039;\u00e9quipe olympique","robots":{"index":"index","follow":"follow","max-snippet":"max-snippet:-1","max-image-preview":"max-image-preview:large","max-video-preview":"max-video-preview:-1"},"canonical":"https:\/\/preprod.olympic.ca\/olympique\/temple-de-la-renommee-olympique-du-canada\/selection\/","og_locale":"fr_FR","og_type":"article","og_title":"S\u00e9lection - \u00c9quipe Canada | Site officiel de l&#039;\u00e9quipe olympique","og_description":"La p\u00e9riode de mise en candidature pour l\u2019intronisation de 2019 au Temple de la renomm\u00e9e olympique du Canada est maintenant...","og_url":"https:\/\/preprod.olympic.ca\/olympique\/temple-de-la-renommee-olympique-du-canada\/selection\/","og_site_name":"\u00c9quipe Canada | Site officiel de l&#039;\u00e9quipe olympique","article_modified_time":"2021-04-27T14:09:51+00:00","twitter_card":"summary_large_image","twitter_misc":{"Est. reading time":"2 minutes","Written by":"Anthony Moore"},"schema":{"@context":"https:\/\/schema.org","@graph":[{"@type":"WebPage","@id":"https:\/\/preprod.olympic.ca\/olympique\/temple-de-la-renommee-olympique-du-canada\/selection\/","url":"https:\/\/preprod.olympic.ca\/olympique\/temple-de-la-renommee-olympique-du-canada\/selection\/","name":"S\u00e9lection - \u00c9quipe Canada | Site officiel de l&#039;\u00e9quipe olympique","isPartOf":{"@id":"https:\/\/preprod.olympic.ca\/olympique\/#website"},"datePublished":"2019-09-18T22:35:31+00:00","dateModified":"2021-04-27T14:09:51+00:00","breadcrumb":{"@id":"https:\/\/preprod.olympic.ca\/olympique\/temple-de-la-renommee-olympique-du-canada\/selection\/#breadcrumb"},"inLanguage":"fr-FR","potentialAction":[{"@type":"ReadAction","target":["https:\/\/preprod.olympic.ca\/olympique\/temple-de-la-renommee-olympique-du-canada\/selection\/"]}]},{"@type":"BreadcrumbList","@id":"https:\/\/preprod.olympic.ca\/olympique\/temple-de-la-renommee-olympique-du-canada\/selection\/#breadcrumb","itemListElement":[{"@type":"ListItem","position":1,"name":"Temple de la renomm\u00e9e olympique du Canada","item":"https:\/\/preprod.olympic.ca\/olympique\/temple-de-la-renommee-olympique-du-canada\/"},{"@type":"ListItem","position":2,"name":"S\u00e9lection"}]},{"@type":"WebSite","@id":"https:\/\/preprod.olympic.ca\/olympique\/#website","url":"https:\/\/preprod.olympic.ca\/olympique\/","name":"\u00c9quipe Canada | Site officiel de l&#039;\u00e9quipe olympique","description":"Votre source pour l\u2019\u00c9quipe olympique canadienne. Retrouvez les r\u00e9cits, vid\u00e9os et photos des athl\u00e8tes canadiens, sports olympiques, Jeux olympiques de 2020 et bien plus!","potentialAction":[{"@type":"SearchAction","target":{"@type":"EntryPoint","urlTemplate":"https:\/\/preprod.olympic.ca\/olympique\/?s={search_term_string}"},"query-input":{"@type":"PropertyValueSpecification","valueRequired":true,"valueName":"search_term_string"}}],"inLanguage":"fr-FR"}]}},"jetpack_sharing_enabled":true,"jetpack-related-posts":[],"jetpack_shortlink":"https:\/\/wp.me\/PcGHcP-Eyr","_links":{"self":[{"href":"https:\/\/preprod.olympic.ca\/olympique\/wp-json\/wp\/v2\/pages\/155895","targetHints":{"allow":["GET"]}}],"collection":[{"href":"https:\/\/preprod.olympic.ca\/olympique\/wp-json\/wp\/v2\/pages"}],"about":[{"href":"https:\/\/preprod.olympic.ca\/olympique\/wp-json\/wp\/v2\/types\/page"}],"author":[{"embeddable":true,"href":"https:\/\/preprod.olympic.ca\/olympique\/wp-json\/wp\/v2\/users\/24524180"}],"replies":[{"embeddable":true,"href":"https:\/\/preprod.olympic.ca\/olympique\/wp-json\/wp\/v2\/comments?post=155895"}],"version-history":[{"count":7,"href":"https:\/\/preprod.olympic.ca\/olympique\/wp-json\/wp\/v2\/pages\/155895\/revisions"}],"predecessor-version":[{"id":177800,"href":"https:\/\/preprod.olympic.ca\/olympique\/wp-json\/wp\/v2\/pages\/155895\/revisions\/177800"}],"up":[{"embeddable":true,"href":"https:\/\/preprod.olympic.ca\/olympique\/wp-json\/wp\/v2\/pages\/28614"}],"wp:attachment":[{"href":"https:\/\/preprod.olympic.ca\/olympique\/wp-json\/wp\/v2\/media?parent=155895"}],"wp:term":[{"taxonomy":"author","embeddable":true,"href":"https:\/\/preprod.olympic.ca\/olympique\/wp-json\/wp\/v2\/coauthors?post=155895"}],"curies":[{"name":"wp","href":"https:\/\/api.w.org\/{rel}","templated":true}]}}