{"id":158752,"date":"2020-01-10T09:48:33","date_gmt":"2020-01-10T14:48:33","guid":{"rendered":"http:\/\/olympique.ca\/?page_id=158752"},"modified":"2020-02-20T09:53:55","modified_gmt":"2020-02-20T14:53:55","slug":"celebration-du-10e-anniversaire-des-jeux-de-vancouver-2010","status":"publish","type":"page","link":"https:\/\/preprod.olympic.ca\/olympique\/celebration-du-10e-anniversaire-des-jeux-de-vancouver-2010\/","title":{"rendered":"C\u00e9l\u00e9bration du 10e anniversaire des Jeux de Vancouver 2010"},"content":{"rendered":"<h2 class=\"lead\">Il y a 10 ans, les Canadiens ont accueilli le monde entier avec passion et ont rempli les sites de comp\u00e9tition et les rues de rouge et de blanc afin de c\u00e9l\u00e9brer l\u2019esprit olympique et paralympique. Vancouver 2010 a touch\u00e9 des vies, a inspir\u00e9 des communaut\u00e9s, a mis en lumi\u00e8re l\u2019esprit canadien et a d\u00e9montr\u00e9 au monde ce que signifie vraiment d\u2019\u00eatre Canadiens face \u00e0 des vents contraires pratiquement impossibles \u00e0 affronter.<\/h2>\n<p>Le 22 f\u00e9vrier 2020, nous c\u00e9l\u00e9brerons le 10e anniversaire des Jeux par un festival des partisans et un gala de c\u00e9l\u00e9bration \u00e0 ne pas manquer.<\/p>\n<h2>FESTIVAL DES PARTISANS<\/h2>\n<p>Le 22 f\u00e9vrier, rendez-vous \u00e0 la Place Jack Poole, de 11 h \u00e0 18 h, pour le festival de c\u00e9l\u00e9bration de Vancouver 2010, ouvert aux gens de tout \u00e2ge. Nous esp\u00e9rons vous compter parmi nous dans la c\u00e9l\u00e9bration du 10e anniversaire des Jeux olympiques et paralympiques de Vancouver 2010!<\/p>\n<p>La journ\u00e9e sera remplie d\u2018activit\u00e9s, notamment des rencontres avec des athl\u00e8tes olympiques et paralympiques, des d\u00e9monstrations de sports, une programmation sur sc\u00e8ne, un atelier de maquillage pour les enfants et beaucoup plus! Soyez pr\u00e9sents \u00e0 17 h 30 alors que nous allons raviver l\u2019esprit des Jeux avec une c\u00e9r\u00e9monie o\u00f9 nous rallumerons la vasque et des prestations musicales sur sc\u00e8ne.<\/p>\n<h2>FOIRE AUX QUESTIONS<\/h2>\n<p><strong>Q<\/strong>. O\u00f9 le Festival de c\u00e9l\u00e9bration de Vancouver 2010 se d\u00e9roulera-t-il?<br \/>\n<strong>R<\/strong>. Le festival se d\u00e9roulera \u00e0 la Place Jack Poole, situ\u00e9e au 1055, Place du Canada, Vancouver, C.-B. V6C 3L5.<\/p>\n<p><strong>Q<\/strong>. \u00c0 quelle heure le festival se d\u00e9roulera-t-il?<br \/>\n<strong>R<\/strong>. Le festival se d\u00e9roulera de 11 h \u00e0 18 h, Heure du Pacifique.<\/p>\n<p><strong>Q<\/strong>. Y aura-t-il un co\u00fbt d\u2019entr\u00e9e pour le festival?<br \/>\n<strong>R<\/strong>. Non, il s\u2019agit d\u2019un \u00e9v\u00e9nement gratuit!<\/p>\n<p><strong>Q<\/strong>. Y aura-t-il des aliments et des boissons sur place?<br \/>\n<strong>R<\/strong>. Oui, vous pourrez y acheter des aliments gr\u00e2ce \u00e0 la pr\u00e9sence sur place de plusieurs camions restaurants.<\/p>\n<p><strong>Q<\/strong>. Est-ce que les commer\u00e7ants du festival accepteront de l\u2019argent comptant?<br \/>\n<strong>R<\/strong>. Malheureusement, nos commer\u00e7ants accepteront seulement les cartes de cr\u00e9dit et de d\u00e9bit. Le paiement par carte Visa est id\u00e9al.<\/p>\n<p><strong>Q<\/strong>. Est-ce qu\u2019il y aura du stationnement disponible?<br \/>\n<strong>R<\/strong>. Oui, veuillez cliquer ici pour plus d\u2019information sur les parcs de stationnements payants situ\u00e9s \u00e0 proximit\u00e9 de la Place Jack Poole.<\/p>\n<p><strong>Q<\/strong>. Quels types d\u2019activit\u00e9s seront disponibles quand je visiterai le festival de c\u00e9l\u00e9bration de Vancouver 2010?<br \/>\n<strong>R<\/strong>. La journ\u00e9e sera remplie de vid\u00e9os de faits saillants des Jeux olympiques et paralympiques de Vancouver 2010, des d\u00e9monstrations de sports, des rencontres avec des athl\u00e8tes, une programmation artistique sur sc\u00e8ne, des ateliers de maquillage pour les enfants et plus encore!<\/p>\n<p><strong>Q<\/strong>. Est-ce que le festival de c\u00e9l\u00e9bration de Vancouver 2010 est un \u00e9v\u00e9nement int\u00e9rieur ou ext\u00e9rieur?<br \/>\n<strong>R<\/strong>. Le festival de c\u00e9l\u00e9bration de Vancouver 2010 se d\u00e9roulera \u00e0 l\u2019ext\u00e9rieur, \u00e0 la Place Jack Poole.<\/p>\n<p><strong>Q<\/strong>. Avez-vous besoin de b\u00e9n\u00e9voles?<br \/>\n<strong>R<\/strong>. Pour toute autre question ou si vous d\u00e9sirez \u00eatre b\u00e9n\u00e9vole, veuillez faire parvenir un courriel \u00e0 <a href=\"mailto:vancouver2010@olympique.ca\">vancouver2010@olympique.ca<\/a>.<\/p>\n<h2>GALA<\/h2>\n<p>Joignez-vous \u00e0 plus de 60 Olympiens et Paralympiens pour une soir\u00e9e emballante alors que nous allons rallumer la vasque, revivre les moments embl\u00e9matiques et la magie qui a saisi le c\u0153ur des Canadiens d\u2019un oc\u00e9an \u00e0 l\u2019autre et reconna\u00eetre l\u2019effet durable de Vancouver 2010.<\/p>\n<p><a href=\"https:\/\/cdnolympic.files.wordpress.com\/2019\/10\/celebration-gala-order-form_online-1.pdf\" target=\"_blank\" rel=\"noopener\">Achetez votre table<\/a>, <a href=\"https:\/\/www.canadahelps.org\/fr\/dn\/44490\" target=\"_blank\" rel=\"noopener\">faites un don<\/a> et apprenez-en davantage \u00e0 propos du Gala en cliquant <a href=\"https:\/\/olympique.ca\/fondation\/de-plus-brillants-exploits\/\">ici<\/a>.<\/p>\n<h2>ENCAN SILENCIEUX DE LA C\u00c9L\u00c9BRATION PR\u00c9SENT\u00c9E PAR BELL<\/h2>\n<p>L\u2019encan silencieux de la C\u00e9l\u00e9bration pr\u00e9sent\u00e9e par Bell amassera des fonds pour la prochaine g\u00e9n\u00e9ration d\u2019athl\u00e8tes d\u2019\u00c9quipe Canada, ainsi que les organismes nationaux de sport, la Fondation paralympique du Canada, et d\u2019autres partenaires du sport. Pour en savoir plus et pour placer une mise, veuilez cliquer <a href=\"https:\/\/2010auction.ca\/\" target=\"_blank\" rel=\"noopener\">ici<\/a>.<\/p>\n<h2>D\u2019AUTRES FA\u00c7ONS DE C\u00c9L\u00c9BRER<\/h2>\n<p><strong>Mus\u00e9e de Vancouver : <a href=\"https:\/\/museumofvancouver.ca\/remembering-vancouver-2010\">En m\u00e9moire de Vancouver 2010<\/a><\/strong><br \/>\nQuatchi sera au studio du Mus\u00e9e de Vancouver et vous pourrez prendre des \u00e9goportraits avec lui.<br \/>\nPortez vos Mitaines rouges olympiques de 2010, des articles officiels ou votre \u00e9pinglette des Jeux de 2010 et vous profiterez de deux billets d\u2019entr\u00e9e pour le prix d\u2019un au Mus\u00e9e de Vancouver avec un acc\u00e8s \u00e0 toutes les expositions.<br \/>\n<strong>Dates :<\/strong> 12 f\u00e9vrier au 21 mars 2020<\/p>\n<p><strong>Chambre de commerce de Vancouver : <a href=\"https:\/\/www.boardoftrade.com\/events\/individual-events\/1725-6520\">Petit d\u00e9jeuner de c\u00e9l\u00e9bration du 10e anniversaire de Vancouver 2010 mettant en vedette John Furlong<\/a><\/strong><br \/>\n<strong>Lieu :<\/strong> H\u00f4tel Fairmont Vancouver \u2013 Salle de bal Pacific<br \/>\n<strong>Date :<\/strong> Jeudi 20 f\u00e9vrier 2020, de 7 h \u00e0 9 h<\/p>\n<p><a href=\"http:\/\/www.whitecapsfc.com\/2010\"><strong>Match d\u2019ouverture locale des Whitecaps FC de Vancouver<\/strong><\/a><br \/>\nIly a 10 ans, l\u2019\u00e9quipe des vestes bleues a contribu\u00e9 \u00e0 amener le monde \u00e0 Vancouver. Pour c\u00e9l\u00e9brer, les b\u00e9n\u00e9voles profiteront de billets au co\u00fbt de 20,10 $ pour assister au match d\u2019ouverture locale de la saison 2020 des Whitecaps FC de Vancouver. Portez votre veste bleue et profitez d\u2019une photo sur le terrain apr\u00e8s le match.<br \/>\n<strong>Lieu :<\/strong> Stade BC Place<br \/>\n<strong>Date :<\/strong> Samedi 29 f\u00e9vrier \u00e0 19 h 30<\/p>\n","protected":false},"excerpt":{"rendered":"<p>Il y a 10 ans, les Canadiens ont accueilli le monde entier avec passion et ont rempli les sites de&#8230;<\/p>\n","protected":false},"author":52435436,"featured_media":159260,"parent":0,"menu_order":0,"comment_status":"closed","ping_status":"closed","template":"","meta":{"_edit_lock":["1582210296:52435436"],"_edit_last":["52435436"],"_thumbnail_id":["159260"],"_wp_page_template":["default"],"_publicize_pending":["1"],"jabber_published":["1578667713"],"coc_sharing_options":["a:1:{s:18:\"coc_hide_share_bar\";b:0;}"],"coc_campaign_options":["a:4:{s:16:\"coc_campaign_tag\";s:0:\"\";s:15:\"coc_campaign_bg\";N;s:25:\"coc_campaign_bg_downloads\";a:0:{}s:20:\"coc_campaign_posters\";a:0:{}}"],"coc_team_options":["a:1:{s:15:\"coc_game_select\";i:156417;}"],"coc_oc_landing_options":["a:2:{s:17:\"coc_oc_landing_bg\";N;s:22:\"coc_oc_landing_stories\";a:0:{}}"],"coc_edit_profile_options":["a:1:{s:20:\"coc_favourite_sports\";a:0:{}}"],"coc_oc_reward_options":["a:12:{s:16:\"coc_oc_reward_id\";s:0:\"\";s:20:\"coc_oc_reward_points\";s:0:\"\";s:19:\"coc_oc_reward_rules\";N;s:31:\"coc_oc_digital_download_desktop\";N;s:30:\"coc_oc_digital_download_mobile\";N;s:32:\"coc_oc_digital_download_facebook\";N;s:29:\"coc_oc_reward_success_message\";s:0:\"\";s:23:\"coc_oc_facebook_content\";s:0:\"\";s:22:\"coc_oc_twitter_content\";s:0:\"\";s:24:\"coc_oc_social_contest_id\";s:0:\"\";s:31:\"coc_oc_reward_logged_in_message\";s:0:\"\";s:32:\"coc_oc_reward_logged_out_message\";s:0:\"\";}"],"coc_press_options":["a:2:{s:28:\"coc_press_additional_content\";s:0:\"\";s:27:\"coc_press_resource_category\";a:0:{}}"],"coc_breaking_news_options":["a:1:{s:25:\"coc_breaking_news_details\";a:0:{}}"],"coc_be_olympic_options":["a:8:{s:37:\"coc_be_olympic_exclusive_content_link\";s:0:\"\";s:27:\"coc_be_olympic_videos_title\";s:0:\"\";s:21:\"coc_be_olympic_videos\";a:0:{}s:27:\"coc_be_olympic_photos_title\";s:0:\"\";s:21:\"coc_be_olympic_photos\";a:0:{}s:24:\"coc_be_olympic_downloads\";a:0:{}s:22:\"coc_be_olympic_quizzes\";a:0:{}s:26:\"coc_be_olympic_fan_fun_ads\";a:0:{}}"],"coc_fan_fun_options":["a:3:{s:23:\"coc_fan_fun_hammer_time\";a:2:{s:29:\"coc_fan_fun_hammer_time_image\";N;s:27:\"coc_fan_fun_hammer_time_url\";s:0:\"\";}s:22:\"coc_fan_fun_torch_dash\";a:2:{s:28:\"coc_fan_fun_torch_dash_image\";N;s:26:\"coc_fan_fun_torch_dash_url\";s:0:\"\";}s:18:\"coc_fan_fun_trivia\";a:0:{}}"],"coc_interactive_game_options":["a:3:{s:28:\"coc_interactive_game_message\";s:0:\"\";s:24:\"coc_interactive_game_url\";s:0:\"\";s:27:\"coc_interactive_game_iframe\";b:0;}"],"coc_olympic_club_options":["a:1:{s:12:\"redirect_url\";s:0:\"\";}"],"coc_favorites_options":["a:3:{s:13:\"content_types\";a:0:{}s:7:\"seasons\";a:0:{}s:4:\"gear\";a:0:{}}"],"coc_og_tags":["a:3:{s:8:\"og_title\";s:0:\"\";s:14:\"og_description\";s:0:\"\";s:8:\"og_image\";N;}"],"coc_education_options":["A"],"coc_page_options":["a:2:{s:14:\"show_crazy_egg\";b:0;s:30:\"coc_partner_takeover_ads_story\";a:5:{s:20:\"coc_ad_story_desktop\";N;s:26:\"coc_ad_story_desktop_label\";s:0:\"\";s:19:\"coc_ad_story_mobile\";N;s:25:\"coc_ad_story_mobile_label\";s:0:\"\";s:16:\"coc_ad_story_url\";s:0:\"\";}}"],"coc_donor_video_options":["a:1:{s:21:\"donor_featured_videos\";a:0:{}}"],"coc_about_video_options":["a:1:{s:11:\"about_video\";a:3:{s:21:\"coc_about_video_title\";s:0:\"\";s:20:\"coc_about_video_text\";s:0:\"\";s:21:\"coc_about_youtube_url\";s:0:\"\";}}"],"coc_about_image_options":["a:1:{s:11:\"about_image\";a:3:{s:21:\"coc_about_image_title\";s:0:\"\";s:20:\"coc_about_image_text\";s:0:\"\";s:19:\"coc_about_image_url\";N;}}"],"coc_about_reporting_options":["a:1:{s:23:\"about_reporting_options\";a:0:{}}"],"coc_about_audit_options":["a:1:{s:19:\"about_audit_options\";a:0:{}}"],"coc_giving_options":["a:1:{s:14:\"giving_options\";a:0:{}}"],"coc_homepage_video_options":["a:1:{s:13:\"video_options\";a:1:{s:18:\"coc_homepage_video\";s:0:\"\";}}"],"coc_homepage_priorities":["a:1:{s:16:\"priority_options\";a:0:{}}"],"coc_homepage_campaign_options":["a:1:{s:16:\"campaign_options\";a:3:{s:24:\"coc_campaign_video_title\";s:0:\"\";s:23:\"coc_campaign_video_text\";s:0:\"\";s:24:\"coc_campaign_youtube_url\";s:0:\"\";}}"],"hof_selected_committee":["a:1:{s:11:\"hof_members\";a:0:{}}"],"hof_partners_options":["a:1:{s:12:\"hof_partners\";a:0:{}}"],"hof_search_excerpt":["a:1:{s:18:\"coc_search_excerpt\";s:0:\"\";}"],"geo_public":["0"],"seo_translation_link":["https:\/\/wp.me\/P3DwEw-Qbg"],"_x_multifield_seo_accordion":["a:1:{i:0;a:2:{s:19:\"seo_accordion_title\";s:0:\"\";s:25:\"seo_accordion_description\";s:0:\"\";}}"],"_elasticsearch_indexed_on":["2020-01-10 14:48:34"],"seo_title":["\u00c9quipe Canada - C\u00e9l\u00e9bration du 10e anniversaire des Jeux de Vancouver 2010"],"seo_focus_keyword":["\u00c9quipe Canada, C\u00e9l\u00e9bration, \u00c9v\u00e9nement, Anniversaire, 10 ans, Jeux olympiques, Jeux, Olympiques, JO, Vancouver, 2010, Canada, Athl\u00e8tes canadiens, Activit\u00e9s, Athl\u00e8tes, Festival, Gala"],"seo_meta_description":["\u00c9quipe Canada - Le 22 f\u00e9vrier 2020, nous c\u00e9l\u00e9brerons le 10e anniversaire des Jeux olympiques de Vancouver 2010 par un festival des partisans et un gala de c\u00e9l\u00e9bration, \u00e9v\u00e9nement \u00e0 ne pas manquer."],"_is_empty_after_transformation":["yes"]},"coauthors":[209008581],"class_list":["post-158752","page","type-page","status-publish","format-standard","has-post-thumbnail","hentry"],"acf":[],"yoast_head":"<!-- This site is optimized with the Yoast SEO plugin v27.2 - https:\/\/yoast.com\/product\/yoast-seo-wordpress\/ -->\n<title>C\u00e9l\u00e9bration du 10e anniversaire des Jeux de Vancouver 2010 - \u00c9quipe Canada | Site officiel de l&#039;\u00e9quipe olympique<\/title>\n<meta name=\"robots\" content=\"index, follow, max-snippet:-1, max-image-preview:large, max-video-preview:-1\" \/>\n<link rel=\"canonical\" href=\"https:\/\/preprod.olympic.ca\/olympique\/celebration-du-10e-anniversaire-des-jeux-de-vancouver-2010\/\" \/>\n<meta property=\"og:locale\" content=\"fr_FR\" \/>\n<meta property=\"og:type\" content=\"article\" \/>\n<meta property=\"og:title\" content=\"C\u00e9l\u00e9bration du 10e anniversaire des Jeux de Vancouver 2010 - \u00c9quipe Canada | Site officiel de l&#039;\u00e9quipe olympique\" \/>\n<meta property=\"og:description\" content=\"Il y a 10 ans, les Canadiens ont accueilli le monde entier avec passion et ont rempli les sites de...\" \/>\n<meta property=\"og:url\" content=\"https:\/\/preprod.olympic.ca\/olympique\/celebration-du-10e-anniversaire-des-jeux-de-vancouver-2010\/\" \/>\n<meta property=\"og:site_name\" content=\"\u00c9quipe Canada | Site officiel de l&#039;\u00e9quipe olympique\" \/>\n<meta property=\"article:modified_time\" content=\"2020-02-20T14:53:55+00:00\" \/>\n<meta property=\"og:image\" content=\"https:\/\/preprod.olympic.ca\/olympique\/wp-content\/uploads\/sites\/2\/2020\/01\/digital-horizontal-web-fr-withpp.jpg?quality=100\" \/>\n\t<meta property=\"og:image:width\" content=\"2680\" \/>\n\t<meta property=\"og:image:height\" content=\"1508\" \/>\n\t<meta property=\"og:image:type\" content=\"image\/jpeg\" \/>\n<meta name=\"twitter:card\" content=\"summary_large_image\" \/>\n<meta name=\"twitter:label1\" content=\"Est. reading time\" \/>\n\t<meta name=\"twitter:data1\" content=\"4 minutes\" \/>\n\t<meta name=\"twitter:label2\" content=\"Written by\" \/>\n\t<meta name=\"twitter:data2\" content=\"Mark Nadolny\" \/>\n<script type=\"application\/ld+json\" class=\"yoast-schema-graph\">{\"@context\":\"https:\/\/schema.org\",\"@graph\":[{\"@type\":\"WebPage\",\"@id\":\"https:\/\/preprod.olympic.ca\/olympique\/celebration-du-10e-anniversaire-des-jeux-de-vancouver-2010\/\",\"url\":\"https:\/\/preprod.olympic.ca\/olympique\/celebration-du-10e-anniversaire-des-jeux-de-vancouver-2010\/\",\"name\":\"C\u00e9l\u00e9bration du 10e anniversaire des Jeux de Vancouver 2010 - \u00c9quipe Canada | Site officiel de l&#039;\u00e9quipe olympique\",\"isPartOf\":{\"@id\":\"https:\/\/preprod.olympic.ca\/olympique\/#website\"},\"primaryImageOfPage\":{\"@id\":\"https:\/\/preprod.olympic.ca\/olympique\/celebration-du-10e-anniversaire-des-jeux-de-vancouver-2010\/#primaryimage\"},\"image\":{\"@id\":\"https:\/\/preprod.olympic.ca\/olympique\/celebration-du-10e-anniversaire-des-jeux-de-vancouver-2010\/#primaryimage\"},\"thumbnailUrl\":\"https:\/\/preprod.olympic.ca\/olympique\/wp-content\/uploads\/sites\/2\/2020\/01\/digital-horizontal-web-fr-withpp.jpg?quality=100\",\"datePublished\":\"2020-01-10T14:48:33+00:00\",\"dateModified\":\"2020-02-20T14:53:55+00:00\",\"inLanguage\":\"fr-FR\",\"potentialAction\":[{\"@type\":\"ReadAction\",\"target\":[\"https:\/\/preprod.olympic.ca\/olympique\/celebration-du-10e-anniversaire-des-jeux-de-vancouver-2010\/\"]}]},{\"@type\":\"ImageObject\",\"inLanguage\":\"fr-FR\",\"@id\":\"https:\/\/preprod.olympic.ca\/olympique\/celebration-du-10e-anniversaire-des-jeux-de-vancouver-2010\/#primaryimage\",\"url\":\"https:\/\/preprod.olympic.ca\/olympique\/wp-content\/uploads\/sites\/2\/2020\/01\/digital-horizontal-web-fr-withpp.jpg?quality=100\",\"contentUrl\":\"https:\/\/preprod.olympic.ca\/olympique\/wp-content\/uploads\/sites\/2\/2020\/01\/digital-horizontal-web-fr-withpp.jpg?quality=100\",\"width\":2680,\"height\":1508,\"caption\":\"C\u00e9l\u00e9bration du 10e anniversaire des Jeux de Vancouver 2010\"},{\"@type\":\"WebSite\",\"@id\":\"https:\/\/preprod.olympic.ca\/olympique\/#website\",\"url\":\"https:\/\/preprod.olympic.ca\/olympique\/\",\"name\":\"\u00c9quipe Canada | Site officiel de l&#039;\u00e9quipe olympique\",\"description\":\"Votre source pour l\u2019\u00c9quipe olympique canadienne. Retrouvez les r\u00e9cits, vid\u00e9os et photos des athl\u00e8tes canadiens, sports olympiques, Jeux olympiques de 2020 et bien plus!\",\"potentialAction\":[{\"@type\":\"SearchAction\",\"target\":{\"@type\":\"EntryPoint\",\"urlTemplate\":\"https:\/\/preprod.olympic.ca\/olympique\/?s={search_term_string}\"},\"query-input\":{\"@type\":\"PropertyValueSpecification\",\"valueRequired\":true,\"valueName\":\"search_term_string\"}}],\"inLanguage\":\"fr-FR\"}]}<\/script>\n<!-- \/ Yoast SEO plugin. -->","yoast_head_json":{"title":"C\u00e9l\u00e9bration du 10e anniversaire des Jeux de Vancouver 2010 - \u00c9quipe Canada | Site officiel de l&#039;\u00e9quipe olympique","robots":{"index":"index","follow":"follow","max-snippet":"max-snippet:-1","max-image-preview":"max-image-preview:large","max-video-preview":"max-video-preview:-1"},"canonical":"https:\/\/preprod.olympic.ca\/olympique\/celebration-du-10e-anniversaire-des-jeux-de-vancouver-2010\/","og_locale":"fr_FR","og_type":"article","og_title":"C\u00e9l\u00e9bration du 10e anniversaire des Jeux de Vancouver 2010 - \u00c9quipe Canada | Site officiel de l&#039;\u00e9quipe olympique","og_description":"Il y a 10 ans, les Canadiens ont accueilli le monde entier avec passion et ont rempli les sites de...","og_url":"https:\/\/preprod.olympic.ca\/olympique\/celebration-du-10e-anniversaire-des-jeux-de-vancouver-2010\/","og_site_name":"\u00c9quipe Canada | Site officiel de l&#039;\u00e9quipe olympique","article_modified_time":"2020-02-20T14:53:55+00:00","og_image":[{"width":2680,"height":1508,"url":"https:\/\/preprod.olympic.ca\/olympique\/wp-content\/uploads\/sites\/2\/2020\/01\/digital-horizontal-web-fr-withpp.jpg?quality=100","type":"image\/jpeg"}],"twitter_card":"summary_large_image","twitter_misc":{"Est. reading time":"4 minutes","Written by":"Mark Nadolny"},"schema":{"@context":"https:\/\/schema.org","@graph":[{"@type":"WebPage","@id":"https:\/\/preprod.olympic.ca\/olympique\/celebration-du-10e-anniversaire-des-jeux-de-vancouver-2010\/","url":"https:\/\/preprod.olympic.ca\/olympique\/celebration-du-10e-anniversaire-des-jeux-de-vancouver-2010\/","name":"C\u00e9l\u00e9bration du 10e anniversaire des Jeux de Vancouver 2010 - \u00c9quipe Canada | Site officiel de l&#039;\u00e9quipe olympique","isPartOf":{"@id":"https:\/\/preprod.olympic.ca\/olympique\/#website"},"primaryImageOfPage":{"@id":"https:\/\/preprod.olympic.ca\/olympique\/celebration-du-10e-anniversaire-des-jeux-de-vancouver-2010\/#primaryimage"},"image":{"@id":"https:\/\/preprod.olympic.ca\/olympique\/celebration-du-10e-anniversaire-des-jeux-de-vancouver-2010\/#primaryimage"},"thumbnailUrl":"https:\/\/preprod.olympic.ca\/olympique\/wp-content\/uploads\/sites\/2\/2020\/01\/digital-horizontal-web-fr-withpp.jpg?quality=100","datePublished":"2020-01-10T14:48:33+00:00","dateModified":"2020-02-20T14:53:55+00:00","inLanguage":"fr-FR","potentialAction":[{"@type":"ReadAction","target":["https:\/\/preprod.olympic.ca\/olympique\/celebration-du-10e-anniversaire-des-jeux-de-vancouver-2010\/"]}]},{"@type":"ImageObject","inLanguage":"fr-FR","@id":"https:\/\/preprod.olympic.ca\/olympique\/celebration-du-10e-anniversaire-des-jeux-de-vancouver-2010\/#primaryimage","url":"https:\/\/preprod.olympic.ca\/olympique\/wp-content\/uploads\/sites\/2\/2020\/01\/digital-horizontal-web-fr-withpp.jpg?quality=100","contentUrl":"https:\/\/preprod.olympic.ca\/olympique\/wp-content\/uploads\/sites\/2\/2020\/01\/digital-horizontal-web-fr-withpp.jpg?quality=100","width":2680,"height":1508,"caption":"C\u00e9l\u00e9bration du 10e anniversaire des Jeux de Vancouver 2010"},{"@type":"WebSite","@id":"https:\/\/preprod.olympic.ca\/olympique\/#website","url":"https:\/\/preprod.olympic.ca\/olympique\/","name":"\u00c9quipe Canada | Site officiel de l&#039;\u00e9quipe olympique","description":"Votre source pour l\u2019\u00c9quipe olympique canadienne. Retrouvez les r\u00e9cits, vid\u00e9os et photos des athl\u00e8tes canadiens, sports olympiques, Jeux olympiques de 2020 et bien plus!","potentialAction":[{"@type":"SearchAction","target":{"@type":"EntryPoint","urlTemplate":"https:\/\/preprod.olympic.ca\/olympique\/?s={search_term_string}"},"query-input":{"@type":"PropertyValueSpecification","valueRequired":true,"valueName":"search_term_string"}}],"inLanguage":"fr-FR"}]}},"jetpack_sharing_enabled":true,"jetpack-related-posts":[],"jetpack_shortlink":"https:\/\/wp.me\/PcGHcP-Fiw","_links":{"self":[{"href":"https:\/\/preprod.olympic.ca\/olympique\/wp-json\/wp\/v2\/pages\/158752","targetHints":{"allow":["GET"]}}],"collection":[{"href":"https:\/\/preprod.olympic.ca\/olympique\/wp-json\/wp\/v2\/pages"}],"about":[{"href":"https:\/\/preprod.olympic.ca\/olympique\/wp-json\/wp\/v2\/types\/page"}],"author":[{"embeddable":true,"href":"https:\/\/preprod.olympic.ca\/olympique\/wp-json\/wp\/v2\/users\/52435436"}],"replies":[{"embeddable":true,"href":"https:\/\/preprod.olympic.ca\/olympique\/wp-json\/wp\/v2\/comments?post=158752"}],"version-history":[{"count":12,"href":"https:\/\/preprod.olympic.ca\/olympique\/wp-json\/wp\/v2\/pages\/158752\/revisions"}],"predecessor-version":[{"id":159895,"href":"https:\/\/preprod.olympic.ca\/olympique\/wp-json\/wp\/v2\/pages\/158752\/revisions\/159895"}],"wp:featuredmedia":[{"embeddable":true,"href":"https:\/\/preprod.olympic.ca\/olympique\/wp-json\/wp\/v2\/media\/159260"}],"wp:attachment":[{"href":"https:\/\/preprod.olympic.ca\/olympique\/wp-json\/wp\/v2\/media?parent=158752"}],"wp:term":[{"taxonomy":"author","embeddable":true,"href":"https:\/\/preprod.olympic.ca\/olympique\/wp-json\/wp\/v2\/coauthors?post=158752"}],"curies":[{"name":"wp","href":"https:\/\/api.w.org\/{rel}","templated":true}]}}