{"id":161004,"date":"2020-05-05T09:13:09","date_gmt":"2020-05-05T13:13:09","guid":{"rendered":"https:\/\/olympique.ca\/?page_id=161004"},"modified":"2024-07-23T09:01:43","modified_gmt":"2024-07-23T13:01:43","slug":"accueil","status":"publish","type":"page","link":"https:\/\/preprod.olympic.ca\/olympique\/club-olympique\/accueil\/","title":{"rendered":"Accueil"},"content":{"rendered":"<p class=\"lead\">Bienvenue au Club olympique canadien pr\u00e9sent\u00e9 par Bell. Gagnez des prix d&rsquo;\u00c9quipe Canada, restez \u00e0 l&rsquo;aff\u00fbt des derni\u00e8res nouvelles de vos sports et vos athl\u00e8tes pr\u00e9f\u00e9r\u00e9s et amusez-vous avec notre s\u00e9lection de jeux et quiz.<\/p>\n","protected":false},"excerpt":{"rendered":"<p>Bienvenue au Club olympique canadien pr\u00e9sent\u00e9 par Bell. Gagnez des prix d&rsquo;\u00c9quipe Canada, restez \u00e0 l&rsquo;aff\u00fbt des derni\u00e8res nouvelles de&#8230;<\/p>\n","protected":false},"author":24524180,"featured_media":0,"parent":104230,"menu_order":0,"comment_status":"closed","ping_status":"closed","template":"templates\/oc-landing-loggedin.php","meta":{"_edit_lock":["1721739696:132083754"],"_edit_last":["132083754"],"_wp_page_template":["templates\/oc-landing-loggedin.php"],"coc_call_to_actions":["4"],"_coc_call_to_actions":["field_5e824c43a9604"],"coc_games":[""],"_coc_games":["field_5e83bf020f51f"],"coc_recommended_stories_text":["S\u00e9lectionnez vos <a href=\"https:\/\/olympique.ca\/mes-preferes\/\">athl\u00e8tes et sports<\/a> favoris pour \u00eatre \u00e0 l'aff\u00fbt des derni\u00e8res nouvelles."],"_coc_recommended_stories_text":["field_5eac4258dd519"],"coc_static_ad_image":["161037"],"_coc_static_ad_image":["field_5e83b4143c7d3"],"coc_static_ad_label":["Bell ad - Club Homepage FR"],"_coc_static_ad_label":["field_5ea89895ffb4a"],"coc_trivia":[""],"_coc_trivia":["field_5e83bacdec2aa"],"coc_sharing_options":["a:1:{s:18:\"coc_hide_share_bar\";b:0;}"],"coc_campaign_options":["a:4:{s:16:\"coc_campaign_tag\";s:0:\"\";s:15:\"coc_campaign_bg\";N;s:25:\"coc_campaign_bg_downloads\";a:0:{}s:20:\"coc_campaign_posters\";a:0:{}}"],"coc_team_options":["a:1:{s:15:\"coc_game_select\";i:156417;}"],"coc_oc_landing_options":["a:2:{s:17:\"coc_oc_landing_bg\";N;s:22:\"coc_oc_landing_stories\";a:0:{}}"],"coc_edit_profile_options":["a:1:{s:20:\"coc_favourite_sports\";a:0:{}}"],"coc_oc_reward_options":["a:13:{s:16:\"coc_oc_reward_id\";s:0:\"\";s:19:\"coc_oc_ac_reward_id\";s:0:\"\";s:20:\"coc_oc_reward_points\";s:0:\"\";s:19:\"coc_oc_reward_rules\";N;s:31:\"coc_oc_digital_download_desktop\";N;s:30:\"coc_oc_digital_download_mobile\";N;s:32:\"coc_oc_digital_download_facebook\";N;s:29:\"coc_oc_reward_success_message\";s:0:\"\";s:23:\"coc_oc_facebook_content\";s:0:\"\";s:22:\"coc_oc_twitter_content\";s:0:\"\";s:24:\"coc_oc_social_contest_id\";s:0:\"\";s:31:\"coc_oc_reward_logged_in_message\";s:0:\"\";s:32:\"coc_oc_reward_logged_out_message\";s:0:\"\";}"],"coc_press_options":["a:2:{s:28:\"coc_press_additional_content\";s:0:\"\";s:27:\"coc_press_resource_category\";a:0:{}}"],"coc_breaking_news_options":["a:1:{s:25:\"coc_breaking_news_details\";a:0:{}}"],"coc_be_olympic_options":["a:8:{s:37:\"coc_be_olympic_exclusive_content_link\";s:0:\"\";s:27:\"coc_be_olympic_videos_title\";s:0:\"\";s:21:\"coc_be_olympic_videos\";a:0:{}s:27:\"coc_be_olympic_photos_title\";s:0:\"\";s:21:\"coc_be_olympic_photos\";a:0:{}s:24:\"coc_be_olympic_downloads\";a:0:{}s:22:\"coc_be_olympic_quizzes\";a:0:{}s:26:\"coc_be_olympic_fan_fun_ads\";a:0:{}}"],"coc_fan_fun_options":["a:2:{s:23:\"coc_fan_fun_hammer_time\";a:2:{s:29:\"coc_fan_fun_hammer_time_image\";N;s:27:\"coc_fan_fun_hammer_time_url\";s:0:\"\";}s:22:\"coc_fan_fun_torch_dash\";a:2:{s:28:\"coc_fan_fun_torch_dash_image\";N;s:26:\"coc_fan_fun_torch_dash_url\";s:0:\"\";}}"],"coc_interactive_game_options":["a:3:{s:28:\"coc_interactive_game_message\";s:0:\"\";s:24:\"coc_interactive_game_url\";s:0:\"\";s:27:\"coc_interactive_game_iframe\";b:0;}"],"coc_olympic_club_options":["a:1:{s:12:\"redirect_url\";s:0:\"\";}"],"coc_favorites_options":["a:3:{s:13:\"content_types\";a:0:{}s:7:\"seasons\";a:0:{}s:4:\"gear\";a:0:{}}"],"coc_og_tags":["a:3:{s:8:\"og_title\";s:0:\"\";s:14:\"og_description\";s:0:\"\";s:8:\"og_image\";N;}"],"coc_education_options":["A"],"coc_page_options":["a:1:{s:30:\"coc_partner_takeover_ads_story\";a:5:{s:20:\"coc_ad_story_desktop\";N;s:26:\"coc_ad_story_desktop_label\";s:0:\"\";s:19:\"coc_ad_story_mobile\";N;s:25:\"coc_ad_story_mobile_label\";s:0:\"\";s:16:\"coc_ad_story_url\";s:0:\"\";}}"],"coc_donor_video_options":["a:1:{s:21:\"donor_featured_videos\";a:0:{}}"],"coc_about_video_options":["a:1:{s:11:\"about_video\";a:3:{s:21:\"coc_about_video_title\";s:0:\"\";s:20:\"coc_about_video_text\";s:0:\"\";s:21:\"coc_about_youtube_url\";s:0:\"\";}}"],"coc_about_image_options":["a:1:{s:11:\"about_image\";a:3:{s:21:\"coc_about_image_title\";s:0:\"\";s:20:\"coc_about_image_text\";s:0:\"\";s:19:\"coc_about_image_url\";N;}}"],"coc_about_reporting_options":["a:1:{s:23:\"about_reporting_options\";a:0:{}}"],"coc_about_audit_options":["a:1:{s:19:\"about_audit_options\";a:0:{}}"],"coc_giving_options":["a:1:{s:14:\"giving_options\";a:0:{}}"],"coc_homepage_video_options":["a:1:{s:13:\"video_options\";a:1:{s:18:\"coc_homepage_video\";s:0:\"\";}}"],"coc_homepage_priorities":["a:1:{s:16:\"priority_options\";a:0:{}}"],"coc_homepage_campaign_options":["a:1:{s:16:\"campaign_options\";a:3:{s:24:\"coc_campaign_video_title\";s:0:\"\";s:23:\"coc_campaign_video_text\";s:0:\"\";s:24:\"coc_campaign_youtube_url\";s:0:\"\";}}"],"hof_selected_committee":["a:1:{s:11:\"hof_members\";a:0:{}}"],"hof_partners_options":["a:1:{s:12:\"hof_partners\";a:0:{}}"],"hof_search_excerpt":["a:1:{s:18:\"coc_search_excerpt\";s:0:\"\";}"],"_x_multifield_seo_accordion":["a:1:{i:0;a:2:{s:19:\"seo_accordion_title\";s:0:\"\";s:25:\"seo_accordion_description\";s:0:\"\";}}"],"coc_call_to_actions_0_background_color":["#1267a7"],"_coc_call_to_actions_0_background_color":["field_5e824cf5a960a"],"coc_call_to_actions_0_type":[""],"_coc_call_to_actions_0_type":["field_5e824c4ca9605"],"coc_call_to_actions_0_title":["Fan du mois: juillet 2024"],"_coc_call_to_actions_0_title":["field_5e824c9ca9606"],"coc_call_to_actions_0_text":["<p data-pm-slice=\"1 1 []\">Simran Sandhra est le Fan du mois du Club olympique canadien pr\u00e9sent\u00e9 par Bell pour juillet 2024. Voici ce que Simran avait \u00e0 dire:<\/p>\r\n<p data-pm-slice=\"1 1 []\">\u00abJe suis tellement excit\u00e9e d'encourager \u00c9quipe Canada lors des Jeux olympiques d'\u00e9t\u00e9 de 2024 \u00e0 Paris! Allez Canada, allez !\u00bb<\/p>\r\n<p data-pm-slice=\"1 1 []\">\u00cates-vous un super fan d'\u00c9quipe Canada? Vous pourriez \u00eatre notre prochain Fan du mois.<\/p>"],"_coc_call_to_actions_0_text":["field_5e824caaa9607"],"coc_call_to_actions_0_image":["248287"],"_coc_call_to_actions_0_image":["field_5e824d0fa960b"],"coc_call_to_actions_0_button_label":["Soumettre"],"_coc_call_to_actions_0_button_label":["field_5e824cd1a9608"],"coc_call_to_actions_0_button_link":["https:\/\/olympique.ca\/application-pour-les-fans-du-mois\/"],"_coc_call_to_actions_0_button_link":["field_5e824ce8a9609"],"coc_call_to_actions_0_logo":["161007"],"_coc_call_to_actions_0_logo":["field_5e824d1ba960c"],"coc_call_to_actions_0_display_sharing":["0"],"_coc_call_to_actions_0_display_sharing":["field_5e839353f0500"],"coc_call_to_actions_1_background_color":["#000000"],"_coc_call_to_actions_1_background_color":["field_5e824cf5a960a"],"coc_call_to_actions_1_type":[""],"_coc_call_to_actions_1_type":["field_5e824c4ca9605"],"coc_call_to_actions_1_title":["Comment accumuler des points"],"_coc_call_to_actions_1_title":["field_5e824c9ca9606"],"coc_call_to_actions_1_text":["D\u00e9couvrez comment accumuler des points et les \u00e9changer pour la chance de gagner des prix exclusifs.\r\n\r\nApprenez tous les trucs pour accumuler un maximum de points du Club olympique canadien."],"_coc_call_to_actions_1_text":["field_5e824caaa9607"],"coc_call_to_actions_1_image":["132860"],"_coc_call_to_actions_1_image":["field_5e824d0fa960b"],"coc_call_to_actions_1_button_label":["Plus d'info"],"_coc_call_to_actions_1_button_label":["field_5e824cd1a9608"],"coc_call_to_actions_1_button_link":["https:\/\/olympique.ca\/comment-accumuler-des-points-du-club-olympique-canadien\/"],"_coc_call_to_actions_1_button_link":["field_5e824ce8a9609"],"coc_call_to_actions_1_logo":[""],"_coc_call_to_actions_1_logo":["field_5e824d1ba960c"],"coc_call_to_actions_1_logo_url":[""],"_coc_call_to_actions_1_logo_url":["field_5e825b43c2499"],"coc_call_to_actions_1_display_sharing":["0"],"_coc_call_to_actions_1_display_sharing":["field_5e839353f0500"],"coc_call_to_actions_2_background_color":["#1267a7"],"_coc_call_to_actions_2_background_color":["field_5e824cf5a960a"],"coc_call_to_actions_2_type":[""],"_coc_call_to_actions_2_type":["field_5e824c4ca9605"],"coc_call_to_actions_2_title":["Bell Cause pour la cause"],"_coc_call_to_actions_2_title":["field_5e824c9ca9606"],"coc_call_to_actions_2_text":["<p data-renderer-start-pos=\"785\">Bell Cause pour la cause encourage les Canadiens \u00e0 agir et cr\u00e9er un changement positif pour la sant\u00e9 mentale. Partagez votre histoire. Appelez un ami. Aidez comme vous pouvez, \u00e0 votre fa\u00e7on.<\/p>"],"_coc_call_to_actions_2_text":["field_5e824caaa9607"],"coc_call_to_actions_2_image":["216720"],"_coc_call_to_actions_2_image":["field_5e824d0fa960b"],"coc_call_to_actions_2_button_label":["Plus d'info"],"_coc_call_to_actions_2_button_label":["field_5e824cd1a9608"],"coc_call_to_actions_2_logo":[""],"_coc_call_to_actions_2_logo":["field_5e824d1ba960c"],"coc_call_to_actions_2_display_sharing":["0"],"_coc_call_to_actions_2_display_sharing":["field_5e839353f0500"],"coc_call_to_actions_2_sharing_link":["http:\/\/clubolympique.ca\/"],"_coc_call_to_actions_2_sharing_link":["field_5eb0379a83cf7"],"coc_call_to_actions_2_twitter_text":[""],"_coc_call_to_actions_2_twitter_text":["field_5e83936bf0501"],"_x_multifield_coc_discovery_content":["a:1:{i:0;a:2:{s:26:\"coc_discovery_content_text\";s:0:\"\";s:26:\"coc_discovery_content_link\";s:0:\"\";}}"],"seo_translation_link":["https:\/\/preprod.olympic.ca\/olympic-club\/home\/"],"coc_static_ad_link":["https:\/\/www.bell.ca\/reseau"],"_coc_static_ad_link":["field_5e83b4923c7d4"],"seo_title":["\u00c9quipe Canada - Accueil | Club olympique canadien pr\u00e9sent\u00e9 par Bell"],"seo_focus_keyword":["\u00c9quipe Canada, Club, olympique, Membre, Bell, "],"seo_meta_description":["\u00c9quipe Canada - Bienvenue au Club olympique canadien, pr\u00e9sent\u00e9 par Bell. Accumulez des points et \u00e9changez des r\u00e9compenses!"],"_last_editor_used_jetpack":["block-editor"],"_yoast_wpseo_content_score":["90"],"_yoast_wpseo_estimated-reading-time-minutes":["1"],"coc_call_to_actions_2_button_link":["https:\/\/cause.bell.ca\/#EXT=CORP_OFF_URL_cause_fr"],"_coc_call_to_actions_2_button_link":["field_5e824ce8a9609"],"coc_call_to_actions_3_background_color":["#1267a7"],"_coc_call_to_actions_3_background_color":["field_5e824cf5a960a"],"coc_call_to_actions_3_type":[""],"_coc_call_to_actions_3_type":["field_5e824c4ca9605"],"coc_call_to_actions_3_title":["Athl\u00e8tes branch\u00e9s de Bell"],"_coc_call_to_actions_3_title":["field_5e824c9ca9606"],"coc_call_to_actions_3_text":["Le programme Athl\u00e8tes branch\u00e9s de Bell a \u00e9t\u00e9 cr\u00e9\u00e9 pour faciliter le parcours des athl\u00e8tes canadiens vers le podium, en les connectant \u00e0 leurs familles et amis lorsqu'ils repr\u00e9sentent le Canada \u00e0 l'international. Le programme offre aux athl\u00e8tes de l'\u00e9quipe nationale un smartphone gratuit et un forfait mensuel gratuit au Canada et aux \u00c9tats-Unis."],"_coc_call_to_actions_3_text":["field_5e824caaa9607"],"coc_call_to_actions_3_image":["249595"],"_coc_call_to_actions_3_image":["field_5e824d0fa960b"],"coc_call_to_actions_3_button_label":["Plus d'info"],"_coc_call_to_actions_3_button_label":["field_5e824cd1a9608"],"coc_call_to_actions_3_logo":[""],"_coc_call_to_actions_3_logo":["field_5e824d1ba960c"],"coc_call_to_actions_3_display_sharing":["0"],"_coc_call_to_actions_3_display_sharing":["field_5e839353f0500"],"coc_call_to_actions_3_sharing_link":["http:\/\/clubolympique.ca\/"],"_coc_call_to_actions_3_sharing_link":["field_5eb0379a83cf7"],"coc_call_to_actions_3_twitter_text":[""],"_coc_call_to_actions_3_twitter_text":["field_5e83936bf0501"],"coc_call_to_actions_0_class":[""],"_coc_call_to_actions_0_class":["field_61f036dfad4be"],"coc_call_to_actions_1_class":[""],"_coc_call_to_actions_1_class":["field_61f036dfad4be"],"coc_call_to_actions_2_class":[""],"_coc_call_to_actions_2_class":["field_61f036dfad4be"],"coc_call_to_actions_3_class":[""],"_coc_call_to_actions_3_class":["field_61f036dfad4be"],"coc_call_to_actions_0_logo_url":["https:\/\/olympique.ca\/partenaires\/bell-4\/"],"_coc_call_to_actions_0_logo_url":["field_5e825b43c2499"],"_yoast_wpseo_wordproof_timestamp":[""],"_seo_title":["field_652feeaa9308c"],"_seo_focus_keyword":["field_652ff0580091b"],"_seo_meta_description":["field_652feec09308d"],"_seo_translation_link":["field_652feee79308e"],"seo_accordion_module_title":[""],"_seo_accordion_module_title":["field_652fef009308f"],"seo_accordion":[""],"_seo_accordion":["field_652fef4793091"],"secondary_content":[""],"_secondary_content":["field_6530028284790"],"social_facebook":[""],"_social_facebook":["field_652ff39070798"],"social_twitter":[""],"_social_twitter":["field_652ff3a470799"],"social_instagram":[""],"_social_instagram":["field_652ff3ca7079a"],"social_linkedin":[""],"_social_linkedin":["field_652ff3e57079b"],"social_website":[""],"_social_website":["field_652ff4227079c"],"zeus_id":[""],"_zeus_id":["field_652ff4537079d"],"team_announcement_tag":[""],"_team_announcement_tag":["field_65300222e2d0d"],"video_embed_code":[""],"_video_embed_code":["field_652fecffe1114"],"facebook_video_embed_code":[""],"_facebook_video_embed_code":["field_652fedfae1121"],"coc_hide_title":["0"],"_coc_hide_title":["field_661d79f32b89b"],"coc_call_to_actions_3_button_link":["https:\/\/www.bell.ca\/Accueil\/Programme-Athletes-branches-de-Bell\/Programme.tab"],"_coc_call_to_actions_3_button_link":["field_5e824ce8a9609"]},"coauthors":[187829914],"class_list":["post-161004","page","type-page","status-publish","format-standard","hentry"],"acf":[],"yoast_head":"<!-- This site is optimized with the Yoast SEO plugin v27.2 - https:\/\/yoast.com\/product\/yoast-seo-wordpress\/ -->\n<title>Accueil - \u00c9quipe Canada | Site officiel de l&#039;\u00e9quipe olympique<\/title>\n<meta name=\"robots\" content=\"index, follow, max-snippet:-1, max-image-preview:large, max-video-preview:-1\" \/>\n<link rel=\"canonical\" href=\"https:\/\/preprod.olympic.ca\/olympique\/club-olympique\/accueil\/\" \/>\n<meta property=\"og:locale\" content=\"fr_FR\" \/>\n<meta property=\"og:type\" content=\"article\" \/>\n<meta property=\"og:title\" content=\"Accueil - \u00c9quipe Canada | Site officiel de l&#039;\u00e9quipe olympique\" \/>\n<meta property=\"og:description\" content=\"Bienvenue au Club olympique canadien pr\u00e9sent\u00e9 par Bell. Gagnez des prix d&rsquo;\u00c9quipe Canada, restez \u00e0 l&rsquo;aff\u00fbt des derni\u00e8res nouvelles de...\" \/>\n<meta property=\"og:url\" content=\"https:\/\/preprod.olympic.ca\/olympique\/club-olympique\/accueil\/\" \/>\n<meta property=\"og:site_name\" content=\"\u00c9quipe Canada | Site officiel de l&#039;\u00e9quipe olympique\" \/>\n<meta property=\"article:modified_time\" content=\"2024-07-23T13:01:43+00:00\" \/>\n<meta name=\"twitter:card\" content=\"summary_large_image\" \/>\n<meta name=\"twitter:label1\" content=\"Est. reading time\" \/>\n\t<meta name=\"twitter:data1\" content=\"1 minute\" \/>\n\t<meta name=\"twitter:label2\" content=\"Written by\" \/>\n\t<meta name=\"twitter:data2\" content=\"Anthony Moore\" \/>\n<script type=\"application\/ld+json\" class=\"yoast-schema-graph\">{\"@context\":\"https:\/\/schema.org\",\"@graph\":[{\"@type\":\"WebPage\",\"@id\":\"https:\/\/preprod.olympic.ca\/olympique\/club-olympique\/accueil\/\",\"url\":\"https:\/\/preprod.olympic.ca\/olympique\/club-olympique\/accueil\/\",\"name\":\"Accueil - \u00c9quipe Canada | Site officiel de l&#039;\u00e9quipe olympique\",\"isPartOf\":{\"@id\":\"https:\/\/preprod.olympic.ca\/olympique\/#website\"},\"datePublished\":\"2020-05-05T13:13:09+00:00\",\"dateModified\":\"2024-07-23T13:01:43+00:00\",\"breadcrumb\":{\"@id\":\"https:\/\/preprod.olympic.ca\/olympique\/club-olympique\/accueil\/#breadcrumb\"},\"inLanguage\":\"fr-FR\",\"potentialAction\":[{\"@type\":\"ReadAction\",\"target\":[\"https:\/\/preprod.olympic.ca\/olympique\/club-olympique\/accueil\/\"]}]},{\"@type\":\"BreadcrumbList\",\"@id\":\"https:\/\/preprod.olympic.ca\/olympique\/club-olympique\/accueil\/#breadcrumb\",\"itemListElement\":[{\"@type\":\"ListItem\",\"position\":1,\"name\":\"Club olympique\",\"item\":\"https:\/\/preprod.olympic.ca\/olympique\/club-olympique\/\"},{\"@type\":\"ListItem\",\"position\":2,\"name\":\"Accueil\"}]},{\"@type\":\"WebSite\",\"@id\":\"https:\/\/preprod.olympic.ca\/olympique\/#website\",\"url\":\"https:\/\/preprod.olympic.ca\/olympique\/\",\"name\":\"\u00c9quipe Canada | Site officiel de l&#039;\u00e9quipe olympique\",\"description\":\"Votre source pour l\u2019\u00c9quipe olympique canadienne. Retrouvez les r\u00e9cits, vid\u00e9os et photos des athl\u00e8tes canadiens, sports olympiques, Jeux olympiques de 2020 et bien plus!\",\"potentialAction\":[{\"@type\":\"SearchAction\",\"target\":{\"@type\":\"EntryPoint\",\"urlTemplate\":\"https:\/\/preprod.olympic.ca\/olympique\/?s={search_term_string}\"},\"query-input\":{\"@type\":\"PropertyValueSpecification\",\"valueRequired\":true,\"valueName\":\"search_term_string\"}}],\"inLanguage\":\"fr-FR\"}]}<\/script>\n<!-- \/ Yoast SEO plugin. -->","yoast_head_json":{"title":"Accueil - \u00c9quipe Canada | Site officiel de l&#039;\u00e9quipe olympique","robots":{"index":"index","follow":"follow","max-snippet":"max-snippet:-1","max-image-preview":"max-image-preview:large","max-video-preview":"max-video-preview:-1"},"canonical":"https:\/\/preprod.olympic.ca\/olympique\/club-olympique\/accueil\/","og_locale":"fr_FR","og_type":"article","og_title":"Accueil - \u00c9quipe Canada | Site officiel de l&#039;\u00e9quipe olympique","og_description":"Bienvenue au Club olympique canadien pr\u00e9sent\u00e9 par Bell. Gagnez des prix d&rsquo;\u00c9quipe Canada, restez \u00e0 l&rsquo;aff\u00fbt des derni\u00e8res nouvelles de...","og_url":"https:\/\/preprod.olympic.ca\/olympique\/club-olympique\/accueil\/","og_site_name":"\u00c9quipe Canada | Site officiel de l&#039;\u00e9quipe olympique","article_modified_time":"2024-07-23T13:01:43+00:00","twitter_card":"summary_large_image","twitter_misc":{"Est. reading time":"1 minute","Written by":"Anthony Moore"},"schema":{"@context":"https:\/\/schema.org","@graph":[{"@type":"WebPage","@id":"https:\/\/preprod.olympic.ca\/olympique\/club-olympique\/accueil\/","url":"https:\/\/preprod.olympic.ca\/olympique\/club-olympique\/accueil\/","name":"Accueil - \u00c9quipe Canada | Site officiel de l&#039;\u00e9quipe olympique","isPartOf":{"@id":"https:\/\/preprod.olympic.ca\/olympique\/#website"},"datePublished":"2020-05-05T13:13:09+00:00","dateModified":"2024-07-23T13:01:43+00:00","breadcrumb":{"@id":"https:\/\/preprod.olympic.ca\/olympique\/club-olympique\/accueil\/#breadcrumb"},"inLanguage":"fr-FR","potentialAction":[{"@type":"ReadAction","target":["https:\/\/preprod.olympic.ca\/olympique\/club-olympique\/accueil\/"]}]},{"@type":"BreadcrumbList","@id":"https:\/\/preprod.olympic.ca\/olympique\/club-olympique\/accueil\/#breadcrumb","itemListElement":[{"@type":"ListItem","position":1,"name":"Club olympique","item":"https:\/\/preprod.olympic.ca\/olympique\/club-olympique\/"},{"@type":"ListItem","position":2,"name":"Accueil"}]},{"@type":"WebSite","@id":"https:\/\/preprod.olympic.ca\/olympique\/#website","url":"https:\/\/preprod.olympic.ca\/olympique\/","name":"\u00c9quipe Canada | Site officiel de l&#039;\u00e9quipe olympique","description":"Votre source pour l\u2019\u00c9quipe olympique canadienne. Retrouvez les r\u00e9cits, vid\u00e9os et photos des athl\u00e8tes canadiens, sports olympiques, Jeux olympiques de 2020 et bien plus!","potentialAction":[{"@type":"SearchAction","target":{"@type":"EntryPoint","urlTemplate":"https:\/\/preprod.olympic.ca\/olympique\/?s={search_term_string}"},"query-input":{"@type":"PropertyValueSpecification","valueRequired":true,"valueName":"search_term_string"}}],"inLanguage":"fr-FR"}]}},"jetpack_sharing_enabled":true,"jetpack-related-posts":[],"jetpack_shortlink":"https:\/\/wp.me\/PcGHcP-FSQ","_links":{"self":[{"href":"https:\/\/preprod.olympic.ca\/olympique\/wp-json\/wp\/v2\/pages\/161004","targetHints":{"allow":["GET"]}}],"collection":[{"href":"https:\/\/preprod.olympic.ca\/olympique\/wp-json\/wp\/v2\/pages"}],"about":[{"href":"https:\/\/preprod.olympic.ca\/olympique\/wp-json\/wp\/v2\/types\/page"}],"author":[{"embeddable":true,"href":"https:\/\/preprod.olympic.ca\/olympique\/wp-json\/wp\/v2\/users\/24524180"}],"replies":[{"embeddable":true,"href":"https:\/\/preprod.olympic.ca\/olympique\/wp-json\/wp\/v2\/comments?post=161004"}],"version-history":[{"count":86,"href":"https:\/\/preprod.olympic.ca\/olympique\/wp-json\/wp\/v2\/pages\/161004\/revisions"}],"predecessor-version":[{"id":249970,"href":"https:\/\/preprod.olympic.ca\/olympique\/wp-json\/wp\/v2\/pages\/161004\/revisions\/249970"}],"up":[{"embeddable":true,"href":"https:\/\/preprod.olympic.ca\/olympique\/wp-json\/wp\/v2\/pages\/104230"}],"wp:attachment":[{"href":"https:\/\/preprod.olympic.ca\/olympique\/wp-json\/wp\/v2\/media?parent=161004"}],"wp:term":[{"taxonomy":"author","embeddable":true,"href":"https:\/\/preprod.olympic.ca\/olympique\/wp-json\/wp\/v2\/coauthors?post=161004"}],"curies":[{"name":"wp","href":"https:\/\/api.w.org\/{rel}","templated":true}]}}