{"id":161312,"date":"2020-06-03T13:23:54","date_gmt":"2020-06-03T17:23:54","guid":{"rendered":"https:\/\/olympique.ca\/?page_id=161312"},"modified":"2021-05-25T10:38:12","modified_gmt":"2021-05-25T14:38:12","slug":"ressources-anti-racistes-dequipe-canada","status":"publish","type":"page","link":"https:\/\/preprod.olympic.ca\/olympique\/ressources-anti-racistes-dequipe-canada\/","title":{"rendered":"Ressources anti-racistes d&rsquo;\u00c9quipe Canada"},"content":{"rendered":"<p><img loading=\"lazy\" decoding=\"async\" class=\"aligncenter wp-image-180413 size-large\" src=\"https:\/\/olympique.ca\/wp-content\/uploads\/sites\/2\/2021\/05\/Andre-De-Grasse-Team-Canada.jpeg?quality=100&amp;w=1073\" alt=\"\" width=\"1073\" height=\"754\" srcset=\"https:\/\/preprod.olympic.ca\/olympique\/wp-content\/uploads\/sites\/2\/2021\/05\/Andre-De-Grasse-Team-Canada.jpeg 1073w, https:\/\/preprod.olympic.ca\/olympique\/wp-content\/uploads\/sites\/2\/2021\/05\/Andre-De-Grasse-Team-Canada.jpeg?resize=225,158 225w, https:\/\/preprod.olympic.ca\/olympique\/wp-content\/uploads\/sites\/2\/2021\/05\/Andre-De-Grasse-Team-Canada.jpeg?resize=528,371 528w, https:\/\/preprod.olympic.ca\/olympique\/wp-content\/uploads\/sites\/2\/2021\/05\/Andre-De-Grasse-Team-Canada.jpeg?resize=768,540 768w\" sizes=\"(max-width: 1073px) 100vw, 1073px\" \/><\/p>\n<h2>Voix et accomplissements d&rsquo;athl\u00e8tes<\/h2>\n<p>Chaque athl\u00e8te d&rsquo;\u00c9quipe Canada a une histoire unique \u00e0 raconter.<\/p>\n<p>Crystal Emmanuel a partag\u00e9 son sentiment d&rsquo;\u00eatre <a href=\"https:\/\/olympique.ca\/2020\/02\/25\/crystal-emmanuel-je-suis-noire-magnifique-fiere-et-forte\/\">Noire, magnifique, fi\u00e8re et forte<\/a>.<\/p>\n<p><a href=\"https:\/\/olympique.ca\/team-canada\/phylicia-george\/\">Phylicia George<\/a> a emmen\u00e9 les fans dans <a href=\"https:\/\/olympique.ca\/2019\/05\/15\/phylicia-george-de-retour-en-terrain-connu-avec-une-nouvelle-perspective\/\">ses aller-retours entre la piste d&rsquo;athl\u00e9tisme et celle de bobsleigh<\/a>.<\/p>\n<p>\u00c0 travers les d\u00e9cennies, tant d&rsquo;<a href=\"https:\/\/olympique.ca\/2019\/02\/12\/les-athletes-afro-canadiens-qui-ont-marque-lhistoire-dequipe-canada\/\">athl\u00e8tes canadiens noirs<\/a> ont d\u00fb briser des barri\u00e8res. Dans leur combat, ils ont grandement contribu\u00e9 au succ\u00e8s sportif de notre pays.<\/p>\n<p>Bruny Surin a connu une carri\u00e8re sportive remplie de succ\u00e8s qui a \u00e9t\u00e9 couronn\u00e9e par son <a href=\"https:\/\/olympique.ca\/2010\/04\/23\/intronisee-au-temple-de-la-renommee-2010-bruny-surin\/\">intronisation au Temple de la renomm\u00e9e<\/a>. La plongeuse <a href=\"https:\/\/olympique.ca\/team-canada\/jennifer-abel\/\">Jennifer Abel<\/a> continue de repousser les limites de son sport et est l&rsquo;athl\u00e8te d&rsquo;\u00c9quipe Canada <a href=\"https:\/\/olympique.ca\/2019\/07\/15\/abel-et-citrini-beaulieu-en-argent-aux-mondiaux-et-qualifiees-pour-tokyo-2020\/\">la plus d\u00e9cor\u00e9e de l&rsquo;histoire aux Mondiaux aquatiques<\/a>.<\/p>\n<p>Les athl\u00e8tes Noirs <a href=\"https:\/\/olympique.ca\/2020\/06\/15\/les-athletes-dequipe-canada-elevent-leurs-voix-contre-le-racisme\/\">ont \u00e9lev\u00e9 leur voix contre le racisme<\/a>, utilisant leurs plateformes sociales pour encourager le monde \u00e0 \u00e9couter, apprendre et agir tout en partageant leurs perspectives personnelles.<\/p>\n<p>De <a href=\"https:\/\/olympique.ca\/team-canada\/harry-jerome\/\">Harry Jerome<\/a> \u00e0 <a href=\"https:\/\/olympique.ca\/team-canada\/donovan-bailey\/\">Donovan Bailey<\/a> en passant par <a href=\"https:\/\/olympique.ca\/team-canada\/andre-de-grasse\/\">Andre De Grasse<\/a>, le t\u00e9moin continue de se transmettre de g\u00e9n\u00e9ration en g\u00e9n\u00e9ration, tout comme le message de l&rsquo;antiracisme.<\/p>\n<p style=\"text-align: center;\"><em><strong>Ci-dessous, retrouvez des ressources \u00e9ducatives et des organisations qui offrent des perspectives et de l&rsquo;information importantes pour la lutte contre le racisme syst\u00e9mique.<\/strong><\/em><\/p>\n<h2>Ressources \u00e9ducatives<\/h2>\n<p>La Ligue des droits et libert\u00e9s (LDL) du Qu\u00e9bec a produit le document de vulgarisation <a href=\"https:\/\/liguedesdroits.ca\/wp-content\/fichiers\/ldl_brochure_racisme_final_20170905.pdf\"><em>Le racisme syst\u00e9mique&#8230; parlons-en!<\/em><\/a> qui r\u00e9pond clairement \u00e0 des questions souvent pos\u00e9es sur le racisme. Y sont notamment abord\u00e9s le privil\u00e8ge blanc, la terminologie \u00e0 employer dans nos discussions et les actions que l&rsquo;on peut entreprendre pour aider la cause.<\/p>\n<p><a href=\"http:\/\/liguedesdroitsqc.org\/racismeressources\/\">Cette section du site web<\/a> de la LDL rassemble une tonne de ressources utiles en fran\u00e7ais pour en apprendre plus sur la r\u00e9alit\u00e9 du racisme ou encore pour aborder le sujet avec les enfants.<\/p>\n<p>La Commission des droits de la personnes et des droits de la jeunesse du Qu\u00e9bec offre une s\u00e9ance de formation tout \u00e0 fait gratuite intitul\u00e9e\u00a0<a href=\"http:\/\/www.cdpdj.qc.ca\/fr\/formation\/seances-charte\/Pages\/seance-13.aspx\"><em>Racisme : Comprendre pour agir<\/em><\/a>. La formation peut \u00eatre adapt\u00e9e \u00e0 tous les groupes, d&rsquo;un d\u00e9partement d&rsquo;entreprise \u00e0 des d\u00e9put\u00e9s r\u00e9gionaux ou encore \u00e0 des groupes de d\u00e9fense de droits de la personne.<\/p>\n<p>Le Gouvernement du Canada a r\u00e9uni <a href=\"https:\/\/www.canada.ca\/fr\/patrimoine-canadien\/campagnes\/mobilisation-contre-racisme\/ressources.html\">dans cette page<\/a> toutes ses ressources documentaires pertinentes dans la lutte contre le racisme, incluant des documents d&rsquo;aide juridique et des rapports sur la situation au pays.<\/p>\n<h2>Organisations<\/h2>\n<p>Cr\u00e9\u00e9 aux \u00c9tats-Unis, le mouvement international Black Lives Matter a maintenant des branches partout dans le monde, incluant \u00e0 <a href=\"https:\/\/blacklivesmatter.ca\/\">Toronto<\/a> et Vancouver.<\/p>\n<p>La<a href=\"https:\/\/www.crrf-fcrr.ca\/fr\/\"> Fondation canadienne des relations raciales<\/a> est le principal organisme du pays \u00e0 se consacrer \u00e0 l&rsquo;\u00e9limination du racisme et toutes les formes de discriminations raciales dans la soci\u00e9t\u00e9 canadienne<\/p>\n<p>La Soci\u00e9t\u00e9 canadienne de recherche et d&rsquo;\u00e9ducation anti-racisme et le R\u00e9seau canadien anti-haine se concentrent \u00e0 fermer les groupes haineux.<\/p>\n<p>Il y a de nombreuses organisations \u00e0 travers le Canada qui lutte pour l&rsquo;anti-racisme. Retrouvez <a href=\"https:\/\/crescendowork.com\/workplace-inclusion-blog\/2020\/5\/30\/anti-racist-organizations-canada-support-donate\">plus d&rsquo;information sur ces groupes ici<\/a>. (En anglais)<\/p>\n","protected":false},"excerpt":{"rendered":"<p>Voix et accomplissements d&rsquo;athl\u00e8tes Chaque athl\u00e8te d&rsquo;\u00c9quipe Canada a une histoire unique \u00e0 raconter. Crystal Emmanuel a partag\u00e9 son sentiment&#8230;<\/p>\n","protected":false},"author":132655687,"featured_media":142665,"parent":0,"menu_order":0,"comment_status":"closed","ping_status":"closed","template":"","meta":{"_edit_lock":["1621953493:150719016"],"_edit_last":["150719016"],"_oembed_cd05563f07258ab316b95f7d55dd49f4":["<blockquote class=\"wp-embedded-content\" data-secret=\"47zXF3mrLE\"><a href=\"https:\/\/olympique.ca\/2020\/02\/25\/crystal-emmanuel-je-suis-noire-magnifique-fiere-et-forte\/\">Crystal Emmanuel : Je suis Noire, magnifique, fi\u00e8re et forte<\/a><\/blockquote><iframe title=\"\u00ab\u00a0Crystal Emmanuel : Je suis Noire, magnifique, fi\u00e8re et forte\u00a0\u00bb &#8212; \u00c9quipe Canada | Site officiel de l&#039;\u00e9quipe olympique\" class=\"wp-embedded-content\" sandbox=\"allow-scripts\" security=\"restricted\" style=\"position: absolute; clip: rect(1px, 1px, 1px, 1px);\" src=\"https:\/\/olympique.ca\/2020\/02\/25\/crystal-emmanuel-je-suis-noire-magnifique-fiere-et-forte\/embed\/#?secret=47zXF3mrLE\" data-secret=\"47zXF3mrLE\" width=\"600\" height=\"338\" frameborder=\"0\" marginwidth=\"0\" marginheight=\"0\" scrolling=\"no\"><\/iframe>"],"_oembed_time_cd05563f07258ab316b95f7d55dd49f4":["1591131581"],"_oembed_598e798f60025e885aad2126ae541b1a":["<blockquote class=\"wp-embedded-content\" data-secret=\"MOTBJMHpkX\"><a href=\"https:\/\/olympique.ca\/2019\/02\/12\/les-athletes-afro-canadiens-qui-ont-marque-lhistoire-dequipe-canada\/\">Les athl\u00e8tes afro-canadiens qui ont marqu\u00e9 l&rsquo;histoire d&rsquo;\u00c9quipe Canada<\/a><\/blockquote><iframe title=\"\u00ab\u00a0Les athl\u00e8tes afro-canadiens qui ont marqu\u00e9 l&rsquo;histoire d&rsquo;\u00c9quipe Canada\u00a0\u00bb &#8212; \u00c9quipe Canada | Site officiel de l&#039;\u00e9quipe olympique\" class=\"wp-embedded-content\" sandbox=\"allow-scripts\" security=\"restricted\" style=\"position: absolute; clip: rect(1px, 1px, 1px, 1px);\" src=\"https:\/\/olympique.ca\/2019\/02\/12\/les-athletes-afro-canadiens-qui-ont-marque-lhistoire-dequipe-canada\/embed\/#?secret=MOTBJMHpkX\" data-secret=\"MOTBJMHpkX\" width=\"600\" height=\"338\" frameborder=\"0\" marginwidth=\"0\" marginheight=\"0\" scrolling=\"no\"><\/iframe>"],"_oembed_time_598e798f60025e885aad2126ae541b1a":["1591131599"],"_wp_page_template":["default"],"coc_sharing_options":["a:1:{s:18:\"coc_hide_share_bar\";b:0;}"],"coc_campaign_options":["a:4:{s:16:\"coc_campaign_tag\";s:0:\"\";s:15:\"coc_campaign_bg\";N;s:25:\"coc_campaign_bg_downloads\";a:0:{}s:20:\"coc_campaign_posters\";a:0:{}}"],"coc_team_options":["a:1:{s:15:\"coc_game_select\";i:156417;}"],"coc_oc_landing_options":["a:2:{s:17:\"coc_oc_landing_bg\";N;s:22:\"coc_oc_landing_stories\";a:0:{}}"],"coc_edit_profile_options":["a:1:{s:20:\"coc_favourite_sports\";a:0:{}}"],"coc_oc_reward_options":["a:13:{s:16:\"coc_oc_reward_id\";s:0:\"\";s:19:\"coc_oc_ac_reward_id\";s:0:\"\";s:20:\"coc_oc_reward_points\";s:0:\"\";s:19:\"coc_oc_reward_rules\";N;s:31:\"coc_oc_digital_download_desktop\";N;s:30:\"coc_oc_digital_download_mobile\";N;s:32:\"coc_oc_digital_download_facebook\";N;s:29:\"coc_oc_reward_success_message\";s:0:\"\";s:23:\"coc_oc_facebook_content\";s:0:\"\";s:22:\"coc_oc_twitter_content\";s:0:\"\";s:24:\"coc_oc_social_contest_id\";s:0:\"\";s:31:\"coc_oc_reward_logged_in_message\";s:0:\"\";s:32:\"coc_oc_reward_logged_out_message\";s:0:\"\";}"],"coc_press_options":["a:2:{s:28:\"coc_press_additional_content\";s:0:\"\";s:27:\"coc_press_resource_category\";a:0:{}}"],"coc_breaking_news_options":["a:1:{s:25:\"coc_breaking_news_details\";a:0:{}}"],"coc_be_olympic_options":["a:8:{s:37:\"coc_be_olympic_exclusive_content_link\";s:0:\"\";s:27:\"coc_be_olympic_videos_title\";s:0:\"\";s:21:\"coc_be_olympic_videos\";a:0:{}s:27:\"coc_be_olympic_photos_title\";s:0:\"\";s:21:\"coc_be_olympic_photos\";a:0:{}s:24:\"coc_be_olympic_downloads\";a:0:{}s:22:\"coc_be_olympic_quizzes\";a:0:{}s:26:\"coc_be_olympic_fan_fun_ads\";a:0:{}}"],"coc_fan_fun_options":["a:2:{s:23:\"coc_fan_fun_hammer_time\";a:2:{s:29:\"coc_fan_fun_hammer_time_image\";N;s:27:\"coc_fan_fun_hammer_time_url\";s:0:\"\";}s:22:\"coc_fan_fun_torch_dash\";a:2:{s:28:\"coc_fan_fun_torch_dash_image\";N;s:26:\"coc_fan_fun_torch_dash_url\";s:0:\"\";}}"],"coc_interactive_game_options":["a:3:{s:28:\"coc_interactive_game_message\";s:0:\"\";s:24:\"coc_interactive_game_url\";s:0:\"\";s:27:\"coc_interactive_game_iframe\";b:0;}"],"coc_olympic_club_options":["a:1:{s:12:\"redirect_url\";s:0:\"\";}"],"coc_favorites_options":["a:3:{s:13:\"content_types\";a:0:{}s:7:\"seasons\";a:0:{}s:4:\"gear\";a:0:{}}"],"coc_og_tags":["a:3:{s:8:\"og_title\";s:0:\"\";s:14:\"og_description\";s:0:\"\";s:8:\"og_image\";N;}"],"coc_education_options":["A"],"coc_page_options":["a:2:{s:14:\"show_crazy_egg\";b:0;s:30:\"coc_partner_takeover_ads_story\";a:5:{s:20:\"coc_ad_story_desktop\";N;s:26:\"coc_ad_story_desktop_label\";s:0:\"\";s:19:\"coc_ad_story_mobile\";N;s:25:\"coc_ad_story_mobile_label\";s:0:\"\";s:16:\"coc_ad_story_url\";s:0:\"\";}}"],"coc_donor_video_options":["a:1:{s:21:\"donor_featured_videos\";a:0:{}}"],"coc_about_video_options":["a:1:{s:11:\"about_video\";a:3:{s:21:\"coc_about_video_title\";s:0:\"\";s:20:\"coc_about_video_text\";s:0:\"\";s:21:\"coc_about_youtube_url\";s:0:\"\";}}"],"coc_about_image_options":["a:1:{s:11:\"about_image\";a:3:{s:21:\"coc_about_image_title\";s:0:\"\";s:20:\"coc_about_image_text\";s:0:\"\";s:19:\"coc_about_image_url\";N;}}"],"coc_about_reporting_options":["a:1:{s:23:\"about_reporting_options\";a:0:{}}"],"coc_about_audit_options":["a:1:{s:19:\"about_audit_options\";a:0:{}}"],"coc_giving_options":["a:1:{s:14:\"giving_options\";a:0:{}}"],"coc_homepage_video_options":["a:1:{s:13:\"video_options\";a:1:{s:18:\"coc_homepage_video\";s:0:\"\";}}"],"coc_homepage_priorities":["a:1:{s:16:\"priority_options\";a:0:{}}"],"coc_homepage_campaign_options":["a:1:{s:16:\"campaign_options\";a:3:{s:24:\"coc_campaign_video_title\";s:0:\"\";s:23:\"coc_campaign_video_text\";s:0:\"\";s:24:\"coc_campaign_youtube_url\";s:0:\"\";}}"],"hof_selected_committee":["a:1:{s:11:\"hof_members\";a:0:{}}"],"hof_partners_options":["a:1:{s:12:\"hof_partners\";a:0:{}}"],"hof_search_excerpt":["a:1:{s:18:\"coc_search_excerpt\";s:0:\"\";}"],"seo_title":["Ressources anti-racistes d'\u00c9quipe Canada"],"seo_focus_keyword":["\u00c9quipe Canada, Ressources, Racisme, Diversit\u00e9, Inclusion, Noirs, Mois de l'histoire des Noirs, 2020, Information, \u00c9ducation, Organisations, Groupes, Aide, Vulgarisation, Athl\u00e8tes, T\u00e9moignages, Organismes, Racisme syst\u00e9mique"],"seo_meta_description":["\u00c9quipe Canada - Des ressources \u00e9ducatives en fran\u00e7ais sur le racisme et des organisations qui oeuvres pour les droits des communaut\u00e9s noires au Canada."],"_x_multifield_seo_accordion":["a:1:{i:0;a:2:{s:19:\"seo_accordion_title\";s:0:\"\";s:25:\"seo_accordion_description\";s:0:\"\";}}"],"_oembed_85e81bbd1359ab3eeab6d5abdfe63a5a":["<blockquote class=\"wp-embedded-content\" data-secret=\"z8fLhI4rXV\"><a href=\"https:\/\/olympique.ca\/2020\/02\/25\/crystal-emmanuel-je-suis-noire-magnifique-fiere-et-forte\/\">Crystal Emmanuel : Je suis Noire, magnifique, fi\u00e8re et forte<\/a><\/blockquote><iframe title=\"\u00ab\u00a0Crystal Emmanuel : Je suis Noire, magnifique, fi\u00e8re et forte\u00a0\u00bb &#8212; \u00c9quipe Canada | Site officiel de l&#039;\u00e9quipe olympique\" class=\"wp-embedded-content\" sandbox=\"allow-scripts\" security=\"restricted\" style=\"position: absolute; clip: rect(1px, 1px, 1px, 1px);\" src=\"https:\/\/olympique.ca\/2020\/02\/25\/crystal-emmanuel-je-suis-noire-magnifique-fiere-et-forte\/embed\/#?secret=z8fLhI4rXV\" data-secret=\"z8fLhI4rXV\" width=\"600\" height=\"338\" frameborder=\"0\" marginwidth=\"0\" marginheight=\"0\" scrolling=\"no\"><\/iframe>"],"_oembed_time_85e81bbd1359ab3eeab6d5abdfe63a5a":["1591131608"],"_oembed_27d2904f6dda56e45ecfe6e004998aff":["<blockquote class=\"wp-embedded-content\" data-secret=\"0uf7qLEN0e\"><a href=\"https:\/\/olympique.ca\/2019\/02\/12\/les-athletes-afro-canadiens-qui-ont-marque-lhistoire-dequipe-canada\/\">Les athl\u00e8tes afro-canadiens qui ont marqu\u00e9 l&rsquo;histoire d&rsquo;\u00c9quipe Canada<\/a><\/blockquote><iframe title=\"\u00ab\u00a0Les athl\u00e8tes afro-canadiens qui ont marqu\u00e9 l&rsquo;histoire d&rsquo;\u00c9quipe Canada\u00a0\u00bb &#8212; \u00c9quipe Canada | Site officiel de l&#039;\u00e9quipe olympique\" class=\"wp-embedded-content\" sandbox=\"allow-scripts\" security=\"restricted\" style=\"position: absolute; clip: rect(1px, 1px, 1px, 1px);\" src=\"https:\/\/olympique.ca\/2019\/02\/12\/les-athletes-afro-canadiens-qui-ont-marque-lhistoire-dequipe-canada\/embed\/#?secret=0uf7qLEN0e\" data-secret=\"0uf7qLEN0e\" width=\"600\" height=\"338\" frameborder=\"0\" marginwidth=\"0\" marginheight=\"0\" scrolling=\"no\"><\/iframe>"],"_oembed_time_27d2904f6dda56e45ecfe6e004998aff":["1591131608"],"_oembed_9523928900c1a84706f2006c9780fd1c":["<blockquote class=\"wp-embedded-content\" data-secret=\"KwR656qZTC\"><a href=\"https:\/\/olympique.ca\/2010\/04\/23\/intronisee-au-temple-de-la-renommee-2010-bruny-surin\/\">Intronis\u00e9 au Temple de la renomm\u00e9e 2010 : Bruny Surin<\/a><\/blockquote><iframe title=\"\u00ab\u00a0Intronis\u00e9 au Temple de la renomm\u00e9e 2010 : Bruny Surin\u00a0\u00bb &#8212; \u00c9quipe Canada | Site officiel de l&#039;\u00e9quipe olympique\" class=\"wp-embedded-content\" sandbox=\"allow-scripts\" security=\"restricted\" style=\"position: absolute; clip: rect(1px, 1px, 1px, 1px);\" src=\"https:\/\/olympique.ca\/2010\/04\/23\/intronisee-au-temple-de-la-renommee-2010-bruny-surin\/embed\/#?secret=KwR656qZTC\" data-secret=\"KwR656qZTC\" width=\"600\" height=\"338\" frameborder=\"0\" marginwidth=\"0\" marginheight=\"0\" scrolling=\"no\"><\/iframe>"],"_oembed_time_9523928900c1a84706f2006c9780fd1c":["1591131770"],"coc_games":[""],"_coc_games":["field_5e83bf020f51f"],"coc_trivia":[""],"_coc_trivia":["field_5e83bacdec2aa"],"_thumbnail_id":["142665"],"seo_translation_link":["https:\/\/preprod.olympic.ca\/team-canada-anti-racism-resources\/"],"_last_editor_used_jetpack":["block-editor"],"_yoast_wpseo_content_score":["30"],"_yoast_wpseo_estimated-reading-time-minutes":["3"]},"coauthors":[415985478],"class_list":["post-161312","page","type-page","status-publish","format-standard","has-post-thumbnail","hentry"],"acf":[],"yoast_head":"<!-- This site is optimized with the Yoast SEO plugin v27.3 - https:\/\/yoast.com\/product\/yoast-seo-wordpress\/ -->\n<title>Ressources anti-racistes d&#039;\u00c9quipe Canada - \u00c9quipe Canada | Site officiel de l&#039;\u00e9quipe olympique<\/title>\n<meta name=\"robots\" content=\"index, follow, max-snippet:-1, max-image-preview:large, max-video-preview:-1\" \/>\n<link rel=\"canonical\" href=\"https:\/\/preprod.olympic.ca\/olympique\/ressources-anti-racistes-dequipe-canada\/\" \/>\n<meta property=\"og:locale\" content=\"fr_FR\" \/>\n<meta property=\"og:type\" content=\"article\" \/>\n<meta property=\"og:title\" content=\"Ressources anti-racistes d&#039;\u00c9quipe Canada - \u00c9quipe Canada | Site officiel de l&#039;\u00e9quipe olympique\" \/>\n<meta property=\"og:description\" content=\"Voix et accomplissements d&rsquo;athl\u00e8tes Chaque athl\u00e8te d&rsquo;\u00c9quipe Canada a une histoire unique \u00e0 raconter. Crystal Emmanuel a partag\u00e9 son sentiment...\" \/>\n<meta property=\"og:url\" content=\"https:\/\/preprod.olympic.ca\/olympique\/ressources-anti-racistes-dequipe-canada\/\" \/>\n<meta property=\"og:site_name\" content=\"\u00c9quipe Canada | Site officiel de l&#039;\u00e9quipe olympique\" \/>\n<meta property=\"article:modified_time\" content=\"2021-05-25T14:38:12+00:00\" \/>\n<meta property=\"og:image\" content=\"https:\/\/preprod.olympic.ca\/olympique\/wp-content\/uploads\/sites\/2\/2018\/09\/cot-logo.jpg?quality=100\" \/>\n\t<meta property=\"og:image:width\" content=\"7584\" \/>\n\t<meta property=\"og:image:height\" content=\"2084\" \/>\n\t<meta property=\"og:image:type\" content=\"image\/jpeg\" \/>\n<meta name=\"twitter:card\" content=\"summary_large_image\" \/>\n<meta name=\"twitter:label1\" content=\"Est. reading time\" \/>\n\t<meta name=\"twitter:data1\" content=\"3 minutes\" \/>\n\t<meta name=\"twitter:label2\" content=\"Written by\" \/>\n\t<meta name=\"twitter:data2\" content=\"Camille Laventure\" \/>\n<script type=\"application\/ld+json\" class=\"yoast-schema-graph\">{\"@context\":\"https:\\\/\\\/schema.org\",\"@graph\":[{\"@type\":\"WebPage\",\"@id\":\"https:\\\/\\\/preprod.olympic.ca\\\/olympique\\\/ressources-anti-racistes-dequipe-canada\\\/\",\"url\":\"https:\\\/\\\/preprod.olympic.ca\\\/olympique\\\/ressources-anti-racistes-dequipe-canada\\\/\",\"name\":\"Ressources anti-racistes d'\u00c9quipe Canada - \u00c9quipe Canada | Site officiel de l&#039;\u00e9quipe olympique\",\"isPartOf\":{\"@id\":\"https:\\\/\\\/preprod.olympic.ca\\\/olympique\\\/#website\"},\"primaryImageOfPage\":{\"@id\":\"https:\\\/\\\/preprod.olympic.ca\\\/olympique\\\/ressources-anti-racistes-dequipe-canada\\\/#primaryimage\"},\"image\":{\"@id\":\"https:\\\/\\\/preprod.olympic.ca\\\/olympique\\\/ressources-anti-racistes-dequipe-canada\\\/#primaryimage\"},\"thumbnailUrl\":\"https:\\\/\\\/preprod.olympic.ca\\\/olympique\\\/wp-content\\\/uploads\\\/sites\\\/2\\\/2018\\\/09\\\/cot-logo.jpg?quality=100\",\"datePublished\":\"2020-06-03T17:23:54+00:00\",\"dateModified\":\"2021-05-25T14:38:12+00:00\",\"inLanguage\":\"fr-FR\",\"potentialAction\":[{\"@type\":\"ReadAction\",\"target\":[\"https:\\\/\\\/preprod.olympic.ca\\\/olympique\\\/ressources-anti-racistes-dequipe-canada\\\/\"]}]},{\"@type\":\"ImageObject\",\"inLanguage\":\"fr-FR\",\"@id\":\"https:\\\/\\\/preprod.olympic.ca\\\/olympique\\\/ressources-anti-racistes-dequipe-canada\\\/#primaryimage\",\"url\":\"https:\\\/\\\/preprod.olympic.ca\\\/olympique\\\/wp-content\\\/uploads\\\/sites\\\/2\\\/2018\\\/09\\\/cot-logo.jpg?quality=100\",\"contentUrl\":\"https:\\\/\\\/preprod.olympic.ca\\\/olympique\\\/wp-content\\\/uploads\\\/sites\\\/2\\\/2018\\\/09\\\/cot-logo.jpg?quality=100\",\"width\":7584,\"height\":2084},{\"@type\":\"WebSite\",\"@id\":\"https:\\\/\\\/preprod.olympic.ca\\\/olympique\\\/#website\",\"url\":\"https:\\\/\\\/preprod.olympic.ca\\\/olympique\\\/\",\"name\":\"\u00c9quipe Canada | Site officiel de l&#039;\u00e9quipe olympique\",\"description\":\"Votre source pour l\u2019\u00c9quipe olympique canadienne. Retrouvez les r\u00e9cits, vid\u00e9os et photos des athl\u00e8tes canadiens, sports olympiques, Jeux olympiques de 2020 et bien plus!\",\"potentialAction\":[{\"@type\":\"SearchAction\",\"target\":{\"@type\":\"EntryPoint\",\"urlTemplate\":\"https:\\\/\\\/preprod.olympic.ca\\\/olympique\\\/?s={search_term_string}\"},\"query-input\":{\"@type\":\"PropertyValueSpecification\",\"valueRequired\":true,\"valueName\":\"search_term_string\"}}],\"inLanguage\":\"fr-FR\"}]}<\/script>\n<!-- \/ Yoast SEO plugin. -->","yoast_head_json":{"title":"Ressources anti-racistes d'\u00c9quipe Canada - \u00c9quipe Canada | Site officiel de l&#039;\u00e9quipe olympique","robots":{"index":"index","follow":"follow","max-snippet":"max-snippet:-1","max-image-preview":"max-image-preview:large","max-video-preview":"max-video-preview:-1"},"canonical":"https:\/\/preprod.olympic.ca\/olympique\/ressources-anti-racistes-dequipe-canada\/","og_locale":"fr_FR","og_type":"article","og_title":"Ressources anti-racistes d'\u00c9quipe Canada - \u00c9quipe Canada | Site officiel de l&#039;\u00e9quipe olympique","og_description":"Voix et accomplissements d&rsquo;athl\u00e8tes Chaque athl\u00e8te d&rsquo;\u00c9quipe Canada a une histoire unique \u00e0 raconter. Crystal Emmanuel a partag\u00e9 son sentiment...","og_url":"https:\/\/preprod.olympic.ca\/olympique\/ressources-anti-racistes-dequipe-canada\/","og_site_name":"\u00c9quipe Canada | Site officiel de l&#039;\u00e9quipe olympique","article_modified_time":"2021-05-25T14:38:12+00:00","og_image":[{"width":7584,"height":2084,"url":"https:\/\/preprod.olympic.ca\/olympique\/wp-content\/uploads\/sites\/2\/2018\/09\/cot-logo.jpg?quality=100","type":"image\/jpeg"}],"twitter_card":"summary_large_image","twitter_misc":{"Est. reading time":"3 minutes","Written by":"Camille Laventure"},"schema":{"@context":"https:\/\/schema.org","@graph":[{"@type":"WebPage","@id":"https:\/\/preprod.olympic.ca\/olympique\/ressources-anti-racistes-dequipe-canada\/","url":"https:\/\/preprod.olympic.ca\/olympique\/ressources-anti-racistes-dequipe-canada\/","name":"Ressources anti-racistes d'\u00c9quipe Canada - \u00c9quipe Canada | Site officiel de l&#039;\u00e9quipe olympique","isPartOf":{"@id":"https:\/\/preprod.olympic.ca\/olympique\/#website"},"primaryImageOfPage":{"@id":"https:\/\/preprod.olympic.ca\/olympique\/ressources-anti-racistes-dequipe-canada\/#primaryimage"},"image":{"@id":"https:\/\/preprod.olympic.ca\/olympique\/ressources-anti-racistes-dequipe-canada\/#primaryimage"},"thumbnailUrl":"https:\/\/preprod.olympic.ca\/olympique\/wp-content\/uploads\/sites\/2\/2018\/09\/cot-logo.jpg?quality=100","datePublished":"2020-06-03T17:23:54+00:00","dateModified":"2021-05-25T14:38:12+00:00","inLanguage":"fr-FR","potentialAction":[{"@type":"ReadAction","target":["https:\/\/preprod.olympic.ca\/olympique\/ressources-anti-racistes-dequipe-canada\/"]}]},{"@type":"ImageObject","inLanguage":"fr-FR","@id":"https:\/\/preprod.olympic.ca\/olympique\/ressources-anti-racistes-dequipe-canada\/#primaryimage","url":"https:\/\/preprod.olympic.ca\/olympique\/wp-content\/uploads\/sites\/2\/2018\/09\/cot-logo.jpg?quality=100","contentUrl":"https:\/\/preprod.olympic.ca\/olympique\/wp-content\/uploads\/sites\/2\/2018\/09\/cot-logo.jpg?quality=100","width":7584,"height":2084},{"@type":"WebSite","@id":"https:\/\/preprod.olympic.ca\/olympique\/#website","url":"https:\/\/preprod.olympic.ca\/olympique\/","name":"\u00c9quipe Canada | Site officiel de l&#039;\u00e9quipe olympique","description":"Votre source pour l\u2019\u00c9quipe olympique canadienne. Retrouvez les r\u00e9cits, vid\u00e9os et photos des athl\u00e8tes canadiens, sports olympiques, Jeux olympiques de 2020 et bien plus!","potentialAction":[{"@type":"SearchAction","target":{"@type":"EntryPoint","urlTemplate":"https:\/\/preprod.olympic.ca\/olympique\/?s={search_term_string}"},"query-input":{"@type":"PropertyValueSpecification","valueRequired":true,"valueName":"search_term_string"}}],"inLanguage":"fr-FR"}]}},"jetpack_sharing_enabled":true,"jetpack-related-posts":[],"jetpack_shortlink":"https:\/\/wp.me\/PcGHcP-FXO","_links":{"self":[{"href":"https:\/\/preprod.olympic.ca\/olympique\/wp-json\/wp\/v2\/pages\/161312","targetHints":{"allow":["GET"]}}],"collection":[{"href":"https:\/\/preprod.olympic.ca\/olympique\/wp-json\/wp\/v2\/pages"}],"about":[{"href":"https:\/\/preprod.olympic.ca\/olympique\/wp-json\/wp\/v2\/types\/page"}],"author":[{"embeddable":true,"href":"https:\/\/preprod.olympic.ca\/olympique\/wp-json\/wp\/v2\/users\/132655687"}],"replies":[{"embeddable":true,"href":"https:\/\/preprod.olympic.ca\/olympique\/wp-json\/wp\/v2\/comments?post=161312"}],"version-history":[{"count":9,"href":"https:\/\/preprod.olympic.ca\/olympique\/wp-json\/wp\/v2\/pages\/161312\/revisions"}],"predecessor-version":[{"id":180415,"href":"https:\/\/preprod.olympic.ca\/olympique\/wp-json\/wp\/v2\/pages\/161312\/revisions\/180415"}],"wp:featuredmedia":[{"embeddable":true,"href":"https:\/\/preprod.olympic.ca\/olympique\/wp-json\/wp\/v2\/media\/142665"}],"wp:attachment":[{"href":"https:\/\/preprod.olympic.ca\/olympique\/wp-json\/wp\/v2\/media?parent=161312"}],"wp:term":[{"taxonomy":"author","embeddable":true,"href":"https:\/\/preprod.olympic.ca\/olympique\/wp-json\/wp\/v2\/coauthors?post=161312"}],"curies":[{"name":"wp","href":"https:\/\/api.w.org\/{rel}","templated":true}]}}