{"id":163902,"date":"2020-10-27T15:44:28","date_gmt":"2020-10-27T19:44:28","guid":{"rendered":"https:\/\/olympique.ca\/?page_id=163902"},"modified":"2020-10-27T15:44:28","modified_gmt":"2020-10-27T19:44:28","slug":"phyllis-haslam","status":"publish","type":"page","link":"https:\/\/preprod.olympic.ca\/olympique\/temple-de-la-renommee-olympique-du-canada\/phyllis-haslam\/","title":{"rendered":"Phyllis Haslam"},"content":{"rendered":"<p class=\"p1\"><i>La nageuse canadienne Phylis Haslam a remport\u00e9 deux m\u00e9dailles des Jeux de l\u2019Empire britannique \u00e0 Hamilton en 1934. <\/i><\/p>\n<p class=\"p1\">Phyllis Haslam a repr\u00e9sent\u00e9 le Canada aux Jeux de l\u2019Empire britannique en 1934 \u00e0 Hamilton, remportant l\u2019or au relais 3&#215;100 verges quatre nages et l\u2019argent au 200 verges dos. Elle a \u00e9tabli un record du monde au 100 verges dos aux essais pour les Jeux de l\u2019Empire britannique de 1934. En 1932, elle a \u00e9tabli les records canadiens au 100 verges et au 200 verges dos.<\/p>\n<p class=\"p3\">Haslam est n\u00e9e \u00e0 Dharmsala en Inde, d\u2019un p\u00e8re missionnaire et d\u2019une m\u00e8re m\u00e9decin qui y travaillait au moment de sa naissance. La famille est rentr\u00e9e au pays en 1916 avant de d\u00e9m\u00e9nager en Saskatchewan en 1922. C\u2019est apr\u00e8s son arriv\u00e9e \u00e0 l\u2019Universit\u00e9 de la Saskatchewan en 1930 que Haslam s\u2019est tourn\u00e9e vers la natation comp\u00e9titive, et d\u00e8s 1934 elle a \u00e9tabli des records universitaires en plus de mettre la main sur quatre titres individuels. Haslam a par la suite \u00e9tudi\u00e9 \u00e0 l\u2019Universit\u00e9 de Toronto en 1934 et 1935 remportant les championnats individuels et en \u00e9quipe au cours de ses trois saisons avec l\u2019\u00e9quipe de l\u2019\u00e9cole.<\/p>\n<p class=\"p3\">Pendant un quart de si\u00e8cle, Haslam a \u00e9t\u00e9 la premi\u00e8re directrice g\u00e9n\u00e9rale de la Soci\u00e9t\u00e9 Elizabeth-Fry de Toronto. En reconnaissance de son d\u00e9vouement \u00e0 la cause du bien-\u00eatre des personnes criminalis\u00e9es ici comme ailleurs, tout sp\u00e9cialement chez les femmes, Haslam a \u00e9t\u00e9 re\u00e7ue Offici\u00e8re de l\u2019Ordre du Canada en 1978. La r\u00e9sidence Phyllis-Haslam \u00e0 Elizabeth-Fry \u00e0 Toronto a \u00e9t\u00e9 nomm\u00e9e en son honneur, tout comme le croissant et le chemin Haslam \u00e0 Saskatoon.<\/p>\n<p class=\"p3\">Haslam a \u00e9t\u00e9 intronis\u00e9e au Panth\u00e9on des sports de la Saskatchewan en 1975, au Temple de la renomm\u00e9e olympique du Canada en 1977 et au Panth\u00e9on et Mus\u00e9e des sports aquatiques du Canada.<\/p>\n","protected":false},"excerpt":{"rendered":"<p>La nageuse canadienne Phylis Haslam a remport\u00e9 deux m\u00e9dailles des Jeux de l\u2019Empire britannique \u00e0 Hamilton en 1934. Phyllis Haslam&#8230;<\/p>\n","protected":false},"author":132655687,"featured_media":0,"parent":28614,"menu_order":0,"comment_status":"closed","ping_status":"closed","template":"","meta":{"_edit_lock":["1603827843:132655687"],"_edit_last":["132655687"],"_wp_page_template":["default"],"coc_games":[""],"_coc_games":["field_5e83bf020f51f"],"coc_trivia":[""],"_coc_trivia":["field_5e83bacdec2aa"],"coc_sharing_options":["a:1:{s:18:\"coc_hide_share_bar\";b:0;}"],"coc_campaign_options":["a:4:{s:16:\"coc_campaign_tag\";s:0:\"\";s:15:\"coc_campaign_bg\";N;s:25:\"coc_campaign_bg_downloads\";a:0:{}s:20:\"coc_campaign_posters\";a:0:{}}"],"coc_team_options":["a:1:{s:15:\"coc_game_select\";i:156417;}"],"coc_oc_landing_options":["a:2:{s:17:\"coc_oc_landing_bg\";N;s:22:\"coc_oc_landing_stories\";a:0:{}}"],"coc_edit_profile_options":["a:1:{s:20:\"coc_favourite_sports\";a:0:{}}"],"coc_oc_reward_options":["a:12:{s:16:\"coc_oc_reward_id\";s:0:\"\";s:20:\"coc_oc_reward_points\";s:0:\"\";s:19:\"coc_oc_reward_rules\";N;s:31:\"coc_oc_digital_download_desktop\";N;s:30:\"coc_oc_digital_download_mobile\";N;s:32:\"coc_oc_digital_download_facebook\";N;s:29:\"coc_oc_reward_success_message\";s:0:\"\";s:23:\"coc_oc_facebook_content\";s:0:\"\";s:22:\"coc_oc_twitter_content\";s:0:\"\";s:24:\"coc_oc_social_contest_id\";s:0:\"\";s:31:\"coc_oc_reward_logged_in_message\";s:0:\"\";s:32:\"coc_oc_reward_logged_out_message\";s:0:\"\";}"],"coc_press_options":["a:2:{s:28:\"coc_press_additional_content\";s:0:\"\";s:27:\"coc_press_resource_category\";a:0:{}}"],"coc_breaking_news_options":["a:1:{s:25:\"coc_breaking_news_details\";a:0:{}}"],"coc_be_olympic_options":["a:8:{s:37:\"coc_be_olympic_exclusive_content_link\";s:0:\"\";s:27:\"coc_be_olympic_videos_title\";s:0:\"\";s:21:\"coc_be_olympic_videos\";a:0:{}s:27:\"coc_be_olympic_photos_title\";s:0:\"\";s:21:\"coc_be_olympic_photos\";a:0:{}s:24:\"coc_be_olympic_downloads\";a:0:{}s:22:\"coc_be_olympic_quizzes\";a:0:{}s:26:\"coc_be_olympic_fan_fun_ads\";a:0:{}}"],"coc_fan_fun_options":["a:2:{s:23:\"coc_fan_fun_hammer_time\";a:2:{s:29:\"coc_fan_fun_hammer_time_image\";N;s:27:\"coc_fan_fun_hammer_time_url\";s:0:\"\";}s:22:\"coc_fan_fun_torch_dash\";a:2:{s:28:\"coc_fan_fun_torch_dash_image\";N;s:26:\"coc_fan_fun_torch_dash_url\";s:0:\"\";}}"],"coc_interactive_game_options":["a:3:{s:28:\"coc_interactive_game_message\";s:0:\"\";s:24:\"coc_interactive_game_url\";s:0:\"\";s:27:\"coc_interactive_game_iframe\";b:0;}"],"coc_olympic_club_options":["a:1:{s:12:\"redirect_url\";s:0:\"\";}"],"coc_favorites_options":["a:3:{s:13:\"content_types\";a:0:{}s:7:\"seasons\";a:0:{}s:4:\"gear\";a:0:{}}"],"coc_og_tags":["a:3:{s:8:\"og_title\";s:0:\"\";s:14:\"og_description\";s:0:\"\";s:8:\"og_image\";N;}"],"coc_education_options":["A"],"coc_page_options":["a:2:{s:14:\"show_crazy_egg\";b:0;s:30:\"coc_partner_takeover_ads_story\";a:5:{s:20:\"coc_ad_story_desktop\";N;s:26:\"coc_ad_story_desktop_label\";s:0:\"\";s:19:\"coc_ad_story_mobile\";N;s:25:\"coc_ad_story_mobile_label\";s:0:\"\";s:16:\"coc_ad_story_url\";s:0:\"\";}}"],"coc_donor_video_options":["a:1:{s:21:\"donor_featured_videos\";a:0:{}}"],"coc_about_video_options":["a:1:{s:11:\"about_video\";a:3:{s:21:\"coc_about_video_title\";s:0:\"\";s:20:\"coc_about_video_text\";s:0:\"\";s:21:\"coc_about_youtube_url\";s:0:\"\";}}"],"coc_about_image_options":["a:1:{s:11:\"about_image\";a:3:{s:21:\"coc_about_image_title\";s:0:\"\";s:20:\"coc_about_image_text\";s:0:\"\";s:19:\"coc_about_image_url\";N;}}"],"coc_about_reporting_options":["a:1:{s:23:\"about_reporting_options\";a:0:{}}"],"coc_about_audit_options":["a:1:{s:19:\"about_audit_options\";a:0:{}}"],"coc_giving_options":["a:1:{s:14:\"giving_options\";a:0:{}}"],"coc_homepage_video_options":["a:1:{s:13:\"video_options\";a:1:{s:18:\"coc_homepage_video\";s:0:\"\";}}"],"coc_homepage_priorities":["a:1:{s:16:\"priority_options\";a:0:{}}"],"coc_homepage_campaign_options":["a:1:{s:16:\"campaign_options\";a:3:{s:24:\"coc_campaign_video_title\";s:0:\"\";s:23:\"coc_campaign_video_text\";s:0:\"\";s:24:\"coc_campaign_youtube_url\";s:0:\"\";}}"],"hof_selected_committee":["a:1:{s:11:\"hof_members\";a:0:{}}"],"hof_partners_options":["a:1:{s:12:\"hof_partners\";a:0:{}}"],"hof_search_excerpt":["a:1:{s:18:\"coc_search_excerpt\";s:0:\"\";}"],"_x_multifield_seo_accordion":["a:1:{i:0;a:2:{s:19:\"seo_accordion_title\";s:0:\"\";s:25:\"seo_accordion_description\";s:0:\"\";}}"]},"coauthors":[415985478],"class_list":["post-163902","page","type-page","status-publish","format-standard","hentry"],"acf":[],"yoast_head":"<!-- This site is optimized with the Yoast SEO plugin v27.3 - https:\/\/yoast.com\/product\/yoast-seo-wordpress\/ -->\n<title>Phyllis Haslam - \u00c9quipe Canada | Site officiel de l&#039;\u00e9quipe olympique<\/title>\n<meta name=\"robots\" content=\"index, follow, max-snippet:-1, max-image-preview:large, max-video-preview:-1\" \/>\n<link rel=\"canonical\" href=\"https:\/\/preprod.olympic.ca\/olympique\/temple-de-la-renommee-olympique-du-canada\/phyllis-haslam\/\" \/>\n<meta property=\"og:locale\" content=\"fr_FR\" \/>\n<meta property=\"og:type\" content=\"article\" \/>\n<meta property=\"og:title\" content=\"Phyllis Haslam - \u00c9quipe Canada | Site officiel de l&#039;\u00e9quipe olympique\" \/>\n<meta property=\"og:description\" content=\"La nageuse canadienne Phylis Haslam a remport\u00e9 deux m\u00e9dailles des Jeux de l\u2019Empire britannique \u00e0 Hamilton en 1934. Phyllis Haslam...\" \/>\n<meta property=\"og:url\" content=\"https:\/\/preprod.olympic.ca\/olympique\/temple-de-la-renommee-olympique-du-canada\/phyllis-haslam\/\" \/>\n<meta property=\"og:site_name\" content=\"\u00c9quipe Canada | Site officiel de l&#039;\u00e9quipe olympique\" \/>\n<meta name=\"twitter:card\" content=\"summary_large_image\" \/>\n<meta name=\"twitter:label1\" content=\"Est. reading time\" \/>\n\t<meta name=\"twitter:data1\" content=\"2 minutes\" \/>\n\t<meta name=\"twitter:label2\" content=\"Written by\" \/>\n\t<meta name=\"twitter:data2\" content=\"Camille Laventure\" \/>\n<script type=\"application\/ld+json\" class=\"yoast-schema-graph\">{\"@context\":\"https:\\\/\\\/schema.org\",\"@graph\":[{\"@type\":\"WebPage\",\"@id\":\"https:\\\/\\\/preprod.olympic.ca\\\/olympique\\\/temple-de-la-renommee-olympique-du-canada\\\/phyllis-haslam\\\/\",\"url\":\"https:\\\/\\\/preprod.olympic.ca\\\/olympique\\\/temple-de-la-renommee-olympique-du-canada\\\/phyllis-haslam\\\/\",\"name\":\"Phyllis Haslam - \u00c9quipe Canada | Site officiel de l&#039;\u00e9quipe olympique\",\"isPartOf\":{\"@id\":\"https:\\\/\\\/preprod.olympic.ca\\\/olympique\\\/#website\"},\"datePublished\":\"2020-10-27T19:44:28+00:00\",\"breadcrumb\":{\"@id\":\"https:\\\/\\\/preprod.olympic.ca\\\/olympique\\\/temple-de-la-renommee-olympique-du-canada\\\/phyllis-haslam\\\/#breadcrumb\"},\"inLanguage\":\"fr-FR\",\"potentialAction\":[{\"@type\":\"ReadAction\",\"target\":[\"https:\\\/\\\/preprod.olympic.ca\\\/olympique\\\/temple-de-la-renommee-olympique-du-canada\\\/phyllis-haslam\\\/\"]}]},{\"@type\":\"BreadcrumbList\",\"@id\":\"https:\\\/\\\/preprod.olympic.ca\\\/olympique\\\/temple-de-la-renommee-olympique-du-canada\\\/phyllis-haslam\\\/#breadcrumb\",\"itemListElement\":[{\"@type\":\"ListItem\",\"position\":1,\"name\":\"Temple de la renomm\u00e9e olympique du Canada\",\"item\":\"https:\\\/\\\/preprod.olympic.ca\\\/olympique\\\/temple-de-la-renommee-olympique-du-canada\\\/\"},{\"@type\":\"ListItem\",\"position\":2,\"name\":\"Phyllis Haslam\"}]},{\"@type\":\"WebSite\",\"@id\":\"https:\\\/\\\/preprod.olympic.ca\\\/olympique\\\/#website\",\"url\":\"https:\\\/\\\/preprod.olympic.ca\\\/olympique\\\/\",\"name\":\"\u00c9quipe Canada | Site officiel de l&#039;\u00e9quipe olympique\",\"description\":\"Votre source pour l\u2019\u00c9quipe olympique canadienne. Retrouvez les r\u00e9cits, vid\u00e9os et photos des athl\u00e8tes canadiens, sports olympiques, Jeux olympiques de 2020 et bien plus!\",\"potentialAction\":[{\"@type\":\"SearchAction\",\"target\":{\"@type\":\"EntryPoint\",\"urlTemplate\":\"https:\\\/\\\/preprod.olympic.ca\\\/olympique\\\/?s={search_term_string}\"},\"query-input\":{\"@type\":\"PropertyValueSpecification\",\"valueRequired\":true,\"valueName\":\"search_term_string\"}}],\"inLanguage\":\"fr-FR\"}]}<\/script>\n<!-- \/ Yoast SEO plugin. -->","yoast_head_json":{"title":"Phyllis Haslam - \u00c9quipe Canada | Site officiel de l&#039;\u00e9quipe olympique","robots":{"index":"index","follow":"follow","max-snippet":"max-snippet:-1","max-image-preview":"max-image-preview:large","max-video-preview":"max-video-preview:-1"},"canonical":"https:\/\/preprod.olympic.ca\/olympique\/temple-de-la-renommee-olympique-du-canada\/phyllis-haslam\/","og_locale":"fr_FR","og_type":"article","og_title":"Phyllis Haslam - \u00c9quipe Canada | Site officiel de l&#039;\u00e9quipe olympique","og_description":"La nageuse canadienne Phylis Haslam a remport\u00e9 deux m\u00e9dailles des Jeux de l\u2019Empire britannique \u00e0 Hamilton en 1934. Phyllis Haslam...","og_url":"https:\/\/preprod.olympic.ca\/olympique\/temple-de-la-renommee-olympique-du-canada\/phyllis-haslam\/","og_site_name":"\u00c9quipe Canada | Site officiel de l&#039;\u00e9quipe olympique","twitter_card":"summary_large_image","twitter_misc":{"Est. reading time":"2 minutes","Written by":"Camille Laventure"},"schema":{"@context":"https:\/\/schema.org","@graph":[{"@type":"WebPage","@id":"https:\/\/preprod.olympic.ca\/olympique\/temple-de-la-renommee-olympique-du-canada\/phyllis-haslam\/","url":"https:\/\/preprod.olympic.ca\/olympique\/temple-de-la-renommee-olympique-du-canada\/phyllis-haslam\/","name":"Phyllis Haslam - \u00c9quipe Canada | Site officiel de l&#039;\u00e9quipe olympique","isPartOf":{"@id":"https:\/\/preprod.olympic.ca\/olympique\/#website"},"datePublished":"2020-10-27T19:44:28+00:00","breadcrumb":{"@id":"https:\/\/preprod.olympic.ca\/olympique\/temple-de-la-renommee-olympique-du-canada\/phyllis-haslam\/#breadcrumb"},"inLanguage":"fr-FR","potentialAction":[{"@type":"ReadAction","target":["https:\/\/preprod.olympic.ca\/olympique\/temple-de-la-renommee-olympique-du-canada\/phyllis-haslam\/"]}]},{"@type":"BreadcrumbList","@id":"https:\/\/preprod.olympic.ca\/olympique\/temple-de-la-renommee-olympique-du-canada\/phyllis-haslam\/#breadcrumb","itemListElement":[{"@type":"ListItem","position":1,"name":"Temple de la renomm\u00e9e olympique du Canada","item":"https:\/\/preprod.olympic.ca\/olympique\/temple-de-la-renommee-olympique-du-canada\/"},{"@type":"ListItem","position":2,"name":"Phyllis Haslam"}]},{"@type":"WebSite","@id":"https:\/\/preprod.olympic.ca\/olympique\/#website","url":"https:\/\/preprod.olympic.ca\/olympique\/","name":"\u00c9quipe Canada | Site officiel de l&#039;\u00e9quipe olympique","description":"Votre source pour l\u2019\u00c9quipe olympique canadienne. Retrouvez les r\u00e9cits, vid\u00e9os et photos des athl\u00e8tes canadiens, sports olympiques, Jeux olympiques de 2020 et bien plus!","potentialAction":[{"@type":"SearchAction","target":{"@type":"EntryPoint","urlTemplate":"https:\/\/preprod.olympic.ca\/olympique\/?s={search_term_string}"},"query-input":{"@type":"PropertyValueSpecification","valueRequired":true,"valueName":"search_term_string"}}],"inLanguage":"fr-FR"}]}},"jetpack_sharing_enabled":true,"jetpack-related-posts":[],"jetpack_shortlink":"https:\/\/wp.me\/PcGHcP-GDA","_links":{"self":[{"href":"https:\/\/preprod.olympic.ca\/olympique\/wp-json\/wp\/v2\/pages\/163902","targetHints":{"allow":["GET"]}}],"collection":[{"href":"https:\/\/preprod.olympic.ca\/olympique\/wp-json\/wp\/v2\/pages"}],"about":[{"href":"https:\/\/preprod.olympic.ca\/olympique\/wp-json\/wp\/v2\/types\/page"}],"author":[{"embeddable":true,"href":"https:\/\/preprod.olympic.ca\/olympique\/wp-json\/wp\/v2\/users\/132655687"}],"replies":[{"embeddable":true,"href":"https:\/\/preprod.olympic.ca\/olympique\/wp-json\/wp\/v2\/comments?post=163902"}],"version-history":[{"count":1,"href":"https:\/\/preprod.olympic.ca\/olympique\/wp-json\/wp\/v2\/pages\/163902\/revisions"}],"predecessor-version":[{"id":163903,"href":"https:\/\/preprod.olympic.ca\/olympique\/wp-json\/wp\/v2\/pages\/163902\/revisions\/163903"}],"up":[{"embeddable":true,"href":"https:\/\/preprod.olympic.ca\/olympique\/wp-json\/wp\/v2\/pages\/28614"}],"wp:attachment":[{"href":"https:\/\/preprod.olympic.ca\/olympique\/wp-json\/wp\/v2\/media?parent=163902"}],"wp:term":[{"taxonomy":"author","embeddable":true,"href":"https:\/\/preprod.olympic.ca\/olympique\/wp-json\/wp\/v2\/coauthors?post=163902"}],"curies":[{"name":"wp","href":"https:\/\/api.w.org\/{rel}","templated":true}]}}