{"id":177904,"date":"2021-04-27T12:13:19","date_gmt":"2021-04-27T16:13:19","guid":{"rendered":"https:\/\/olympique.ca\/?page_id=177904"},"modified":"2021-04-28T09:11:54","modified_gmt":"2021-04-28T13:11:54","slug":"blog","status":"publish","type":"page","link":"https:\/\/preprod.olympic.ca\/olympique\/education\/blog\/","title":{"rendered":"Blogue"},"content":{"rendered":"\n<div class=\"wp-block-group is-style-align-small\"><div class=\"wp-block-group__inner-container is-layout-flow wp-block-group-is-layout-flow\">\n<p class=\"has-medium-font-size\">D\u00e9couvrez les programmes des athl\u00e8tes d\u2019\u00c9quipe Canada, \u00e9changez sur les exp\u00e9riences v\u00e9cues et acc\u00e9dez \u00e0 de l\u2019information privil\u00e9gi\u00e9e gr\u00e2ce \u00e0 nos billets de blogue.&nbsp;&nbsp;<\/p>\n<\/div><\/div>\n\n\n\n<hr class=\"wp-block-separator\"\/>\n\n\n\n<div class=\"alignfull full-width\">\n  <div class=\"grid-container\">\n    <div class=\"grid-x grid-padding-x\">\n      <div class=\"cell small-12\">\n        <div class=\"latest-posts-block\">\n\n          \n          <div class=\"jscroll-wrapper\">\n            <div id=\"block_6058e70a2f942\" class=\"post-list\">\n              <div class=\"grid-x grid-padding-x\" data-connection-target=\"block_6058e70a2f942\"data-slick=\"\">\n\n                                  <div class=\"cell small-12\">\n                    \r\n<article class=\"post post-149532 one-team type-one-team status-publish has-post-thumbnail hentry\">\r\n\t<a href=\"https:\/\/preprod.olympic.ca\/olympique\/education\/blog\/shannon-comeford-uneequipe\/\" class=\"card card--article zone\">\r\n\t\t\r\n\t\t\r\n\t\t\t<div class=\"img-container\">\r\n\t\t\t\t<img loading=\"lazy\" decoding=\"async\" width=\"620\" height=\"397\" src=\"https:\/\/preprod.olympic.ca\/olympique\/wp-content\/uploads\/sites\/2\/2019\/01\/shannon-comeford.jpg?quality=100&amp;w=620\" class=\"attachment-post-thumbnail\" alt=\"\" srcset=\"https:\/\/preprod.olympic.ca\/olympique\/wp-content\/uploads\/sites\/2\/2019\/01\/shannon-comeford.jpg 620w, https:\/\/preprod.olympic.ca\/olympique\/wp-content\/uploads\/sites\/2\/2019\/01\/shannon-comeford.jpg?resize=247,158 247w, https:\/\/preprod.olympic.ca\/olympique\/wp-content\/uploads\/sites\/2\/2019\/01\/shannon-comeford.jpg?resize=579,371 579w\" sizes=\"(max-width: 620px) 100vw, 620px\" \/>\t\t\t<\/div>\r\n\t\t\r\n\t\t\t<h4>Shannon Comeford #Une\u00c9quipe<\/h4>\r\n\t\t\t<p class=\"meta\">\r\n\t\t\t\t\t\t\t\t\t\t\t<time class=\"entry-date\" datetime=\"2019-01-23T11:17:20-05:00\">23 janvier 2019<\/time>\r\n\t\t\t\t\t\t\t\r\n\t\t\t<\/p>\r\n\r\n\t\t\t\r\n\t<\/a>\r\n<\/article> <!-- #post-## -->                  <\/div>\n                                    <div class=\"cell small-12\">\n                    \r\n<article class=\"post post-143828 one-team type-one-team status-publish has-post-thumbnail hentry\">\r\n\t<a href=\"https:\/\/preprod.olympic.ca\/olympique\/education\/blog\/kieran-block-uneequipe\/\" class=\"card card--article zone\">\r\n\t\t\r\n\t\t\r\n\t\t\t<div class=\"img-container\">\r\n\t\t\t\t<img loading=\"lazy\" decoding=\"async\" width=\"813\" height=\"610\" src=\"https:\/\/preprod.olympic.ca\/olympique\/wp-content\/uploads\/sites\/2\/2018\/12\/kieran-block.jpeg?quality=100&amp;w=813\" class=\"attachment-post-thumbnail\" alt=\"\" srcset=\"https:\/\/preprod.olympic.ca\/olympique\/wp-content\/uploads\/sites\/2\/2018\/12\/kieran-block.jpeg 1000w, https:\/\/preprod.olympic.ca\/olympique\/wp-content\/uploads\/sites\/2\/2018\/12\/kieran-block.jpeg?resize=211,158 211w, https:\/\/preprod.olympic.ca\/olympique\/wp-content\/uploads\/sites\/2\/2018\/12\/kieran-block.jpeg?resize=495,371 495w, https:\/\/preprod.olympic.ca\/olympique\/wp-content\/uploads\/sites\/2\/2018\/12\/kieran-block.jpeg?resize=768,576 768w\" sizes=\"(max-width: 813px) 100vw, 813px\" \/>\t\t\t<\/div>\r\n\t\t\r\n\t\t\t<h4>Kieran Block #Une\u00c9quipe<\/h4>\r\n\t\t\t<p class=\"meta\">\r\n\t\t\t\t\t\t\t\t\t\t\t<time class=\"entry-date\" datetime=\"2018-12-06T15:25:31-05:00\">6 d\u00e9cembre 2018<\/time>\r\n\t\t\t\t\t\t\t\r\n\t\t\t<\/p>\r\n\r\n\t\t\t\r\n\t<\/a>\r\n<\/article> <!-- #post-## -->                  <\/div>\n                                    <div class=\"cell small-12\">\n                    \r\n<article class=\"post post-142337 one-team type-one-team status-publish has-post-thumbnail hentry\">\r\n\t<a href=\"https:\/\/preprod.olympic.ca\/olympique\/education\/blog\/jezebel-bardot-jason-pelletier-uneequipe\/\" class=\"card card--article zone\">\r\n\t\t\r\n\t\t\r\n\t\t\t<div class=\"img-container\">\r\n\t\t\t\t<img loading=\"lazy\" decoding=\"async\" width=\"894\" height=\"467\" src=\"https:\/\/preprod.olympic.ca\/olympique\/wp-content\/uploads\/sites\/2\/2018\/08\/jezebel.png?w=894\" class=\"attachment-post-thumbnail\" alt=\"\" srcset=\"https:\/\/preprod.olympic.ca\/olympique\/wp-content\/uploads\/sites\/2\/2018\/08\/jezebel.png 894w, https:\/\/preprod.olympic.ca\/olympique\/wp-content\/uploads\/sites\/2\/2018\/08\/jezebel.png?resize=280,146 280w, https:\/\/preprod.olympic.ca\/olympique\/wp-content\/uploads\/sites\/2\/2018\/08\/jezebel.png?resize=660,345 660w, https:\/\/preprod.olympic.ca\/olympique\/wp-content\/uploads\/sites\/2\/2018\/08\/jezebel.png?resize=768,401 768w\" sizes=\"(max-width: 894px) 100vw, 894px\" \/>\t\t\t<\/div>\r\n\t\t\r\n\t\t\t<h4>Jezebel Bardot (Jason Pelletier) #Une\u00c9quipe<\/h4>\r\n\t\t\t<p class=\"meta\">\r\n\t\t\t\t\t\t\t\t\t\t\t<time class=\"entry-date\" datetime=\"2018-08-22T11:05:13-04:00\">22 ao\u00fbt 2018<\/time>\r\n\t\t\t\t\t\t\t\r\n\t\t\t<\/p>\r\n\r\n\t\t\t\r\n\t<\/a>\r\n<\/article> <!-- #post-## -->                  <\/div>\n                                    <div class=\"cell small-12\">\n                    \r\n<article class=\"post post-141222 one-team type-one-team status-publish has-post-thumbnail hentry\">\r\n\t<a href=\"https:\/\/preprod.olympic.ca\/olympique\/education\/blog\/eric-radford-et-dylan-moscovitch-uneequipe\/\" class=\"card card--article zone\">\r\n\t\t\r\n\t\t\r\n\t\t\t<div class=\"img-container\">\r\n\t\t\t\t<img loading=\"lazy\" decoding=\"async\" width=\"942\" height=\"610\" src=\"https:\/\/preprod.olympic.ca\/olympique\/wp-content\/uploads\/sites\/2\/2018\/02\/team-event-silver-e1519140229768.jpg?quality=100&amp;w=942\" class=\"attachment-post-thumbnail\" alt=\"\" srcset=\"https:\/\/preprod.olympic.ca\/olympique\/wp-content\/uploads\/sites\/2\/2018\/02\/team-event-silver-e1519140229768.jpg 1340w, https:\/\/preprod.olympic.ca\/olympique\/wp-content\/uploads\/sites\/2\/2018\/02\/team-event-silver-e1519140229768.jpg?resize=244,158 244w, https:\/\/preprod.olympic.ca\/olympique\/wp-content\/uploads\/sites\/2\/2018\/02\/team-event-silver-e1519140229768.jpg?resize=573,371 573w, https:\/\/preprod.olympic.ca\/olympique\/wp-content\/uploads\/sites\/2\/2018\/02\/team-event-silver-e1519140229768.jpg?resize=768,497 768w, https:\/\/preprod.olympic.ca\/olympique\/wp-content\/uploads\/sites\/2\/2018\/02\/team-event-silver-e1519140229768.jpg?resize=1164,754 1164w\" sizes=\"(max-width: 942px) 100vw, 942px\" \/>\t\t\t<\/div>\r\n\t\t\r\n\t\t\t<h4>Eric Radford et Dylan Moscovitch #Une\u00c9quipe<\/h4>\r\n\t\t\t<p class=\"meta\">\r\n\t\t\t\t\t\t\t\t\t\t\t<time class=\"entry-date\" datetime=\"2018-06-27T09:02:14-04:00\">27 juin 2018<\/time>\r\n\t\t\t\t\t\t\t\r\n\t\t\t<\/p>\r\n\r\n\t\t\t\r\n\t<\/a>\r\n<\/article> <!-- #post-## -->                  <\/div>\n                                    <div class=\"cell small-12\">\n                    \r\n<article class=\"post post-140577 one-team type-one-team status-publish has-post-thumbnail hentry\">\r\n\t<a href=\"https:\/\/preprod.olympic.ca\/olympique\/education\/blog\/lettres-a-mon-jeune-moi-brock-mcgillis\/\" class=\"card card--article zone\">\r\n\t\t\r\n\t\t\r\n\t\t\t<div class=\"img-container\">\r\n\t\t\t\t<img loading=\"lazy\" decoding=\"async\" width=\"990\" height=\"595\" src=\"https:\/\/preprod.olympic.ca\/olympique\/wp-content\/uploads\/sites\/2\/2018\/05\/brock-mcgillis-2-e1527618646576.jpg?quality=100&amp;w=990\" class=\"attachment-post-thumbnail\" alt=\"\" srcset=\"https:\/\/preprod.olympic.ca\/olympique\/wp-content\/uploads\/sites\/2\/2018\/05\/brock-mcgillis-2-e1527618646576.jpg 990w, https:\/\/preprod.olympic.ca\/olympique\/wp-content\/uploads\/sites\/2\/2018\/05\/brock-mcgillis-2-e1527618646576.jpg?resize=263,158 263w, https:\/\/preprod.olympic.ca\/olympique\/wp-content\/uploads\/sites\/2\/2018\/05\/brock-mcgillis-2-e1527618646576.jpg?resize=617,371 617w, https:\/\/preprod.olympic.ca\/olympique\/wp-content\/uploads\/sites\/2\/2018\/05\/brock-mcgillis-2-e1527618646576.jpg?resize=768,462 768w\" sizes=\"(max-width: 990px) 100vw, 990px\" \/>\t\t\t<\/div>\r\n\t\t\r\n\t\t\t<h4>Lettres \u00e0 mon jeune moi &#8211; Brock McGillis<\/h4>\r\n\t\t\t<p class=\"meta\">\r\n\t\t\t\t\t\t\t\t\t\t\t<time class=\"entry-date\" datetime=\"2018-05-29T14:32:47-04:00\">29 mai 2018<\/time>\r\n\t\t\t\t\t\t\t\r\n\t\t\t<\/p>\r\n\r\n\t\t\t\r\n\t<\/a>\r\n<\/article> <!-- #post-## -->                  <\/div>\n                                    <div class=\"cell small-12\">\n                    \r\n<article class=\"post post-140307 one-team type-one-team status-publish has-post-thumbnail hentry\">\r\n\t<a href=\"https:\/\/preprod.olympic.ca\/olympique\/education\/blog\/brock-mcgillis-uneequipe\/\" class=\"card card--article zone\">\r\n\t\t\r\n\t\t\r\n\t\t\t<div class=\"img-container\">\r\n\t\t\t\t<img loading=\"lazy\" decoding=\"async\" width=\"620\" height=\"348\" src=\"https:\/\/preprod.olympic.ca\/olympique\/wp-content\/uploads\/sites\/2\/2018\/05\/mesley-brock-mcgillis_frame_15072.jpg?quality=100&amp;w=620\" class=\"attachment-post-thumbnail\" alt=\"\" srcset=\"https:\/\/preprod.olympic.ca\/olympique\/wp-content\/uploads\/sites\/2\/2018\/05\/mesley-brock-mcgillis_frame_15072.jpg 620w, https:\/\/preprod.olympic.ca\/olympique\/wp-content\/uploads\/sites\/2\/2018\/05\/mesley-brock-mcgillis_frame_15072.jpg?resize=280,158 280w\" sizes=\"(max-width: 620px) 100vw, 620px\" \/>\t\t\t<\/div>\r\n\t\t\r\n\t\t\t<h4>Brock McGillis #Une\u00c9quipe<\/h4>\r\n\t\t\t<p class=\"meta\">\r\n\t\t\t\t\t\t\t\t\t\t\t<time class=\"entry-date\" datetime=\"2018-05-03T15:05:19-04:00\">3 mai 2018<\/time>\r\n\t\t\t\t\t\t\t\r\n\t\t\t<\/p>\r\n\r\n\t\t\t\r\n\t<\/a>\r\n<\/article> <!-- #post-## -->                  <\/div>\n                    \n              <\/div>\n  \n                                  <div id=\"infinite-handle\" class=\"flex-container align-center\">\n                      <a href=\"https:\/\/preprod.olympic.ca\/olympique\/education\/blog\/brock-mcgillis-uneequipe\/?c_paged=2\">\n                        Montrer plus                      <\/a>\n                    <\/div>\n  \n                              <\/div>\n          <\/div>\n        <\/div>\n      <\/div>\n    <\/div>\n  <\/div>\n<\/div>\n\n\n\n<div class=\"signup-block education-signup-block alignfull\" style=background-color:#000000>\n\n  <!-- Logged Out. -->\n  <div class=\"education-signup-block_logged-out\">\n    <div class=\"grid-container\">\n      <div class=\"grid-x grid-padding-x\">\n        <div class=\"cell small-12 large-6\">\n                      <img decoding=\"async\" src=\"https:\/\/preprod.olympic.ca\/olympique\/wp-content\/uploads\/sites\/2\/2019\/07\/bell-olympic-club_2019-fr3.jpg?quality=100\" alt=\"Education Signup Image\">\n                    <\/div>\n        <div class=\"cell small-12 large-6\">\n          <div>\n            \n\n<h2 class=\"wp-block-heading\">Inscrivez-vous et cr\u00e9ez votre profil Club olympique d\u00e8s aujourd\u2019hui!<\/h2>\n\n\n\n<p>En vous joignant au Club olympique canadien pr\u00e9sent\u00e9 par Bell, vous pourrez recevoir les derni\u00e8res nouvelles par courriel, obtenir des ressources pour les \u00e9ducateurs et les parents, acc\u00e9der aux publications du blogue et plus encore \u2013 et tout \u00e7a, gratuitement!<\/p>\n\n\n\n<p>En tant que membre, vous pourrez aussi t\u00e9l\u00e9charger, imprimer et enregistrer vos ressources pr\u00e9f\u00e9r\u00e9es dans la section Ma Classe de votre profil pour y acc\u00e9der plus facilement.<\/p>\n\n          <\/div>\n  \n          <!-- Signup Button. -->\n          <div class=\"education-signup-button-wrapper text-center\">\n            \n\t<button class=\"button oid-toggle icon-maple-leaf\">\n\t\tJoignez-vous <span><\/span> au Club\t<\/button>\n\n\t          <\/div>\n        <\/div>\n      <\/div>\n    <\/div>\n  <\/div>\n\n  <!-- Logged In. -->\n  <div class=\"education-signup-block_logged-in hide\">\n    <div class=\"grid-container\">\n      <div class=\"grid-x grid-padding-x\">\n        <div class=\"cell small-12 large-6\">\n                      <img decoding=\"async\" src=\"https:\/\/preprod.olympic.ca\/olympique\/wp-content\/uploads\/sites\/2\/2019\/07\/bell-olympic-club_2019-fr3.jpg?quality=100\" alt=\"Education Signup Image\">\n                    <\/div>\n        <div class=\"cell small-12 large-6\">\n\n          <!-- Logged In Text. -->\n          <h2>Inscrivez-vous pour recevoir l&rsquo;infolettre \u00c9ducateurs!<\/h2>\n<p>En vous joignant au Club olympique canadien pr\u00e9sent\u00e9 par Bell, vous pourrez recevoir les derni\u00e8res nouvelles par courriel, obtenir des ressources pour les \u00e9ducateurs et les parents, acc\u00e9der aux publications du blogue et plus encore \u2013 et tout \u00e7a, gratuitement!<\/p>\n\n          <!-- Signup Confirmation. -->\n          <div class=\"response hide\">\n            <p>You are now signed up for the newsletter.<\/p>\n          <\/div>\n\n          <!-- Newsletter Form. -->\n          <form class=\"education-newsletter-form\">\n            <label for=\"signup-preference-education-newsletter\" class=\"checkbox-container\">\n              <input type=\"checkbox\" id=\"signup-preference-education-newsletter\" name=\"signup-preference-education-newsletter\">\n              <span class=\"checkmark\"><\/span>\n              Oui, inscrivez-moi s\u2019il vous pla\u00eet.            <\/label>\n          <\/form>\n        <\/div>\n      <\/div>\n    <\/div>\n  <\/div>\n<\/div>\n\n\n\n<h2 class=\"wp-block-heading\">Contactez-nous<\/h2>\n\n\n\n<p><strong>Programme Scolaire Olympique Canadien<\/strong><br>500 West Ren\u00e9-L\u00e9vesque Blvd, 2nd floor<br>Montr\u00e9al, QC Canada H2Z 1W7<\/p>\n\n\n\n<p>514-861-5416<br><a href=\"mailto:psoc@olympique.ca\">psoc@olympique.ca<\/a><\/p>\n\n\n\n<div class=\"wp-block-group is-layout-flow wp-block-group-is-layout-flow\"><div class=\"wp-block-group__inner-container\"><\/div><\/div>\n","protected":false},"excerpt":{"rendered":"<p>D\u00e9couvrez les programmes des athl\u00e8tes d\u2019\u00c9quipe Canada, \u00e9changez sur les exp\u00e9riences v\u00e9cues et acc\u00e9dez \u00e0 de l\u2019information privil\u00e9gi\u00e9e gr\u00e2ce \u00e0&#8230;<\/p>\n","protected":false},"author":1,"featured_media":0,"parent":84889,"menu_order":0,"comment_status":"closed","ping_status":"closed","template":"","meta":{"_edit_lock":["1626959604:167617045"],"_last_editor_used_jetpack":["block-editor"],"_edit_last":["167617045"],"coc_games":[""],"_coc_games":["field_5e83bf020f51f"],"coc_trivia":[""],"_coc_trivia":["field_5e83bacdec2aa"],"coc_sharing_options":["a:1:{s:18:\"coc_hide_share_bar\";b:0;}"],"coc_campaign_options":["a:4:{s:16:\"coc_campaign_tag\";s:0:\"\";s:15:\"coc_campaign_bg\";N;s:25:\"coc_campaign_bg_downloads\";a:0:{}s:20:\"coc_campaign_posters\";a:0:{}}"],"coc_team_options":["a:1:{s:15:\"coc_game_select\";i:156417;}"],"coc_oc_landing_options":["a:2:{s:17:\"coc_oc_landing_bg\";N;s:22:\"coc_oc_landing_stories\";a:0:{}}"],"coc_edit_profile_options":["a:1:{s:20:\"coc_favourite_sports\";a:0:{}}"],"coc_oc_reward_options":["a:13:{s:16:\"coc_oc_reward_id\";s:0:\"\";s:19:\"coc_oc_ac_reward_id\";s:0:\"\";s:20:\"coc_oc_reward_points\";s:0:\"\";s:19:\"coc_oc_reward_rules\";N;s:31:\"coc_oc_digital_download_desktop\";N;s:30:\"coc_oc_digital_download_mobile\";N;s:32:\"coc_oc_digital_download_facebook\";N;s:29:\"coc_oc_reward_success_message\";s:0:\"\";s:23:\"coc_oc_facebook_content\";s:0:\"\";s:22:\"coc_oc_twitter_content\";s:0:\"\";s:24:\"coc_oc_social_contest_id\";s:0:\"\";s:31:\"coc_oc_reward_logged_in_message\";s:0:\"\";s:32:\"coc_oc_reward_logged_out_message\";s:0:\"\";}"],"coc_press_options":["a:2:{s:28:\"coc_press_additional_content\";s:0:\"\";s:27:\"coc_press_resource_category\";a:0:{}}"],"coc_breaking_news_options":["a:1:{s:25:\"coc_breaking_news_details\";a:0:{}}"],"coc_be_olympic_options":["a:8:{s:37:\"coc_be_olympic_exclusive_content_link\";s:0:\"\";s:27:\"coc_be_olympic_videos_title\";s:0:\"\";s:21:\"coc_be_olympic_videos\";a:0:{}s:27:\"coc_be_olympic_photos_title\";s:0:\"\";s:21:\"coc_be_olympic_photos\";a:0:{}s:24:\"coc_be_olympic_downloads\";a:0:{}s:22:\"coc_be_olympic_quizzes\";a:0:{}s:26:\"coc_be_olympic_fan_fun_ads\";a:0:{}}"],"coc_fan_fun_options":["a:2:{s:23:\"coc_fan_fun_hammer_time\";a:2:{s:29:\"coc_fan_fun_hammer_time_image\";N;s:27:\"coc_fan_fun_hammer_time_url\";s:0:\"\";}s:22:\"coc_fan_fun_torch_dash\";a:2:{s:28:\"coc_fan_fun_torch_dash_image\";N;s:26:\"coc_fan_fun_torch_dash_url\";s:0:\"\";}}"],"coc_interactive_game_options":["a:3:{s:28:\"coc_interactive_game_message\";s:0:\"\";s:24:\"coc_interactive_game_url\";s:0:\"\";s:27:\"coc_interactive_game_iframe\";b:0;}"],"coc_olympic_club_options":["a:1:{s:12:\"redirect_url\";s:0:\"\";}"],"coc_favorites_options":["a:3:{s:13:\"content_types\";a:0:{}s:7:\"seasons\";a:0:{}s:4:\"gear\";a:0:{}}"],"coc_og_tags":["a:3:{s:8:\"og_title\";s:0:\"\";s:14:\"og_description\";s:0:\"\";s:8:\"og_image\";N;}"],"coc_education_options":["A"],"coc_page_options":["a:2:{s:14:\"show_crazy_egg\";b:0;s:30:\"coc_partner_takeover_ads_story\";a:5:{s:20:\"coc_ad_story_desktop\";N;s:26:\"coc_ad_story_desktop_label\";s:0:\"\";s:19:\"coc_ad_story_mobile\";N;s:25:\"coc_ad_story_mobile_label\";s:0:\"\";s:16:\"coc_ad_story_url\";s:0:\"\";}}"],"coc_donor_video_options":["a:1:{s:21:\"donor_featured_videos\";a:0:{}}"],"coc_about_video_options":["a:1:{s:11:\"about_video\";a:3:{s:21:\"coc_about_video_title\";s:0:\"\";s:20:\"coc_about_video_text\";s:0:\"\";s:21:\"coc_about_youtube_url\";s:0:\"\";}}"],"coc_about_image_options":["a:1:{s:11:\"about_image\";a:3:{s:21:\"coc_about_image_title\";s:0:\"\";s:20:\"coc_about_image_text\";s:0:\"\";s:19:\"coc_about_image_url\";N;}}"],"coc_giving_options":["a:1:{s:14:\"giving_options\";a:0:{}}"],"coc_homepage_video_options":["a:1:{s:13:\"video_options\";a:1:{s:18:\"coc_homepage_video\";s:0:\"\";}}"],"coc_homepage_priorities":["a:1:{s:16:\"priority_options\";a:0:{}}"],"coc_homepage_campaign_options":["a:1:{s:16:\"campaign_options\";a:3:{s:24:\"coc_campaign_video_title\";s:0:\"\";s:23:\"coc_campaign_video_text\";s:0:\"\";s:24:\"coc_campaign_youtube_url\";s:0:\"\";}}"],"hof_selected_committee":["a:1:{s:11:\"hof_members\";a:0:{}}"],"hof_partners_options":["a:1:{s:12:\"hof_partners\";a:0:{}}"],"hof_search_excerpt":["a:1:{s:18:\"coc_search_excerpt\";s:0:\"\";}"],"_x_multifield_seo_accordion":["a:1:{i:0;a:2:{s:19:\"seo_accordion_title\";s:0:\"\";s:25:\"seo_accordion_description\";s:0:\"\";}}"],"_yoast_wpseo_content_score":["60"],"_yoast_wpseo_estimated-reading-time-minutes":["1"],"seo_translation_link":["https:\/\/preprod.olympic.ca\/education\/blog\/"]},"coauthors":[682164130],"class_list":["post-177904","page","type-page","status-publish","format-standard","hentry"],"acf":[],"yoast_head":"<!-- This site is optimized with the Yoast SEO plugin v27.3 - https:\/\/yoast.com\/product\/yoast-seo-wordpress\/ -->\n<title>Blogue - \u00c9quipe Canada | Site officiel de l&#039;\u00e9quipe olympique<\/title>\n<meta name=\"robots\" content=\"index, follow, max-snippet:-1, max-image-preview:large, max-video-preview:-1\" \/>\n<link rel=\"canonical\" href=\"https:\/\/preprod.olympic.ca\/olympique\/education\/blog\/\" \/>\n<meta property=\"og:locale\" content=\"fr_FR\" \/>\n<meta property=\"og:type\" content=\"article\" \/>\n<meta property=\"og:title\" content=\"Blogue - \u00c9quipe Canada | Site officiel de l&#039;\u00e9quipe olympique\" \/>\n<meta property=\"og:description\" content=\"D\u00e9couvrez les programmes des athl\u00e8tes d\u2019\u00c9quipe Canada, \u00e9changez sur les exp\u00e9riences v\u00e9cues et acc\u00e9dez \u00e0 de l\u2019information privil\u00e9gi\u00e9e gr\u00e2ce \u00e0...\" \/>\n<meta property=\"og:url\" content=\"https:\/\/preprod.olympic.ca\/olympique\/education\/blog\/\" \/>\n<meta property=\"og:site_name\" content=\"\u00c9quipe Canada | Site officiel de l&#039;\u00e9quipe olympique\" \/>\n<meta property=\"article:modified_time\" content=\"2021-04-28T13:11:54+00:00\" \/>\n<meta name=\"twitter:card\" content=\"summary_large_image\" \/>\n<meta name=\"twitter:label1\" content=\"Est. reading time\" \/>\n\t<meta name=\"twitter:data1\" content=\"1 minute\" \/>\n\t<meta name=\"twitter:label2\" content=\"Written by\" \/>\n\t<meta name=\"twitter:data2\" content=\"amoore1879\" \/>\n<script type=\"application\/ld+json\" class=\"yoast-schema-graph\">{\"@context\":\"https:\\\/\\\/schema.org\",\"@graph\":[{\"@type\":\"WebPage\",\"@id\":\"https:\\\/\\\/preprod.olympic.ca\\\/olympique\\\/education\\\/blog\\\/\",\"url\":\"https:\\\/\\\/preprod.olympic.ca\\\/olympique\\\/education\\\/blog\\\/\",\"name\":\"Blogue - \u00c9quipe Canada | Site officiel de l&#039;\u00e9quipe olympique\",\"isPartOf\":{\"@id\":\"https:\\\/\\\/preprod.olympic.ca\\\/olympique\\\/#website\"},\"datePublished\":\"2021-04-27T16:13:19+00:00\",\"dateModified\":\"2021-04-28T13:11:54+00:00\",\"breadcrumb\":{\"@id\":\"https:\\\/\\\/preprod.olympic.ca\\\/olympique\\\/education\\\/blog\\\/#breadcrumb\"},\"inLanguage\":\"fr-FR\",\"potentialAction\":[{\"@type\":\"ReadAction\",\"target\":[\"https:\\\/\\\/preprod.olympic.ca\\\/olympique\\\/education\\\/blog\\\/\"]}]},{\"@type\":\"BreadcrumbList\",\"@id\":\"https:\\\/\\\/preprod.olympic.ca\\\/olympique\\\/education\\\/blog\\\/#breadcrumb\",\"itemListElement\":[{\"@type\":\"ListItem\",\"position\":1,\"name\":\"\u00c0 propos de l\u2019\u00e9ducation olympique\",\"item\":\"https:\\\/\\\/preprod.olympic.ca\\\/olympique\\\/education\\\/\"},{\"@type\":\"ListItem\",\"position\":2,\"name\":\"Blogue\"}]},{\"@type\":\"WebSite\",\"@id\":\"https:\\\/\\\/preprod.olympic.ca\\\/olympique\\\/#website\",\"url\":\"https:\\\/\\\/preprod.olympic.ca\\\/olympique\\\/\",\"name\":\"\u00c9quipe Canada | Site officiel de l&#039;\u00e9quipe olympique\",\"description\":\"Votre source pour l\u2019\u00c9quipe olympique canadienne. Retrouvez les r\u00e9cits, vid\u00e9os et photos des athl\u00e8tes canadiens, sports olympiques, Jeux olympiques de 2020 et bien plus!\",\"potentialAction\":[{\"@type\":\"SearchAction\",\"target\":{\"@type\":\"EntryPoint\",\"urlTemplate\":\"https:\\\/\\\/preprod.olympic.ca\\\/olympique\\\/?s={search_term_string}\"},\"query-input\":{\"@type\":\"PropertyValueSpecification\",\"valueRequired\":true,\"valueName\":\"search_term_string\"}}],\"inLanguage\":\"fr-FR\"}]}<\/script>\n<!-- \/ Yoast SEO plugin. -->","yoast_head_json":{"title":"Blogue - \u00c9quipe Canada | Site officiel de l&#039;\u00e9quipe olympique","robots":{"index":"index","follow":"follow","max-snippet":"max-snippet:-1","max-image-preview":"max-image-preview:large","max-video-preview":"max-video-preview:-1"},"canonical":"https:\/\/preprod.olympic.ca\/olympique\/education\/blog\/","og_locale":"fr_FR","og_type":"article","og_title":"Blogue - \u00c9quipe Canada | Site officiel de l&#039;\u00e9quipe olympique","og_description":"D\u00e9couvrez les programmes des athl\u00e8tes d\u2019\u00c9quipe Canada, \u00e9changez sur les exp\u00e9riences v\u00e9cues et acc\u00e9dez \u00e0 de l\u2019information privil\u00e9gi\u00e9e gr\u00e2ce \u00e0...","og_url":"https:\/\/preprod.olympic.ca\/olympique\/education\/blog\/","og_site_name":"\u00c9quipe Canada | Site officiel de l&#039;\u00e9quipe olympique","article_modified_time":"2021-04-28T13:11:54+00:00","twitter_card":"summary_large_image","twitter_misc":{"Est. reading time":"1 minute","Written by":"amoore1879"},"schema":{"@context":"https:\/\/schema.org","@graph":[{"@type":"WebPage","@id":"https:\/\/preprod.olympic.ca\/olympique\/education\/blog\/","url":"https:\/\/preprod.olympic.ca\/olympique\/education\/blog\/","name":"Blogue - \u00c9quipe Canada | Site officiel de l&#039;\u00e9quipe olympique","isPartOf":{"@id":"https:\/\/preprod.olympic.ca\/olympique\/#website"},"datePublished":"2021-04-27T16:13:19+00:00","dateModified":"2021-04-28T13:11:54+00:00","breadcrumb":{"@id":"https:\/\/preprod.olympic.ca\/olympique\/education\/blog\/#breadcrumb"},"inLanguage":"fr-FR","potentialAction":[{"@type":"ReadAction","target":["https:\/\/preprod.olympic.ca\/olympique\/education\/blog\/"]}]},{"@type":"BreadcrumbList","@id":"https:\/\/preprod.olympic.ca\/olympique\/education\/blog\/#breadcrumb","itemListElement":[{"@type":"ListItem","position":1,"name":"\u00c0 propos de l\u2019\u00e9ducation olympique","item":"https:\/\/preprod.olympic.ca\/olympique\/education\/"},{"@type":"ListItem","position":2,"name":"Blogue"}]},{"@type":"WebSite","@id":"https:\/\/preprod.olympic.ca\/olympique\/#website","url":"https:\/\/preprod.olympic.ca\/olympique\/","name":"\u00c9quipe Canada | Site officiel de l&#039;\u00e9quipe olympique","description":"Votre source pour l\u2019\u00c9quipe olympique canadienne. Retrouvez les r\u00e9cits, vid\u00e9os et photos des athl\u00e8tes canadiens, sports olympiques, Jeux olympiques de 2020 et bien plus!","potentialAction":[{"@type":"SearchAction","target":{"@type":"EntryPoint","urlTemplate":"https:\/\/preprod.olympic.ca\/olympique\/?s={search_term_string}"},"query-input":{"@type":"PropertyValueSpecification","valueRequired":true,"valueName":"search_term_string"}}],"inLanguage":"fr-FR"}]}},"jetpack_sharing_enabled":true,"jetpack-related-posts":[],"jetpack_shortlink":"https:\/\/wp.me\/PcGHcP-Khq","_links":{"self":[{"href":"https:\/\/preprod.olympic.ca\/olympique\/wp-json\/wp\/v2\/pages\/177904","targetHints":{"allow":["GET"]}}],"collection":[{"href":"https:\/\/preprod.olympic.ca\/olympique\/wp-json\/wp\/v2\/pages"}],"about":[{"href":"https:\/\/preprod.olympic.ca\/olympique\/wp-json\/wp\/v2\/types\/page"}],"author":[{"embeddable":true,"href":"https:\/\/preprod.olympic.ca\/olympique\/wp-json\/wp\/v2\/users\/1"}],"replies":[{"embeddable":true,"href":"https:\/\/preprod.olympic.ca\/olympique\/wp-json\/wp\/v2\/comments?post=177904"}],"version-history":[{"count":3,"href":"https:\/\/preprod.olympic.ca\/olympique\/wp-json\/wp\/v2\/pages\/177904\/revisions"}],"predecessor-version":[{"id":178006,"href":"https:\/\/preprod.olympic.ca\/olympique\/wp-json\/wp\/v2\/pages\/177904\/revisions\/178006"}],"up":[{"embeddable":true,"href":"https:\/\/preprod.olympic.ca\/olympique\/wp-json\/wp\/v2\/pages\/84889"}],"wp:attachment":[{"href":"https:\/\/preprod.olympic.ca\/olympique\/wp-json\/wp\/v2\/media?parent=177904"}],"wp:term":[{"taxonomy":"author","embeddable":true,"href":"https:\/\/preprod.olympic.ca\/olympique\/wp-json\/wp\/v2\/coauthors?post=177904"}],"curies":[{"name":"wp","href":"https:\/\/api.w.org\/{rel}","templated":true}]}}