{"id":218419,"date":"2023-03-06T14:56:57","date_gmt":"2023-03-06T19:56:57","guid":{"rendered":"https:\/\/olympique.ca\/?page_id=218419"},"modified":"2024-06-19T15:36:21","modified_gmt":"2024-06-19T19:36:21","slug":"subvention-dequipe-canada-pour-la-journee-olympique","status":"publish","type":"page","link":"https:\/\/preprod.olympic.ca\/olympique\/subvention-dequipe-canada-pour-la-journee-olympique\/","title":{"rendered":"La subvention d\u2019\u00c9quipe Canada pour la Journ\u00e9e olympique"},"content":{"rendered":"<div class=\"wp-block-image\">\n<figure class=\"aligncenter size-large\"><img loading=\"lazy\" decoding=\"async\" height=\"754\" width=\"458\" src=\"https:\/\/olympique.ca\/wp-content\/uploads\/sites\/2\/2024\/06\/COC_DayGrant23-24_Summary_final-FR.jpg?quality=100&amp;w=458\" alt=\"\" class=\"wp-image-246824\" srcset=\"https:\/\/preprod.olympic.ca\/olympique\/wp-content\/uploads\/sites\/2\/2024\/06\/COC_DayGrant23-24_Summary_final-FR.jpg 1275w, https:\/\/preprod.olympic.ca\/olympique\/wp-content\/uploads\/sites\/2\/2024\/06\/COC_DayGrant23-24_Summary_final-FR.jpg?resize=96,158 96w, https:\/\/preprod.olympic.ca\/olympique\/wp-content\/uploads\/sites\/2\/2024\/06\/COC_DayGrant23-24_Summary_final-FR.jpg?resize=225,371 225w, https:\/\/preprod.olympic.ca\/olympique\/wp-content\/uploads\/sites\/2\/2024\/06\/COC_DayGrant23-24_Summary_final-FR.jpg?resize=768,1265 768w, https:\/\/preprod.olympic.ca\/olympique\/wp-content\/uploads\/sites\/2\/2024\/06\/COC_DayGrant23-24_Summary_final-FR.jpg?resize=458,754 458w, https:\/\/preprod.olympic.ca\/olympique\/wp-content\/uploads\/sites\/2\/2024\/06\/COC_DayGrant23-24_Summary_final-FR.jpg?resize=933,1536 933w, https:\/\/preprod.olympic.ca\/olympique\/wp-content\/uploads\/sites\/2\/2024\/06\/COC_DayGrant23-24_Summary_final-FR.jpg?resize=1243,2048 1243w\" sizes=\"(max-width: 458px) 100vw, 458px\" \/><\/figure>\n<\/div>\n\n\n<h2 class=\"wp-block-heading\">Veuillez noter que les applications pour la Subvention d&rsquo;\u00c9quipe Canada pour la Journ\u00e9e Olympique 2025 seront ouvertes \u00e0 l&rsquo;automne 2024.<\/h2>\n\n\n\n<p><\/p>\n\n\n\n<p><strong>NOUS JOINDRE<\/strong><\/p>\n\n\n\n<p>Si vous avez des questions au sujet du programme, communiquez avec l\u2019\u00e9quipe \u00c9ducation \u00e0 cosp@olympic.ca.<\/p>\n","protected":false},"excerpt":{"rendered":"<p>Veuillez noter que les applications pour la Subvention d&rsquo;\u00c9quipe Canada pour la Journ\u00e9e Olympique 2025 seront ouvertes \u00e0 l&rsquo;automne 2024&#8230;.<\/p>\n","protected":false},"author":167617045,"featured_media":0,"parent":0,"menu_order":0,"comment_status":"closed","ping_status":"closed","template":"","meta":{"_edit_lock":["1718825662:167617045"],"_last_editor_used_jetpack":["block-editor"],"_edit_last":["167617045"],"_yoast_wpseo_content_score":["30"],"_yoast_wpseo_estimated-reading-time-minutes":["9"],"coc_games":[""],"_coc_games":["field_5e83bf020f51f"],"coc_trivia":[""],"_coc_trivia":["field_5e83bacdec2aa"],"coc_sharing_options":["a:1:{s:18:\"coc_hide_share_bar\";b:0;}"],"coc_campaign_options":["a:4:{s:16:\"coc_campaign_tag\";s:0:\"\";s:15:\"coc_campaign_bg\";N;s:25:\"coc_campaign_bg_downloads\";a:0:{}s:20:\"coc_campaign_posters\";a:0:{}}"],"coc_team_options":["a:1:{s:15:\"coc_game_select\";i:216378;}"],"coc_oc_landing_options":["a:2:{s:17:\"coc_oc_landing_bg\";N;s:22:\"coc_oc_landing_stories\";a:0:{}}"],"coc_edit_profile_options":["a:1:{s:20:\"coc_favourite_sports\";a:0:{}}"],"coc_oc_reward_options":["a:13:{s:16:\"coc_oc_reward_id\";s:0:\"\";s:19:\"coc_oc_ac_reward_id\";s:0:\"\";s:20:\"coc_oc_reward_points\";s:0:\"\";s:19:\"coc_oc_reward_rules\";N;s:31:\"coc_oc_digital_download_desktop\";N;s:30:\"coc_oc_digital_download_mobile\";N;s:32:\"coc_oc_digital_download_facebook\";N;s:29:\"coc_oc_reward_success_message\";s:0:\"\";s:23:\"coc_oc_facebook_content\";s:0:\"\";s:22:\"coc_oc_twitter_content\";s:0:\"\";s:24:\"coc_oc_social_contest_id\";s:0:\"\";s:31:\"coc_oc_reward_logged_in_message\";s:0:\"\";s:32:\"coc_oc_reward_logged_out_message\";s:0:\"\";}"],"coc_press_options":["a:2:{s:28:\"coc_press_additional_content\";s:0:\"\";s:27:\"coc_press_resource_category\";a:0:{}}"],"coc_breaking_news_options":["a:1:{s:25:\"coc_breaking_news_details\";a:0:{}}"],"coc_be_olympic_options":["a:8:{s:37:\"coc_be_olympic_exclusive_content_link\";s:0:\"\";s:27:\"coc_be_olympic_videos_title\";s:0:\"\";s:21:\"coc_be_olympic_videos\";a:0:{}s:27:\"coc_be_olympic_photos_title\";s:0:\"\";s:21:\"coc_be_olympic_photos\";a:0:{}s:24:\"coc_be_olympic_downloads\";a:0:{}s:22:\"coc_be_olympic_quizzes\";a:0:{}s:26:\"coc_be_olympic_fan_fun_ads\";a:0:{}}"],"coc_fan_fun_options":["a:2:{s:23:\"coc_fan_fun_hammer_time\";a:2:{s:29:\"coc_fan_fun_hammer_time_image\";N;s:27:\"coc_fan_fun_hammer_time_url\";s:0:\"\";}s:22:\"coc_fan_fun_torch_dash\";a:2:{s:28:\"coc_fan_fun_torch_dash_image\";N;s:26:\"coc_fan_fun_torch_dash_url\";s:0:\"\";}}"],"coc_interactive_game_options":["a:3:{s:28:\"coc_interactive_game_message\";s:0:\"\";s:24:\"coc_interactive_game_url\";s:0:\"\";s:27:\"coc_interactive_game_iframe\";b:0;}"],"coc_olympic_club_options":["a:1:{s:12:\"redirect_url\";s:0:\"\";}"],"coc_favorites_options":["a:3:{s:13:\"content_types\";a:0:{}s:7:\"seasons\";a:0:{}s:4:\"gear\";a:0:{}}"],"coc_og_tags":["a:3:{s:8:\"og_title\";s:0:\"\";s:14:\"og_description\";s:0:\"\";s:8:\"og_image\";N;}"],"coc_education_options":["A"],"coc_page_options":["a:1:{s:30:\"coc_partner_takeover_ads_story\";a:5:{s:20:\"coc_ad_story_desktop\";N;s:26:\"coc_ad_story_desktop_label\";s:0:\"\";s:19:\"coc_ad_story_mobile\";N;s:25:\"coc_ad_story_mobile_label\";s:0:\"\";s:16:\"coc_ad_story_url\";s:0:\"\";}}"],"coc_donor_video_options":["a:1:{s:21:\"donor_featured_videos\";a:0:{}}"],"coc_about_video_options":["a:1:{s:11:\"about_video\";a:3:{s:21:\"coc_about_video_title\";s:0:\"\";s:20:\"coc_about_video_text\";s:0:\"\";s:21:\"coc_about_youtube_url\";s:0:\"\";}}"],"coc_about_image_options":["a:1:{s:11:\"about_image\";a:3:{s:21:\"coc_about_image_title\";s:0:\"\";s:20:\"coc_about_image_text\";s:0:\"\";s:19:\"coc_about_image_url\";N;}}"],"coc_giving_options":["a:1:{s:14:\"giving_options\";a:0:{}}"],"coc_homepage_video_options":["a:1:{s:13:\"video_options\";a:1:{s:18:\"coc_homepage_video\";s:0:\"\";}}"],"coc_homepage_priorities":["a:1:{s:16:\"priority_options\";a:0:{}}"],"coc_homepage_campaign_options":["a:1:{s:16:\"campaign_options\";a:3:{s:24:\"coc_campaign_video_title\";s:0:\"\";s:23:\"coc_campaign_video_text\";s:0:\"\";s:24:\"coc_campaign_youtube_url\";s:0:\"\";}}"],"hof_selected_committee":["a:1:{s:11:\"hof_members\";a:0:{}}"],"hof_partners_options":["a:1:{s:12:\"hof_partners\";a:0:{}}"],"hof_search_excerpt":["a:1:{s:18:\"coc_search_excerpt\";s:0:\"\";}"],"_x_multifield_seo_accordion":["a:1:{i:0;a:2:{s:19:\"seo_accordion_title\";s:0:\"\";s:25:\"seo_accordion_description\";s:0:\"\";}}"],"seo_translation_link":["https:\/\/preprod.olympic.ca\/team-canada-olympic-day-grant\/"],"_oembed_2e26b425e52a52952979c4f13b96a7cf":["<iframe title=\"D\u00e9voile les r\u00e9cipiendaires de la premi\u00e8re subvention d\u2019\u00c9quipe Canada pour la Journ\u00e9e olympique\" width=\"1360\" height=\"765\" src=\"https:\/\/www.youtube.com\/embed\/2WKCJHuDd08?feature=oembed\" frameborder=\"0\" allow=\"accelerometer; autoplay; clipboard-write; encrypted-media; gyroscope; picture-in-picture; web-share\" allowfullscreen><\/iframe>"],"_oembed_time_2e26b425e52a52952979c4f13b96a7cf":["1687529302"],"seo_title":[""],"_seo_title":["field_652feeaa9308c"],"seo_focus_keyword":[""],"_seo_focus_keyword":["field_652ff0580091b"],"seo_meta_description":[""],"_seo_meta_description":["field_652feec09308d"],"_seo_translation_link":["field_652feee79308e"],"seo_accordion_module_title":[""],"_seo_accordion_module_title":["field_652fef009308f"],"seo_accordion":[""],"_seo_accordion":["field_652fef4793091"],"secondary_content":[""],"_secondary_content":["field_6530028284790"],"social_facebook":[""],"_social_facebook":["field_652ff39070798"],"social_twitter":[""],"_social_twitter":["field_652ff3a470799"],"social_instagram":[""],"_social_instagram":["field_652ff3ca7079a"],"social_linkedin":[""],"_social_linkedin":["field_652ff3e57079b"],"social_website":[""],"_social_website":["field_652ff4227079c"],"zeus_id":[""],"_zeus_id":["field_652ff4537079d"],"team_announcement_tag":[""],"_team_announcement_tag":["field_65300222e2d0d"],"video_embed_code":[""],"_video_embed_code":["field_652fecffe1114"],"facebook_video_embed_code":[""],"_facebook_video_embed_code":["field_652fedfae1121"],"coc_hide_title":["0"],"_coc_hide_title":["field_661d79f32b89b"]},"coauthors":[682162591],"class_list":["post-218419","page","type-page","status-publish","format-standard","hentry"],"acf":[],"yoast_head":"<!-- This site is optimized with the Yoast SEO plugin v27.3 - https:\/\/yoast.com\/product\/yoast-seo-wordpress\/ -->\n<title>La subvention d\u2019\u00c9quipe Canada pour la Journ\u00e9e olympique - \u00c9quipe Canada | Site officiel de l&#039;\u00e9quipe olympique<\/title>\n<meta name=\"robots\" content=\"index, follow, max-snippet:-1, max-image-preview:large, max-video-preview:-1\" \/>\n<link rel=\"canonical\" href=\"https:\/\/preprod.olympic.ca\/olympique\/subvention-dequipe-canada-pour-la-journee-olympique\/\" \/>\n<meta property=\"og:locale\" content=\"fr_FR\" \/>\n<meta property=\"og:type\" content=\"article\" \/>\n<meta property=\"og:title\" content=\"La subvention d\u2019\u00c9quipe Canada pour la Journ\u00e9e olympique - \u00c9quipe Canada | Site officiel de l&#039;\u00e9quipe olympique\" \/>\n<meta property=\"og:description\" content=\"Veuillez noter que les applications pour la Subvention d&rsquo;\u00c9quipe Canada pour la Journ\u00e9e Olympique 2025 seront ouvertes \u00e0 l&rsquo;automne 2024....\" \/>\n<meta property=\"og:url\" content=\"https:\/\/preprod.olympic.ca\/olympique\/subvention-dequipe-canada-pour-la-journee-olympique\/\" \/>\n<meta property=\"og:site_name\" content=\"\u00c9quipe Canada | Site officiel de l&#039;\u00e9quipe olympique\" \/>\n<meta property=\"article:modified_time\" content=\"2024-06-19T19:36:21+00:00\" \/>\n<meta property=\"og:image\" content=\"https:\/\/olympique.ca\/wp-content\/uploads\/sites\/2\/2024\/06\/COC_DayGrant23-24_Summary_final-FR.jpg?quality=100&amp;w=458\" \/>\n<meta name=\"twitter:card\" content=\"summary_large_image\" \/>\n<meta name=\"twitter:label1\" content=\"Est. reading time\" \/>\n\t<meta name=\"twitter:data1\" content=\"9 minutes\" \/>\n\t<meta name=\"twitter:label2\" content=\"Written by\" \/>\n\t<meta name=\"twitter:data2\" content=\"lmuzzo\" \/>\n<script type=\"application\/ld+json\" class=\"yoast-schema-graph\">{\"@context\":\"https:\\\/\\\/schema.org\",\"@graph\":[{\"@type\":\"WebPage\",\"@id\":\"https:\\\/\\\/preprod.olympic.ca\\\/olympique\\\/subvention-dequipe-canada-pour-la-journee-olympique\\\/\",\"url\":\"https:\\\/\\\/preprod.olympic.ca\\\/olympique\\\/subvention-dequipe-canada-pour-la-journee-olympique\\\/\",\"name\":\"La subvention d\u2019\u00c9quipe Canada pour la Journ\u00e9e olympique - \u00c9quipe Canada | Site officiel de l&#039;\u00e9quipe olympique\",\"isPartOf\":{\"@id\":\"https:\\\/\\\/preprod.olympic.ca\\\/olympique\\\/#website\"},\"primaryImageOfPage\":{\"@id\":\"https:\\\/\\\/preprod.olympic.ca\\\/olympique\\\/subvention-dequipe-canada-pour-la-journee-olympique\\\/#primaryimage\"},\"image\":{\"@id\":\"https:\\\/\\\/preprod.olympic.ca\\\/olympique\\\/subvention-dequipe-canada-pour-la-journee-olympique\\\/#primaryimage\"},\"thumbnailUrl\":\"https:\\\/\\\/olympique.ca\\\/wp-content\\\/uploads\\\/sites\\\/2\\\/2024\\\/06\\\/COC_DayGrant23-24_Summary_final-FR.jpg?quality=100&amp;w=458\",\"datePublished\":\"2023-03-06T19:56:57+00:00\",\"dateModified\":\"2024-06-19T19:36:21+00:00\",\"inLanguage\":\"fr-FR\",\"potentialAction\":[{\"@type\":\"ReadAction\",\"target\":[\"https:\\\/\\\/preprod.olympic.ca\\\/olympique\\\/subvention-dequipe-canada-pour-la-journee-olympique\\\/\"]}]},{\"@type\":\"ImageObject\",\"inLanguage\":\"fr-FR\",\"@id\":\"https:\\\/\\\/preprod.olympic.ca\\\/olympique\\\/subvention-dequipe-canada-pour-la-journee-olympique\\\/#primaryimage\",\"url\":\"https:\\\/\\\/olympique.ca\\\/wp-content\\\/uploads\\\/sites\\\/2\\\/2024\\\/06\\\/COC_DayGrant23-24_Summary_final-FR.jpg?quality=100&amp;w=458\",\"contentUrl\":\"https:\\\/\\\/olympique.ca\\\/wp-content\\\/uploads\\\/sites\\\/2\\\/2024\\\/06\\\/COC_DayGrant23-24_Summary_final-FR.jpg?quality=100&amp;w=458\"},{\"@type\":\"WebSite\",\"@id\":\"https:\\\/\\\/preprod.olympic.ca\\\/olympique\\\/#website\",\"url\":\"https:\\\/\\\/preprod.olympic.ca\\\/olympique\\\/\",\"name\":\"\u00c9quipe Canada | Site officiel de l&#039;\u00e9quipe olympique\",\"description\":\"Votre source pour l\u2019\u00c9quipe olympique canadienne. Retrouvez les r\u00e9cits, vid\u00e9os et photos des athl\u00e8tes canadiens, sports olympiques, Jeux olympiques de 2020 et bien plus!\",\"potentialAction\":[{\"@type\":\"SearchAction\",\"target\":{\"@type\":\"EntryPoint\",\"urlTemplate\":\"https:\\\/\\\/preprod.olympic.ca\\\/olympique\\\/?s={search_term_string}\"},\"query-input\":{\"@type\":\"PropertyValueSpecification\",\"valueRequired\":true,\"valueName\":\"search_term_string\"}}],\"inLanguage\":\"fr-FR\"}]}<\/script>\n<!-- \/ Yoast SEO plugin. -->","yoast_head_json":{"title":"La subvention d\u2019\u00c9quipe Canada pour la Journ\u00e9e olympique - \u00c9quipe Canada | Site officiel de l&#039;\u00e9quipe olympique","robots":{"index":"index","follow":"follow","max-snippet":"max-snippet:-1","max-image-preview":"max-image-preview:large","max-video-preview":"max-video-preview:-1"},"canonical":"https:\/\/preprod.olympic.ca\/olympique\/subvention-dequipe-canada-pour-la-journee-olympique\/","og_locale":"fr_FR","og_type":"article","og_title":"La subvention d\u2019\u00c9quipe Canada pour la Journ\u00e9e olympique - \u00c9quipe Canada | Site officiel de l&#039;\u00e9quipe olympique","og_description":"Veuillez noter que les applications pour la Subvention d&rsquo;\u00c9quipe Canada pour la Journ\u00e9e Olympique 2025 seront ouvertes \u00e0 l&rsquo;automne 2024....","og_url":"https:\/\/preprod.olympic.ca\/olympique\/subvention-dequipe-canada-pour-la-journee-olympique\/","og_site_name":"\u00c9quipe Canada | Site officiel de l&#039;\u00e9quipe olympique","article_modified_time":"2024-06-19T19:36:21+00:00","og_image":[{"url":"https:\/\/olympique.ca\/wp-content\/uploads\/sites\/2\/2024\/06\/COC_DayGrant23-24_Summary_final-FR.jpg?quality=100&amp;w=458","type":"","width":"","height":""}],"twitter_card":"summary_large_image","twitter_misc":{"Est. reading time":"9 minutes","Written by":"lmuzzo"},"schema":{"@context":"https:\/\/schema.org","@graph":[{"@type":"WebPage","@id":"https:\/\/preprod.olympic.ca\/olympique\/subvention-dequipe-canada-pour-la-journee-olympique\/","url":"https:\/\/preprod.olympic.ca\/olympique\/subvention-dequipe-canada-pour-la-journee-olympique\/","name":"La subvention d\u2019\u00c9quipe Canada pour la Journ\u00e9e olympique - \u00c9quipe Canada | Site officiel de l&#039;\u00e9quipe olympique","isPartOf":{"@id":"https:\/\/preprod.olympic.ca\/olympique\/#website"},"primaryImageOfPage":{"@id":"https:\/\/preprod.olympic.ca\/olympique\/subvention-dequipe-canada-pour-la-journee-olympique\/#primaryimage"},"image":{"@id":"https:\/\/preprod.olympic.ca\/olympique\/subvention-dequipe-canada-pour-la-journee-olympique\/#primaryimage"},"thumbnailUrl":"https:\/\/olympique.ca\/wp-content\/uploads\/sites\/2\/2024\/06\/COC_DayGrant23-24_Summary_final-FR.jpg?quality=100&amp;w=458","datePublished":"2023-03-06T19:56:57+00:00","dateModified":"2024-06-19T19:36:21+00:00","inLanguage":"fr-FR","potentialAction":[{"@type":"ReadAction","target":["https:\/\/preprod.olympic.ca\/olympique\/subvention-dequipe-canada-pour-la-journee-olympique\/"]}]},{"@type":"ImageObject","inLanguage":"fr-FR","@id":"https:\/\/preprod.olympic.ca\/olympique\/subvention-dequipe-canada-pour-la-journee-olympique\/#primaryimage","url":"https:\/\/olympique.ca\/wp-content\/uploads\/sites\/2\/2024\/06\/COC_DayGrant23-24_Summary_final-FR.jpg?quality=100&amp;w=458","contentUrl":"https:\/\/olympique.ca\/wp-content\/uploads\/sites\/2\/2024\/06\/COC_DayGrant23-24_Summary_final-FR.jpg?quality=100&amp;w=458"},{"@type":"WebSite","@id":"https:\/\/preprod.olympic.ca\/olympique\/#website","url":"https:\/\/preprod.olympic.ca\/olympique\/","name":"\u00c9quipe Canada | Site officiel de l&#039;\u00e9quipe olympique","description":"Votre source pour l\u2019\u00c9quipe olympique canadienne. Retrouvez les r\u00e9cits, vid\u00e9os et photos des athl\u00e8tes canadiens, sports olympiques, Jeux olympiques de 2020 et bien plus!","potentialAction":[{"@type":"SearchAction","target":{"@type":"EntryPoint","urlTemplate":"https:\/\/preprod.olympic.ca\/olympique\/?s={search_term_string}"},"query-input":{"@type":"PropertyValueSpecification","valueRequired":true,"valueName":"search_term_string"}}],"inLanguage":"fr-FR"}]}},"jetpack_sharing_enabled":true,"jetpack-related-posts":[],"jetpack_shortlink":"https:\/\/wp.me\/PcGHcP-UOT","_links":{"self":[{"href":"https:\/\/preprod.olympic.ca\/olympique\/wp-json\/wp\/v2\/pages\/218419","targetHints":{"allow":["GET"]}}],"collection":[{"href":"https:\/\/preprod.olympic.ca\/olympique\/wp-json\/wp\/v2\/pages"}],"about":[{"href":"https:\/\/preprod.olympic.ca\/olympique\/wp-json\/wp\/v2\/types\/page"}],"author":[{"embeddable":true,"href":"https:\/\/preprod.olympic.ca\/olympique\/wp-json\/wp\/v2\/users\/167617045"}],"replies":[{"embeddable":true,"href":"https:\/\/preprod.olympic.ca\/olympique\/wp-json\/wp\/v2\/comments?post=218419"}],"version-history":[{"count":32,"href":"https:\/\/preprod.olympic.ca\/olympique\/wp-json\/wp\/v2\/pages\/218419\/revisions"}],"predecessor-version":[{"id":246829,"href":"https:\/\/preprod.olympic.ca\/olympique\/wp-json\/wp\/v2\/pages\/218419\/revisions\/246829"}],"wp:attachment":[{"href":"https:\/\/preprod.olympic.ca\/olympique\/wp-json\/wp\/v2\/media?parent=218419"}],"wp:term":[{"taxonomy":"author","embeddable":true,"href":"https:\/\/preprod.olympic.ca\/olympique\/wp-json\/wp\/v2\/coauthors?post=218419"}],"curies":[{"name":"wp","href":"https:\/\/api.w.org\/{rel}","templated":true}]}}