{"id":241092,"date":"2024-04-19T09:00:00","date_gmt":"2024-04-19T13:00:00","guid":{"rendered":"https:\/\/olympique.ca\/?page_id=241092"},"modified":"2024-04-19T10:32:49","modified_gmt":"2024-04-19T14:32:49","slug":"ellie-black-gymnastique-artistique","status":"publish","type":"page","link":"https:\/\/preprod.olympic.ca\/olympique\/invinciblecourage\/ellie-black-gymnastique-artistique\/","title":{"rendered":"Ellie Black, Gymnastique artistique"},"content":{"rendered":"\n<figure class=\"wp-block-image size-large\"><img loading=\"lazy\" decoding=\"async\" width=\"1152\" height=\"576\" src=\"https:\/\/olympique.ca\/wp-content\/uploads\/sites\/2\/2024\/04\/FR-BIU_AthleteHeader-Ellie.jpg?quality=100&amp;w=1152\" alt=\"Ellie Black - L'invincible courage\" class=\"wp-image-241095\" srcset=\"https:\/\/preprod.olympic.ca\/olympique\/wp-content\/uploads\/sites\/2\/2024\/04\/FR-BIU_AthleteHeader-Ellie.jpg 1152w, https:\/\/preprod.olympic.ca\/olympique\/wp-content\/uploads\/sites\/2\/2024\/04\/FR-BIU_AthleteHeader-Ellie.jpg?resize=280,140 280w, https:\/\/preprod.olympic.ca\/olympique\/wp-content\/uploads\/sites\/2\/2024\/04\/FR-BIU_AthleteHeader-Ellie.jpg?resize=660,330 660w, https:\/\/preprod.olympic.ca\/olympique\/wp-content\/uploads\/sites\/2\/2024\/04\/FR-BIU_AthleteHeader-Ellie.jpg?resize=768,384 768w\" sizes=\"(max-width: 1152px) 100vw, 1152px\" \/><\/figure>\n\n\n\n<p>Triple olympienne, <a href=\"https:\/\/olympique.ca\/team-canada\/ellie-black\/\" target=\"_blank\" rel=\"noreferrer noopener\">Ellie Black<\/a> a remport\u00e9 10 m\u00e9dailles aux Jeux panam\u00e9ricains. \u00c0 28 ans, elle est l\u2019a\u00een\u00e9e de l\u2019\u00e9quipe f\u00e9minine de gymnastique artistique du Canada. Certaines personnes diront qu\u2019Ellie a pass\u00e9 l\u2019\u00e2ge de comp\u00e9titionner \u00e0 l\u2019\u00e9chelle mondiale, mais elle a l\u2019avantage de compter sur deux d\u00e9cennies d\u2019exp\u00e9rience et de r\u00e9ussites pour se pr\u00e9parer \u00e0 <a href=\"https:\/\/olympique.ca\/games\/paris-2024\/\">Paris 2024<\/a>. Ellie en est la preuve : on n\u2019est jamais trop vieux pour r\u00e9aliser ses r\u00eaves.<\/p>\n\n\n<div class=\"wp-block-image\">\n<figure class=\"aligncenter size-large\"><img loading=\"lazy\" decoding=\"async\" height=\"754\" width=\"981\" src=\"https:\/\/olympique.ca\/wp-content\/uploads\/sites\/2\/2024\/04\/BIU-AUDIO_TRANSCRIPTS_ELLIE_FR.png?w=981\" alt=\"Je suis Ellie Black, membre d\u2019\u00c9quipe Canada\n \nQuand vous me voyez concourir, vous voyez une olympienne m\u00e9daill\u00e9e dix fois aux Jeux panam\u00e9ricains en gymnastique artistique.\n \nCe que vous ne voyez pas, c\u2019est que ma quatri\u00e8me \u00e9dition des Jeux olympiques sera la plus difficile. Je suis l\u2019une des gymnastes les plus \u00e2g\u00e9es qui participeront aux Jeux de Paris.\n \nOr, tout le monde sait que les jeunes athl\u00e8tes dominent ce sport. \n \n\u00c0 28 ans, certains pourraient se demander si je ne suis pas trop vieille pour affronter les meilleures des meilleures, et si les plus beaux jours de ma carri\u00e8re ne sont pas derri\u00e8re moi. J\u2019ai bien l\u2019intention de puiser dans mon exp\u00e9rience et mes victoires pour en remporter une de plus.\n \nJe serai l\u00e0 pour montrer que l\u2019\u00e2ge est dans la t\u00eate, et dans ma t\u00eate, je suis une championne.\" class=\"wp-image-241106\" srcset=\"https:\/\/preprod.olympic.ca\/olympique\/wp-content\/uploads\/sites\/2\/2024\/04\/BIU-AUDIO_TRANSCRIPTS_ELLIE_FR.png 1834w, https:\/\/preprod.olympic.ca\/olympique\/wp-content\/uploads\/sites\/2\/2024\/04\/BIU-AUDIO_TRANSCRIPTS_ELLIE_FR.png?resize=206,158 206w, https:\/\/preprod.olympic.ca\/olympique\/wp-content\/uploads\/sites\/2\/2024\/04\/BIU-AUDIO_TRANSCRIPTS_ELLIE_FR.png?resize=483,371 483w, https:\/\/preprod.olympic.ca\/olympique\/wp-content\/uploads\/sites\/2\/2024\/04\/BIU-AUDIO_TRANSCRIPTS_ELLIE_FR.png?resize=768,590 768w, https:\/\/preprod.olympic.ca\/olympique\/wp-content\/uploads\/sites\/2\/2024\/04\/BIU-AUDIO_TRANSCRIPTS_ELLIE_FR.png?resize=981,754 981w, https:\/\/preprod.olympic.ca\/olympique\/wp-content\/uploads\/sites\/2\/2024\/04\/BIU-AUDIO_TRANSCRIPTS_ELLIE_FR.png?resize=1536,1181 1536w\" sizes=\"(max-width: 981px) 100vw, 981px\" \/><\/figure>\n<\/div>\n\n\n<div class=\"wp-block-buttons is-content-justification-center is-layout-flex wp-container-core-buttons-is-layout-16018d1d wp-block-buttons-is-layout-flex\">\n<div class=\"wp-block-button\"><a class=\"wp-block-button__link wp-element-button\" href=\"https:\/\/olympique.ca\/team-canada\/ellie-black\/\">Voir Le Profil d&rsquo;Ellie<\/a><\/div>\n<\/div>\n\n\n\n<div style=\"height:30px\" aria-hidden=\"true\" class=\"wp-block-spacer\"><\/div>\n\n\n\n<figure class=\"wp-block-image alignfull size-full\"><a href=\"https:\/\/olympique.ca\/invinciblecourage\"><img loading=\"lazy\" decoding=\"async\" width=\"1341\" height=\"363\" src=\"https:\/\/olympique.ca\/wp-content\/uploads\/sites\/2\/2024\/04\/BIU_Web-Elements-MORE-STORIES-FR.png\" alt=\"\" class=\"wp-image-241182\" srcset=\"https:\/\/preprod.olympic.ca\/olympique\/wp-content\/uploads\/sites\/2\/2024\/04\/BIU_Web-Elements-MORE-STORIES-FR.png 1341w, https:\/\/preprod.olympic.ca\/olympique\/wp-content\/uploads\/sites\/2\/2024\/04\/BIU_Web-Elements-MORE-STORIES-FR.png?resize=280,76 280w, https:\/\/preprod.olympic.ca\/olympique\/wp-content\/uploads\/sites\/2\/2024\/04\/BIU_Web-Elements-MORE-STORIES-FR.png?resize=660,179 660w, https:\/\/preprod.olympic.ca\/olympique\/wp-content\/uploads\/sites\/2\/2024\/04\/BIU_Web-Elements-MORE-STORIES-FR.png?resize=768,208 768w\" sizes=\"(max-width: 1341px) 100vw, 1341px\" \/><\/a><\/figure>\n\n\n\n<hr class=\"wp-block-separator has-alpha-channel-opacity is-style-wide\"\/>\n\n\n\n<h2 class=\"wp-block-heading\">Suivez Radio-Canada sur<\/h2>\n\n\n\n<div class=\"wp-block-group is-content-justification-center is-nowrap is-layout-flex wp-container-core-group-is-layout-94bc23d7 wp-block-group-is-layout-flex\">\n<figure class=\"wp-block-image size-full\"><a href=\"https:\/\/www.tiktok.com\/@radio.canada.sports\" target=\"_blank\" rel=\"noreferrer noopener\"><img decoding=\"async\" src=\"https:\/\/develop.olympic.ca\/wp-content\/uploads\/2024\/04\/DIGITAL-APP_STYLE-GUIDE_2023_SOCIAL-ENCIRCLED-C-TIKTOK.png\" alt=\"\" class=\"wp-image-307437\" style=\"object-fit:cover\"\/><\/a><\/figure>\n\n\n\n<figure class=\"wp-block-image size-full\"><a href=\"https:\/\/www.instagram.com\/radiocanadasports\" target=\"_blank\" rel=\"noreferrer noopener\"><img decoding=\"async\" src=\"https:\/\/develop.olympic.ca\/wp-content\/uploads\/2024\/04\/DIGITAL-APP_STYLE-GUIDE_2023_SOCIAL-ENCIRCLED-C-INST.png\" alt=\"\" class=\"wp-image-307439\" style=\"object-fit:cover\"\/><\/a><\/figure>\n\n\n\n<figure class=\"wp-block-image size-full\"><a href=\"https:\/\/www.youtube.com\/RadioCanadaSports\" target=\"_blank\" rel=\"noreferrer noopener\"><img decoding=\"async\" src=\"https:\/\/develop.olympic.ca\/wp-content\/uploads\/2024\/04\/DIGITAL-APP_STYLE-GUIDE_2023_SOCIAL-ENCIRCLED-C-YT.png\" alt=\"\" class=\"wp-image-307436\" style=\"object-fit:cover\"\/><\/a><\/figure>\n\n\n\n<figure class=\"wp-block-image size-full\"><a href=\"https:\/\/twitter.com\/RC_Sports\" target=\"_blank\" rel=\"noreferrer noopener\"><img decoding=\"async\" src=\"https:\/\/develop.olympic.ca\/wp-content\/uploads\/2024\/04\/DIGITAL-APP_STYLE-GUIDE_2023_SOCIAL-ENCIRCLED-C-X.png\" alt=\"\" class=\"wp-image-307435\" style=\"object-fit:cover\"\/><\/a><\/figure>\n\n\n\n<figure class=\"wp-block-image size-full\"><a href=\"https:\/\/www.facebook.com\/radiocanada.sports\/\" target=\"_blank\" rel=\"noreferrer noopener\"><img decoding=\"async\" src=\"https:\/\/develop.olympic.ca\/wp-content\/uploads\/2024\/04\/DIGITAL-APP_STYLE-GUIDE_2023_SOCIAL-ENCIRCLED-C-FB.png\" alt=\"\" class=\"wp-image-307438\" style=\"object-fit:cover\"\/><\/a><\/figure>\n<\/div>\n","protected":false},"excerpt":{"rendered":"<p>Triple olympienne, Ellie Black a remport\u00e9 10 m\u00e9dailles aux Jeux panam\u00e9ricains. \u00c0 28 ans, elle est l\u2019a\u00een\u00e9e de l\u2019\u00e9quipe f\u00e9minine&#8230;<\/p>\n","protected":false},"author":52435436,"featured_media":0,"parent":241083,"menu_order":0,"comment_status":"closed","ping_status":"closed","template":"templates\/campaign-2024.php","meta":{"_edit_lock":["1713537027:52435436"],"_last_editor_used_jetpack":["block-editor"],"_wp_page_template":["templates\/campaign-2024.php"],"_edit_last":["52435436"],"_yoast_wpseo_content_score":["90"],"_yoast_wpseo_estimated-reading-time-minutes":["2"],"_yoast_wpseo_wordproof_timestamp":[""],"seo_title":[""],"_seo_title":["field_652feeaa9308c"],"seo_focus_keyword":[""],"_seo_focus_keyword":["field_652ff0580091b"],"seo_meta_description":[""],"_seo_meta_description":["field_652feec09308d"],"seo_translation_link":["https:\/\/preprod.olympic.ca\/?page_id=318072"],"_seo_translation_link":["field_652feee79308e"],"seo_accordion_module_title":[""],"_seo_accordion_module_title":["field_652fef009308f"],"seo_accordion":[""],"_seo_accordion":["field_652fef4793091"],"secondary_content":[""],"_secondary_content":["field_6530028284790"],"social_facebook":[""],"_social_facebook":["field_652ff39070798"],"social_twitter":[""],"_social_twitter":["field_652ff3a470799"],"social_instagram":[""],"_social_instagram":["field_652ff3ca7079a"],"social_linkedin":[""],"_social_linkedin":["field_652ff3e57079b"],"social_website":[""],"_social_website":["field_652ff4227079c"],"zeus_id":[""],"_zeus_id":["field_652ff4537079d"],"team_announcement_tag":[""],"_team_announcement_tag":["field_65300222e2d0d"],"coc_hide_title":["1"],"_coc_hide_title":["field_661d79f32b89b"],"video_embed_code":[""],"_video_embed_code":["field_652fecffe1114"],"facebook_video_embed_code":[""],"_facebook_video_embed_code":["field_652fedfae1121"],"coc_games":[""],"_coc_games":["field_5e83bf020f51f"],"coc_trivia":[""],"_coc_trivia":["field_5e83bacdec2aa"],"coc_sharing_options":["a:1:{s:18:\"coc_hide_share_bar\";b:0;}"],"coc_campaign_options":["a:4:{s:16:\"coc_campaign_tag\";s:0:\"\";s:15:\"coc_campaign_bg\";N;s:25:\"coc_campaign_bg_downloads\";a:0:{}s:20:\"coc_campaign_posters\";a:0:{}}"],"coc_team_options":["a:1:{s:15:\"coc_game_select\";i:216378;}"],"coc_oc_landing_options":["a:2:{s:17:\"coc_oc_landing_bg\";N;s:22:\"coc_oc_landing_stories\";a:0:{}}"],"coc_edit_profile_options":["a:1:{s:20:\"coc_favourite_sports\";a:0:{}}"],"coc_oc_reward_options":["a:13:{s:16:\"coc_oc_reward_id\";s:0:\"\";s:19:\"coc_oc_ac_reward_id\";s:0:\"\";s:20:\"coc_oc_reward_points\";s:0:\"\";s:19:\"coc_oc_reward_rules\";N;s:31:\"coc_oc_digital_download_desktop\";N;s:30:\"coc_oc_digital_download_mobile\";N;s:32:\"coc_oc_digital_download_facebook\";N;s:29:\"coc_oc_reward_success_message\";s:0:\"\";s:23:\"coc_oc_facebook_content\";s:0:\"\";s:22:\"coc_oc_twitter_content\";s:0:\"\";s:24:\"coc_oc_social_contest_id\";s:0:\"\";s:31:\"coc_oc_reward_logged_in_message\";s:0:\"\";s:32:\"coc_oc_reward_logged_out_message\";s:0:\"\";}"],"coc_press_options":["a:2:{s:28:\"coc_press_additional_content\";s:0:\"\";s:27:\"coc_press_resource_category\";a:0:{}}"],"coc_breaking_news_options":["a:1:{s:25:\"coc_breaking_news_details\";a:0:{}}"],"coc_be_olympic_options":["a:8:{s:37:\"coc_be_olympic_exclusive_content_link\";s:0:\"\";s:27:\"coc_be_olympic_videos_title\";s:0:\"\";s:21:\"coc_be_olympic_videos\";a:0:{}s:27:\"coc_be_olympic_photos_title\";s:0:\"\";s:21:\"coc_be_olympic_photos\";a:0:{}s:24:\"coc_be_olympic_downloads\";a:0:{}s:22:\"coc_be_olympic_quizzes\";a:0:{}s:26:\"coc_be_olympic_fan_fun_ads\";a:0:{}}"],"coc_fan_fun_options":["a:2:{s:23:\"coc_fan_fun_hammer_time\";a:2:{s:29:\"coc_fan_fun_hammer_time_image\";N;s:27:\"coc_fan_fun_hammer_time_url\";s:0:\"\";}s:22:\"coc_fan_fun_torch_dash\";a:2:{s:28:\"coc_fan_fun_torch_dash_image\";N;s:26:\"coc_fan_fun_torch_dash_url\";s:0:\"\";}}"],"coc_interactive_game_options":["a:3:{s:28:\"coc_interactive_game_message\";s:0:\"\";s:24:\"coc_interactive_game_url\";s:0:\"\";s:27:\"coc_interactive_game_iframe\";b:0;}"],"coc_olympic_club_options":["a:1:{s:12:\"redirect_url\";s:0:\"\";}"],"coc_favorites_options":["a:3:{s:13:\"content_types\";a:0:{}s:7:\"seasons\";a:0:{}s:4:\"gear\";a:0:{}}"],"coc_og_tags":["a:3:{s:8:\"og_title\";s:0:\"\";s:14:\"og_description\";s:0:\"\";s:8:\"og_image\";N;}"],"_yoast_wpseo_focuskw":["L\u2019Invincible Courage - Ellie Black"],"_yoast_wpseo_metadesc":["L\u2019Invincible Courage - Triple olympienne, Ellie Black a remport\u00e9 10 m\u00e9dailles aux Jeux panam\u00e9ricains. \u00c0 28 ans, elle est l\u2019a\u00een\u00e9e de l\u2019\u00e9quipe f\u00e9minine de gymnastique artistique du Canada. Certaines personnes diront qu\u2019Ellie a pass\u00e9 l\u2019\u00e2ge de comp\u00e9titionner \u00e0 l\u2019\u00e9chelle mondiale, mais elle a l\u2019avantage de compter sur deux d\u00e9cennies d\u2019exp\u00e9rience et de r\u00e9ussites pour se pr\u00e9parer \u00e0 Paris 2024. Ellie en est la preuve : on n\u2019est jamais trop vieux pour r\u00e9aliser ses r\u00eaves."],"_yoast_wpseo_linkdex":["45"]},"coauthors":[209008581],"class_list":["post-241092","page","type-page","status-publish","format-standard","hentry"],"acf":[],"yoast_head":"<!-- This site is optimized with the Yoast SEO plugin v27.3 - https:\/\/yoast.com\/product\/yoast-seo-wordpress\/ -->\n<title>Ellie Black, Gymnastique artistique - \u00c9quipe Canada | Site officiel de l&#039;\u00e9quipe olympique<\/title>\n<meta name=\"description\" content=\"L\u2019Invincible Courage - Triple olympienne, Ellie Black a remport\u00e9 10 m\u00e9dailles aux Jeux panam\u00e9ricains. \u00c0 28 ans, elle est l\u2019a\u00een\u00e9e de l\u2019\u00e9quipe f\u00e9minine de gymnastique artistique du Canada. Certaines personnes diront qu\u2019Ellie a pass\u00e9 l\u2019\u00e2ge de comp\u00e9titionner \u00e0 l\u2019\u00e9chelle mondiale, mais elle a l\u2019avantage de compter sur deux d\u00e9cennies d\u2019exp\u00e9rience et de r\u00e9ussites pour se pr\u00e9parer \u00e0 Paris 2024. Ellie en est la preuve : on n\u2019est jamais trop vieux pour r\u00e9aliser ses r\u00eaves.\" \/>\n<meta name=\"robots\" content=\"index, follow, max-snippet:-1, max-image-preview:large, max-video-preview:-1\" \/>\n<link rel=\"canonical\" href=\"https:\/\/preprod.olympic.ca\/olympique\/invinciblecourage\/ellie-black-gymnastique-artistique\/\" \/>\n<meta property=\"og:locale\" content=\"fr_FR\" \/>\n<meta property=\"og:type\" content=\"article\" \/>\n<meta property=\"og:title\" content=\"Ellie Black, Gymnastique artistique - \u00c9quipe Canada | Site officiel de l&#039;\u00e9quipe olympique\" \/>\n<meta property=\"og:description\" content=\"L\u2019Invincible Courage - Triple olympienne, Ellie Black a remport\u00e9 10 m\u00e9dailles aux Jeux panam\u00e9ricains. \u00c0 28 ans, elle est l\u2019a\u00een\u00e9e de l\u2019\u00e9quipe f\u00e9minine de gymnastique artistique du Canada. Certaines personnes diront qu\u2019Ellie a pass\u00e9 l\u2019\u00e2ge de comp\u00e9titionner \u00e0 l\u2019\u00e9chelle mondiale, mais elle a l\u2019avantage de compter sur deux d\u00e9cennies d\u2019exp\u00e9rience et de r\u00e9ussites pour se pr\u00e9parer \u00e0 Paris 2024. Ellie en est la preuve : on n\u2019est jamais trop vieux pour r\u00e9aliser ses r\u00eaves.\" \/>\n<meta property=\"og:url\" content=\"https:\/\/preprod.olympic.ca\/olympique\/invinciblecourage\/ellie-black-gymnastique-artistique\/\" \/>\n<meta property=\"og:site_name\" content=\"\u00c9quipe Canada | Site officiel de l&#039;\u00e9quipe olympique\" \/>\n<meta property=\"article:modified_time\" content=\"2024-04-19T14:32:49+00:00\" \/>\n<meta property=\"og:image\" content=\"https:\/\/olympique.ca\/wp-content\/uploads\/sites\/2\/2024\/04\/FR-BIU_AthleteHeader-Ellie.jpg?quality=100&amp;w=1152\" \/>\n<meta name=\"twitter:card\" content=\"summary_large_image\" \/>\n<meta name=\"twitter:label1\" content=\"Est. reading time\" \/>\n\t<meta name=\"twitter:data1\" content=\"2 minutes\" \/>\n\t<meta name=\"twitter:label2\" content=\"Written by\" \/>\n\t<meta name=\"twitter:data2\" content=\"Mark Nadolny\" \/>\n<script type=\"application\/ld+json\" class=\"yoast-schema-graph\">{\"@context\":\"https:\\\/\\\/schema.org\",\"@graph\":[{\"@type\":\"WebPage\",\"@id\":\"https:\\\/\\\/preprod.olympic.ca\\\/olympique\\\/invinciblecourage\\\/ellie-black-gymnastique-artistique\\\/\",\"url\":\"https:\\\/\\\/preprod.olympic.ca\\\/olympique\\\/invinciblecourage\\\/ellie-black-gymnastique-artistique\\\/\",\"name\":\"Ellie Black, Gymnastique artistique - \u00c9quipe Canada | Site officiel de l&#039;\u00e9quipe olympique\",\"isPartOf\":{\"@id\":\"https:\\\/\\\/preprod.olympic.ca\\\/olympique\\\/#website\"},\"primaryImageOfPage\":{\"@id\":\"https:\\\/\\\/preprod.olympic.ca\\\/olympique\\\/invinciblecourage\\\/ellie-black-gymnastique-artistique\\\/#primaryimage\"},\"image\":{\"@id\":\"https:\\\/\\\/preprod.olympic.ca\\\/olympique\\\/invinciblecourage\\\/ellie-black-gymnastique-artistique\\\/#primaryimage\"},\"thumbnailUrl\":\"https:\\\/\\\/olympique.ca\\\/wp-content\\\/uploads\\\/sites\\\/2\\\/2024\\\/04\\\/FR-BIU_AthleteHeader-Ellie.jpg?quality=100&amp;w=1152\",\"datePublished\":\"2024-04-19T13:00:00+00:00\",\"dateModified\":\"2024-04-19T14:32:49+00:00\",\"description\":\"L\u2019Invincible Courage - Triple olympienne, Ellie Black a remport\u00e9 10 m\u00e9dailles aux Jeux panam\u00e9ricains. \u00c0 28 ans, elle est l\u2019a\u00een\u00e9e de l\u2019\u00e9quipe f\u00e9minine de gymnastique artistique du Canada. Certaines personnes diront qu\u2019Ellie a pass\u00e9 l\u2019\u00e2ge de comp\u00e9titionner \u00e0 l\u2019\u00e9chelle mondiale, mais elle a l\u2019avantage de compter sur deux d\u00e9cennies d\u2019exp\u00e9rience et de r\u00e9ussites pour se pr\u00e9parer \u00e0 Paris 2024. Ellie en est la preuve : on n\u2019est jamais trop vieux pour r\u00e9aliser ses r\u00eaves.\",\"breadcrumb\":{\"@id\":\"https:\\\/\\\/preprod.olympic.ca\\\/olympique\\\/invinciblecourage\\\/ellie-black-gymnastique-artistique\\\/#breadcrumb\"},\"inLanguage\":\"fr-FR\",\"potentialAction\":[{\"@type\":\"ReadAction\",\"target\":[\"https:\\\/\\\/preprod.olympic.ca\\\/olympique\\\/invinciblecourage\\\/ellie-black-gymnastique-artistique\\\/\"]}]},{\"@type\":\"ImageObject\",\"inLanguage\":\"fr-FR\",\"@id\":\"https:\\\/\\\/preprod.olympic.ca\\\/olympique\\\/invinciblecourage\\\/ellie-black-gymnastique-artistique\\\/#primaryimage\",\"url\":\"https:\\\/\\\/olympique.ca\\\/wp-content\\\/uploads\\\/sites\\\/2\\\/2024\\\/04\\\/FR-BIU_AthleteHeader-Ellie.jpg?quality=100&amp;w=1152\",\"contentUrl\":\"https:\\\/\\\/olympique.ca\\\/wp-content\\\/uploads\\\/sites\\\/2\\\/2024\\\/04\\\/FR-BIU_AthleteHeader-Ellie.jpg?quality=100&amp;w=1152\"},{\"@type\":\"BreadcrumbList\",\"@id\":\"https:\\\/\\\/preprod.olympic.ca\\\/olympique\\\/invinciblecourage\\\/ellie-black-gymnastique-artistique\\\/#breadcrumb\",\"itemListElement\":[{\"@type\":\"ListItem\",\"position\":1,\"name\":\"L&rsquo;Invincible Courage\",\"item\":\"https:\\\/\\\/preprod.olympic.ca\\\/olympique\\\/invinciblecourage\\\/\"},{\"@type\":\"ListItem\",\"position\":2,\"name\":\"Ellie Black, Gymnastique artistique\"}]},{\"@type\":\"WebSite\",\"@id\":\"https:\\\/\\\/preprod.olympic.ca\\\/olympique\\\/#website\",\"url\":\"https:\\\/\\\/preprod.olympic.ca\\\/olympique\\\/\",\"name\":\"\u00c9quipe Canada | Site officiel de l&#039;\u00e9quipe olympique\",\"description\":\"Votre source pour l\u2019\u00c9quipe olympique canadienne. Retrouvez les r\u00e9cits, vid\u00e9os et photos des athl\u00e8tes canadiens, sports olympiques, Jeux olympiques de 2020 et bien plus!\",\"potentialAction\":[{\"@type\":\"SearchAction\",\"target\":{\"@type\":\"EntryPoint\",\"urlTemplate\":\"https:\\\/\\\/preprod.olympic.ca\\\/olympique\\\/?s={search_term_string}\"},\"query-input\":{\"@type\":\"PropertyValueSpecification\",\"valueRequired\":true,\"valueName\":\"search_term_string\"}}],\"inLanguage\":\"fr-FR\"}]}<\/script>\n<!-- \/ Yoast SEO plugin. -->","yoast_head_json":{"title":"Ellie Black, Gymnastique artistique - \u00c9quipe Canada | Site officiel de l&#039;\u00e9quipe olympique","description":"L\u2019Invincible Courage - Triple olympienne, Ellie Black a remport\u00e9 10 m\u00e9dailles aux Jeux panam\u00e9ricains. \u00c0 28 ans, elle est l\u2019a\u00een\u00e9e de l\u2019\u00e9quipe f\u00e9minine de gymnastique artistique du Canada. Certaines personnes diront qu\u2019Ellie a pass\u00e9 l\u2019\u00e2ge de comp\u00e9titionner \u00e0 l\u2019\u00e9chelle mondiale, mais elle a l\u2019avantage de compter sur deux d\u00e9cennies d\u2019exp\u00e9rience et de r\u00e9ussites pour se pr\u00e9parer \u00e0 Paris 2024. Ellie en est la preuve : on n\u2019est jamais trop vieux pour r\u00e9aliser ses r\u00eaves.","robots":{"index":"index","follow":"follow","max-snippet":"max-snippet:-1","max-image-preview":"max-image-preview:large","max-video-preview":"max-video-preview:-1"},"canonical":"https:\/\/preprod.olympic.ca\/olympique\/invinciblecourage\/ellie-black-gymnastique-artistique\/","og_locale":"fr_FR","og_type":"article","og_title":"Ellie Black, Gymnastique artistique - \u00c9quipe Canada | Site officiel de l&#039;\u00e9quipe olympique","og_description":"L\u2019Invincible Courage - Triple olympienne, Ellie Black a remport\u00e9 10 m\u00e9dailles aux Jeux panam\u00e9ricains. \u00c0 28 ans, elle est l\u2019a\u00een\u00e9e de l\u2019\u00e9quipe f\u00e9minine de gymnastique artistique du Canada. Certaines personnes diront qu\u2019Ellie a pass\u00e9 l\u2019\u00e2ge de comp\u00e9titionner \u00e0 l\u2019\u00e9chelle mondiale, mais elle a l\u2019avantage de compter sur deux d\u00e9cennies d\u2019exp\u00e9rience et de r\u00e9ussites pour se pr\u00e9parer \u00e0 Paris 2024. Ellie en est la preuve : on n\u2019est jamais trop vieux pour r\u00e9aliser ses r\u00eaves.","og_url":"https:\/\/preprod.olympic.ca\/olympique\/invinciblecourage\/ellie-black-gymnastique-artistique\/","og_site_name":"\u00c9quipe Canada | Site officiel de l&#039;\u00e9quipe olympique","article_modified_time":"2024-04-19T14:32:49+00:00","og_image":[{"url":"https:\/\/olympique.ca\/wp-content\/uploads\/sites\/2\/2024\/04\/FR-BIU_AthleteHeader-Ellie.jpg?quality=100&amp;w=1152","type":"","width":"","height":""}],"twitter_card":"summary_large_image","twitter_misc":{"Est. reading time":"2 minutes","Written by":"Mark Nadolny"},"schema":{"@context":"https:\/\/schema.org","@graph":[{"@type":"WebPage","@id":"https:\/\/preprod.olympic.ca\/olympique\/invinciblecourage\/ellie-black-gymnastique-artistique\/","url":"https:\/\/preprod.olympic.ca\/olympique\/invinciblecourage\/ellie-black-gymnastique-artistique\/","name":"Ellie Black, Gymnastique artistique - \u00c9quipe Canada | Site officiel de l&#039;\u00e9quipe olympique","isPartOf":{"@id":"https:\/\/preprod.olympic.ca\/olympique\/#website"},"primaryImageOfPage":{"@id":"https:\/\/preprod.olympic.ca\/olympique\/invinciblecourage\/ellie-black-gymnastique-artistique\/#primaryimage"},"image":{"@id":"https:\/\/preprod.olympic.ca\/olympique\/invinciblecourage\/ellie-black-gymnastique-artistique\/#primaryimage"},"thumbnailUrl":"https:\/\/olympique.ca\/wp-content\/uploads\/sites\/2\/2024\/04\/FR-BIU_AthleteHeader-Ellie.jpg?quality=100&amp;w=1152","datePublished":"2024-04-19T13:00:00+00:00","dateModified":"2024-04-19T14:32:49+00:00","description":"L\u2019Invincible Courage - Triple olympienne, Ellie Black a remport\u00e9 10 m\u00e9dailles aux Jeux panam\u00e9ricains. \u00c0 28 ans, elle est l\u2019a\u00een\u00e9e de l\u2019\u00e9quipe f\u00e9minine de gymnastique artistique du Canada. Certaines personnes diront qu\u2019Ellie a pass\u00e9 l\u2019\u00e2ge de comp\u00e9titionner \u00e0 l\u2019\u00e9chelle mondiale, mais elle a l\u2019avantage de compter sur deux d\u00e9cennies d\u2019exp\u00e9rience et de r\u00e9ussites pour se pr\u00e9parer \u00e0 Paris 2024. Ellie en est la preuve : on n\u2019est jamais trop vieux pour r\u00e9aliser ses r\u00eaves.","breadcrumb":{"@id":"https:\/\/preprod.olympic.ca\/olympique\/invinciblecourage\/ellie-black-gymnastique-artistique\/#breadcrumb"},"inLanguage":"fr-FR","potentialAction":[{"@type":"ReadAction","target":["https:\/\/preprod.olympic.ca\/olympique\/invinciblecourage\/ellie-black-gymnastique-artistique\/"]}]},{"@type":"ImageObject","inLanguage":"fr-FR","@id":"https:\/\/preprod.olympic.ca\/olympique\/invinciblecourage\/ellie-black-gymnastique-artistique\/#primaryimage","url":"https:\/\/olympique.ca\/wp-content\/uploads\/sites\/2\/2024\/04\/FR-BIU_AthleteHeader-Ellie.jpg?quality=100&amp;w=1152","contentUrl":"https:\/\/olympique.ca\/wp-content\/uploads\/sites\/2\/2024\/04\/FR-BIU_AthleteHeader-Ellie.jpg?quality=100&amp;w=1152"},{"@type":"BreadcrumbList","@id":"https:\/\/preprod.olympic.ca\/olympique\/invinciblecourage\/ellie-black-gymnastique-artistique\/#breadcrumb","itemListElement":[{"@type":"ListItem","position":1,"name":"L&rsquo;Invincible Courage","item":"https:\/\/preprod.olympic.ca\/olympique\/invinciblecourage\/"},{"@type":"ListItem","position":2,"name":"Ellie Black, Gymnastique artistique"}]},{"@type":"WebSite","@id":"https:\/\/preprod.olympic.ca\/olympique\/#website","url":"https:\/\/preprod.olympic.ca\/olympique\/","name":"\u00c9quipe Canada | Site officiel de l&#039;\u00e9quipe olympique","description":"Votre source pour l\u2019\u00c9quipe olympique canadienne. Retrouvez les r\u00e9cits, vid\u00e9os et photos des athl\u00e8tes canadiens, sports olympiques, Jeux olympiques de 2020 et bien plus!","potentialAction":[{"@type":"SearchAction","target":{"@type":"EntryPoint","urlTemplate":"https:\/\/preprod.olympic.ca\/olympique\/?s={search_term_string}"},"query-input":{"@type":"PropertyValueSpecification","valueRequired":true,"valueName":"search_term_string"}}],"inLanguage":"fr-FR"}]}},"jetpack_sharing_enabled":true,"jetpack-related-posts":[],"jetpack_shortlink":"https:\/\/wp.me\/PcGHcP-10IA","_links":{"self":[{"href":"https:\/\/preprod.olympic.ca\/olympique\/wp-json\/wp\/v2\/pages\/241092","targetHints":{"allow":["GET"]}}],"collection":[{"href":"https:\/\/preprod.olympic.ca\/olympique\/wp-json\/wp\/v2\/pages"}],"about":[{"href":"https:\/\/preprod.olympic.ca\/olympique\/wp-json\/wp\/v2\/types\/page"}],"author":[{"embeddable":true,"href":"https:\/\/preprod.olympic.ca\/olympique\/wp-json\/wp\/v2\/users\/52435436"}],"replies":[{"embeddable":true,"href":"https:\/\/preprod.olympic.ca\/olympique\/wp-json\/wp\/v2\/comments?post=241092"}],"version-history":[{"count":9,"href":"https:\/\/preprod.olympic.ca\/olympique\/wp-json\/wp\/v2\/pages\/241092\/revisions"}],"predecessor-version":[{"id":241401,"href":"https:\/\/preprod.olympic.ca\/olympique\/wp-json\/wp\/v2\/pages\/241092\/revisions\/241401"}],"up":[{"embeddable":true,"href":"https:\/\/preprod.olympic.ca\/olympique\/wp-json\/wp\/v2\/pages\/241083"}],"wp:attachment":[{"href":"https:\/\/preprod.olympic.ca\/olympique\/wp-json\/wp\/v2\/media?parent=241092"}],"wp:term":[{"taxonomy":"author","embeddable":true,"href":"https:\/\/preprod.olympic.ca\/olympique\/wp-json\/wp\/v2\/coauthors?post=241092"}],"curies":[{"name":"wp","href":"https:\/\/api.w.org\/{rel}","templated":true}]}}