{"id":248869,"date":"2024-07-17T15:36:49","date_gmt":"2024-07-17T19:36:49","guid":{"rendered":"https:\/\/olympique.ca\/?page_id=248869"},"modified":"2024-07-17T15:44:40","modified_gmt":"2024-07-17T19:44:40","slug":"tableau-des-medailles-aux-paris-2024","status":"publish","type":"page","link":"https:\/\/preprod.olympic.ca\/olympique\/tableau-des-medailles-aux-paris-2024\/","title":{"rendered":"Tableau des m\u00e9dailles aux Jeux olympiques de Paris 2024"},"content":{"rendered":"\n<p>Restez \u00e0 jour sur le tableau des m\u00e9dailles d&rsquo;\u00e9quipe Canada aux Jeux de <a href=\"https:\/\/olympique.ca\/jeux\/paris-2024\/\">Paris 2024<\/a>. <\/p>\n\n\n\n<div class=\"ad-block text-center alignfull padding-top-0\" aria-hidden=true>\n\t\t\t<div id=\"div-gpt-ad-1642455136240-0\">\n\t\t<script>\n \t\t\t\tdocument.addEventListener('DOMContentLoaded', function () {\n \t\t\t\t\tvar cookieValue = getCookie('coc_user_cookie_policy');\n \t\t\t\t\tif (cookieValue !== '{opt_in: true, all_cookies: false}') {\n \t\t\t\t\t\tgoogletag.cmd.push(function () {\n \t\t\t\t\t\t\tgoogletag.display(\"div-gpt-ad-1642455136240-0\");\n \t\t\t\t\t\t});\n\n \t\t\t\t\t}\n \t\t\t\t});\n \t\t<\/script>\n\t\t<\/div>\n\t\t<\/div>\n\n\n\n<p><em>Le tableau des m\u00e9dailles pour les Jeux de Paris 2024 sera mis \u00e0 jour pour refl\u00e9ter tout changement survenant pendant les comp\u00e9titions des athl\u00e8tes. La c\u00e9r\u00e9monie d\u2019ouverture se d\u00e9roulera le 26 juillet 2024 \u00e0 14 h (HE), mais la comp\u00e9tition officielle se mettra en branle le 24 juillet 2024 (\u00e0 9 h (HE)) et se poursuivra jusqu\u2019au 11 ao\u00fbt 2024.<\/em><\/p>\n\n\n\n<script src=\"\/\/widgets.sports.gracenote.com\/gns.widget.loader.js?c=123\" data-custom_css=\"https:\/\/preprod.olympic.ca\/olympique\/wp-content\/themes\/canadianolympiccommittee\/dist\/css\/gracenote.css?ver=20210607_1\" data-widget_id=\"1429-summergames-2024-medaltable-fr_CA\" ><\/script>\n\n\n\n<div class=\"ad-block text-center alignfull padding-bottom-0\" aria-hidden=true>\n\t\t\t<div id=\"div-gpt-ad-1642455159933-0\">\n\t\t<script>\n \t\t\t\tdocument.addEventListener('DOMContentLoaded', function () {\n \t\t\t\t\tvar cookieValue = getCookie('coc_user_cookie_policy');\n \t\t\t\t\tif (cookieValue !== '{opt_in: true, all_cookies: false}') {\n \t\t\t\t\t\tgoogletag.cmd.push(function () {\n \t\t\t\t\t\t\tgoogletag.display(\"div-gpt-ad-1642455159933-0\");\n \t\t\t\t\t\t});\n\n \t\t\t\t\t}\n \t\t\t\t});\n \t\t<\/script>\n\t\t<\/div>\n\t\t<\/div>\n\n\n<style>\na.block_8648651b43730c94d0f5a20bb36c673c {\n  background-color: #E8112D;\n  color: #ffffff;\n}\na.block_8648651b43730c94d0f5a20bb36c673c:hover {\n  background-color: #B7202D;\n  color: #ffffff;\n}\n<\/style>\n\n<div class=\"multi-post-block alignfull\" style=background-color:#341269>\n  <div class=\"grid-container\">\n\n    \n      <div class=\"grid-x grid-padding-x\">\n        <div class=\"cell small-12\">\n          <h2>Informations sur Paris 2024<\/h2>\n        <\/div>\n      <\/div>\n\n      \n    <div class=\"grid-x grid-padding-x grid-padding-y post-type-carousel coc-slider slick-slider overflow-slider\" data-connection-target=\"block_8648651b43730c94d0f5a20bb36c673c\" data-slick='{\"slidesToShow\": 1.02, \"infinite\": false, \"arrows\": false, \"centerMode\": false, \"mobileFirst\": true, \"responsive\": [\n      { \"breakpoint\": 750, \"settings\": { \"slidesToShow\": 2.02 }},\n      { \"breakpoint\": 1020, \"settings\": \"unslick\" }\n      ]}'>\n\n      \n        <div class=\"cell small-12 large-4\">\n          \r\n<article class=\"post post-246068 page type-page status-publish format-standard has-post-thumbnail hentry\">\r\n\t<a href=\"https:\/\/preprod.olympic.ca\/olympique\/lhoraire-officiel-des-jeux-olympiques-de-paris-2024\/\" class=\"card card--article zone\">\r\n\t\t\r\n\t\t\r\n\t\t\t<div class=\"img-container has-column-layout\">\r\n\t\t\t\t<img loading=\"lazy\" decoding=\"async\" width=\"344\" height=\"193\" src=\"https:\/\/preprod.olympic.ca\/olympique\/wp-content\/uploads\/sites\/2\/2023\/07\/Tour-Eiffel-Stadium-Beach-Volley-Ball-OLY-e1717536769127.jpg?quality=100&amp;w=344\" class=\"attachment-post-thumbnail\" alt=\"Un stade avec la Tour Eiffel en toile de fond.\" srcset=\"https:\/\/preprod.olympic.ca\/olympique\/wp-content\/uploads\/sites\/2\/2023\/07\/Tour-Eiffel-Stadium-Beach-Volley-Ball-OLY-e1717536769127.jpg 2160w, https:\/\/preprod.olympic.ca\/olympique\/wp-content\/uploads\/sites\/2\/2023\/07\/Tour-Eiffel-Stadium-Beach-Volley-Ball-OLY-e1717536769127.jpg?resize=280,158 280w, https:\/\/preprod.olympic.ca\/olympique\/wp-content\/uploads\/sites\/2\/2023\/07\/Tour-Eiffel-Stadium-Beach-Volley-Ball-OLY-e1717536769127.jpg?resize=660,371 660w, https:\/\/preprod.olympic.ca\/olympique\/wp-content\/uploads\/sites\/2\/2023\/07\/Tour-Eiffel-Stadium-Beach-Volley-Ball-OLY-e1717536769127.jpg?resize=768,432 768w, https:\/\/preprod.olympic.ca\/olympique\/wp-content\/uploads\/sites\/2\/2023\/07\/Tour-Eiffel-Stadium-Beach-Volley-Ball-OLY-e1717536769127.jpg?resize=1340,754 1340w, https:\/\/preprod.olympic.ca\/olympique\/wp-content\/uploads\/sites\/2\/2023\/07\/Tour-Eiffel-Stadium-Beach-Volley-Ball-OLY-e1717536769127.jpg?resize=1536,864 1536w, https:\/\/preprod.olympic.ca\/olympique\/wp-content\/uploads\/sites\/2\/2023\/07\/Tour-Eiffel-Stadium-Beach-Volley-Ball-OLY-e1717536769127.jpg?resize=2048,1152 2048w\" sizes=\"(max-width: 344px) 100vw, 344px\" \/>\t\t\t<\/div>\r\n\t\t\r\n\t\t\t<h4>L\u2019horaire officiel des Jeux\u00a0olympiques de Paris 2024<\/h4>\r\n\t\t\t<p class=\"meta\">\r\n\t\t\t\t\r\n\t\t\t<\/p>\r\n\r\n\t\t\t\r\n\t<\/a>\r\n<\/article> <!-- #post-## -->        <\/div>\n\n        \n        <div class=\"cell small-12 large-4\">\n          \r\n<article class=\"post post-249245 page type-page status-publish format-standard has-post-thumbnail hentry\">\r\n\t<a href=\"https:\/\/preprod.olympic.ca\/olympique\/zone-info-des-jeux-olympiques-de-paris-2024\/\" class=\"card card--article zone\">\r\n\t\t\r\n\t\t\r\n\t\t\t<div class=\"img-container has-column-layout\">\r\n\t\t\t\t<img loading=\"lazy\" decoding=\"async\" width=\"344\" height=\"193\" src=\"https:\/\/preprod.olympic.ca\/olympique\/wp-content\/uploads\/sites\/2\/2024\/07\/DC_20231022_5376-1-e1720446382432.jpg?quality=100&amp;w=344\" class=\"attachment-post-thumbnail\" alt=\"Skylar Park tient un drapeau canadien.\" srcset=\"https:\/\/preprod.olympic.ca\/olympique\/wp-content\/uploads\/sites\/2\/2024\/07\/DC_20231022_5376-1-e1720446382432.jpg 1200w, https:\/\/preprod.olympic.ca\/olympique\/wp-content\/uploads\/sites\/2\/2024\/07\/DC_20231022_5376-1-e1720446382432.jpg?resize=280,158 280w, https:\/\/preprod.olympic.ca\/olympique\/wp-content\/uploads\/sites\/2\/2024\/07\/DC_20231022_5376-1-e1720446382432.jpg?resize=660,371 660w, https:\/\/preprod.olympic.ca\/olympique\/wp-content\/uploads\/sites\/2\/2024\/07\/DC_20231022_5376-1-e1720446382432.jpg?resize=768,433 768w\" sizes=\"(max-width: 344px) 100vw, 344px\" \/>\t\t\t<\/div>\r\n\t\t\r\n\t\t\t<h4>Zone Info des Jeux Olympiques de Paris 2024<\/h4>\r\n\t\t\t<p class=\"meta\">\r\n\t\t\t\t\r\n\t\t\t<\/p>\r\n\r\n\t\t\t\r\n\t<\/a>\r\n<\/article> <!-- #post-## -->        <\/div>\n\n        \n        <div class=\"cell small-12 large-4\">\n          \r\n<article class=\"post post-130516 games type-games status-publish has-post-thumbnail hentry tag-paris-2024 coc-type-jeux-olympiques-dete season-ete game-paris-2024 team-paris-2024-athletisme team-paris-2024-aviron team-paris-2024-badminton team-paris-2024-basketball-femmes team-paris-2024-basketball-hommes team-paris-2024-basketball-3x3 team-paris-2024-boxe team-paris-2024-breaking team-paris-2024-canoe-kayak-slalom team-paris-2024-canoe-kayak-vitesse team-paris-2024-bmx team-paris-2024-velo-de-montagne team-paris-2024-cyclisme-sur-piste team-paris-2024-cyclisme-sur-route team-paris-2024-escrime team-paris-2024-golf team-paris-2024-gymnastique-artistique team-paris-2024-halterophilie team-paris-2024-judo team-paris-2024-lutte team-paris-2024-natation team-paris-2024-natation-artistique team-paris-2024-plongeon team-paris-2024-rugby-femmes team-paris-2024-skateboard team-paris-2024-soccer-femmes team-paris-2024-sports-equestres-concours-complet team-paris-2024-sports-equestres-dressage team-paris-2024-sports-equestres team-paris-2024-surf team-paris-2024-taekwondo team-paris-2024-tennis team-paris-2024-tennis-de-table team-paris-2024-tir team-paris-2024-tir-a-larc team-paris-2024-trampoline team-paris-2024-triathlon team-paris-2024-voile team-paris-2024-volleyball-hommes team-paris-2024-volleyball-de-plage team-paris-2024-water-polo-femmes\">\r\n\t<a href=\"https:\/\/preprod.olympic.ca\/olympique\/jeux\/paris-2024\/\" class=\"card card--article zone\">\r\n\t\t\r\n\t\t\r\n\t\t\t<div class=\"img-container has-column-layout\">\r\n\t\t\t\t<img loading=\"lazy\" decoding=\"async\" width=\"344\" height=\"193\" src=\"https:\/\/preprod.olympic.ca\/olympique\/wp-content\/uploads\/sites\/2\/2017\/09\/16391394-e1505158614504.jpg?quality=100&amp;w=344\" class=\"attachment-post-thumbnail\" alt=\"\" srcset=\"https:\/\/preprod.olympic.ca\/olympique\/wp-content\/uploads\/sites\/2\/2017\/09\/16391394-e1505158614504.jpg 1010w, https:\/\/preprod.olympic.ca\/olympique\/wp-content\/uploads\/sites\/2\/2017\/09\/16391394-e1505158614504.jpg?resize=280,158 280w, https:\/\/preprod.olympic.ca\/olympique\/wp-content\/uploads\/sites\/2\/2017\/09\/16391394-e1505158614504.jpg?resize=660,371 660w, https:\/\/preprod.olympic.ca\/olympique\/wp-content\/uploads\/sites\/2\/2017\/09\/16391394-e1505158614504.jpg?resize=768,432 768w\" sizes=\"(max-width: 344px) 100vw, 344px\" \/>\t\t\t<\/div>\r\n\t\t\r\n\t\t\t<h4>Paris 2024<\/h4>\r\n\t\t\t<p class=\"meta\">\r\n\t\t\t\t\r\n\t\t\t<\/p>\r\n\r\n\t\t\t\r\n\t<\/a>\r\n<\/article> <!-- #post-## -->        <\/div>\n\n        \n    <\/div>\n\n    \n      <div class=\"grid-x grid-padding-x align-center\">\n        <div class=\"cell medium-6 flex-container align-center\">\n          <a data-slider=\"true\" data-nonce=\"f33fc03ee5\" href=\"https:\/\/preprod.olympic.ca\/olympique\/jeux\/paris-2024\/?wpp_page=2\" class=\"button post-type-carousel-load-more hide-filter-button block_8648651b43730c94d0f5a20bb36c673c\" data-template=\"multi-post-block\" data-query=\"{&quot;post_type&quot;:&quot;any&quot;,&quot;posts_per_page&quot;:&quot;3&quot;,&quot;ignore_sticky_posts&quot;:true,&quot;post__in&quot;:[246068,249245,130516,133572,249731,248884,240863,213734,236577,224593,224066,165173,214186,224098,224138,224160],&quot;paged&quot;:1,&quot;orderby&quot;:&quot;post__in&quot;,&quot;post_status&quot;:&quot;publish&quot;}\" data-connection=\"block_8648651b43730c94d0f5a20bb36c673c\">Montrer Plus<\/a>\n          <span class=\"loading\"><\/span>\n        <\/div>\n      <\/div>\n\n      \n  <\/div>\n<\/div>\n","protected":false},"excerpt":{"rendered":"<p>Restez \u00e0 jour sur le tableau des m\u00e9dailles d&rsquo;\u00e9quipe Canada aux Jeux de Paris 2024. Le tableau des m\u00e9dailles pour&#8230;<\/p>\n","protected":false},"author":185434599,"featured_media":236588,"parent":0,"menu_order":0,"comment_status":"closed","ping_status":"closed","template":"","meta":{"_edit_lock":["1721245588:52435436"],"_last_editor_used_jetpack":["block-editor"],"_thumbnail_id":["236588"],"_edit_last":["52435436"],"_yoast_wpseo_focuskw":["Tableau des m\u00e9dailles de l'\u00e9quipe Canada Paris 2024"],"_yoast_wpseo_metadesc":["Restez \u00e0 jour sur le tableau des m\u00e9dailles de l'\u00e9quipe Canada aux Jeux de Paris 2024. D\u00e9couvrez quels athl\u00e8tes de l'\u00e9quipe Canada ont remport\u00e9 des m\u00e9dailles."],"_yoast_wpseo_linkdex":["44"],"_yoast_wpseo_content_score":["60"],"_yoast_wpseo_estimated-reading-time-minutes":["1"],"coc_games":[""],"_coc_games":["field_5e83bf020f51f"],"seo_title":[""],"_seo_title":["field_652feeaa9308c"],"seo_focus_keyword":[""],"_seo_focus_keyword":["field_652ff0580091b"],"seo_meta_description":[""],"_seo_meta_description":["field_652feec09308d"],"seo_translation_link":["https:\/\/preprod.olympic.ca\/official-medal-count-paris-2024-olympic-games\/"],"_seo_translation_link":["field_652feee79308e"],"seo_accordion_module_title":[""],"_seo_accordion_module_title":["field_652fef009308f"],"seo_accordion":[""],"_seo_accordion":["field_652fef4793091"],"secondary_content":[""],"_secondary_content":["field_6530028284790"],"social_facebook":[""],"_social_facebook":["field_652ff39070798"],"social_twitter":[""],"_social_twitter":["field_652ff3a470799"],"social_instagram":[""],"_social_instagram":["field_652ff3ca7079a"],"social_linkedin":[""],"_social_linkedin":["field_652ff3e57079b"],"social_website":[""],"_social_website":["field_652ff4227079c"],"zeus_id":[""],"_zeus_id":["field_652ff4537079d"],"team_announcement_tag":[""],"_team_announcement_tag":["field_65300222e2d0d"],"coc_hide_title":["0"],"_coc_hide_title":["field_661d79f32b89b"],"coc_trivia":[""],"_coc_trivia":["field_5e83bacdec2aa"],"video_embed_code":[""],"_video_embed_code":["field_652fecffe1114"],"facebook_video_embed_code":[""],"_facebook_video_embed_code":["field_652fedfae1121"],"coc_sharing_options":["a:1:{s:18:\"coc_hide_share_bar\";b:0;}"],"coc_campaign_options":["a:4:{s:16:\"coc_campaign_tag\";s:0:\"\";s:15:\"coc_campaign_bg\";N;s:25:\"coc_campaign_bg_downloads\";a:0:{}s:20:\"coc_campaign_posters\";a:0:{}}"],"coc_team_options":["a:1:{s:15:\"coc_game_select\";i:216378;}"],"coc_oc_landing_options":["a:2:{s:17:\"coc_oc_landing_bg\";N;s:22:\"coc_oc_landing_stories\";a:0:{}}"],"coc_edit_profile_options":["a:1:{s:20:\"coc_favourite_sports\";a:0:{}}"],"coc_oc_reward_options":["a:13:{s:16:\"coc_oc_reward_id\";s:0:\"\";s:19:\"coc_oc_ac_reward_id\";s:0:\"\";s:20:\"coc_oc_reward_points\";s:0:\"\";s:19:\"coc_oc_reward_rules\";N;s:31:\"coc_oc_digital_download_desktop\";N;s:30:\"coc_oc_digital_download_mobile\";N;s:32:\"coc_oc_digital_download_facebook\";N;s:29:\"coc_oc_reward_success_message\";s:0:\"\";s:23:\"coc_oc_facebook_content\";s:0:\"\";s:22:\"coc_oc_twitter_content\";s:0:\"\";s:24:\"coc_oc_social_contest_id\";s:0:\"\";s:31:\"coc_oc_reward_logged_in_message\";s:0:\"\";s:32:\"coc_oc_reward_logged_out_message\";s:0:\"\";}"],"coc_press_options":["a:2:{s:28:\"coc_press_additional_content\";s:0:\"\";s:27:\"coc_press_resource_category\";a:0:{}}"],"coc_breaking_news_options":["a:1:{s:25:\"coc_breaking_news_details\";a:0:{}}"],"coc_be_olympic_options":["a:8:{s:37:\"coc_be_olympic_exclusive_content_link\";s:0:\"\";s:27:\"coc_be_olympic_videos_title\";s:0:\"\";s:21:\"coc_be_olympic_videos\";a:0:{}s:27:\"coc_be_olympic_photos_title\";s:0:\"\";s:21:\"coc_be_olympic_photos\";a:0:{}s:24:\"coc_be_olympic_downloads\";a:0:{}s:22:\"coc_be_olympic_quizzes\";a:0:{}s:26:\"coc_be_olympic_fan_fun_ads\";a:0:{}}"],"coc_fan_fun_options":["a:2:{s:23:\"coc_fan_fun_hammer_time\";a:2:{s:29:\"coc_fan_fun_hammer_time_image\";N;s:27:\"coc_fan_fun_hammer_time_url\";s:0:\"\";}s:22:\"coc_fan_fun_torch_dash\";a:2:{s:28:\"coc_fan_fun_torch_dash_image\";N;s:26:\"coc_fan_fun_torch_dash_url\";s:0:\"\";}}"],"coc_interactive_game_options":["a:3:{s:28:\"coc_interactive_game_message\";s:0:\"\";s:24:\"coc_interactive_game_url\";s:0:\"\";s:27:\"coc_interactive_game_iframe\";b:0;}"],"coc_olympic_club_options":["a:1:{s:12:\"redirect_url\";s:0:\"\";}"],"coc_favorites_options":["a:3:{s:13:\"content_types\";a:0:{}s:7:\"seasons\";a:0:{}s:4:\"gear\";a:0:{}}"],"coc_og_tags":["a:3:{s:8:\"og_title\";s:0:\"\";s:14:\"og_description\";s:0:\"\";s:8:\"og_image\";N;}"],"_yoast_wpseo_wordproof_timestamp":[""]},"coauthors":[682166813],"class_list":["post-248869","page","type-page","status-publish","format-standard","has-post-thumbnail","hentry"],"acf":[],"yoast_head":"<!-- This site is optimized with the Yoast SEO plugin v27.3 - https:\/\/yoast.com\/product\/yoast-seo-wordpress\/ -->\n<title>Tableau des m\u00e9dailles aux Jeux olympiques de Paris 2024 - \u00c9quipe Canada | Site officiel de l&#039;\u00e9quipe olympique<\/title>\n<meta name=\"description\" content=\"Restez \u00e0 jour sur le tableau des m\u00e9dailles de l&#039;\u00e9quipe Canada aux Jeux de Paris 2024. D\u00e9couvrez quels athl\u00e8tes de l&#039;\u00e9quipe Canada ont remport\u00e9 des m\u00e9dailles.\" \/>\n<meta name=\"robots\" content=\"index, follow, max-snippet:-1, max-image-preview:large, max-video-preview:-1\" \/>\n<link rel=\"canonical\" href=\"https:\/\/preprod.olympic.ca\/olympique\/tableau-des-medailles-aux-paris-2024\/\" \/>\n<meta property=\"og:locale\" content=\"fr_FR\" \/>\n<meta property=\"og:type\" content=\"article\" \/>\n<meta property=\"og:title\" content=\"Tableau des m\u00e9dailles aux Jeux olympiques de Paris 2024 - \u00c9quipe Canada | Site officiel de l&#039;\u00e9quipe olympique\" \/>\n<meta property=\"og:description\" content=\"Restez \u00e0 jour sur le tableau des m\u00e9dailles de l&#039;\u00e9quipe Canada aux Jeux de Paris 2024. D\u00e9couvrez quels athl\u00e8tes de l&#039;\u00e9quipe Canada ont remport\u00e9 des m\u00e9dailles.\" \/>\n<meta property=\"og:url\" content=\"https:\/\/preprod.olympic.ca\/olympique\/tableau-des-medailles-aux-paris-2024\/\" \/>\n<meta property=\"og:site_name\" content=\"\u00c9quipe Canada | Site officiel de l&#039;\u00e9quipe olympique\" \/>\n<meta property=\"article:modified_time\" content=\"2024-07-17T19:44:40+00:00\" \/>\n<meta property=\"og:image\" content=\"https:\/\/preprod.olympic.ca\/olympique\/wp-content\/uploads\/sites\/2\/2024\/02\/Paris-2024-medals-e1707400883850.jpg?quality=100\" \/>\n\t<meta property=\"og:image:width\" content=\"1080\" \/>\n\t<meta property=\"og:image:height\" content=\"609\" \/>\n\t<meta property=\"og:image:type\" content=\"image\/jpeg\" \/>\n<meta name=\"twitter:card\" content=\"summary_large_image\" \/>\n<meta name=\"twitter:label1\" content=\"Est. reading time\" \/>\n\t<meta name=\"twitter:data1\" content=\"1 minute\" \/>\n\t<meta name=\"twitter:label2\" content=\"Written by\" \/>\n\t<meta name=\"twitter:data2\" content=\"ssandhra\" \/>\n<script type=\"application\/ld+json\" class=\"yoast-schema-graph\">{\"@context\":\"https:\\\/\\\/schema.org\",\"@graph\":[{\"@type\":\"WebPage\",\"@id\":\"https:\\\/\\\/preprod.olympic.ca\\\/olympique\\\/tableau-des-medailles-aux-paris-2024\\\/\",\"url\":\"https:\\\/\\\/preprod.olympic.ca\\\/olympique\\\/tableau-des-medailles-aux-paris-2024\\\/\",\"name\":\"Tableau des m\u00e9dailles aux Jeux olympiques de Paris 2024 - \u00c9quipe Canada | Site officiel de l&#039;\u00e9quipe olympique\",\"isPartOf\":{\"@id\":\"https:\\\/\\\/preprod.olympic.ca\\\/olympique\\\/#website\"},\"primaryImageOfPage\":{\"@id\":\"https:\\\/\\\/preprod.olympic.ca\\\/olympique\\\/tableau-des-medailles-aux-paris-2024\\\/#primaryimage\"},\"image\":{\"@id\":\"https:\\\/\\\/preprod.olympic.ca\\\/olympique\\\/tableau-des-medailles-aux-paris-2024\\\/#primaryimage\"},\"thumbnailUrl\":\"https:\\\/\\\/preprod.olympic.ca\\\/olympique\\\/wp-content\\\/uploads\\\/sites\\\/2\\\/2024\\\/02\\\/Paris-2024-medals-e1707400883850.jpg?quality=100\",\"datePublished\":\"2024-07-17T19:36:49+00:00\",\"dateModified\":\"2024-07-17T19:44:40+00:00\",\"description\":\"Restez \u00e0 jour sur le tableau des m\u00e9dailles de l'\u00e9quipe Canada aux Jeux de Paris 2024. D\u00e9couvrez quels athl\u00e8tes de l'\u00e9quipe Canada ont remport\u00e9 des m\u00e9dailles.\",\"inLanguage\":\"fr-FR\",\"potentialAction\":[{\"@type\":\"ReadAction\",\"target\":[\"https:\\\/\\\/preprod.olympic.ca\\\/olympique\\\/tableau-des-medailles-aux-paris-2024\\\/\"]}]},{\"@type\":\"ImageObject\",\"inLanguage\":\"fr-FR\",\"@id\":\"https:\\\/\\\/preprod.olympic.ca\\\/olympique\\\/tableau-des-medailles-aux-paris-2024\\\/#primaryimage\",\"url\":\"https:\\\/\\\/preprod.olympic.ca\\\/olympique\\\/wp-content\\\/uploads\\\/sites\\\/2\\\/2024\\\/02\\\/Paris-2024-medals-e1707400883850.jpg?quality=100\",\"contentUrl\":\"https:\\\/\\\/preprod.olympic.ca\\\/olympique\\\/wp-content\\\/uploads\\\/sites\\\/2\\\/2024\\\/02\\\/Paris-2024-medals-e1707400883850.jpg?quality=100\",\"width\":1080,\"height\":609,\"caption\":\"Cr\u00e9dit photo : Paris 2024\"},{\"@type\":\"WebSite\",\"@id\":\"https:\\\/\\\/preprod.olympic.ca\\\/olympique\\\/#website\",\"url\":\"https:\\\/\\\/preprod.olympic.ca\\\/olympique\\\/\",\"name\":\"\u00c9quipe Canada | Site officiel de l&#039;\u00e9quipe olympique\",\"description\":\"Votre source pour l\u2019\u00c9quipe olympique canadienne. Retrouvez les r\u00e9cits, vid\u00e9os et photos des athl\u00e8tes canadiens, sports olympiques, Jeux olympiques de 2020 et bien plus!\",\"potentialAction\":[{\"@type\":\"SearchAction\",\"target\":{\"@type\":\"EntryPoint\",\"urlTemplate\":\"https:\\\/\\\/preprod.olympic.ca\\\/olympique\\\/?s={search_term_string}\"},\"query-input\":{\"@type\":\"PropertyValueSpecification\",\"valueRequired\":true,\"valueName\":\"search_term_string\"}}],\"inLanguage\":\"fr-FR\"}]}<\/script>\n<!-- \/ Yoast SEO plugin. -->","yoast_head_json":{"title":"Tableau des m\u00e9dailles aux Jeux olympiques de Paris 2024 - \u00c9quipe Canada | Site officiel de l&#039;\u00e9quipe olympique","description":"Restez \u00e0 jour sur le tableau des m\u00e9dailles de l'\u00e9quipe Canada aux Jeux de Paris 2024. D\u00e9couvrez quels athl\u00e8tes de l'\u00e9quipe Canada ont remport\u00e9 des m\u00e9dailles.","robots":{"index":"index","follow":"follow","max-snippet":"max-snippet:-1","max-image-preview":"max-image-preview:large","max-video-preview":"max-video-preview:-1"},"canonical":"https:\/\/preprod.olympic.ca\/olympique\/tableau-des-medailles-aux-paris-2024\/","og_locale":"fr_FR","og_type":"article","og_title":"Tableau des m\u00e9dailles aux Jeux olympiques de Paris 2024 - \u00c9quipe Canada | Site officiel de l&#039;\u00e9quipe olympique","og_description":"Restez \u00e0 jour sur le tableau des m\u00e9dailles de l'\u00e9quipe Canada aux Jeux de Paris 2024. D\u00e9couvrez quels athl\u00e8tes de l'\u00e9quipe Canada ont remport\u00e9 des m\u00e9dailles.","og_url":"https:\/\/preprod.olympic.ca\/olympique\/tableau-des-medailles-aux-paris-2024\/","og_site_name":"\u00c9quipe Canada | Site officiel de l&#039;\u00e9quipe olympique","article_modified_time":"2024-07-17T19:44:40+00:00","og_image":[{"width":1080,"height":609,"url":"https:\/\/preprod.olympic.ca\/olympique\/wp-content\/uploads\/sites\/2\/2024\/02\/Paris-2024-medals-e1707400883850.jpg?quality=100","type":"image\/jpeg"}],"twitter_card":"summary_large_image","twitter_misc":{"Est. reading time":"1 minute","Written by":"ssandhra"},"schema":{"@context":"https:\/\/schema.org","@graph":[{"@type":"WebPage","@id":"https:\/\/preprod.olympic.ca\/olympique\/tableau-des-medailles-aux-paris-2024\/","url":"https:\/\/preprod.olympic.ca\/olympique\/tableau-des-medailles-aux-paris-2024\/","name":"Tableau des m\u00e9dailles aux Jeux olympiques de Paris 2024 - \u00c9quipe Canada | Site officiel de l&#039;\u00e9quipe olympique","isPartOf":{"@id":"https:\/\/preprod.olympic.ca\/olympique\/#website"},"primaryImageOfPage":{"@id":"https:\/\/preprod.olympic.ca\/olympique\/tableau-des-medailles-aux-paris-2024\/#primaryimage"},"image":{"@id":"https:\/\/preprod.olympic.ca\/olympique\/tableau-des-medailles-aux-paris-2024\/#primaryimage"},"thumbnailUrl":"https:\/\/preprod.olympic.ca\/olympique\/wp-content\/uploads\/sites\/2\/2024\/02\/Paris-2024-medals-e1707400883850.jpg?quality=100","datePublished":"2024-07-17T19:36:49+00:00","dateModified":"2024-07-17T19:44:40+00:00","description":"Restez \u00e0 jour sur le tableau des m\u00e9dailles de l'\u00e9quipe Canada aux Jeux de Paris 2024. D\u00e9couvrez quels athl\u00e8tes de l'\u00e9quipe Canada ont remport\u00e9 des m\u00e9dailles.","inLanguage":"fr-FR","potentialAction":[{"@type":"ReadAction","target":["https:\/\/preprod.olympic.ca\/olympique\/tableau-des-medailles-aux-paris-2024\/"]}]},{"@type":"ImageObject","inLanguage":"fr-FR","@id":"https:\/\/preprod.olympic.ca\/olympique\/tableau-des-medailles-aux-paris-2024\/#primaryimage","url":"https:\/\/preprod.olympic.ca\/olympique\/wp-content\/uploads\/sites\/2\/2024\/02\/Paris-2024-medals-e1707400883850.jpg?quality=100","contentUrl":"https:\/\/preprod.olympic.ca\/olympique\/wp-content\/uploads\/sites\/2\/2024\/02\/Paris-2024-medals-e1707400883850.jpg?quality=100","width":1080,"height":609,"caption":"Cr\u00e9dit photo : Paris 2024"},{"@type":"WebSite","@id":"https:\/\/preprod.olympic.ca\/olympique\/#website","url":"https:\/\/preprod.olympic.ca\/olympique\/","name":"\u00c9quipe Canada | Site officiel de l&#039;\u00e9quipe olympique","description":"Votre source pour l\u2019\u00c9quipe olympique canadienne. Retrouvez les r\u00e9cits, vid\u00e9os et photos des athl\u00e8tes canadiens, sports olympiques, Jeux olympiques de 2020 et bien plus!","potentialAction":[{"@type":"SearchAction","target":{"@type":"EntryPoint","urlTemplate":"https:\/\/preprod.olympic.ca\/olympique\/?s={search_term_string}"},"query-input":{"@type":"PropertyValueSpecification","valueRequired":true,"valueName":"search_term_string"}}],"inLanguage":"fr-FR"}]}},"jetpack_sharing_enabled":true,"jetpack-related-posts":[],"jetpack_shortlink":"https:\/\/wp.me\/PcGHcP-12K1","_links":{"self":[{"href":"https:\/\/preprod.olympic.ca\/olympique\/wp-json\/wp\/v2\/pages\/248869","targetHints":{"allow":["GET"]}}],"collection":[{"href":"https:\/\/preprod.olympic.ca\/olympique\/wp-json\/wp\/v2\/pages"}],"about":[{"href":"https:\/\/preprod.olympic.ca\/olympique\/wp-json\/wp\/v2\/types\/page"}],"author":[{"embeddable":true,"href":"https:\/\/preprod.olympic.ca\/olympique\/wp-json\/wp\/v2\/users\/185434599"}],"replies":[{"embeddable":true,"href":"https:\/\/preprod.olympic.ca\/olympique\/wp-json\/wp\/v2\/comments?post=248869"}],"version-history":[{"count":15,"href":"https:\/\/preprod.olympic.ca\/olympique\/wp-json\/wp\/v2\/pages\/248869\/revisions"}],"predecessor-version":[{"id":249576,"href":"https:\/\/preprod.olympic.ca\/olympique\/wp-json\/wp\/v2\/pages\/248869\/revisions\/249576"}],"wp:featuredmedia":[{"embeddable":true,"href":"https:\/\/preprod.olympic.ca\/olympique\/wp-json\/wp\/v2\/media\/236588"}],"wp:attachment":[{"href":"https:\/\/preprod.olympic.ca\/olympique\/wp-json\/wp\/v2\/media?parent=248869"}],"wp:term":[{"taxonomy":"author","embeddable":true,"href":"https:\/\/preprod.olympic.ca\/olympique\/wp-json\/wp\/v2\/coauthors?post=248869"}],"curies":[{"name":"wp","href":"https:\/\/api.w.org\/{rel}","templated":true}]}}