{"id":3379,"date":"2011-08-29T17:17:18","date_gmt":"2011-08-29T21:17:18","guid":{"rendered":"http:\/\/preprod.olympic.ca\/?page_id=3379"},"modified":"2011-08-29T17:17:18","modified_gmt":"2011-08-29T21:17:18","slug":"james-worrall","status":"publish","type":"page","link":"https:\/\/preprod.olympic.ca\/olympique\/comite-olympique-canadien\/gouvernance\/conseil-dadministration\/james-worrall\/","title":{"rendered":"James Worrall"},"content":{"rendered":"<p><img loading=\"lazy\" decoding=\"async\" class=\"alignright size-full wp-image-3377\" title=\"James Worrall\" src=\"http:\/\/preprod.olympic.ca\/wp-content\/uploads\/sites\/2\/2011\/08\/james_worrall2.jpg\" alt=\"\" width=\"146\" height=\"135\" \/><strong>Membre du CIO<\/strong><br \/>\n<strong>Conseil d\u2019administration<\/strong><\/p>\n<p>Peu de gens au Canada sont engag\u00e9s depuis aussi longtemps dans le Mouvement olympique que James Worrall. En t\u00e9moigne le fait qu\u2019il est membre honoraire du Comit\u00e9 international olympique (CIO) et pr\u00e9sident \u00e0 vie du COC.<\/p>\n<p>Worrall a \u00e9t\u00e9, pendant longtemps, engag\u00e9 au sein du CIO. Worrall a \u00e9t\u00e9 membre du CIO pendant 22 ans, de 1967 \u00e0 1989, et apr\u00e8s cela, il a \u00e9t\u00e9 nomm\u00e9 membre honoraire, titre qu\u2019il d\u00e9tient encore aujourd\u2019hui. De 1974 \u00e0 1979, Worrall a \u00e9t\u00e9 le premier Canadien \u00e0 si\u00e9ger au Conseil ex\u00e9cutif du CIO. Parmi les autres fonctions importantes qu\u2019il a remplies au CIO, mentionnons que Worrall a \u00e9t\u00e9 pr\u00e9sident de la Commission de la r\u00e9vision de la Charte et membre des commissions suivantes : mixte III, l\u00e9gislative, enqu\u00eate sur la Rhod\u00e9sie, pour la Gr\u00e8ce et juridique.<\/p>\n<p>Worrall a \u00e9t\u00e9 pr\u00e9sident de l\u2019Association olympique canadienne (aujourd\u2019hui le Comit\u00e9) de 1961 \u00e0 1968. De 1963 \u00e01967, Worrall a pr\u00e9sid\u00e9 le Conseil consultatif national sur la condition physique et le sport amateur. Il a aid\u00e9 \u00e0 orienter la direction des deux Jeux olympiques organis\u00e9s par le Canada : Worrall a \u00e9t\u00e9 membre du conseil du Comit\u00e9 d\u2019organisation des Jeux olympiques de 1976 \u00e0 Montr\u00e9al et des Jeux olympiques d\u2019hiver de 1988 \u00e0 Calgary.<\/p>\n<p>Aux Jeux olympiques de 1940, Worrall \u00e9tait chef d\u2019\u00e9quipe de l\u2019\u00e9quipe olympique canadienne. Aux Jeux olympiques de 1948 et de 1952, Worrall avait agi \u00e0 titre de chef de mission adjoint de l\u2019\u00e9quipe olympique canadienne. De 1951 \u00e0 1953, il a pris la t\u00eate de l\u2019Union athl\u00e9tique amateur du Canada \u00e0 titre de pr\u00e9sident. Worrall a ensuite \u00e9t\u00e9 nomm\u00e9 chef de mission du Canada pour les Jeux olympiques de 1956 et de1960. Pour ses efforts dans le Mouvement olympique du Canada, il a \u00e9t\u00e9 nomm\u00e9 pr\u00e9sident d\u2019honneur \u00e0 vie du COC.<\/p>\n<p>Worrall a \u00e9galement \u00e9t\u00e9 une \u00e9toile du sport universitaire en athl\u00e9tisme et en water-polo pour l\u2019Universit\u00e9 McGill. Il a concouru au 110 m\u00e8tres et au 400 m\u00e8tres haies aux Jeux olympiques de 1936 \u00e0 Berlin. Il \u00e9tait le porte-drapeau du Canada \u00e0 la c\u00e9r\u00e9monie d\u2019ouverture. En 1934, il a gagn\u00e9 une m\u00e9daille d\u2019argent aux Jeux de l\u2019Empire Britannique (aujourd\u2019hui les Jeux du Commonwealth) au 120 verges haies.<\/p>\n<p>Worrall \u2013 auteur de l\u2019ouvrage My Olympic Journey, Sixty Years with Canadian Sport and the Olympic Games (2000) \u2013 a \u00e9t\u00e9 nomm\u00e9 officier de l\u2019Ordre du Canada en 1976. Il a \u00e9t\u00e9 intronis\u00e9 au Temple de la renomm\u00e9e olympique du Canada en 1965, au Panth\u00e9on des sports canadiens en 1987, au Temple de la renomm\u00e9e olympique du Canada en 1991 et au Temple de la renomm\u00e9e des sports de l\u2019Universit\u00e9 McGill en 1998.<\/p>\n<p>Depuis 2002, le prix du porte-drapeau James Worrall (pr\u00e9sent\u00e9 par Petro-Canada) rend hommage aux Olympiens et aux Paralympiens qui ont men\u00e9 \u00c9quipe Canada aux c\u00e9r\u00e9monies d\u2019ouverture et de cl\u00f4ture des Jeux.<\/p>\n","protected":false},"excerpt":{"rendered":"<p>Membre du CIO Conseil d\u2019administration Peu de gens au Canada sont engag\u00e9s depuis aussi longtemps dans le Mouvement olympique que&#8230;<\/p>\n","protected":false},"author":47562643,"featured_media":0,"parent":3118,"menu_order":22,"comment_status":"open","ping_status":"closed","template":"","meta":{"_edit_last":["47562643"],"_wp_page_template":["default"],"seo_title":[""],"seo_meta_description":[""],"seo_focus_keyword":[""],"_original_post_id":["3379"],"_original_import_author":["joebarnett"],"_original_parent_id":["3118"],"_wpcom_imported":["a:2:{s:8:\"importer\";s:9:\"wordpress\";s:4:\"date\";s:19:\"2013-07-21 18:11:22\";}"],"original_post_id":["3379"],"_wp_old_slug":["3379"],"seo_translation_link":["http:\/\/preprod.olympic.ca\/canadian-olympic-committee\/governance\/board-of-directors\/james-worrall\/"],"_elasticsearch_indexed_on":["2011-08-29 21:17:18"],"_is_empty_after_transformation":["yes"]},"coauthors":[186127234],"class_list":["post-3379","page","type-page","status-publish","format-standard","hentry"],"acf":[],"yoast_head":"<!-- This site is optimized with the Yoast SEO plugin v27.3 - https:\/\/yoast.com\/product\/yoast-seo-wordpress\/ -->\n<title>James Worrall - \u00c9quipe Canada | Site officiel de l&#039;\u00e9quipe olympique<\/title>\n<meta name=\"robots\" content=\"index, follow, max-snippet:-1, max-image-preview:large, max-video-preview:-1\" \/>\n<link rel=\"canonical\" href=\"https:\/\/preprod.olympic.ca\/olympique\/comite-olympique-canadien\/gouvernance\/conseil-dadministration\/james-worrall\/\" \/>\n<meta property=\"og:locale\" content=\"fr_FR\" \/>\n<meta property=\"og:type\" content=\"article\" \/>\n<meta property=\"og:title\" content=\"James Worrall - \u00c9quipe Canada | Site officiel de l&#039;\u00e9quipe olympique\" \/>\n<meta property=\"og:description\" content=\"Membre du CIO Conseil d\u2019administration Peu de gens au Canada sont engag\u00e9s depuis aussi longtemps dans le Mouvement olympique que...\" \/>\n<meta property=\"og:url\" content=\"https:\/\/preprod.olympic.ca\/olympique\/comite-olympique-canadien\/gouvernance\/conseil-dadministration\/james-worrall\/\" \/>\n<meta property=\"og:site_name\" content=\"\u00c9quipe Canada | Site officiel de l&#039;\u00e9quipe olympique\" \/>\n<meta property=\"og:image\" content=\"http:\/\/preprod.olympic.ca\/wp-content\/uploads\/sites\/2\/2011\/08\/james_worrall2.jpg\" \/>\n<meta name=\"twitter:card\" content=\"summary_large_image\" \/>\n<meta name=\"twitter:label1\" content=\"Est. reading time\" \/>\n\t<meta name=\"twitter:data1\" content=\"2 minutes\" \/>\n\t<meta name=\"twitter:label2\" content=\"Written by\" \/>\n\t<meta name=\"twitter:data2\" content=\"Comit\u00e9 olympique canadien\" \/>\n<script type=\"application\/ld+json\" class=\"yoast-schema-graph\">{\"@context\":\"https:\\\/\\\/schema.org\",\"@graph\":[{\"@type\":\"WebPage\",\"@id\":\"https:\\\/\\\/preprod.olympic.ca\\\/olympique\\\/comite-olympique-canadien\\\/gouvernance\\\/conseil-dadministration\\\/james-worrall\\\/\",\"url\":\"https:\\\/\\\/preprod.olympic.ca\\\/olympique\\\/comite-olympique-canadien\\\/gouvernance\\\/conseil-dadministration\\\/james-worrall\\\/\",\"name\":\"James Worrall - \u00c9quipe Canada | Site officiel de l&#039;\u00e9quipe olympique\",\"isPartOf\":{\"@id\":\"https:\\\/\\\/preprod.olympic.ca\\\/olympique\\\/#website\"},\"primaryImageOfPage\":{\"@id\":\"https:\\\/\\\/preprod.olympic.ca\\\/olympique\\\/comite-olympique-canadien\\\/gouvernance\\\/conseil-dadministration\\\/james-worrall\\\/#primaryimage\"},\"image\":{\"@id\":\"https:\\\/\\\/preprod.olympic.ca\\\/olympique\\\/comite-olympique-canadien\\\/gouvernance\\\/conseil-dadministration\\\/james-worrall\\\/#primaryimage\"},\"thumbnailUrl\":\"http:\\\/\\\/preprod.olympic.ca\\\/wp-content\\\/uploads\\\/sites\\\/2\\\/2011\\\/08\\\/james_worrall2.jpg\",\"datePublished\":\"2011-08-29T21:17:18+00:00\",\"breadcrumb\":{\"@id\":\"https:\\\/\\\/preprod.olympic.ca\\\/olympique\\\/comite-olympique-canadien\\\/gouvernance\\\/conseil-dadministration\\\/james-worrall\\\/#breadcrumb\"},\"inLanguage\":\"fr-FR\",\"potentialAction\":[{\"@type\":\"ReadAction\",\"target\":[\"https:\\\/\\\/preprod.olympic.ca\\\/olympique\\\/comite-olympique-canadien\\\/gouvernance\\\/conseil-dadministration\\\/james-worrall\\\/\"]}]},{\"@type\":\"ImageObject\",\"inLanguage\":\"fr-FR\",\"@id\":\"https:\\\/\\\/preprod.olympic.ca\\\/olympique\\\/comite-olympique-canadien\\\/gouvernance\\\/conseil-dadministration\\\/james-worrall\\\/#primaryimage\",\"url\":\"http:\\\/\\\/preprod.olympic.ca\\\/wp-content\\\/uploads\\\/sites\\\/2\\\/2011\\\/08\\\/james_worrall2.jpg\",\"contentUrl\":\"http:\\\/\\\/preprod.olympic.ca\\\/wp-content\\\/uploads\\\/sites\\\/2\\\/2011\\\/08\\\/james_worrall2.jpg\"},{\"@type\":\"BreadcrumbList\",\"@id\":\"https:\\\/\\\/preprod.olympic.ca\\\/olympique\\\/comite-olympique-canadien\\\/gouvernance\\\/conseil-dadministration\\\/james-worrall\\\/#breadcrumb\",\"itemListElement\":[{\"@type\":\"ListItem\",\"position\":1,\"name\":\"Aper\u00e7u du Comit\u00e9 olympique canadien\",\"item\":\"https:\\\/\\\/preprod.olympic.ca\\\/olympique\\\/comite-olympique-canadien\\\/\"},{\"@type\":\"ListItem\",\"position\":2,\"name\":\"Gouvernance\",\"item\":\"https:\\\/\\\/preprod.olympic.ca\\\/olympique\\\/comite-olympique-canadien\\\/gouvernance\\\/\"},{\"@type\":\"ListItem\",\"position\":3,\"name\":\"Conseil d&rsquo;administration\",\"item\":\"https:\\\/\\\/preprod.olympic.ca\\\/olympique\\\/comite-olympique-canadien\\\/gouvernance\\\/conseil-dadministration\\\/\"},{\"@type\":\"ListItem\",\"position\":4,\"name\":\"James Worrall\"}]},{\"@type\":\"WebSite\",\"@id\":\"https:\\\/\\\/preprod.olympic.ca\\\/olympique\\\/#website\",\"url\":\"https:\\\/\\\/preprod.olympic.ca\\\/olympique\\\/\",\"name\":\"\u00c9quipe Canada | Site officiel de l&#039;\u00e9quipe olympique\",\"description\":\"Votre source pour l\u2019\u00c9quipe olympique canadienne. Retrouvez les r\u00e9cits, vid\u00e9os et photos des athl\u00e8tes canadiens, sports olympiques, Jeux olympiques de 2020 et bien plus!\",\"potentialAction\":[{\"@type\":\"SearchAction\",\"target\":{\"@type\":\"EntryPoint\",\"urlTemplate\":\"https:\\\/\\\/preprod.olympic.ca\\\/olympique\\\/?s={search_term_string}\"},\"query-input\":{\"@type\":\"PropertyValueSpecification\",\"valueRequired\":true,\"valueName\":\"search_term_string\"}}],\"inLanguage\":\"fr-FR\"}]}<\/script>\n<!-- \/ Yoast SEO plugin. -->","yoast_head_json":{"title":"James Worrall - \u00c9quipe Canada | Site officiel de l&#039;\u00e9quipe olympique","robots":{"index":"index","follow":"follow","max-snippet":"max-snippet:-1","max-image-preview":"max-image-preview:large","max-video-preview":"max-video-preview:-1"},"canonical":"https:\/\/preprod.olympic.ca\/olympique\/comite-olympique-canadien\/gouvernance\/conseil-dadministration\/james-worrall\/","og_locale":"fr_FR","og_type":"article","og_title":"James Worrall - \u00c9quipe Canada | Site officiel de l&#039;\u00e9quipe olympique","og_description":"Membre du CIO Conseil d\u2019administration Peu de gens au Canada sont engag\u00e9s depuis aussi longtemps dans le Mouvement olympique que...","og_url":"https:\/\/preprod.olympic.ca\/olympique\/comite-olympique-canadien\/gouvernance\/conseil-dadministration\/james-worrall\/","og_site_name":"\u00c9quipe Canada | Site officiel de l&#039;\u00e9quipe olympique","og_image":[{"url":"http:\/\/preprod.olympic.ca\/wp-content\/uploads\/sites\/2\/2011\/08\/james_worrall2.jpg","type":"","width":"","height":""}],"twitter_card":"summary_large_image","twitter_misc":{"Est. reading time":"2 minutes","Written by":"Comit\u00e9 olympique canadien"},"schema":{"@context":"https:\/\/schema.org","@graph":[{"@type":"WebPage","@id":"https:\/\/preprod.olympic.ca\/olympique\/comite-olympique-canadien\/gouvernance\/conseil-dadministration\/james-worrall\/","url":"https:\/\/preprod.olympic.ca\/olympique\/comite-olympique-canadien\/gouvernance\/conseil-dadministration\/james-worrall\/","name":"James Worrall - \u00c9quipe Canada | Site officiel de l&#039;\u00e9quipe olympique","isPartOf":{"@id":"https:\/\/preprod.olympic.ca\/olympique\/#website"},"primaryImageOfPage":{"@id":"https:\/\/preprod.olympic.ca\/olympique\/comite-olympique-canadien\/gouvernance\/conseil-dadministration\/james-worrall\/#primaryimage"},"image":{"@id":"https:\/\/preprod.olympic.ca\/olympique\/comite-olympique-canadien\/gouvernance\/conseil-dadministration\/james-worrall\/#primaryimage"},"thumbnailUrl":"http:\/\/preprod.olympic.ca\/wp-content\/uploads\/sites\/2\/2011\/08\/james_worrall2.jpg","datePublished":"2011-08-29T21:17:18+00:00","breadcrumb":{"@id":"https:\/\/preprod.olympic.ca\/olympique\/comite-olympique-canadien\/gouvernance\/conseil-dadministration\/james-worrall\/#breadcrumb"},"inLanguage":"fr-FR","potentialAction":[{"@type":"ReadAction","target":["https:\/\/preprod.olympic.ca\/olympique\/comite-olympique-canadien\/gouvernance\/conseil-dadministration\/james-worrall\/"]}]},{"@type":"ImageObject","inLanguage":"fr-FR","@id":"https:\/\/preprod.olympic.ca\/olympique\/comite-olympique-canadien\/gouvernance\/conseil-dadministration\/james-worrall\/#primaryimage","url":"http:\/\/preprod.olympic.ca\/wp-content\/uploads\/sites\/2\/2011\/08\/james_worrall2.jpg","contentUrl":"http:\/\/preprod.olympic.ca\/wp-content\/uploads\/sites\/2\/2011\/08\/james_worrall2.jpg"},{"@type":"BreadcrumbList","@id":"https:\/\/preprod.olympic.ca\/olympique\/comite-olympique-canadien\/gouvernance\/conseil-dadministration\/james-worrall\/#breadcrumb","itemListElement":[{"@type":"ListItem","position":1,"name":"Aper\u00e7u du Comit\u00e9 olympique canadien","item":"https:\/\/preprod.olympic.ca\/olympique\/comite-olympique-canadien\/"},{"@type":"ListItem","position":2,"name":"Gouvernance","item":"https:\/\/preprod.olympic.ca\/olympique\/comite-olympique-canadien\/gouvernance\/"},{"@type":"ListItem","position":3,"name":"Conseil d&rsquo;administration","item":"https:\/\/preprod.olympic.ca\/olympique\/comite-olympique-canadien\/gouvernance\/conseil-dadministration\/"},{"@type":"ListItem","position":4,"name":"James Worrall"}]},{"@type":"WebSite","@id":"https:\/\/preprod.olympic.ca\/olympique\/#website","url":"https:\/\/preprod.olympic.ca\/olympique\/","name":"\u00c9quipe Canada | Site officiel de l&#039;\u00e9quipe olympique","description":"Votre source pour l\u2019\u00c9quipe olympique canadienne. Retrouvez les r\u00e9cits, vid\u00e9os et photos des athl\u00e8tes canadiens, sports olympiques, Jeux olympiques de 2020 et bien plus!","potentialAction":[{"@type":"SearchAction","target":{"@type":"EntryPoint","urlTemplate":"https:\/\/preprod.olympic.ca\/olympique\/?s={search_term_string}"},"query-input":{"@type":"PropertyValueSpecification","valueRequired":true,"valueName":"search_term_string"}}],"inLanguage":"fr-FR"}]}},"jetpack_sharing_enabled":true,"jetpack-related-posts":[],"jetpack_shortlink":"https:\/\/wp.me\/PcGHcP-Sv","_links":{"self":[{"href":"https:\/\/preprod.olympic.ca\/olympique\/wp-json\/wp\/v2\/pages\/3379","targetHints":{"allow":["GET"]}}],"collection":[{"href":"https:\/\/preprod.olympic.ca\/olympique\/wp-json\/wp\/v2\/pages"}],"about":[{"href":"https:\/\/preprod.olympic.ca\/olympique\/wp-json\/wp\/v2\/types\/page"}],"author":[{"embeddable":true,"href":"https:\/\/preprod.olympic.ca\/olympique\/wp-json\/wp\/v2\/users\/47562643"}],"replies":[{"embeddable":true,"href":"https:\/\/preprod.olympic.ca\/olympique\/wp-json\/wp\/v2\/comments?post=3379"}],"version-history":[{"count":0,"href":"https:\/\/preprod.olympic.ca\/olympique\/wp-json\/wp\/v2\/pages\/3379\/revisions"}],"up":[{"embeddable":true,"href":"https:\/\/preprod.olympic.ca\/olympique\/wp-json\/wp\/v2\/pages\/3118"}],"wp:attachment":[{"href":"https:\/\/preprod.olympic.ca\/olympique\/wp-json\/wp\/v2\/media?parent=3379"}],"wp:term":[{"taxonomy":"author","embeddable":true,"href":"https:\/\/preprod.olympic.ca\/olympique\/wp-json\/wp\/v2\/coauthors?post=3379"}],"curies":[{"name":"wp","href":"https:\/\/api.w.org\/{rel}","templated":true}]}}