{"id":3514,"date":"2011-08-04T15:41:41","date_gmt":"2011-08-30T13:16:03","guid":{"rendered":"http:\/\/preprod.olympic.ca\/?page_id=3514"},"modified":"2011-08-04T15:41:41","modified_gmt":"2011-08-30T13:16:03","slug":"buts-primaires","status":"publish","type":"page","link":"https:\/\/preprod.olympic.ca\/olympique\/buts-primaires\/","title":{"rendered":"Objectifs principaux"},"content":{"rendered":"<p>Ces principaux objecives ont \u00e9t\u00e9 \u00e9labor\u00e9s pour mesurer le succ\u00e8s du COC dans la r\u00e9alisation de notre vision et de notre mission jusqu&rsquo;en 2020: <strong>Succ\u00e8s dans l&rsquo;atteinte du podium<\/strong> <span>Le COC, \u00e0 titre de CNO du Canada, exercera un leadership en vue d\u2019obtenir du succ\u00e8s, c\u2019est-\u00e0-dire en atteignant les cibles suivantes en ce qui concerne le nombre total de m\u00e9dailles remport\u00e9es aux Jeux olympiques:<\/span> Hiver:<\/p>\n<ul>\n<li>En comp\u00e9tition pour la 1re place<\/li>\n<\/ul>\n<p><span>\u00c9t\u00e9:<\/span><\/p>\n<ul>\n<li>12 premiers en 2012<\/li>\n<li>\n    8 premiers en 2020\/2024 = pour s\u2019aligner sur les pays du G8<\/li>\n<\/ul>\n<p>&nbsp; <strong>Avancement du mouvement olympique au Canada<\/strong><span> Notre succ\u00e8s est d\u00e9fini par la capacit\u00e9 du COC \u00e0 dynamiser et \u00e0 engager les Canadiens dans le Mouvement olympique, \u00e0 renforcer les marques olympiques canadiennes au Canada et \u00e0 maintenir une source de revenus fiables en vue de soutenir toutes les activit\u00e9s du COC, et pour y arriver, nous devons:<\/span><\/p>\n<ul>\n<li>\n    Renforcer la marque olympique et lui attribuer une place de choix chez les Canadiens<\/li>\n<li>\n    Accro\u00eetre nos efforts en ce qui a trait \u00e0 l\u2019\u00e9ducation et \u00e0 la sensibilisation au sport ainsi que la participation sportive au Canada<\/li>\n<li>\n    Promouvoir les valeurs de l\u2019Olympisme<\/li>\n<\/ul>\n","protected":false},"excerpt":{"rendered":"<p>Ces principaux objecives ont \u00e9t\u00e9 \u00e9labor\u00e9s pour mesurer le succ\u00e8s du COC dans la r\u00e9alisation de notre vision et de&#8230;<\/p>\n","protected":false},"author":47562643,"featured_media":0,"parent":0,"menu_order":0,"comment_status":"open","ping_status":"open","template":"","meta":{"_edit_last":["47562643"],"_wp_page_template":["default"],"s2mail":["yes"],"_seosmart_cache":["a:2:{s:8:\"keywords\";a:0:{}s:4:\"time\";s:10:\"1336140404\";}"],"_yoast_wpseo_google-plus-description":[""],"seo_title":[""],"seo_meta_description":[""],"seo_focus_keyword":[""],"_original_post_id":["3514"],"_original_import_author":["joebarnett"],"_original_parent_id":["3112"],"_wpcom_imported":["a:2:{s:8:\"importer\";s:9:\"wordpress\";s:4:\"date\";s:19:\"2013-07-21 18:11:09\";}"],"original_post_id":["3514"],"_wp_old_slug":["3514"],"seo_translation_link":["http:\/\/preprod.olympic.ca\/canadian-olympic-committee\/primary-goals\/"],"_edit_lock":["1375372752:52435436"],"_elasticsearch_indexed_on":["2011-08-30 13:16:03"],"_is_empty_after_transformation":["yes"]},"coauthors":[186127234],"class_list":["post-3514","page","type-page","status-publish","format-standard","hentry"],"acf":[],"yoast_head":"<!-- This site is optimized with the Yoast SEO plugin v27.2 - https:\/\/yoast.com\/product\/yoast-seo-wordpress\/ -->\n<title>Objectifs principaux - \u00c9quipe Canada | Site officiel de l&#039;\u00e9quipe olympique<\/title>\n<meta name=\"robots\" content=\"index, follow, max-snippet:-1, max-image-preview:large, max-video-preview:-1\" \/>\n<link rel=\"canonical\" href=\"https:\/\/preprod.olympic.ca\/olympique\/buts-primaires\/\" \/>\n<meta property=\"og:locale\" content=\"fr_FR\" \/>\n<meta property=\"og:type\" content=\"article\" \/>\n<meta property=\"og:title\" content=\"Objectifs principaux - \u00c9quipe Canada | Site officiel de l&#039;\u00e9quipe olympique\" \/>\n<meta property=\"og:description\" content=\"Ces principaux objecives ont \u00e9t\u00e9 \u00e9labor\u00e9s pour mesurer le succ\u00e8s du COC dans la r\u00e9alisation de notre vision et de...\" \/>\n<meta property=\"og:url\" content=\"https:\/\/preprod.olympic.ca\/olympique\/buts-primaires\/\" \/>\n<meta property=\"og:site_name\" content=\"\u00c9quipe Canada | Site officiel de l&#039;\u00e9quipe olympique\" \/>\n<meta name=\"twitter:card\" content=\"summary_large_image\" \/>\n<meta name=\"twitter:label1\" content=\"Est. reading time\" \/>\n\t<meta name=\"twitter:data1\" content=\"1 minute\" \/>\n\t<meta name=\"twitter:label2\" content=\"Written by\" \/>\n\t<meta name=\"twitter:data2\" content=\"Comit\u00e9 olympique canadien\" \/>\n<script type=\"application\/ld+json\" class=\"yoast-schema-graph\">{\"@context\":\"https:\/\/schema.org\",\"@graph\":[{\"@type\":\"WebPage\",\"@id\":\"https:\/\/preprod.olympic.ca\/olympique\/buts-primaires\/\",\"url\":\"https:\/\/preprod.olympic.ca\/olympique\/buts-primaires\/\",\"name\":\"Objectifs principaux - \u00c9quipe Canada | Site officiel de l&#039;\u00e9quipe olympique\",\"isPartOf\":{\"@id\":\"https:\/\/preprod.olympic.ca\/olympique\/#website\"},\"datePublished\":\"2011-08-30T13:16:03+00:00\",\"inLanguage\":\"fr-FR\",\"potentialAction\":[{\"@type\":\"ReadAction\",\"target\":[\"https:\/\/preprod.olympic.ca\/olympique\/buts-primaires\/\"]}]},{\"@type\":\"WebSite\",\"@id\":\"https:\/\/preprod.olympic.ca\/olympique\/#website\",\"url\":\"https:\/\/preprod.olympic.ca\/olympique\/\",\"name\":\"\u00c9quipe Canada | Site officiel de l&#039;\u00e9quipe olympique\",\"description\":\"Votre source pour l\u2019\u00c9quipe olympique canadienne. Retrouvez les r\u00e9cits, vid\u00e9os et photos des athl\u00e8tes canadiens, sports olympiques, Jeux olympiques de 2020 et bien plus!\",\"potentialAction\":[{\"@type\":\"SearchAction\",\"target\":{\"@type\":\"EntryPoint\",\"urlTemplate\":\"https:\/\/preprod.olympic.ca\/olympique\/?s={search_term_string}\"},\"query-input\":{\"@type\":\"PropertyValueSpecification\",\"valueRequired\":true,\"valueName\":\"search_term_string\"}}],\"inLanguage\":\"fr-FR\"}]}<\/script>\n<!-- \/ Yoast SEO plugin. -->","yoast_head_json":{"title":"Objectifs principaux - \u00c9quipe Canada | Site officiel de l&#039;\u00e9quipe olympique","robots":{"index":"index","follow":"follow","max-snippet":"max-snippet:-1","max-image-preview":"max-image-preview:large","max-video-preview":"max-video-preview:-1"},"canonical":"https:\/\/preprod.olympic.ca\/olympique\/buts-primaires\/","og_locale":"fr_FR","og_type":"article","og_title":"Objectifs principaux - \u00c9quipe Canada | Site officiel de l&#039;\u00e9quipe olympique","og_description":"Ces principaux objecives ont \u00e9t\u00e9 \u00e9labor\u00e9s pour mesurer le succ\u00e8s du COC dans la r\u00e9alisation de notre vision et de...","og_url":"https:\/\/preprod.olympic.ca\/olympique\/buts-primaires\/","og_site_name":"\u00c9quipe Canada | Site officiel de l&#039;\u00e9quipe olympique","twitter_card":"summary_large_image","twitter_misc":{"Est. reading time":"1 minute","Written by":"Comit\u00e9 olympique canadien"},"schema":{"@context":"https:\/\/schema.org","@graph":[{"@type":"WebPage","@id":"https:\/\/preprod.olympic.ca\/olympique\/buts-primaires\/","url":"https:\/\/preprod.olympic.ca\/olympique\/buts-primaires\/","name":"Objectifs principaux - \u00c9quipe Canada | Site officiel de l&#039;\u00e9quipe olympique","isPartOf":{"@id":"https:\/\/preprod.olympic.ca\/olympique\/#website"},"datePublished":"2011-08-30T13:16:03+00:00","inLanguage":"fr-FR","potentialAction":[{"@type":"ReadAction","target":["https:\/\/preprod.olympic.ca\/olympique\/buts-primaires\/"]}]},{"@type":"WebSite","@id":"https:\/\/preprod.olympic.ca\/olympique\/#website","url":"https:\/\/preprod.olympic.ca\/olympique\/","name":"\u00c9quipe Canada | Site officiel de l&#039;\u00e9quipe olympique","description":"Votre source pour l\u2019\u00c9quipe olympique canadienne. Retrouvez les r\u00e9cits, vid\u00e9os et photos des athl\u00e8tes canadiens, sports olympiques, Jeux olympiques de 2020 et bien plus!","potentialAction":[{"@type":"SearchAction","target":{"@type":"EntryPoint","urlTemplate":"https:\/\/preprod.olympic.ca\/olympique\/?s={search_term_string}"},"query-input":{"@type":"PropertyValueSpecification","valueRequired":true,"valueName":"search_term_string"}}],"inLanguage":"fr-FR"}]}},"jetpack_sharing_enabled":true,"jetpack-related-posts":[],"jetpack_shortlink":"https:\/\/wp.me\/PcGHcP-UG","_links":{"self":[{"href":"https:\/\/preprod.olympic.ca\/olympique\/wp-json\/wp\/v2\/pages\/3514","targetHints":{"allow":["GET"]}}],"collection":[{"href":"https:\/\/preprod.olympic.ca\/olympique\/wp-json\/wp\/v2\/pages"}],"about":[{"href":"https:\/\/preprod.olympic.ca\/olympique\/wp-json\/wp\/v2\/types\/page"}],"author":[{"embeddable":true,"href":"https:\/\/preprod.olympic.ca\/olympique\/wp-json\/wp\/v2\/users\/47562643"}],"replies":[{"embeddable":true,"href":"https:\/\/preprod.olympic.ca\/olympique\/wp-json\/wp\/v2\/comments?post=3514"}],"version-history":[{"count":1,"href":"https:\/\/preprod.olympic.ca\/olympique\/wp-json\/wp\/v2\/pages\/3514\/revisions"}],"predecessor-version":[{"id":83304,"href":"https:\/\/preprod.olympic.ca\/olympique\/wp-json\/wp\/v2\/pages\/3514\/revisions\/83304"}],"wp:attachment":[{"href":"https:\/\/preprod.olympic.ca\/olympique\/wp-json\/wp\/v2\/media?parent=3514"}],"wp:term":[{"taxonomy":"author","embeddable":true,"href":"https:\/\/preprod.olympic.ca\/olympique\/wp-json\/wp\/v2\/coauthors?post=3514"}],"curies":[{"name":"wp","href":"https:\/\/api.w.org\/{rel}","templated":true}]}}