{"id":88701,"date":"2013-12-30T20:18:36","date_gmt":"2013-12-31T01:18:36","guid":{"rendered":"http:\/\/olympique.ca\/?page_id=88701"},"modified":"2014-01-28T21:17:04","modified_gmt":"2014-01-29T02:17:04","slug":"noussommeslhiver-2","status":"publish","type":"page","link":"https:\/\/preprod.olympic.ca\/olympique\/noussommeslhiver-2\/","title":{"rendered":"#NOUSSOMMESLHIVER"},"content":{"rendered":"<h1>Au Canada, <a href=\"https:\/\/twitter.com\/search?q=%23noussommeslhiver&amp;src=typd&amp;f=realtime\">#noussommeslhiver.<\/a> Regardez et partagez ce vid\u00e9o et la s\u00e9rie de films #noussommeslhiver pour soutenir nos athl\u00e8tes qui enfileront l&rsquo;uniforme d&rsquo;\u00c9quipe Canada aux <a title=\"2014 Sotchi\" href=\"http:\/\/olympique.ca\/games\/2014-sotchi\/\">Jeux olympiques d&rsquo;hiver de 2014 \u00e0 Sotchi<\/a> et partiront \u00e0 la conqu\u00eate de la m\u00e9daille d&rsquo;or.<\/h1>\n","protected":false},"excerpt":{"rendered":"<p>Au Canada, #noussommeslhiver. Regardez et partagez ce vid\u00e9o et la s\u00e9rie de films #noussommeslhiver pour soutenir nos athl\u00e8tes qui enfileront&#8230;<\/p>\n","protected":false},"author":47562643,"featured_media":89234,"parent":0,"menu_order":0,"comment_status":"open","ping_status":"open","template":"templates\/we-are-winter.php","meta":{"_edit_last":["52435436"],"_edit_lock":["1390961736:52435436"],"_wp_page_template":["templates\/we-are-winter.php"],"seo_translation_link":["http:\/\/preprod.olympic.ca\/wearewinter\/"],"_x_multifield_waw_backgrounds":["a:2:{i:0;a:3:{s:28:\"waw_background_image_desktop\";s:96:\"http:\/\/preprod.olympic.ca\/wp-content\/uploads\/sites\/2\/2013\/12\/desktop_1920x1080_mikael_action.jpg\";s:27:\"waw_background_image_tablet\";s:0:\"\";s:26:\"waw_background_image_phone\";s:91:\"http:\/\/preprod.olympic.ca\/wp-content\/uploads\/sites\/2\/2014\/01\/coc_waw_hashtag_640x960_fr.jpg\";}i:1;a:3:{s:28:\"waw_background_image_desktop\";s:98:\"http:\/\/preprod.olympic.ca\/wp-content\/uploads\/sites\/2\/2013\/12\/desktop_1920x1080_mikael_portrait.jpg\";s:27:\"waw_background_image_tablet\";s:0:\"\";s:26:\"waw_background_image_phone\";s:87:\"http:\/\/preprod.olympic.ca\/wp-content\/uploads\/sites\/2\/2014\/01\/coc_waw_mikael_640x960.jpg\";}}"],"_x_multifield_waw_posters":["a:1:{i:0;a:1:{s:16:\"waw_poster_image\";s:91:\"http:\/\/preprod.olympic.ca\/wp-content\/uploads\/sites\/2\/2014\/01\/coc_team_v3_sgl_s_fr-final.jpg\";}}"],"_publicize_pending":["1"],"_elasticsearch_indexed_on":["2013-12-31 01:18:58"],"_thumbnail_id":["89234"],"video_embed_code":["http:\/\/www.youtube.com\/watch?v=RA_DtnOBuxI"],"superawesome":["false"],"_akismet_post_spam":["0"],"_x_multifield_seo_accordion":["a:1:{i:0;a:2:{s:19:\"seo_accordion_title\";s:0:\"\";s:25:\"seo_accordion_description\";s:0:\"\";}}"],"_is_empty_after_transformation":["yes"]},"coauthors":[186127234],"class_list":["post-88701","page","type-page","status-publish","format-video","has-post-thumbnail","hentry"],"acf":[],"yoast_head":"<!-- This site is optimized with the Yoast SEO plugin v27.5 - https:\/\/yoast.com\/product\/yoast-seo-wordpress\/ -->\n<title>#NOUSSOMMESLHIVER - \u00c9quipe Canada | Site officiel de l&#039;\u00e9quipe olympique<\/title>\n<meta name=\"robots\" content=\"index, follow, max-snippet:-1, max-image-preview:large, max-video-preview:-1\" \/>\n<link rel=\"canonical\" href=\"https:\/\/preprod.olympic.ca\/olympique\/noussommeslhiver-2\/\" \/>\n<meta property=\"og:locale\" content=\"fr_FR\" \/>\n<meta property=\"og:type\" content=\"article\" \/>\n<meta property=\"og:title\" content=\"#NOUSSOMMESLHIVER - \u00c9quipe Canada | Site officiel de l&#039;\u00e9quipe olympique\" \/>\n<meta property=\"og:description\" content=\"Au Canada, #noussommeslhiver. Regardez et partagez ce vid\u00e9o et la s\u00e9rie de films #noussommeslhiver pour soutenir nos athl\u00e8tes qui enfileront...\" \/>\n<meta property=\"og:url\" content=\"https:\/\/preprod.olympic.ca\/olympique\/noussommeslhiver-2\/\" \/>\n<meta property=\"og:site_name\" content=\"\u00c9quipe Canada | Site officiel de l&#039;\u00e9quipe olympique\" \/>\n<meta property=\"article:modified_time\" content=\"2014-01-29T02:17:04+00:00\" \/>\n<meta property=\"og:image\" content=\"https:\/\/preprod.olympic.ca\/olympique\/wp-content\/uploads\/sites\/2\/2013\/12\/screen-shot-2013-12-30-at-2-33-27-pm.png\" \/>\n\t<meta property=\"og:image:width\" content=\"1340\" \/>\n\t<meta property=\"og:image:height\" content=\"754\" \/>\n\t<meta property=\"og:image:type\" content=\"image\/png\" \/>\n<meta name=\"twitter:card\" content=\"summary_large_image\" \/>\n<meta name=\"twitter:label1\" content=\"Written by\" \/>\n\t<meta name=\"twitter:data1\" content=\"Comit\u00e9 olympique canadien\" \/>\n<script type=\"application\/ld+json\" class=\"yoast-schema-graph\">{\"@context\":\"https:\\\/\\\/schema.org\",\"@graph\":[{\"@type\":\"WebPage\",\"@id\":\"https:\\\/\\\/preprod.olympic.ca\\\/olympique\\\/noussommeslhiver-2\\\/\",\"url\":\"https:\\\/\\\/preprod.olympic.ca\\\/olympique\\\/noussommeslhiver-2\\\/\",\"name\":\"#NOUSSOMMESLHIVER - \u00c9quipe Canada | Site officiel de l&#039;\u00e9quipe olympique\",\"isPartOf\":{\"@id\":\"https:\\\/\\\/preprod.olympic.ca\\\/olympique\\\/#website\"},\"primaryImageOfPage\":{\"@id\":\"https:\\\/\\\/preprod.olympic.ca\\\/olympique\\\/noussommeslhiver-2\\\/#primaryimage\"},\"image\":{\"@id\":\"https:\\\/\\\/preprod.olympic.ca\\\/olympique\\\/noussommeslhiver-2\\\/#primaryimage\"},\"thumbnailUrl\":\"https:\\\/\\\/preprod.olympic.ca\\\/olympique\\\/wp-content\\\/uploads\\\/sites\\\/2\\\/2013\\\/12\\\/screen-shot-2013-12-30-at-2-33-27-pm.png\",\"datePublished\":\"2013-12-31T01:18:36+00:00\",\"dateModified\":\"2014-01-29T02:17:04+00:00\",\"inLanguage\":\"fr-FR\",\"potentialAction\":[{\"@type\":\"ReadAction\",\"target\":[\"https:\\\/\\\/preprod.olympic.ca\\\/olympique\\\/noussommeslhiver-2\\\/\"]}]},{\"@type\":\"ImageObject\",\"inLanguage\":\"fr-FR\",\"@id\":\"https:\\\/\\\/preprod.olympic.ca\\\/olympique\\\/noussommeslhiver-2\\\/#primaryimage\",\"url\":\"https:\\\/\\\/preprod.olympic.ca\\\/olympique\\\/wp-content\\\/uploads\\\/sites\\\/2\\\/2013\\\/12\\\/screen-shot-2013-12-30-at-2-33-27-pm.png\",\"contentUrl\":\"https:\\\/\\\/preprod.olympic.ca\\\/olympique\\\/wp-content\\\/uploads\\\/sites\\\/2\\\/2013\\\/12\\\/screen-shot-2013-12-30-at-2-33-27-pm.png\",\"width\":1340,\"height\":754},{\"@type\":\"WebSite\",\"@id\":\"https:\\\/\\\/preprod.olympic.ca\\\/olympique\\\/#website\",\"url\":\"https:\\\/\\\/preprod.olympic.ca\\\/olympique\\\/\",\"name\":\"\u00c9quipe Canada | Site officiel de l&#039;\u00e9quipe olympique\",\"description\":\"Votre source pour l\u2019\u00c9quipe olympique canadienne. Retrouvez les r\u00e9cits, vid\u00e9os et photos des athl\u00e8tes canadiens, sports olympiques, Jeux olympiques de 2020 et bien plus!\",\"potentialAction\":[{\"@type\":\"SearchAction\",\"target\":{\"@type\":\"EntryPoint\",\"urlTemplate\":\"https:\\\/\\\/preprod.olympic.ca\\\/olympique\\\/?s={search_term_string}\"},\"query-input\":{\"@type\":\"PropertyValueSpecification\",\"valueRequired\":true,\"valueName\":\"search_term_string\"}}],\"inLanguage\":\"fr-FR\"}]}<\/script>\n<!-- \/ Yoast SEO plugin. -->","yoast_head_json":{"title":"#NOUSSOMMESLHIVER - \u00c9quipe Canada | Site officiel de l&#039;\u00e9quipe olympique","robots":{"index":"index","follow":"follow","max-snippet":"max-snippet:-1","max-image-preview":"max-image-preview:large","max-video-preview":"max-video-preview:-1"},"canonical":"https:\/\/preprod.olympic.ca\/olympique\/noussommeslhiver-2\/","og_locale":"fr_FR","og_type":"article","og_title":"#NOUSSOMMESLHIVER - \u00c9quipe Canada | Site officiel de l&#039;\u00e9quipe olympique","og_description":"Au Canada, #noussommeslhiver. Regardez et partagez ce vid\u00e9o et la s\u00e9rie de films #noussommeslhiver pour soutenir nos athl\u00e8tes qui enfileront...","og_url":"https:\/\/preprod.olympic.ca\/olympique\/noussommeslhiver-2\/","og_site_name":"\u00c9quipe Canada | Site officiel de l&#039;\u00e9quipe olympique","article_modified_time":"2014-01-29T02:17:04+00:00","og_image":[{"width":1340,"height":754,"url":"https:\/\/preprod.olympic.ca\/olympique\/wp-content\/uploads\/sites\/2\/2013\/12\/screen-shot-2013-12-30-at-2-33-27-pm.png","type":"image\/png"}],"twitter_card":"summary_large_image","twitter_misc":{"Written by":"Comit\u00e9 olympique canadien"},"schema":{"@context":"https:\/\/schema.org","@graph":[{"@type":"WebPage","@id":"https:\/\/preprod.olympic.ca\/olympique\/noussommeslhiver-2\/","url":"https:\/\/preprod.olympic.ca\/olympique\/noussommeslhiver-2\/","name":"#NOUSSOMMESLHIVER - \u00c9quipe Canada | Site officiel de l&#039;\u00e9quipe olympique","isPartOf":{"@id":"https:\/\/preprod.olympic.ca\/olympique\/#website"},"primaryImageOfPage":{"@id":"https:\/\/preprod.olympic.ca\/olympique\/noussommeslhiver-2\/#primaryimage"},"image":{"@id":"https:\/\/preprod.olympic.ca\/olympique\/noussommeslhiver-2\/#primaryimage"},"thumbnailUrl":"https:\/\/preprod.olympic.ca\/olympique\/wp-content\/uploads\/sites\/2\/2013\/12\/screen-shot-2013-12-30-at-2-33-27-pm.png","datePublished":"2013-12-31T01:18:36+00:00","dateModified":"2014-01-29T02:17:04+00:00","inLanguage":"fr-FR","potentialAction":[{"@type":"ReadAction","target":["https:\/\/preprod.olympic.ca\/olympique\/noussommeslhiver-2\/"]}]},{"@type":"ImageObject","inLanguage":"fr-FR","@id":"https:\/\/preprod.olympic.ca\/olympique\/noussommeslhiver-2\/#primaryimage","url":"https:\/\/preprod.olympic.ca\/olympique\/wp-content\/uploads\/sites\/2\/2013\/12\/screen-shot-2013-12-30-at-2-33-27-pm.png","contentUrl":"https:\/\/preprod.olympic.ca\/olympique\/wp-content\/uploads\/sites\/2\/2013\/12\/screen-shot-2013-12-30-at-2-33-27-pm.png","width":1340,"height":754},{"@type":"WebSite","@id":"https:\/\/preprod.olympic.ca\/olympique\/#website","url":"https:\/\/preprod.olympic.ca\/olympique\/","name":"\u00c9quipe Canada | Site officiel de l&#039;\u00e9quipe olympique","description":"Votre source pour l\u2019\u00c9quipe olympique canadienne. Retrouvez les r\u00e9cits, vid\u00e9os et photos des athl\u00e8tes canadiens, sports olympiques, Jeux olympiques de 2020 et bien plus!","potentialAction":[{"@type":"SearchAction","target":{"@type":"EntryPoint","urlTemplate":"https:\/\/preprod.olympic.ca\/olympique\/?s={search_term_string}"},"query-input":{"@type":"PropertyValueSpecification","valueRequired":true,"valueName":"search_term_string"}}],"inLanguage":"fr-FR"}]}},"jetpack_sharing_enabled":true,"jetpack-related-posts":[],"jetpack_shortlink":"https:\/\/wp.me\/PcGHcP-n4F","_links":{"self":[{"href":"https:\/\/preprod.olympic.ca\/olympique\/wp-json\/wp\/v2\/pages\/88701","targetHints":{"allow":["GET"]}}],"collection":[{"href":"https:\/\/preprod.olympic.ca\/olympique\/wp-json\/wp\/v2\/pages"}],"about":[{"href":"https:\/\/preprod.olympic.ca\/olympique\/wp-json\/wp\/v2\/types\/page"}],"author":[{"embeddable":true,"href":"https:\/\/preprod.olympic.ca\/olympique\/wp-json\/wp\/v2\/users\/47562643"}],"replies":[{"embeddable":true,"href":"https:\/\/preprod.olympic.ca\/olympique\/wp-json\/wp\/v2\/comments?post=88701"}],"version-history":[{"count":5,"href":"https:\/\/preprod.olympic.ca\/olympique\/wp-json\/wp\/v2\/pages\/88701\/revisions"}],"predecessor-version":[{"id":89476,"href":"https:\/\/preprod.olympic.ca\/olympique\/wp-json\/wp\/v2\/pages\/88701\/revisions\/89476"}],"wp:featuredmedia":[{"embeddable":true,"href":"https:\/\/preprod.olympic.ca\/olympique\/wp-json\/wp\/v2\/media\/89234"}],"wp:attachment":[{"href":"https:\/\/preprod.olympic.ca\/olympique\/wp-json\/wp\/v2\/media?parent=88701"}],"wp:term":[{"taxonomy":"author","embeddable":true,"href":"https:\/\/preprod.olympic.ca\/olympique\/wp-json\/wp\/v2\/coauthors?post=88701"}],"curies":[{"name":"wp","href":"https:\/\/api.w.org\/{rel}","templated":true}]}}